{"id":47250,"date":"2023-01-12T14:33:49","date_gmt":"2023-01-12T14:33:49","guid":{"rendered":"https:\/\/www.itape.com\/product\/flagging-ribbon-fr\/"},"modified":"2023-04-27T16:55:36","modified_gmt":"2023-04-27T16:55:36","slug":"flagging-ribbon-fr","status":"publish","type":"product","link":"https:\/\/www.itape.com\/fr\/product\/flagging-ribbon-fr\/","title":{"rendered":"Flagging Ribbon"},"content":{"rendered":"<div class=\"prose\">Ruban de balisage<\/p>\n<p>Ruban de balisage monom\u00e9rique PVC (vinyle) flexible finition taffetas g\u00e9n\u00e9ralement utilis\u00e9 pour l&rsquo;arpentage afin de marquer et d&rsquo;identifier les limites et les lignes de propri\u00e9t\u00e9. Couleurs \u00ab\u00a0Glo\u00a0\u00bb fluorescentes et lumineuses pour une bonne visibilit\u00e9 \u00e0 des fins d&rsquo;orientation et\/ou de s\u00e9curit\u00e9. R\u00e9siste \u00e0 tous les temps, aux UV, \u00e0 l&rsquo;eau et aux d\u00e9chirures. Ne contient pas de plomb ou de produits chimiques toxiques. Visibilit\u00e9 \u00e0 45\u00a0m\u00e8tres.<\/p><\/div>\n","protected":false},"excerpt":{"rendered":"<p>Ruban de balisage monom\u00e9rique PVC (vinyle) flexible finition taffetas g\u00e9n\u00e9ralement utilis\u00e9 pour l&rsquo;arpentage afin de marquer et d&rsquo;identifier les limites et les lignes de propri\u00e9t\u00e9. Couleurs \u00ab\u00a0Glo\u00a0\u00bb fluorescentes et lumineuses pour une bonne visibilit\u00e9 \u00e0 des fins d&rsquo;orientation et\/ou de s\u00e9curit\u00e9. R\u00e9siste \u00e0 tous les temps, aux UV, \u00e0 l&rsquo;eau et aux d\u00e9chirures. Ne contient pas de plomb ou de produits chimiques toxiques. Visibilit\u00e9 \u00e0 45\u00a0m\u00e8tres.<\/p>\n","protected":false},"featured_media":61902,"comment_status":"closed","ping_status":"closed","template":"","meta":{"_acf_changed":false},"product_brand":[],"product_cat":[8028],"product_tag":[6268],"associated_application":[6129,6043,6131,6035,6039,6050,6050],"class_list":{"0":"post-47250","1":"product","2":"type-product","3":"status-publish","4":"has-post-thumbnail","6":"product_cat-retail-specialty-construction-hvac-fr","7":"product_tag-building-construction-fr","8":"associated_application-batiment-et-construction-fr-assainissement-et-restauration-fr","9":"associated_application-batiment-et-construction-fr-de-consommation-fr","10":"associated_application-securite-du-site-fr","11":"associated_application-securite-sur-le-chantier-de-construction-fr","12":"associated_application-solutions-generales-pour-le-site-de-construction-fr","13":"associated_application-specialite-fr","16":"first","17":"instock","18":"product-type-simple"},"acf":[],"yoast_head":"<!-- This site is optimized with the Yoast SEO Premium plugin v24.1 (Yoast SEO v27.0) - https:\/\/yoast.com\/product\/yoast-seo-premium-wordpress\/ -->\n<title>Flagging Ribbon - IPG<\/title>\n<meta name=\"robots\" content=\"index, follow, max-snippet:-1, max-image-preview:large, max-video-preview:-1\" \/>\n<link rel=\"canonical\" href=\"https:\/\/www.itape.com\/product\/flagging-ribbon\/\" \/>\n<meta property=\"og:locale\" content=\"fr_FR\" \/>\n<meta property=\"og:type\" content=\"article\" \/>\n<meta property=\"og:title\" content=\"Flagging Ribbon\" \/>\n<meta property=\"og:description\" content=\"Ruban de balisage monom\u00e9rique PVC (vinyle) flexible finition taffetas g\u00e9n\u00e9ralement utilis\u00e9 pour l&#039;arpentage afin de marquer et d&#039;identifier les limites et les lignes de propri\u00e9t\u00e9. Couleurs \u00ab\u00a0Glo\u00a0\u00bb fluorescentes et lumineuses pour une bonne visibilit\u00e9 \u00e0 des fins d&#039;orientation et\/ou de s\u00e9curit\u00e9. R\u00e9siste \u00e0 tous les temps, aux UV, \u00e0 l&#039;eau et aux d\u00e9chirures. Ne contient pas de plomb ou de produits chimiques toxiques. Visibilit\u00e9 \u00e0 45\u00a0m\u00e8tres.\" \/>\n<meta property=\"og:url\" content=\"https:\/\/www.itape.com\/product\/flagging-ribbon\/\" \/>\n<meta property=\"og:site_name\" content=\"IPG\" \/>\n<meta property=\"article:publisher\" content=\"https:\/\/www.facebook.com\/intertape\" \/>\n<meta property=\"article:modified_time\" content=\"2023-04-27T16:55:36+00:00\" \/>\n<meta property=\"og:image\" content=\"https:\/\/www.itape.com\/wp-content\/uploads\/2023\/10\/high_flagging_ribbon.jpg\" \/>\n\t<meta property=\"og:image:width\" content=\"2400\" \/>\n\t<meta property=\"og:image:height\" content=\"2400\" \/>\n\t<meta property=\"og:image:type\" content=\"image\/jpeg\" \/>\n<meta name=\"twitter:card\" content=\"summary_large_image\" \/>\n<meta name=\"twitter:site\" content=\"@IPGtape\" \/>\n<meta name=\"twitter:label1\" content=\"Price\" \/>\n\t<meta name=\"twitter:data1\" content=\"\" \/>\n\t<meta name=\"twitter:label2\" content=\"Availability\" \/>\n\t<meta name=\"twitter:data2\" content=\"In stock\" \/>\n<script type=\"application\/ld+json\" class=\"yoast-schema-graph\">{\"@context\":\"https:\/\/schema.org\",\"@graph\":[{\"@type\":\"WebPage\",\"@id\":\"https:\/\/www.itape.com\/product\/flagging-ribbon\/\",\"url\":\"https:\/\/www.itape.com\/product\/flagging-ribbon\/\",\"name\":\"Flagging Ribbon - IPG\",\"isPartOf\":{\"@id\":\"https:\/\/www.itape.com\/#website\"},\"primaryImageOfPage\":{\"@id\":\"https:\/\/www.itape.com\/product\/flagging-ribbon\/#primaryimage\"},\"image\":{\"@id\":\"https:\/\/www.itape.com\/product\/flagging-ribbon\/#primaryimage\"},\"thumbnailUrl\":\"https:\/\/www.itape.com\/wp-content\/uploads\/2023\/10\/high_flagging_ribbon.jpg\",\"datePublished\":\"2023-01-12T14:33:49+00:00\",\"dateModified\":\"2023-04-27T16:55:36+00:00\",\"breadcrumb\":{\"@id\":\"https:\/\/www.itape.com\/product\/flagging-ribbon\/#breadcrumb\"},\"inLanguage\":\"fr-FR\",\"potentialAction\":[{\"@type\":\"ReadAction\",\"target\":[\"https:\/\/www.itape.com\/product\/flagging-ribbon\/\"]}]},{\"@type\":\"ImageObject\",\"inLanguage\":\"fr-FR\",\"@id\":\"https:\/\/www.itape.com\/product\/flagging-ribbon\/#primaryimage\",\"url\":\"https:\/\/www.itape.com\/wp-content\/uploads\/2023\/10\/high_flagging_ribbon.jpg\",\"contentUrl\":\"https:\/\/www.itape.com\/wp-content\/uploads\/2023\/10\/high_flagging_ribbon.jpg\",\"width\":2400,\"height\":2400,\"caption\":\"Flagging Ribbon Group\"},{\"@type\":\"BreadcrumbList\",\"@id\":\"https:\/\/www.itape.com\/product\/flagging-ribbon\/#breadcrumb\",\"itemListElement\":[{\"@type\":\"ListItem\",\"position\":1,\"name\":\"Home\",\"item\":\"https:\/\/www.itape.com\/fr\/\"},{\"@type\":\"ListItem\",\"position\":2,\"name\":\"Products\",\"item\":\"https:\/\/www.itape.com\/products\/\"},{\"@type\":\"ListItem\",\"position\":3,\"name\":\"Flagging Ribbon\"}]},{\"@type\":\"WebSite\",\"@id\":\"https:\/\/www.itape.com\/#website\",\"url\":\"https:\/\/www.itape.com\/\",\"name\":\"IPG\",\"description\":\"Global Leader in Packaging and Protective Solutions\",\"publisher\":{\"@id\":\"https:\/\/www.itape.com\/#organization\"},\"potentialAction\":[{\"@type\":\"SearchAction\",\"target\":{\"@type\":\"EntryPoint\",\"urlTemplate\":\"https:\/\/www.itape.com\/?s={search_term_string}\"},\"query-input\":{\"@type\":\"PropertyValueSpecification\",\"valueRequired\":true,\"valueName\":\"search_term_string\"}}],\"inLanguage\":\"fr-FR\"},{\"@type\":\"Organization\",\"@id\":\"https:\/\/www.itape.com\/#organization\",\"name\":\"IPG\",\"url\":\"https:\/\/www.itape.com\/\",\"logo\":{\"@type\":\"ImageObject\",\"inLanguage\":\"fr-FR\",\"@id\":\"https:\/\/www.itape.com\/#\/schema\/logo\/image\/\",\"url\":\"https:\/\/www.itape.com\/wp-content\/uploads\/2024\/06\/IPG-logo-2.png\",\"contentUrl\":\"https:\/\/www.itape.com\/wp-content\/uploads\/2024\/06\/IPG-logo-2.png\",\"width\":60,\"height\":60,\"caption\":\"IPG\"},\"image\":{\"@id\":\"https:\/\/www.itape.com\/#\/schema\/logo\/image\/\"},\"sameAs\":[\"https:\/\/www.facebook.com\/intertape\",\"https:\/\/x.com\/IPGtape\",\"https:\/\/www.linkedin.com\/company\/intertape-polymer-group\",\"https:\/\/www.instagram.com\/ipgtape\",\"https:\/\/www.youtube.com\/user\/IPGtape\"]}]}<\/script>\n<meta property=\"product:price:currency\" content=\"USD\" \/>\n<meta property=\"og:availability\" content=\"instock\" \/>\n<meta property=\"product:availability\" content=\"instock\" \/>\n<meta property=\"product:retailer_item_id\" content=\"959f95928166\" \/>\n<meta property=\"product:condition\" content=\"new\" \/>\n<!-- \/ Yoast SEO Premium plugin. -->","yoast_head_json":{"title":"Flagging Ribbon - IPG","robots":{"index":"index","follow":"follow","max-snippet":"max-snippet:-1","max-image-preview":"max-image-preview:large","max-video-preview":"max-video-preview:-1"},"canonical":"https:\/\/www.itape.com\/product\/flagging-ribbon\/","og_locale":"fr_FR","og_type":"article","og_title":"Flagging Ribbon","og_description":"Ruban de balisage monom\u00e9rique PVC (vinyle) flexible finition taffetas g\u00e9n\u00e9ralement utilis\u00e9 pour l'arpentage afin de marquer et d'identifier les limites et les lignes de propri\u00e9t\u00e9. Couleurs \u00ab\u00a0Glo\u00a0\u00bb fluorescentes et lumineuses pour une bonne visibilit\u00e9 \u00e0 des fins d'orientation et\/ou de s\u00e9curit\u00e9. R\u00e9siste \u00e0 tous les temps, aux UV, \u00e0 l'eau et aux d\u00e9chirures. Ne contient pas de plomb ou de produits chimiques toxiques. Visibilit\u00e9 \u00e0 45\u00a0m\u00e8tres.","og_url":"https:\/\/www.itape.com\/product\/flagging-ribbon\/","og_site_name":"IPG","article_publisher":"https:\/\/www.facebook.com\/intertape","article_modified_time":"2023-04-27T16:55:36+00:00","og_image":[{"width":2400,"height":2400,"url":"https:\/\/www.itape.com\/wp-content\/uploads\/2023\/10\/high_flagging_ribbon.jpg","type":"image\/jpeg"}],"twitter_card":"summary_large_image","twitter_site":"@IPGtape","twitter_misc":{"Price":"","Availability":"In stock"},"schema":{"@context":"https:\/\/schema.org","@graph":[{"@type":"WebPage","@id":"https:\/\/www.itape.com\/product\/flagging-ribbon\/","url":"https:\/\/www.itape.com\/product\/flagging-ribbon\/","name":"Flagging Ribbon - IPG","isPartOf":{"@id":"https:\/\/www.itape.com\/#website"},"primaryImageOfPage":{"@id":"https:\/\/www.itape.com\/product\/flagging-ribbon\/#primaryimage"},"image":{"@id":"https:\/\/www.itape.com\/product\/flagging-ribbon\/#primaryimage"},"thumbnailUrl":"https:\/\/www.itape.com\/wp-content\/uploads\/2023\/10\/high_flagging_ribbon.jpg","datePublished":"2023-01-12T14:33:49+00:00","dateModified":"2023-04-27T16:55:36+00:00","breadcrumb":{"@id":"https:\/\/www.itape.com\/product\/flagging-ribbon\/#breadcrumb"},"inLanguage":"fr-FR","potentialAction":[{"@type":"ReadAction","target":["https:\/\/www.itape.com\/product\/flagging-ribbon\/"]}]},{"@type":"ImageObject","inLanguage":"fr-FR","@id":"https:\/\/www.itape.com\/product\/flagging-ribbon\/#primaryimage","url":"https:\/\/www.itape.com\/wp-content\/uploads\/2023\/10\/high_flagging_ribbon.jpg","contentUrl":"https:\/\/www.itape.com\/wp-content\/uploads\/2023\/10\/high_flagging_ribbon.jpg","width":2400,"height":2400,"caption":"Flagging Ribbon Group"},{"@type":"BreadcrumbList","@id":"https:\/\/www.itape.com\/product\/flagging-ribbon\/#breadcrumb","itemListElement":[{"@type":"ListItem","position":1,"name":"Home","item":"https:\/\/www.itape.com\/fr\/"},{"@type":"ListItem","position":2,"name":"Products","item":"https:\/\/www.itape.com\/products\/"},{"@type":"ListItem","position":3,"name":"Flagging Ribbon"}]},{"@type":"WebSite","@id":"https:\/\/www.itape.com\/#website","url":"https:\/\/www.itape.com\/","name":"IPG","description":"Global Leader in Packaging and Protective Solutions","publisher":{"@id":"https:\/\/www.itape.com\/#organization"},"potentialAction":[{"@type":"SearchAction","target":{"@type":"EntryPoint","urlTemplate":"https:\/\/www.itape.com\/?s={search_term_string}"},"query-input":{"@type":"PropertyValueSpecification","valueRequired":true,"valueName":"search_term_string"}}],"inLanguage":"fr-FR"},{"@type":"Organization","@id":"https:\/\/www.itape.com\/#organization","name":"IPG","url":"https:\/\/www.itape.com\/","logo":{"@type":"ImageObject","inLanguage":"fr-FR","@id":"https:\/\/www.itape.com\/#\/schema\/logo\/image\/","url":"https:\/\/www.itape.com\/wp-content\/uploads\/2024\/06\/IPG-logo-2.png","contentUrl":"https:\/\/www.itape.com\/wp-content\/uploads\/2024\/06\/IPG-logo-2.png","width":60,"height":60,"caption":"IPG"},"image":{"@id":"https:\/\/www.itape.com\/#\/schema\/logo\/image\/"},"sameAs":["https:\/\/www.facebook.com\/intertape","https:\/\/x.com\/IPGtape","https:\/\/www.linkedin.com\/company\/intertape-polymer-group","https:\/\/www.instagram.com\/ipgtape","https:\/\/www.youtube.com\/user\/IPGtape"]}]},"product_price_currency":"USD","og_availability":"instock","product_availability":"instock","product_retailer_item_id":"959f95928166","product_condition":"new"},"parsely":{"version":"1.1.0","canonical_url":"https:\/\/itape.com\/fr\/product\/flagging-ribbon-fr\/","smart_links":{"inbound":0,"outbound":0},"traffic_boost_suggestions_count":0,"meta":{"@context":"https:\/\/schema.org","@type":"WebPage","headline":"Flagging Ribbon","url":"https:\/\/www.itape.com\/fr\/product\/flagging-ribbon-fr\/","mainEntityOfPage":{"@type":"WebPage","@id":"https:\/\/www.itape.com\/fr\/product\/flagging-ribbon-fr\/"},"thumbnailUrl":"https:\/\/www.itape.com\/wp-content\/uploads\/2023\/10\/high_flagging_ribbon.jpg?w=150&h=150&crop=1","image":{"@type":"ImageObject","url":"https:\/\/www.itape.com\/wp-content\/uploads\/2023\/10\/high_flagging_ribbon.jpg"},"articleSection":"Non classifi\u00e9(e)","author":[{"@type":"Person","name":"IPG"}],"creator":["IPG"],"publisher":{"@type":"Organization","name":"IPG","logo":"https:\/\/www.itape.com\/wp-content\/uploads\/2023\/03\/IPG-logo-2.png"},"keywords":[],"dateCreated":"2023-01-12T14:33:49Z","datePublished":"2023-01-12T14:33:49Z","dateModified":"2023-04-27T16:55:36Z"},"rendered":"<meta name=\"parsely-title\" content=\"Flagging Ribbon\" \/>\n<meta name=\"parsely-link\" content=\"https:\/\/www.itape.com\/fr\/product\/flagging-ribbon-fr\/\" \/>\n<meta name=\"parsely-type\" content=\"index\" \/>\n<meta name=\"parsely-image-url\" content=\"https:\/\/www.itape.com\/wp-content\/uploads\/2023\/10\/high_flagging_ribbon.jpg?w=150&amp;h=150&amp;crop=1\" \/>\n<meta name=\"parsely-pub-date\" content=\"2023-01-12T14:33:49Z\" \/>\n<meta name=\"parsely-section\" content=\"Non classifi\u00e9(e)\" \/>\n<meta name=\"parsely-author\" content=\"IPG\" \/>","tracker_url":"https:\/\/cdn.parsely.com\/keys\/itape.com\/p.js"},"jetpack_sharing_enabled":true,"_links":{"self":[{"href":"https:\/\/www.itape.com\/fr\/wp-json\/wp\/v2\/product\/47250","targetHints":{"allow":["GET"]}}],"collection":[{"href":"https:\/\/www.itape.com\/fr\/wp-json\/wp\/v2\/product"}],"about":[{"href":"https:\/\/www.itape.com\/fr\/wp-json\/wp\/v2\/types\/product"}],"replies":[{"embeddable":true,"href":"https:\/\/www.itape.com\/fr\/wp-json\/wp\/v2\/comments?post=47250"}],"wp:featuredmedia":[{"embeddable":true,"href":"https:\/\/www.itape.com\/fr\/wp-json\/wp\/v2\/media\/61902"}],"wp:attachment":[{"href":"https:\/\/www.itape.com\/fr\/wp-json\/wp\/v2\/media?parent=47250"}],"wp:term":[{"taxonomy":"product_brand","embeddable":true,"href":"https:\/\/www.itape.com\/fr\/wp-json\/wp\/v2\/product_brand?post=47250"},{"taxonomy":"product_cat","embeddable":true,"href":"https:\/\/www.itape.com\/fr\/wp-json\/wp\/v2\/product_cat?post=47250"},{"taxonomy":"product_tag","embeddable":true,"href":"https:\/\/www.itape.com\/fr\/wp-json\/wp\/v2\/product_tag?post=47250"},{"taxonomy":"associated_application","embeddable":true,"href":"https:\/\/www.itape.com\/fr\/wp-json\/wp\/v2\/associated_application?post=47250"}],"curies":[{"name":"wp","href":"https:\/\/api.w.org\/{rel}","templated":true}]}}