{"id":47253,"date":"2023-01-12T14:33:55","date_gmt":"2023-01-12T14:33:55","guid":{"rendered":"https:\/\/www.itape.com\/product\/rubber-tape-fr-2\/"},"modified":"2023-04-27T17:01:29","modified_gmt":"2023-04-27T17:01:29","slug":"rubber-tape-fr-2","status":"publish","type":"product","link":"https:\/\/www.itape.com\/fr\/product\/rubber-tape-fr-2\/","title":{"rendered":"Rubber Tape"},"content":{"rendered":"","protected":false},"excerpt":{"rendered":"<p>Ruban d&rsquo;isolation \u00e9lectrique basse tension en caoutchouc auto-amalgamant 30\u00a0mils. Approuv\u00e9 UL pour une utilisation comme isolation principale ne d\u00e9passant pas 600\u00a0V. S&rsquo;adapte ais\u00e9ment aux formes et surfaces irr\u00e9guli\u00e8res pour une construction stable \u00e9lectriquement sans vide. Compatible avec toutes les isolations de c\u00e2ble extrud\u00e9es. R\u00e9sistant \u00e0 l&rsquo;eau, aux huiles, aux acides, aux alcalins et autres produits chimiques corrosifs.<\/p>\n","protected":false},"featured_media":57903,"comment_status":"closed","ping_status":"closed","template":"","meta":{"_acf_changed":false},"product_brand":[],"product_cat":[8028,6464,7734,7715,7699,6155,7715,7734,7702],"product_tag":[6269,6268,6269,7760],"associated_application":[5999,5995,6129,6043,6129,5996,6004,6036,6045,6117,6039],"class_list":{"0":"post-47253","1":"product","2":"type-product","3":"status-publish","4":"has-post-thumbnail","6":"product_cat-retail-specialty-construction-hvac-fr","7":"product_cat-electrical-insulation-fr","8":"product_cat-industrial-tapes-ruban-disolation-electrique-fr","9":"product_cat-building-and-construction-products-ruban-disolation-electrique-fr","10":"product_cat-building-and-construction-products-fr","11":"product_cat-electrical-tape-fr","14":"product_cat-industrial-tapes-fr","15":"product_tag-electrical-fr","16":"product_tag-building-construction-fr","18":"product_tag-electrical-insulation-fr","19":"associated_application-assainissement-et-restauration-fr","20":"associated_application-batiment-et-construction-fr","21":"associated_application-batiment-et-construction-fr-assainissement-et-restauration-fr","22":"associated_application-batiment-et-construction-fr-de-consommation-fr","24":"associated_application-de-consommation-fr","25":"associated_application-industrie-du-cvc-fr","26":"associated_application-secteur-de-lisolation-electrique-fr","27":"associated_application-secteur-electrique-fr","28":"associated_application-secteur-electrique-et-de-la-refrigeration-fr","29":"associated_application-solutions-generales-pour-le-site-de-construction-fr","31":"first","32":"instock","33":"product-type-simple"},"acf":[],"yoast_head":"<!-- This site is optimized with the Yoast SEO Premium plugin v24.1 (Yoast SEO v27.0) - https:\/\/yoast.com\/product\/yoast-seo-premium-wordpress\/ -->\n<title>Rubber Tape - IPG<\/title>\n<meta name=\"robots\" content=\"index, follow, max-snippet:-1, max-image-preview:large, max-video-preview:-1\" \/>\n<link rel=\"canonical\" href=\"https:\/\/www.itape.com\/product\/rubber-tape-2\/\" \/>\n<meta property=\"og:locale\" content=\"fr_FR\" \/>\n<meta property=\"og:type\" content=\"article\" \/>\n<meta property=\"og:title\" content=\"Rubber Tape\" \/>\n<meta property=\"og:description\" content=\"Ruban d&#039;isolation \u00e9lectrique basse tension en caoutchouc auto-amalgamant 30\u00a0mils. Approuv\u00e9 UL pour une utilisation comme isolation principale ne d\u00e9passant pas 600\u00a0V. S&#039;adapte ais\u00e9ment aux formes et surfaces irr\u00e9guli\u00e8res pour une construction stable \u00e9lectriquement sans vide. Compatible avec toutes les isolations de c\u00e2ble extrud\u00e9es. R\u00e9sistant \u00e0 l&#039;eau, aux huiles, aux acides, aux alcalins et autres produits chimiques corrosifs.\" \/>\n<meta property=\"og:url\" content=\"https:\/\/www.itape.com\/product\/rubber-tape-2\/\" \/>\n<meta property=\"og:site_name\" content=\"IPG\" \/>\n<meta property=\"article:publisher\" content=\"https:\/\/www.facebook.com\/intertape\" \/>\n<meta property=\"article:modified_time\" content=\"2023-04-27T17:01:29+00:00\" \/>\n<meta name=\"twitter:card\" content=\"summary_large_image\" \/>\n<meta name=\"twitter:image\" content=\"https:\/\/www.itape.com\/wp-content\/uploads\/2023\/10\/rubber-tape_5517-2025.jpg\" \/>\n<meta name=\"twitter:site\" content=\"@IPGtape\" \/>\n<meta name=\"twitter:label1\" content=\"Price\" \/>\n\t<meta name=\"twitter:data1\" content=\"\" \/>\n\t<meta name=\"twitter:label2\" content=\"Availability\" \/>\n\t<meta name=\"twitter:data2\" content=\"In stock\" \/>\n<script type=\"application\/ld+json\" class=\"yoast-schema-graph\">{\"@context\":\"https:\/\/schema.org\",\"@graph\":[{\"@type\":\"WebPage\",\"@id\":\"https:\/\/www.itape.com\/product\/rubber-tape-2\/\",\"url\":\"https:\/\/www.itape.com\/product\/rubber-tape-2\/\",\"name\":\"Rubber Tape - IPG\",\"isPartOf\":{\"@id\":\"https:\/\/www.itape.com\/#website\"},\"primaryImageOfPage\":{\"@id\":\"https:\/\/www.itape.com\/product\/rubber-tape-2\/#primaryimage\"},\"image\":{\"@id\":\"https:\/\/www.itape.com\/product\/rubber-tape-2\/#primaryimage\"},\"thumbnailUrl\":\"https:\/\/www.itape.com\/wp-content\/uploads\/2023\/10\/rubber-tape_5517-2025.jpg\",\"datePublished\":\"2023-01-12T14:33:55+00:00\",\"dateModified\":\"2023-04-27T17:01:29+00:00\",\"breadcrumb\":{\"@id\":\"https:\/\/www.itape.com\/product\/rubber-tape-2\/#breadcrumb\"},\"inLanguage\":\"fr-FR\",\"potentialAction\":[{\"@type\":\"ReadAction\",\"target\":[\"https:\/\/www.itape.com\/product\/rubber-tape-2\/\"]}]},{\"@type\":\"ImageObject\",\"inLanguage\":\"fr-FR\",\"@id\":\"https:\/\/www.itape.com\/product\/rubber-tape-2\/#primaryimage\",\"url\":\"https:\/\/www.itape.com\/wp-content\/uploads\/2023\/10\/rubber-tape_5517-2025.jpg\",\"contentUrl\":\"https:\/\/www.itape.com\/wp-content\/uploads\/2023\/10\/rubber-tape_5517-2025.jpg\",\"width\":2400,\"height\":2400,\"caption\":\"5517_RubberTape\"},{\"@type\":\"BreadcrumbList\",\"@id\":\"https:\/\/www.itape.com\/product\/rubber-tape-2\/#breadcrumb\",\"itemListElement\":[{\"@type\":\"ListItem\",\"position\":1,\"name\":\"Home\",\"item\":\"https:\/\/www.itape.com\/fr\/\"},{\"@type\":\"ListItem\",\"position\":2,\"name\":\"Products\",\"item\":\"https:\/\/www.itape.com\/products\/\"},{\"@type\":\"ListItem\",\"position\":3,\"name\":\"Rubber Tape\"}]},{\"@type\":\"WebSite\",\"@id\":\"https:\/\/www.itape.com\/#website\",\"url\":\"https:\/\/www.itape.com\/\",\"name\":\"IPG\",\"description\":\"Global Leader in Packaging and Protective Solutions\",\"publisher\":{\"@id\":\"https:\/\/www.itape.com\/#organization\"},\"potentialAction\":[{\"@type\":\"SearchAction\",\"target\":{\"@type\":\"EntryPoint\",\"urlTemplate\":\"https:\/\/www.itape.com\/?s={search_term_string}\"},\"query-input\":{\"@type\":\"PropertyValueSpecification\",\"valueRequired\":true,\"valueName\":\"search_term_string\"}}],\"inLanguage\":\"fr-FR\"},{\"@type\":\"Organization\",\"@id\":\"https:\/\/www.itape.com\/#organization\",\"name\":\"IPG\",\"url\":\"https:\/\/www.itape.com\/\",\"logo\":{\"@type\":\"ImageObject\",\"inLanguage\":\"fr-FR\",\"@id\":\"https:\/\/www.itape.com\/#\/schema\/logo\/image\/\",\"url\":\"https:\/\/www.itape.com\/wp-content\/uploads\/2024\/06\/IPG-logo-2.png\",\"contentUrl\":\"https:\/\/www.itape.com\/wp-content\/uploads\/2024\/06\/IPG-logo-2.png\",\"width\":60,\"height\":60,\"caption\":\"IPG\"},\"image\":{\"@id\":\"https:\/\/www.itape.com\/#\/schema\/logo\/image\/\"},\"sameAs\":[\"https:\/\/www.facebook.com\/intertape\",\"https:\/\/x.com\/IPGtape\",\"https:\/\/www.linkedin.com\/company\/intertape-polymer-group\",\"https:\/\/www.instagram.com\/ipgtape\",\"https:\/\/www.youtube.com\/user\/IPGtape\"]}]}<\/script>\n<meta property=\"product:price:currency\" content=\"USD\" \/>\n<meta property=\"og:availability\" content=\"instock\" \/>\n<meta property=\"product:availability\" content=\"instock\" \/>\n<meta property=\"product:retailer_item_id\" content=\"98da44e2c05f\" \/>\n<meta property=\"product:condition\" content=\"new\" \/>\n<!-- \/ Yoast SEO Premium plugin. -->","yoast_head_json":{"title":"Rubber Tape - IPG","robots":{"index":"index","follow":"follow","max-snippet":"max-snippet:-1","max-image-preview":"max-image-preview:large","max-video-preview":"max-video-preview:-1"},"canonical":"https:\/\/www.itape.com\/product\/rubber-tape-2\/","og_locale":"fr_FR","og_type":"article","og_title":"Rubber Tape","og_description":"Ruban d'isolation \u00e9lectrique basse tension en caoutchouc auto-amalgamant 30\u00a0mils. Approuv\u00e9 UL pour une utilisation comme isolation principale ne d\u00e9passant pas 600\u00a0V. S'adapte ais\u00e9ment aux formes et surfaces irr\u00e9guli\u00e8res pour une construction stable \u00e9lectriquement sans vide. Compatible avec toutes les isolations de c\u00e2ble extrud\u00e9es. R\u00e9sistant \u00e0 l'eau, aux huiles, aux acides, aux alcalins et autres produits chimiques corrosifs.","og_url":"https:\/\/www.itape.com\/product\/rubber-tape-2\/","og_site_name":"IPG","article_publisher":"https:\/\/www.facebook.com\/intertape","article_modified_time":"2023-04-27T17:01:29+00:00","twitter_card":"summary_large_image","twitter_image":"https:\/\/www.itape.com\/wp-content\/uploads\/2023\/10\/rubber-tape_5517-2025.jpg","twitter_site":"@IPGtape","twitter_misc":{"Price":"","Availability":"In stock"},"schema":{"@context":"https:\/\/schema.org","@graph":[{"@type":"WebPage","@id":"https:\/\/www.itape.com\/product\/rubber-tape-2\/","url":"https:\/\/www.itape.com\/product\/rubber-tape-2\/","name":"Rubber Tape - IPG","isPartOf":{"@id":"https:\/\/www.itape.com\/#website"},"primaryImageOfPage":{"@id":"https:\/\/www.itape.com\/product\/rubber-tape-2\/#primaryimage"},"image":{"@id":"https:\/\/www.itape.com\/product\/rubber-tape-2\/#primaryimage"},"thumbnailUrl":"https:\/\/www.itape.com\/wp-content\/uploads\/2023\/10\/rubber-tape_5517-2025.jpg","datePublished":"2023-01-12T14:33:55+00:00","dateModified":"2023-04-27T17:01:29+00:00","breadcrumb":{"@id":"https:\/\/www.itape.com\/product\/rubber-tape-2\/#breadcrumb"},"inLanguage":"fr-FR","potentialAction":[{"@type":"ReadAction","target":["https:\/\/www.itape.com\/product\/rubber-tape-2\/"]}]},{"@type":"ImageObject","inLanguage":"fr-FR","@id":"https:\/\/www.itape.com\/product\/rubber-tape-2\/#primaryimage","url":"https:\/\/www.itape.com\/wp-content\/uploads\/2023\/10\/rubber-tape_5517-2025.jpg","contentUrl":"https:\/\/www.itape.com\/wp-content\/uploads\/2023\/10\/rubber-tape_5517-2025.jpg","width":2400,"height":2400,"caption":"5517_RubberTape"},{"@type":"BreadcrumbList","@id":"https:\/\/www.itape.com\/product\/rubber-tape-2\/#breadcrumb","itemListElement":[{"@type":"ListItem","position":1,"name":"Home","item":"https:\/\/www.itape.com\/fr\/"},{"@type":"ListItem","position":2,"name":"Products","item":"https:\/\/www.itape.com\/products\/"},{"@type":"ListItem","position":3,"name":"Rubber Tape"}]},{"@type":"WebSite","@id":"https:\/\/www.itape.com\/#website","url":"https:\/\/www.itape.com\/","name":"IPG","description":"Global Leader in Packaging and Protective Solutions","publisher":{"@id":"https:\/\/www.itape.com\/#organization"},"potentialAction":[{"@type":"SearchAction","target":{"@type":"EntryPoint","urlTemplate":"https:\/\/www.itape.com\/?s={search_term_string}"},"query-input":{"@type":"PropertyValueSpecification","valueRequired":true,"valueName":"search_term_string"}}],"inLanguage":"fr-FR"},{"@type":"Organization","@id":"https:\/\/www.itape.com\/#organization","name":"IPG","url":"https:\/\/www.itape.com\/","logo":{"@type":"ImageObject","inLanguage":"fr-FR","@id":"https:\/\/www.itape.com\/#\/schema\/logo\/image\/","url":"https:\/\/www.itape.com\/wp-content\/uploads\/2024\/06\/IPG-logo-2.png","contentUrl":"https:\/\/www.itape.com\/wp-content\/uploads\/2024\/06\/IPG-logo-2.png","width":60,"height":60,"caption":"IPG"},"image":{"@id":"https:\/\/www.itape.com\/#\/schema\/logo\/image\/"},"sameAs":["https:\/\/www.facebook.com\/intertape","https:\/\/x.com\/IPGtape","https:\/\/www.linkedin.com\/company\/intertape-polymer-group","https:\/\/www.instagram.com\/ipgtape","https:\/\/www.youtube.com\/user\/IPGtape"]}]},"product_price_currency":"USD","og_availability":"instock","product_availability":"instock","product_retailer_item_id":"98da44e2c05f","product_condition":"new"},"parsely":{"version":"1.1.0","canonical_url":"https:\/\/itape.com\/fr\/product\/rubber-tape-fr-2\/","smart_links":{"inbound":0,"outbound":0},"traffic_boost_suggestions_count":0,"meta":{"@context":"https:\/\/schema.org","@type":"WebPage","headline":"Rubber Tape","url":"https:\/\/www.itape.com\/fr\/product\/rubber-tape-fr-2\/","mainEntityOfPage":{"@type":"WebPage","@id":"https:\/\/www.itape.com\/fr\/product\/rubber-tape-fr-2\/"},"thumbnailUrl":"https:\/\/www.itape.com\/wp-content\/uploads\/2023\/10\/rubber-tape_5517-2025.jpg?w=150&h=150&crop=1","image":{"@type":"ImageObject","url":"https:\/\/www.itape.com\/wp-content\/uploads\/2023\/10\/rubber-tape_5517-2025.jpg"},"articleSection":"Non classifi\u00e9(e)","author":[{"@type":"Person","name":"IPG"}],"creator":["IPG"],"publisher":{"@type":"Organization","name":"IPG","logo":"https:\/\/www.itape.com\/wp-content\/uploads\/2023\/03\/IPG-logo-2.png"},"keywords":[],"dateCreated":"2023-01-12T14:33:55Z","datePublished":"2023-01-12T14:33:55Z","dateModified":"2023-04-27T17:01:29Z"},"rendered":"<meta name=\"parsely-title\" content=\"Rubber Tape\" \/>\n<meta name=\"parsely-link\" content=\"https:\/\/www.itape.com\/fr\/product\/rubber-tape-fr-2\/\" \/>\n<meta name=\"parsely-type\" content=\"index\" \/>\n<meta name=\"parsely-image-url\" content=\"https:\/\/www.itape.com\/wp-content\/uploads\/2023\/10\/rubber-tape_5517-2025.jpg?w=150&amp;h=150&amp;crop=1\" \/>\n<meta name=\"parsely-pub-date\" content=\"2023-01-12T14:33:55Z\" \/>\n<meta name=\"parsely-section\" content=\"Non classifi\u00e9(e)\" \/>\n<meta name=\"parsely-author\" content=\"IPG\" \/>","tracker_url":"https:\/\/cdn.parsely.com\/keys\/itape.com\/p.js"},"jetpack_sharing_enabled":true,"_links":{"self":[{"href":"https:\/\/www.itape.com\/fr\/wp-json\/wp\/v2\/product\/47253","targetHints":{"allow":["GET"]}}],"collection":[{"href":"https:\/\/www.itape.com\/fr\/wp-json\/wp\/v2\/product"}],"about":[{"href":"https:\/\/www.itape.com\/fr\/wp-json\/wp\/v2\/types\/product"}],"replies":[{"embeddable":true,"href":"https:\/\/www.itape.com\/fr\/wp-json\/wp\/v2\/comments?post=47253"}],"wp:featuredmedia":[{"embeddable":true,"href":"https:\/\/www.itape.com\/fr\/wp-json\/wp\/v2\/media\/57903"}],"wp:attachment":[{"href":"https:\/\/www.itape.com\/fr\/wp-json\/wp\/v2\/media?parent=47253"}],"wp:term":[{"taxonomy":"product_brand","embeddable":true,"href":"https:\/\/www.itape.com\/fr\/wp-json\/wp\/v2\/product_brand?post=47253"},{"taxonomy":"product_cat","embeddable":true,"href":"https:\/\/www.itape.com\/fr\/wp-json\/wp\/v2\/product_cat?post=47253"},{"taxonomy":"product_tag","embeddable":true,"href":"https:\/\/www.itape.com\/fr\/wp-json\/wp\/v2\/product_tag?post=47253"},{"taxonomy":"associated_application","embeddable":true,"href":"https:\/\/www.itape.com\/fr\/wp-json\/wp\/v2\/associated_application?post=47253"}],"curies":[{"name":"wp","href":"https:\/\/api.w.org\/{rel}","templated":true}]}}