{"id":47256,"date":"2023-01-12T14:33:55","date_gmt":"2023-01-12T14:33:55","guid":{"rendered":"https:\/\/www.itape.com\/product\/sheathing-tape-fr-2\/"},"modified":"2024-01-25T15:22:44","modified_gmt":"2024-01-25T15:22:44","slug":"sheathing-tape-fr-2","status":"publish","type":"product","link":"https:\/\/www.itape.com\/fr\/product\/sheathing-tape-fr-2\/","title":{"rendered":"Sheathing Tape"},"content":{"rendered":"","protected":false},"excerpt":{"rendered":"<p>Ruban de film en BOPP avec colle en acrylique d&rsquo;adh\u00e9rence extr\u00eame. Con\u00e7u et \u00e9labor\u00e9 principalement pour le scellement et l&rsquo;\u00e9tanch\u00e9ification permanents de joints dans l&rsquo;isolation en mousse et d&rsquo;autres mat\u00e9riaux de coffrage, afin de fixer les bords de superposition dans les membranes isolantes ou d&rsquo;autres barri\u00e8res de vapeur, de r\u00e9parer les d\u00e9chirures dans l&rsquo;isolation en rouleau et en dalle, les films de construction et les membranes. \u00c9limine les courants d&rsquo;air autour des ouvertures de fen\u00eatre et de porte.<\/p>\n","protected":false},"featured_media":52225,"comment_status":"closed","ping_status":"closed","template":"","meta":{"_acf_changed":false},"product_brand":[],"product_cat":[8028,7701,7699,7701,8258,8258],"product_tag":[6268,6240],"associated_application":[5999,5995,6129,6043,5996,6034,6001,6092,6039],"class_list":{"0":"post-47256","1":"product","2":"type-product","3":"status-publish","4":"has-post-thumbnail","6":"product_cat-retail-specialty-construction-hvac-fr","7":"product_cat-engineered-coated-products-fr","8":"product_cat-building-and-construction-products-fr","10":"product_cat-sheathing-tape-fr","12":"product_tag-building-construction-fr","13":"product_tag-sheathing-tape-fr","14":"associated_application-assainissement-et-restauration-fr","15":"associated_application-batiment-et-construction-fr","16":"associated_application-batiment-et-construction-fr-assainissement-et-restauration-fr","17":"associated_application-batiment-et-construction-fr-de-consommation-fr","18":"associated_application-de-consommation-fr","19":"associated_application-gestion-de-lair-et-de-la-vapeur-dhumidite-fr","20":"associated_application-processus-general-de-fabrication-fr","21":"associated_application-secteur-de-lentretien-de-la-reparation-et-de-lexploitationmro-fr","22":"associated_application-solutions-generales-pour-le-site-de-construction-fr","24":"first","25":"instock","26":"product-type-simple"},"acf":[],"yoast_head":"<!-- This site is optimized with the Yoast SEO Premium plugin v24.1 (Yoast SEO v27.0) - https:\/\/yoast.com\/product\/yoast-seo-premium-wordpress\/ -->\n<title>Sheathing Tape - IPG<\/title>\n<meta name=\"robots\" content=\"index, follow, max-snippet:-1, max-image-preview:large, max-video-preview:-1\" \/>\n<link rel=\"canonical\" href=\"https:\/\/www.itape.com\/fr\/product\/sheathing-tape-fr-2\/\" \/>\n<meta property=\"og:locale\" content=\"fr_FR\" \/>\n<meta property=\"og:type\" content=\"article\" \/>\n<meta property=\"og:title\" content=\"Sheathing Tape\" \/>\n<meta property=\"og:description\" content=\"Ruban de film en BOPP avec colle en acrylique d&#039;adh\u00e9rence extr\u00eame. Con\u00e7u et \u00e9labor\u00e9 principalement pour le scellement et l&#039;\u00e9tanch\u00e9ification permanents de joints dans l&#039;isolation en mousse et d&#039;autres mat\u00e9riaux de coffrage, afin de fixer les bords de superposition dans les membranes isolantes ou d&#039;autres barri\u00e8res de vapeur, de r\u00e9parer les d\u00e9chirures dans l&#039;isolation en rouleau et en dalle, les films de construction et les membranes. \u00c9limine les courants d&#039;air autour des ouvertures de fen\u00eatre et de porte.\" \/>\n<meta property=\"og:url\" content=\"https:\/\/www.itape.com\/fr\/product\/sheathing-tape-fr-2\/\" \/>\n<meta property=\"og:site_name\" content=\"IPG\" \/>\n<meta property=\"article:publisher\" content=\"https:\/\/www.facebook.com\/intertape\" \/>\n<meta property=\"article:modified_time\" content=\"2024-01-25T15:22:44+00:00\" \/>\n<meta property=\"og:image\" content=\"https:\/\/www.itape.com\/wp-content\/uploads\/2023\/01\/SHEATHING_high.jpg\" \/>\n\t<meta property=\"og:image:width\" content=\"2400\" \/>\n\t<meta property=\"og:image:height\" content=\"2400\" \/>\n\t<meta property=\"og:image:type\" content=\"image\/jpeg\" \/>\n<meta name=\"twitter:card\" content=\"summary_large_image\" \/>\n<meta name=\"twitter:site\" content=\"@IPGtape\" \/>\n<meta name=\"twitter:label1\" content=\"Price\" \/>\n\t<meta name=\"twitter:data1\" content=\"\" \/>\n\t<meta name=\"twitter:label2\" content=\"Availability\" \/>\n\t<meta name=\"twitter:data2\" content=\"In stock\" \/>\n<script type=\"application\/ld+json\" class=\"yoast-schema-graph\">{\"@context\":\"https:\/\/schema.org\",\"@graph\":[{\"@type\":\"WebPage\",\"@id\":\"https:\/\/www.itape.com\/fr\/product\/sheathing-tape-fr-2\/\",\"url\":\"https:\/\/www.itape.com\/fr\/product\/sheathing-tape-fr-2\/\",\"name\":\"Sheathing Tape - IPG\",\"isPartOf\":{\"@id\":\"https:\/\/www.itape.com\/#website\"},\"primaryImageOfPage\":{\"@id\":\"https:\/\/www.itape.com\/fr\/product\/sheathing-tape-fr-2\/#primaryimage\"},\"image\":{\"@id\":\"https:\/\/www.itape.com\/fr\/product\/sheathing-tape-fr-2\/#primaryimage\"},\"thumbnailUrl\":\"https:\/\/www.itape.com\/wp-content\/uploads\/2023\/01\/SHEATHING_high.jpg\",\"datePublished\":\"2023-01-12T14:33:55+00:00\",\"dateModified\":\"2024-01-25T15:22:44+00:00\",\"breadcrumb\":{\"@id\":\"https:\/\/www.itape.com\/fr\/product\/sheathing-tape-fr-2\/#breadcrumb\"},\"inLanguage\":\"fr-FR\",\"potentialAction\":[{\"@type\":\"ReadAction\",\"target\":[\"https:\/\/www.itape.com\/fr\/product\/sheathing-tape-fr-2\/\"]}]},{\"@type\":\"ImageObject\",\"inLanguage\":\"fr-FR\",\"@id\":\"https:\/\/www.itape.com\/fr\/product\/sheathing-tape-fr-2\/#primaryimage\",\"url\":\"https:\/\/www.itape.com\/wp-content\/uploads\/2023\/01\/SHEATHING_high.jpg\",\"contentUrl\":\"https:\/\/www.itape.com\/wp-content\/uploads\/2023\/01\/SHEATHING_high.jpg\",\"width\":2400,\"height\":2400,\"caption\":\"SheathingTape\"},{\"@type\":\"BreadcrumbList\",\"@id\":\"https:\/\/www.itape.com\/fr\/product\/sheathing-tape-fr-2\/#breadcrumb\",\"itemListElement\":[{\"@type\":\"ListItem\",\"position\":1,\"name\":\"Home\",\"item\":\"https:\/\/www.itape.com\/fr\/\"},{\"@type\":\"ListItem\",\"position\":2,\"name\":\"Products\",\"item\":\"https:\/\/www.itape.com\/products\/\"},{\"@type\":\"ListItem\",\"position\":3,\"name\":\"Sheathing Tape\"}]},{\"@type\":\"WebSite\",\"@id\":\"https:\/\/www.itape.com\/#website\",\"url\":\"https:\/\/www.itape.com\/\",\"name\":\"IPG\",\"description\":\"Global Leader in Packaging and Protective Solutions\",\"publisher\":{\"@id\":\"https:\/\/www.itape.com\/#organization\"},\"potentialAction\":[{\"@type\":\"SearchAction\",\"target\":{\"@type\":\"EntryPoint\",\"urlTemplate\":\"https:\/\/www.itape.com\/?s={search_term_string}\"},\"query-input\":{\"@type\":\"PropertyValueSpecification\",\"valueRequired\":true,\"valueName\":\"search_term_string\"}}],\"inLanguage\":\"fr-FR\"},{\"@type\":\"Organization\",\"@id\":\"https:\/\/www.itape.com\/#organization\",\"name\":\"IPG\",\"url\":\"https:\/\/www.itape.com\/\",\"logo\":{\"@type\":\"ImageObject\",\"inLanguage\":\"fr-FR\",\"@id\":\"https:\/\/www.itape.com\/#\/schema\/logo\/image\/\",\"url\":\"https:\/\/www.itape.com\/wp-content\/uploads\/2024\/06\/IPG-logo-2.png\",\"contentUrl\":\"https:\/\/www.itape.com\/wp-content\/uploads\/2024\/06\/IPG-logo-2.png\",\"width\":60,\"height\":60,\"caption\":\"IPG\"},\"image\":{\"@id\":\"https:\/\/www.itape.com\/#\/schema\/logo\/image\/\"},\"sameAs\":[\"https:\/\/www.facebook.com\/intertape\",\"https:\/\/x.com\/IPGtape\",\"https:\/\/www.linkedin.com\/company\/intertape-polymer-group\",\"https:\/\/www.instagram.com\/ipgtape\",\"https:\/\/www.youtube.com\/user\/IPGtape\"]}]}<\/script>\n<meta property=\"product:price:currency\" content=\"USD\" \/>\n<meta property=\"og:availability\" content=\"instock\" \/>\n<meta property=\"product:availability\" content=\"instock\" \/>\n<meta property=\"product:retailer_item_id\" content=\"d7b188f8978a\" \/>\n<meta property=\"product:condition\" content=\"new\" \/>\n<!-- \/ Yoast SEO Premium plugin. -->","yoast_head_json":{"title":"Sheathing Tape - IPG","robots":{"index":"index","follow":"follow","max-snippet":"max-snippet:-1","max-image-preview":"max-image-preview:large","max-video-preview":"max-video-preview:-1"},"canonical":"https:\/\/www.itape.com\/fr\/product\/sheathing-tape-fr-2\/","og_locale":"fr_FR","og_type":"article","og_title":"Sheathing Tape","og_description":"Ruban de film en BOPP avec colle en acrylique d'adh\u00e9rence extr\u00eame. Con\u00e7u et \u00e9labor\u00e9 principalement pour le scellement et l'\u00e9tanch\u00e9ification permanents de joints dans l'isolation en mousse et d'autres mat\u00e9riaux de coffrage, afin de fixer les bords de superposition dans les membranes isolantes ou d'autres barri\u00e8res de vapeur, de r\u00e9parer les d\u00e9chirures dans l'isolation en rouleau et en dalle, les films de construction et les membranes. \u00c9limine les courants d'air autour des ouvertures de fen\u00eatre et de porte.","og_url":"https:\/\/www.itape.com\/fr\/product\/sheathing-tape-fr-2\/","og_site_name":"IPG","article_publisher":"https:\/\/www.facebook.com\/intertape","article_modified_time":"2024-01-25T15:22:44+00:00","og_image":[{"width":2400,"height":2400,"url":"https:\/\/www.itape.com\/wp-content\/uploads\/2023\/01\/SHEATHING_high.jpg","type":"image\/jpeg"}],"twitter_card":"summary_large_image","twitter_site":"@IPGtape","twitter_misc":{"Price":"","Availability":"In stock"},"schema":{"@context":"https:\/\/schema.org","@graph":[{"@type":"WebPage","@id":"https:\/\/www.itape.com\/fr\/product\/sheathing-tape-fr-2\/","url":"https:\/\/www.itape.com\/fr\/product\/sheathing-tape-fr-2\/","name":"Sheathing Tape - IPG","isPartOf":{"@id":"https:\/\/www.itape.com\/#website"},"primaryImageOfPage":{"@id":"https:\/\/www.itape.com\/fr\/product\/sheathing-tape-fr-2\/#primaryimage"},"image":{"@id":"https:\/\/www.itape.com\/fr\/product\/sheathing-tape-fr-2\/#primaryimage"},"thumbnailUrl":"https:\/\/www.itape.com\/wp-content\/uploads\/2023\/01\/SHEATHING_high.jpg","datePublished":"2023-01-12T14:33:55+00:00","dateModified":"2024-01-25T15:22:44+00:00","breadcrumb":{"@id":"https:\/\/www.itape.com\/fr\/product\/sheathing-tape-fr-2\/#breadcrumb"},"inLanguage":"fr-FR","potentialAction":[{"@type":"ReadAction","target":["https:\/\/www.itape.com\/fr\/product\/sheathing-tape-fr-2\/"]}]},{"@type":"ImageObject","inLanguage":"fr-FR","@id":"https:\/\/www.itape.com\/fr\/product\/sheathing-tape-fr-2\/#primaryimage","url":"https:\/\/www.itape.com\/wp-content\/uploads\/2023\/01\/SHEATHING_high.jpg","contentUrl":"https:\/\/www.itape.com\/wp-content\/uploads\/2023\/01\/SHEATHING_high.jpg","width":2400,"height":2400,"caption":"SheathingTape"},{"@type":"BreadcrumbList","@id":"https:\/\/www.itape.com\/fr\/product\/sheathing-tape-fr-2\/#breadcrumb","itemListElement":[{"@type":"ListItem","position":1,"name":"Home","item":"https:\/\/www.itape.com\/fr\/"},{"@type":"ListItem","position":2,"name":"Products","item":"https:\/\/www.itape.com\/products\/"},{"@type":"ListItem","position":3,"name":"Sheathing Tape"}]},{"@type":"WebSite","@id":"https:\/\/www.itape.com\/#website","url":"https:\/\/www.itape.com\/","name":"IPG","description":"Global Leader in Packaging and Protective Solutions","publisher":{"@id":"https:\/\/www.itape.com\/#organization"},"potentialAction":[{"@type":"SearchAction","target":{"@type":"EntryPoint","urlTemplate":"https:\/\/www.itape.com\/?s={search_term_string}"},"query-input":{"@type":"PropertyValueSpecification","valueRequired":true,"valueName":"search_term_string"}}],"inLanguage":"fr-FR"},{"@type":"Organization","@id":"https:\/\/www.itape.com\/#organization","name":"IPG","url":"https:\/\/www.itape.com\/","logo":{"@type":"ImageObject","inLanguage":"fr-FR","@id":"https:\/\/www.itape.com\/#\/schema\/logo\/image\/","url":"https:\/\/www.itape.com\/wp-content\/uploads\/2024\/06\/IPG-logo-2.png","contentUrl":"https:\/\/www.itape.com\/wp-content\/uploads\/2024\/06\/IPG-logo-2.png","width":60,"height":60,"caption":"IPG"},"image":{"@id":"https:\/\/www.itape.com\/#\/schema\/logo\/image\/"},"sameAs":["https:\/\/www.facebook.com\/intertape","https:\/\/x.com\/IPGtape","https:\/\/www.linkedin.com\/company\/intertape-polymer-group","https:\/\/www.instagram.com\/ipgtape","https:\/\/www.youtube.com\/user\/IPGtape"]}]},"product_price_currency":"USD","og_availability":"instock","product_availability":"instock","product_retailer_item_id":"d7b188f8978a","product_condition":"new"},"parsely":{"version":"1.1.0","canonical_url":"https:\/\/itape.com\/fr\/product\/sheathing-tape-fr-2\/","smart_links":{"inbound":0,"outbound":0},"traffic_boost_suggestions_count":0,"meta":{"@context":"https:\/\/schema.org","@type":"WebPage","headline":"Sheathing Tape","url":"https:\/\/www.itape.com\/fr\/product\/sheathing-tape-fr-2\/","mainEntityOfPage":{"@type":"WebPage","@id":"https:\/\/www.itape.com\/fr\/product\/sheathing-tape-fr-2\/"},"thumbnailUrl":"https:\/\/www.itape.com\/wp-content\/uploads\/2023\/01\/SHEATHING_high.jpg?w=150&h=150&crop=1","image":{"@type":"ImageObject","url":"https:\/\/www.itape.com\/wp-content\/uploads\/2023\/01\/SHEATHING_high.jpg"},"articleSection":"Non classifi\u00e9(e)","author":[{"@type":"Person","name":"IPG"}],"creator":["IPG"],"publisher":{"@type":"Organization","name":"IPG","logo":"https:\/\/www.itape.com\/wp-content\/uploads\/2023\/03\/IPG-logo-2.png"},"keywords":[],"dateCreated":"2023-01-12T14:33:55Z","datePublished":"2023-01-12T14:33:55Z","dateModified":"2024-01-25T15:22:44Z"},"rendered":"<meta name=\"parsely-title\" content=\"Sheathing Tape\" \/>\n<meta name=\"parsely-link\" content=\"https:\/\/www.itape.com\/fr\/product\/sheathing-tape-fr-2\/\" \/>\n<meta name=\"parsely-type\" content=\"index\" \/>\n<meta name=\"parsely-image-url\" content=\"https:\/\/www.itape.com\/wp-content\/uploads\/2023\/01\/SHEATHING_high.jpg?w=150&amp;h=150&amp;crop=1\" \/>\n<meta name=\"parsely-pub-date\" content=\"2023-01-12T14:33:55Z\" \/>\n<meta name=\"parsely-section\" content=\"Non classifi\u00e9(e)\" \/>\n<meta name=\"parsely-author\" content=\"IPG\" \/>","tracker_url":"https:\/\/cdn.parsely.com\/keys\/itape.com\/p.js"},"jetpack_sharing_enabled":true,"_links":{"self":[{"href":"https:\/\/www.itape.com\/fr\/wp-json\/wp\/v2\/product\/47256","targetHints":{"allow":["GET"]}}],"collection":[{"href":"https:\/\/www.itape.com\/fr\/wp-json\/wp\/v2\/product"}],"about":[{"href":"https:\/\/www.itape.com\/fr\/wp-json\/wp\/v2\/types\/product"}],"replies":[{"embeddable":true,"href":"https:\/\/www.itape.com\/fr\/wp-json\/wp\/v2\/comments?post=47256"}],"wp:featuredmedia":[{"embeddable":true,"href":"https:\/\/www.itape.com\/fr\/wp-json\/wp\/v2\/media\/52225"}],"wp:attachment":[{"href":"https:\/\/www.itape.com\/fr\/wp-json\/wp\/v2\/media?parent=47256"}],"wp:term":[{"taxonomy":"product_brand","embeddable":true,"href":"https:\/\/www.itape.com\/fr\/wp-json\/wp\/v2\/product_brand?post=47256"},{"taxonomy":"product_cat","embeddable":true,"href":"https:\/\/www.itape.com\/fr\/wp-json\/wp\/v2\/product_cat?post=47256"},{"taxonomy":"product_tag","embeddable":true,"href":"https:\/\/www.itape.com\/fr\/wp-json\/wp\/v2\/product_tag?post=47256"},{"taxonomy":"associated_application","embeddable":true,"href":"https:\/\/www.itape.com\/fr\/wp-json\/wp\/v2\/associated_application?post=47256"}],"curies":[{"name":"wp","href":"https:\/\/api.w.org\/{rel}","templated":true}]}}