{"id":47258,"date":"2023-01-12T14:33:55","date_gmt":"2023-01-12T14:33:55","guid":{"rendered":"https:\/\/www.itape.com\/product\/reinforced-construction-paper-fr\/"},"modified":"2023-04-27T17:08:17","modified_gmt":"2023-04-27T17:08:17","slug":"reinforced-construction-paper-fr","status":"publish","type":"product","link":"https:\/\/www.itape.com\/fr\/product\/reinforced-construction-paper-fr\/","title":{"rendered":"Reinforced Construction Paper"},"content":{"rendered":"<div class=\"prose\">Bande de protection renforc\u00e9e<\/p>\n<p>Papier kraft naturel renforc\u00e9 de fibre de verre 3 voies Utilis\u00e9 comme protection pour les surfaces\/sols finis pendant la construction ou la remod\u00e9lisation\/r\u00e9paration. Non transparent, ne se tache pas. Anti-d\u00e9rapant et anti-glissement. R\u00e9sistant \u00e0 l&rsquo;eau et \u00e0 l&rsquo;huile. R\u00e9siste \u00e0 une circulation moyenne \u00e0 \u00e9lev\u00e9e.<\/p><\/div>\n","protected":false},"excerpt":{"rendered":"<p>Papier kraft naturel renforc\u00e9 de fibre de verre 3 voies Utilis\u00e9 comme protection pour les surfaces\/sols finis pendant la construction ou la remod\u00e9lisation\/r\u00e9paration. Non transparent, ne se tache pas. Anti-d\u00e9rapant et anti-glissement. R\u00e9sistant \u00e0 l&rsquo;eau et \u00e0 l&rsquo;huile. R\u00e9siste \u00e0 une circulation moyenne \u00e0 \u00e9lev\u00e9e.<\/p>\n","protected":false},"featured_media":63103,"comment_status":"closed","ping_status":"closed","template":"","meta":{"_acf_changed":false},"product_brand":[],"product_cat":[8028],"product_tag":[6268],"associated_application":[6121,5995,6043,5996,6003,6044,6039,5992,6005,6126,6109,6038,6008,6035,6046,6039],"class_list":{"0":"post-47258","1":"product","2":"type-product","3":"status-publish","4":"has-post-thumbnail","6":"product_cat-retail-specialty-construction-hvac-fr","7":"product_tag-building-construction-fr","8":"associated_application-applications-generales-fr","9":"associated_application-batiment-et-construction-fr","10":"associated_application-batiment-et-construction-fr-de-consommation-fr","11":"associated_application-de-consommation-fr","12":"associated_application-demenagement-et-stockage-fr","13":"associated_application-fournitures-scolaires-arts-fr","14":"associated_application-solutions-generales-pour-le-site-de-construction-fr","15":"associated_application-industrie-aerospatiale-fr","16":"associated_application-industrie-maritime-et-des-composites-fr","17":"associated_application-protection-des-surfaces-fr-industrie-maritime-et-des-composites-fr","18":"associated_application-protection-des-surfaces-fr-demenagement-et-stockage-fr-2","19":"associated_application-protection-du-plancher-fr","20":"associated_application-secteur-de-lentreposage-daeronefs-fr","21":"associated_application-securite-sur-le-chantier-de-construction-fr","22":"associated_application-service-courrier-expedition-fr","25":"first","26":"instock","27":"product-type-simple"},"acf":[],"yoast_head":"<!-- This site is optimized with the Yoast SEO Premium plugin v24.1 (Yoast SEO v27.0) - https:\/\/yoast.com\/product\/yoast-seo-premium-wordpress\/ -->\n<title>Reinforced Construction Paper - IPG<\/title>\n<meta name=\"robots\" content=\"index, follow, max-snippet:-1, max-image-preview:large, max-video-preview:-1\" \/>\n<link rel=\"canonical\" href=\"https:\/\/www.itape.com\/fr\/product\/reinforced-construction-paper-fr\/\" \/>\n<meta property=\"og:locale\" content=\"fr_FR\" \/>\n<meta property=\"og:type\" content=\"article\" \/>\n<meta property=\"og:title\" content=\"Reinforced Construction Paper\" \/>\n<meta property=\"og:description\" content=\"Papier kraft naturel renforc\u00e9 de fibre de verre 3 voies Utilis\u00e9 comme protection pour les surfaces\/sols finis pendant la construction ou la remod\u00e9lisation\/r\u00e9paration. Non transparent, ne se tache pas. Anti-d\u00e9rapant et anti-glissement. R\u00e9sistant \u00e0 l&#039;eau et \u00e0 l&#039;huile. R\u00e9siste \u00e0 une circulation moyenne \u00e0 \u00e9lev\u00e9e.\" \/>\n<meta property=\"og:url\" content=\"https:\/\/www.itape.com\/fr\/product\/reinforced-construction-paper-fr\/\" \/>\n<meta property=\"og:site_name\" content=\"IPG\" \/>\n<meta property=\"article:publisher\" content=\"https:\/\/www.facebook.com\/intertape\" \/>\n<meta property=\"article:modified_time\" content=\"2023-04-27T17:08:17+00:00\" \/>\n<meta property=\"og:image\" content=\"https:\/\/www.itape.com\/wp-content\/uploads\/2023\/01\/CONS-PAPER_high.jpg\" \/>\n\t<meta property=\"og:image:width\" content=\"2400\" \/>\n\t<meta property=\"og:image:height\" content=\"2400\" \/>\n\t<meta property=\"og:image:type\" content=\"image\/jpeg\" \/>\n<meta name=\"twitter:card\" content=\"summary_large_image\" \/>\n<meta name=\"twitter:site\" content=\"@IPGtape\" \/>\n<meta name=\"twitter:label1\" content=\"Price\" \/>\n\t<meta name=\"twitter:data1\" content=\"\" \/>\n\t<meta name=\"twitter:label2\" content=\"Availability\" \/>\n\t<meta name=\"twitter:data2\" content=\"In stock\" \/>\n<script type=\"application\/ld+json\" class=\"yoast-schema-graph\">{\"@context\":\"https:\/\/schema.org\",\"@graph\":[{\"@type\":\"WebPage\",\"@id\":\"https:\/\/www.itape.com\/fr\/product\/reinforced-construction-paper-fr\/\",\"url\":\"https:\/\/www.itape.com\/fr\/product\/reinforced-construction-paper-fr\/\",\"name\":\"Reinforced Construction Paper - IPG\",\"isPartOf\":{\"@id\":\"https:\/\/www.itape.com\/#website\"},\"primaryImageOfPage\":{\"@id\":\"https:\/\/www.itape.com\/fr\/product\/reinforced-construction-paper-fr\/#primaryimage\"},\"image\":{\"@id\":\"https:\/\/www.itape.com\/fr\/product\/reinforced-construction-paper-fr\/#primaryimage\"},\"thumbnailUrl\":\"https:\/\/www.itape.com\/wp-content\/uploads\/2023\/01\/Reinforced_Construction_Paper_High.jpg\",\"datePublished\":\"2023-01-12T14:33:55+00:00\",\"dateModified\":\"2023-04-27T17:08:17+00:00\",\"breadcrumb\":{\"@id\":\"https:\/\/www.itape.com\/fr\/product\/reinforced-construction-paper-fr\/#breadcrumb\"},\"inLanguage\":\"fr-FR\",\"potentialAction\":[{\"@type\":\"ReadAction\",\"target\":[\"https:\/\/www.itape.com\/fr\/product\/reinforced-construction-paper-fr\/\"]}]},{\"@type\":\"ImageObject\",\"inLanguage\":\"fr-FR\",\"@id\":\"https:\/\/www.itape.com\/fr\/product\/reinforced-construction-paper-fr\/#primaryimage\",\"url\":\"https:\/\/www.itape.com\/wp-content\/uploads\/2023\/01\/Reinforced_Construction_Paper_High.jpg\",\"contentUrl\":\"https:\/\/www.itape.com\/wp-content\/uploads\/2023\/01\/Reinforced_Construction_Paper_High.jpg\",\"width\":2400,\"height\":2400,\"caption\":\"IPG Reinforced Construction Paper\"},{\"@type\":\"BreadcrumbList\",\"@id\":\"https:\/\/www.itape.com\/fr\/product\/reinforced-construction-paper-fr\/#breadcrumb\",\"itemListElement\":[{\"@type\":\"ListItem\",\"position\":1,\"name\":\"Home\",\"item\":\"https:\/\/www.itape.com\/fr\/\"},{\"@type\":\"ListItem\",\"position\":2,\"name\":\"Products\",\"item\":\"https:\/\/www.itape.com\/products\/\"},{\"@type\":\"ListItem\",\"position\":3,\"name\":\"Reinforced Construction Paper\"}]},{\"@type\":\"WebSite\",\"@id\":\"https:\/\/www.itape.com\/#website\",\"url\":\"https:\/\/www.itape.com\/\",\"name\":\"IPG\",\"description\":\"Global Leader in Packaging and Protective Solutions\",\"publisher\":{\"@id\":\"https:\/\/www.itape.com\/#organization\"},\"potentialAction\":[{\"@type\":\"SearchAction\",\"target\":{\"@type\":\"EntryPoint\",\"urlTemplate\":\"https:\/\/www.itape.com\/?s={search_term_string}\"},\"query-input\":{\"@type\":\"PropertyValueSpecification\",\"valueRequired\":true,\"valueName\":\"search_term_string\"}}],\"inLanguage\":\"fr-FR\"},{\"@type\":\"Organization\",\"@id\":\"https:\/\/www.itape.com\/#organization\",\"name\":\"IPG\",\"url\":\"https:\/\/www.itape.com\/\",\"logo\":{\"@type\":\"ImageObject\",\"inLanguage\":\"fr-FR\",\"@id\":\"https:\/\/www.itape.com\/#\/schema\/logo\/image\/\",\"url\":\"https:\/\/www.itape.com\/wp-content\/uploads\/2024\/06\/IPG-logo-2.png\",\"contentUrl\":\"https:\/\/www.itape.com\/wp-content\/uploads\/2024\/06\/IPG-logo-2.png\",\"width\":60,\"height\":60,\"caption\":\"IPG\"},\"image\":{\"@id\":\"https:\/\/www.itape.com\/#\/schema\/logo\/image\/\"},\"sameAs\":[\"https:\/\/www.facebook.com\/intertape\",\"https:\/\/x.com\/IPGtape\",\"https:\/\/www.linkedin.com\/company\/intertape-polymer-group\",\"https:\/\/www.instagram.com\/ipgtape\",\"https:\/\/www.youtube.com\/user\/IPGtape\"]}]}<\/script>\n<meta property=\"product:price:currency\" content=\"USD\" \/>\n<meta property=\"og:availability\" content=\"instock\" \/>\n<meta property=\"product:availability\" content=\"instock\" \/>\n<meta property=\"product:retailer_item_id\" content=\"34af8abe88d4\" \/>\n<meta property=\"product:condition\" content=\"new\" \/>\n<!-- \/ Yoast SEO Premium plugin. -->","yoast_head_json":{"title":"Reinforced Construction Paper - IPG","robots":{"index":"index","follow":"follow","max-snippet":"max-snippet:-1","max-image-preview":"max-image-preview:large","max-video-preview":"max-video-preview:-1"},"canonical":"https:\/\/www.itape.com\/fr\/product\/reinforced-construction-paper-fr\/","og_locale":"fr_FR","og_type":"article","og_title":"Reinforced Construction Paper","og_description":"Papier kraft naturel renforc\u00e9 de fibre de verre 3 voies Utilis\u00e9 comme protection pour les surfaces\/sols finis pendant la construction ou la remod\u00e9lisation\/r\u00e9paration. Non transparent, ne se tache pas. Anti-d\u00e9rapant et anti-glissement. R\u00e9sistant \u00e0 l'eau et \u00e0 l'huile. R\u00e9siste \u00e0 une circulation moyenne \u00e0 \u00e9lev\u00e9e.","og_url":"https:\/\/www.itape.com\/fr\/product\/reinforced-construction-paper-fr\/","og_site_name":"IPG","article_publisher":"https:\/\/www.facebook.com\/intertape","article_modified_time":"2023-04-27T17:08:17+00:00","og_image":[{"width":2400,"height":2400,"url":"https:\/\/www.itape.com\/wp-content\/uploads\/2023\/01\/CONS-PAPER_high.jpg","type":"image\/jpeg"}],"twitter_card":"summary_large_image","twitter_site":"@IPGtape","twitter_misc":{"Price":"","Availability":"In stock"},"schema":{"@context":"https:\/\/schema.org","@graph":[{"@type":"WebPage","@id":"https:\/\/www.itape.com\/fr\/product\/reinforced-construction-paper-fr\/","url":"https:\/\/www.itape.com\/fr\/product\/reinforced-construction-paper-fr\/","name":"Reinforced Construction Paper - IPG","isPartOf":{"@id":"https:\/\/www.itape.com\/#website"},"primaryImageOfPage":{"@id":"https:\/\/www.itape.com\/fr\/product\/reinforced-construction-paper-fr\/#primaryimage"},"image":{"@id":"https:\/\/www.itape.com\/fr\/product\/reinforced-construction-paper-fr\/#primaryimage"},"thumbnailUrl":"https:\/\/www.itape.com\/wp-content\/uploads\/2023\/01\/Reinforced_Construction_Paper_High.jpg","datePublished":"2023-01-12T14:33:55+00:00","dateModified":"2023-04-27T17:08:17+00:00","breadcrumb":{"@id":"https:\/\/www.itape.com\/fr\/product\/reinforced-construction-paper-fr\/#breadcrumb"},"inLanguage":"fr-FR","potentialAction":[{"@type":"ReadAction","target":["https:\/\/www.itape.com\/fr\/product\/reinforced-construction-paper-fr\/"]}]},{"@type":"ImageObject","inLanguage":"fr-FR","@id":"https:\/\/www.itape.com\/fr\/product\/reinforced-construction-paper-fr\/#primaryimage","url":"https:\/\/www.itape.com\/wp-content\/uploads\/2023\/01\/Reinforced_Construction_Paper_High.jpg","contentUrl":"https:\/\/www.itape.com\/wp-content\/uploads\/2023\/01\/Reinforced_Construction_Paper_High.jpg","width":2400,"height":2400,"caption":"IPG Reinforced Construction Paper"},{"@type":"BreadcrumbList","@id":"https:\/\/www.itape.com\/fr\/product\/reinforced-construction-paper-fr\/#breadcrumb","itemListElement":[{"@type":"ListItem","position":1,"name":"Home","item":"https:\/\/www.itape.com\/fr\/"},{"@type":"ListItem","position":2,"name":"Products","item":"https:\/\/www.itape.com\/products\/"},{"@type":"ListItem","position":3,"name":"Reinforced Construction Paper"}]},{"@type":"WebSite","@id":"https:\/\/www.itape.com\/#website","url":"https:\/\/www.itape.com\/","name":"IPG","description":"Global Leader in Packaging and Protective Solutions","publisher":{"@id":"https:\/\/www.itape.com\/#organization"},"potentialAction":[{"@type":"SearchAction","target":{"@type":"EntryPoint","urlTemplate":"https:\/\/www.itape.com\/?s={search_term_string}"},"query-input":{"@type":"PropertyValueSpecification","valueRequired":true,"valueName":"search_term_string"}}],"inLanguage":"fr-FR"},{"@type":"Organization","@id":"https:\/\/www.itape.com\/#organization","name":"IPG","url":"https:\/\/www.itape.com\/","logo":{"@type":"ImageObject","inLanguage":"fr-FR","@id":"https:\/\/www.itape.com\/#\/schema\/logo\/image\/","url":"https:\/\/www.itape.com\/wp-content\/uploads\/2024\/06\/IPG-logo-2.png","contentUrl":"https:\/\/www.itape.com\/wp-content\/uploads\/2024\/06\/IPG-logo-2.png","width":60,"height":60,"caption":"IPG"},"image":{"@id":"https:\/\/www.itape.com\/#\/schema\/logo\/image\/"},"sameAs":["https:\/\/www.facebook.com\/intertape","https:\/\/x.com\/IPGtape","https:\/\/www.linkedin.com\/company\/intertape-polymer-group","https:\/\/www.instagram.com\/ipgtape","https:\/\/www.youtube.com\/user\/IPGtape"]}]},"product_price_currency":"USD","og_availability":"instock","product_availability":"instock","product_retailer_item_id":"34af8abe88d4","product_condition":"new"},"parsely":{"version":"1.1.0","canonical_url":"https:\/\/itape.com\/fr\/product\/reinforced-construction-paper-fr\/","smart_links":{"inbound":0,"outbound":0},"traffic_boost_suggestions_count":0,"meta":{"@context":"https:\/\/schema.org","@type":"WebPage","headline":"Reinforced Construction Paper","url":"https:\/\/www.itape.com\/fr\/product\/reinforced-construction-paper-fr\/","mainEntityOfPage":{"@type":"WebPage","@id":"https:\/\/www.itape.com\/fr\/product\/reinforced-construction-paper-fr\/"},"thumbnailUrl":"https:\/\/www.itape.com\/wp-content\/uploads\/2023\/01\/Reinforced_Construction_Paper_High.jpg?w=150&h=150&crop=1","image":{"@type":"ImageObject","url":"https:\/\/www.itape.com\/wp-content\/uploads\/2023\/01\/Reinforced_Construction_Paper_High.jpg"},"articleSection":"Non classifi\u00e9(e)","author":[{"@type":"Person","name":"IPG"}],"creator":["IPG"],"publisher":{"@type":"Organization","name":"IPG","logo":"https:\/\/www.itape.com\/wp-content\/uploads\/2023\/03\/IPG-logo-2.png"},"keywords":[],"dateCreated":"2023-01-12T14:33:55Z","datePublished":"2023-01-12T14:33:55Z","dateModified":"2023-04-27T17:08:17Z"},"rendered":"<meta name=\"parsely-title\" content=\"Reinforced Construction Paper\" \/>\n<meta name=\"parsely-link\" content=\"https:\/\/www.itape.com\/fr\/product\/reinforced-construction-paper-fr\/\" \/>\n<meta name=\"parsely-type\" content=\"index\" \/>\n<meta name=\"parsely-image-url\" content=\"https:\/\/www.itape.com\/wp-content\/uploads\/2023\/01\/Reinforced_Construction_Paper_High.jpg?w=150&amp;h=150&amp;crop=1\" \/>\n<meta name=\"parsely-pub-date\" content=\"2023-01-12T14:33:55Z\" \/>\n<meta name=\"parsely-section\" content=\"Non classifi\u00e9(e)\" \/>\n<meta name=\"parsely-author\" content=\"IPG\" \/>","tracker_url":"https:\/\/cdn.parsely.com\/keys\/itape.com\/p.js"},"jetpack_sharing_enabled":true,"_links":{"self":[{"href":"https:\/\/www.itape.com\/fr\/wp-json\/wp\/v2\/product\/47258","targetHints":{"allow":["GET"]}}],"collection":[{"href":"https:\/\/www.itape.com\/fr\/wp-json\/wp\/v2\/product"}],"about":[{"href":"https:\/\/www.itape.com\/fr\/wp-json\/wp\/v2\/types\/product"}],"replies":[{"embeddable":true,"href":"https:\/\/www.itape.com\/fr\/wp-json\/wp\/v2\/comments?post=47258"}],"wp:featuredmedia":[{"embeddable":true,"href":"https:\/\/www.itape.com\/fr\/wp-json\/wp\/v2\/media\/63103"}],"wp:attachment":[{"href":"https:\/\/www.itape.com\/fr\/wp-json\/wp\/v2\/media?parent=47258"}],"wp:term":[{"taxonomy":"product_brand","embeddable":true,"href":"https:\/\/www.itape.com\/fr\/wp-json\/wp\/v2\/product_brand?post=47258"},{"taxonomy":"product_cat","embeddable":true,"href":"https:\/\/www.itape.com\/fr\/wp-json\/wp\/v2\/product_cat?post=47258"},{"taxonomy":"product_tag","embeddable":true,"href":"https:\/\/www.itape.com\/fr\/wp-json\/wp\/v2\/product_tag?post=47258"},{"taxonomy":"associated_application","embeddable":true,"href":"https:\/\/www.itape.com\/fr\/wp-json\/wp\/v2\/associated_application?post=47258"}],"curies":[{"name":"wp","href":"https:\/\/api.w.org\/{rel}","templated":true}]}}