{"id":47261,"date":"2023-01-12T14:34:01","date_gmt":"2023-01-12T14:34:01","guid":{"rendered":"https:\/\/www.itape.com\/product\/iron-grip-duct-tape-fr\/"},"modified":"2023-04-27T17:25:29","modified_gmt":"2023-04-27T17:25:29","slug":"iron-grip-duct-tape-fr","status":"publish","type":"product","link":"https:\/\/www.itape.com\/fr\/product\/iron-grip-duct-tape-fr\/","title":{"rendered":"Iron Grip Duct Tape"},"content":{"rendered":"<div class=\"prose\">Ruban toil\u00e9 imperm\u00e9able Iron Grip\u2122<\/p>\n<p>Le ruban toil\u00e9 imperm\u00e9able Iron Grip\u2122 17\u00a0mils est un ruban tiss\u00e9 enduit de poly\u00e9thyl\u00e8ne (PE) avec une colle en caoutchouc naturel auto-adh\u00e9sive puissante qui adh\u00e8re \u00e0 un grand nombre de surfaces dans une large plage de temp\u00e9ratures. Fournit une distribution ais\u00e9e \u00e0 partir du rouleau pour le rapi\u00e9\u00e7age temporaire des orifices d&rsquo;acc\u00e8s, le bandage des conduits et un grand nombre d&rsquo;applications exigeantes \u00e0 fortes sollicitations n\u00e9cessitant une r\u00e9sistance et une adh\u00e9rence \u00e9lev\u00e9es.<\/p><\/div>\n","protected":false},"excerpt":{"rendered":"<p>Le ruban toil\u00e9 imperm\u00e9able Iron Grip\u2122 17\u00a0mils est un ruban tiss\u00e9 enduit de poly\u00e9thyl\u00e8ne (PE) avec une colle en caoutchouc naturel auto-adh\u00e9sive puissante qui adh\u00e8re \u00e0 un grand nombre de surfaces dans une large plage de temp\u00e9ratures. Fournit une distribution ais\u00e9e \u00e0 partir du rouleau pour le rapi\u00e9\u00e7age temporaire des orifices d&rsquo;acc\u00e8s, le bandage des conduits et un grand nombre d&rsquo;applications exigeantes \u00e0 fortes sollicitations n\u00e9cessitant une r\u00e9sistance et une adh\u00e9rence \u00e9lev\u00e9es.<\/p>\n","protected":false},"featured_media":56760,"comment_status":"closed","ping_status":"closed","template":"","meta":{"_acf_changed":false},"product_brand":[],"product_cat":[7645,8009,6154,8034,7733,7702],"product_tag":[8097,8097],"associated_application":[5999,5995,6043,5996,6003,6040,6044,5992,6004,6005,6047,7546,5994,6001,7544,6007,7545,6029],"class_list":{"0":"post-47261","1":"product","2":"type-product","3":"status-publish","4":"has-post-thumbnail","6":"product_cat-other-fr","7":"product_cat-specialty-products-fr","8":"product_cat-duct-tape-fr","9":"product_cat-retail-specialty-duct-fr","10":"product_cat-industrial-tapes-retail-duct-tape-fr","11":"product_cat-industrial-tapes-fr","12":"product_tag-duct-tape-fr","14":"associated_application-assainissement-et-restauration-fr","15":"associated_application-batiment-et-construction-fr","16":"associated_application-batiment-et-construction-fr-de-consommation-fr","17":"associated_application-de-consommation-fr","18":"associated_application-demenagement-et-stockage-fr","19":"associated_application-etancheite-du-conduit-du-cvc-fr","20":"associated_application-fournitures-scolaires-arts-fr","21":"associated_application-industrie-aerospatiale-fr","22":"associated_application-industrie-du-cvc-fr","23":"associated_application-industrie-maritime-et-des-composites-fr","24":"associated_application-maintenance-reparation-fr","25":"associated_application-duct-fr-assainissement-et-restauration-fr","26":"associated_application-marche-des-pieces-automobiles-fr","27":"associated_application-processus-general-de-fabrication-fr","28":"associated_application-abatement-fr-assainissement-et-restauration-fr","29":"associated_application-secteur-du-transport-fr","30":"associated_application-containment-solutions-fr-assainissement-et-restauration-fr","31":"associated_application-solutions-pour-garage-fr","33":"first","34":"instock","35":"product-type-simple"},"acf":[],"yoast_head":"<!-- This site is optimized with the Yoast SEO Premium plugin v24.1 (Yoast SEO v27.0) - https:\/\/yoast.com\/product\/yoast-seo-premium-wordpress\/ -->\n<title>Iron Grip Duct Tape - IPG<\/title>\n<meta name=\"robots\" content=\"index, follow, max-snippet:-1, max-image-preview:large, max-video-preview:-1\" \/>\n<link rel=\"canonical\" href=\"https:\/\/www.itape.com\/fr\/product\/iron-grip-duct-tape-fr\/\" \/>\n<meta property=\"og:locale\" content=\"fr_FR\" \/>\n<meta property=\"og:type\" content=\"article\" \/>\n<meta property=\"og:title\" content=\"Iron Grip Duct Tape\" \/>\n<meta property=\"og:description\" content=\"Le ruban toil\u00e9 imperm\u00e9able Iron Grip\u2122 17\u00a0mils est un ruban tiss\u00e9 enduit de poly\u00e9thyl\u00e8ne (PE) avec une colle en caoutchouc naturel auto-adh\u00e9sive puissante qui adh\u00e8re \u00e0 un grand nombre de surfaces dans une large plage de temp\u00e9ratures. Fournit une distribution ais\u00e9e \u00e0 partir du rouleau pour le rapi\u00e9\u00e7age temporaire des orifices d&#039;acc\u00e8s, le bandage des conduits et un grand nombre d&#039;applications exigeantes \u00e0 fortes sollicitations n\u00e9cessitant une r\u00e9sistance et une adh\u00e9rence \u00e9lev\u00e9es.\" \/>\n<meta property=\"og:url\" content=\"https:\/\/www.itape.com\/fr\/product\/iron-grip-duct-tape-fr\/\" \/>\n<meta property=\"og:site_name\" content=\"IPG\" \/>\n<meta property=\"article:publisher\" content=\"https:\/\/www.facebook.com\/intertape\" \/>\n<meta property=\"article:modified_time\" content=\"2023-04-27T17:25:29+00:00\" \/>\n<meta name=\"twitter:card\" content=\"summary_large_image\" \/>\n<meta name=\"twitter:image\" content=\"https:\/\/www.itape.com\/wp-content\/uploads\/2023\/01\/IPG-Iron-Grip-35yds.jpg\" \/>\n<meta name=\"twitter:site\" content=\"@IPGtape\" \/>\n<meta name=\"twitter:label1\" content=\"Price\" \/>\n\t<meta name=\"twitter:data1\" content=\"\" \/>\n\t<meta name=\"twitter:label2\" content=\"Availability\" \/>\n\t<meta name=\"twitter:data2\" content=\"In stock\" \/>\n<script type=\"application\/ld+json\" class=\"yoast-schema-graph\">{\"@context\":\"https:\/\/schema.org\",\"@graph\":[{\"@type\":\"WebPage\",\"@id\":\"https:\/\/www.itape.com\/fr\/product\/iron-grip-duct-tape-fr\/\",\"url\":\"https:\/\/www.itape.com\/fr\/product\/iron-grip-duct-tape-fr\/\",\"name\":\"Iron Grip Duct Tape - IPG\",\"isPartOf\":{\"@id\":\"https:\/\/www.itape.com\/#website\"},\"primaryImageOfPage\":{\"@id\":\"https:\/\/www.itape.com\/fr\/product\/iron-grip-duct-tape-fr\/#primaryimage\"},\"image\":{\"@id\":\"https:\/\/www.itape.com\/fr\/product\/iron-grip-duct-tape-fr\/#primaryimage\"},\"thumbnailUrl\":\"https:\/\/www.itape.com\/wp-content\/uploads\/2023\/01\/IPG-Iron-Grip-35yds.jpg\",\"datePublished\":\"2023-01-12T14:34:01+00:00\",\"dateModified\":\"2023-04-27T17:25:29+00:00\",\"breadcrumb\":{\"@id\":\"https:\/\/www.itape.com\/fr\/product\/iron-grip-duct-tape-fr\/#breadcrumb\"},\"inLanguage\":\"fr-FR\",\"potentialAction\":[{\"@type\":\"ReadAction\",\"target\":[\"https:\/\/www.itape.com\/fr\/product\/iron-grip-duct-tape-fr\/\"]}]},{\"@type\":\"ImageObject\",\"inLanguage\":\"fr-FR\",\"@id\":\"https:\/\/www.itape.com\/fr\/product\/iron-grip-duct-tape-fr\/#primaryimage\",\"url\":\"https:\/\/www.itape.com\/wp-content\/uploads\/2023\/01\/IPG-Iron-Grip-35yds.jpg\",\"contentUrl\":\"https:\/\/www.itape.com\/wp-content\/uploads\/2023\/01\/IPG-Iron-Grip-35yds.jpg\",\"width\":2400,\"height\":2400,\"caption\":\"IPG Iron Grip Duct Tape\"},{\"@type\":\"BreadcrumbList\",\"@id\":\"https:\/\/www.itape.com\/fr\/product\/iron-grip-duct-tape-fr\/#breadcrumb\",\"itemListElement\":[{\"@type\":\"ListItem\",\"position\":1,\"name\":\"Home\",\"item\":\"https:\/\/www.itape.com\/fr\/\"},{\"@type\":\"ListItem\",\"position\":2,\"name\":\"Products\",\"item\":\"https:\/\/www.itape.com\/products\/\"},{\"@type\":\"ListItem\",\"position\":3,\"name\":\"Iron Grip Duct Tape\"}]},{\"@type\":\"WebSite\",\"@id\":\"https:\/\/www.itape.com\/#website\",\"url\":\"https:\/\/www.itape.com\/\",\"name\":\"IPG\",\"description\":\"Global Leader in Packaging and Protective Solutions\",\"publisher\":{\"@id\":\"https:\/\/www.itape.com\/#organization\"},\"potentialAction\":[{\"@type\":\"SearchAction\",\"target\":{\"@type\":\"EntryPoint\",\"urlTemplate\":\"https:\/\/www.itape.com\/?s={search_term_string}\"},\"query-input\":{\"@type\":\"PropertyValueSpecification\",\"valueRequired\":true,\"valueName\":\"search_term_string\"}}],\"inLanguage\":\"fr-FR\"},{\"@type\":\"Organization\",\"@id\":\"https:\/\/www.itape.com\/#organization\",\"name\":\"IPG\",\"url\":\"https:\/\/www.itape.com\/\",\"logo\":{\"@type\":\"ImageObject\",\"inLanguage\":\"fr-FR\",\"@id\":\"https:\/\/www.itape.com\/#\/schema\/logo\/image\/\",\"url\":\"https:\/\/www.itape.com\/wp-content\/uploads\/2024\/06\/IPG-logo-2.png\",\"contentUrl\":\"https:\/\/www.itape.com\/wp-content\/uploads\/2024\/06\/IPG-logo-2.png\",\"width\":60,\"height\":60,\"caption\":\"IPG\"},\"image\":{\"@id\":\"https:\/\/www.itape.com\/#\/schema\/logo\/image\/\"},\"sameAs\":[\"https:\/\/www.facebook.com\/intertape\",\"https:\/\/x.com\/IPGtape\",\"https:\/\/www.linkedin.com\/company\/intertape-polymer-group\",\"https:\/\/www.instagram.com\/ipgtape\",\"https:\/\/www.youtube.com\/user\/IPGtape\"]}]}<\/script>\n<meta property=\"product:price:currency\" content=\"USD\" \/>\n<meta property=\"og:availability\" content=\"instock\" \/>\n<meta property=\"product:availability\" content=\"instock\" \/>\n<meta property=\"product:retailer_item_id\" content=\"60ccce90f7ee\" \/>\n<meta property=\"product:condition\" content=\"new\" \/>\n<!-- \/ Yoast SEO Premium plugin. -->","yoast_head_json":{"title":"Iron Grip Duct Tape - IPG","robots":{"index":"index","follow":"follow","max-snippet":"max-snippet:-1","max-image-preview":"max-image-preview:large","max-video-preview":"max-video-preview:-1"},"canonical":"https:\/\/www.itape.com\/fr\/product\/iron-grip-duct-tape-fr\/","og_locale":"fr_FR","og_type":"article","og_title":"Iron Grip Duct Tape","og_description":"Le ruban toil\u00e9 imperm\u00e9able Iron Grip\u2122 17\u00a0mils est un ruban tiss\u00e9 enduit de poly\u00e9thyl\u00e8ne (PE) avec une colle en caoutchouc naturel auto-adh\u00e9sive puissante qui adh\u00e8re \u00e0 un grand nombre de surfaces dans une large plage de temp\u00e9ratures. Fournit une distribution ais\u00e9e \u00e0 partir du rouleau pour le rapi\u00e9\u00e7age temporaire des orifices d'acc\u00e8s, le bandage des conduits et un grand nombre d'applications exigeantes \u00e0 fortes sollicitations n\u00e9cessitant une r\u00e9sistance et une adh\u00e9rence \u00e9lev\u00e9es.","og_url":"https:\/\/www.itape.com\/fr\/product\/iron-grip-duct-tape-fr\/","og_site_name":"IPG","article_publisher":"https:\/\/www.facebook.com\/intertape","article_modified_time":"2023-04-27T17:25:29+00:00","twitter_card":"summary_large_image","twitter_image":"https:\/\/www.itape.com\/wp-content\/uploads\/2023\/01\/IPG-Iron-Grip-35yds.jpg","twitter_site":"@IPGtape","twitter_misc":{"Price":"","Availability":"In stock"},"schema":{"@context":"https:\/\/schema.org","@graph":[{"@type":"WebPage","@id":"https:\/\/www.itape.com\/fr\/product\/iron-grip-duct-tape-fr\/","url":"https:\/\/www.itape.com\/fr\/product\/iron-grip-duct-tape-fr\/","name":"Iron Grip Duct Tape - IPG","isPartOf":{"@id":"https:\/\/www.itape.com\/#website"},"primaryImageOfPage":{"@id":"https:\/\/www.itape.com\/fr\/product\/iron-grip-duct-tape-fr\/#primaryimage"},"image":{"@id":"https:\/\/www.itape.com\/fr\/product\/iron-grip-duct-tape-fr\/#primaryimage"},"thumbnailUrl":"https:\/\/www.itape.com\/wp-content\/uploads\/2023\/01\/IPG-Iron-Grip-35yds.jpg","datePublished":"2023-01-12T14:34:01+00:00","dateModified":"2023-04-27T17:25:29+00:00","breadcrumb":{"@id":"https:\/\/www.itape.com\/fr\/product\/iron-grip-duct-tape-fr\/#breadcrumb"},"inLanguage":"fr-FR","potentialAction":[{"@type":"ReadAction","target":["https:\/\/www.itape.com\/fr\/product\/iron-grip-duct-tape-fr\/"]}]},{"@type":"ImageObject","inLanguage":"fr-FR","@id":"https:\/\/www.itape.com\/fr\/product\/iron-grip-duct-tape-fr\/#primaryimage","url":"https:\/\/www.itape.com\/wp-content\/uploads\/2023\/01\/IPG-Iron-Grip-35yds.jpg","contentUrl":"https:\/\/www.itape.com\/wp-content\/uploads\/2023\/01\/IPG-Iron-Grip-35yds.jpg","width":2400,"height":2400,"caption":"IPG Iron Grip Duct Tape"},{"@type":"BreadcrumbList","@id":"https:\/\/www.itape.com\/fr\/product\/iron-grip-duct-tape-fr\/#breadcrumb","itemListElement":[{"@type":"ListItem","position":1,"name":"Home","item":"https:\/\/www.itape.com\/fr\/"},{"@type":"ListItem","position":2,"name":"Products","item":"https:\/\/www.itape.com\/products\/"},{"@type":"ListItem","position":3,"name":"Iron Grip Duct Tape"}]},{"@type":"WebSite","@id":"https:\/\/www.itape.com\/#website","url":"https:\/\/www.itape.com\/","name":"IPG","description":"Global Leader in Packaging and Protective Solutions","publisher":{"@id":"https:\/\/www.itape.com\/#organization"},"potentialAction":[{"@type":"SearchAction","target":{"@type":"EntryPoint","urlTemplate":"https:\/\/www.itape.com\/?s={search_term_string}"},"query-input":{"@type":"PropertyValueSpecification","valueRequired":true,"valueName":"search_term_string"}}],"inLanguage":"fr-FR"},{"@type":"Organization","@id":"https:\/\/www.itape.com\/#organization","name":"IPG","url":"https:\/\/www.itape.com\/","logo":{"@type":"ImageObject","inLanguage":"fr-FR","@id":"https:\/\/www.itape.com\/#\/schema\/logo\/image\/","url":"https:\/\/www.itape.com\/wp-content\/uploads\/2024\/06\/IPG-logo-2.png","contentUrl":"https:\/\/www.itape.com\/wp-content\/uploads\/2024\/06\/IPG-logo-2.png","width":60,"height":60,"caption":"IPG"},"image":{"@id":"https:\/\/www.itape.com\/#\/schema\/logo\/image\/"},"sameAs":["https:\/\/www.facebook.com\/intertape","https:\/\/x.com\/IPGtape","https:\/\/www.linkedin.com\/company\/intertape-polymer-group","https:\/\/www.instagram.com\/ipgtape","https:\/\/www.youtube.com\/user\/IPGtape"]}]},"product_price_currency":"USD","og_availability":"instock","product_availability":"instock","product_retailer_item_id":"60ccce90f7ee","product_condition":"new"},"parsely":{"version":"1.1.0","canonical_url":"https:\/\/itape.com\/fr\/product\/iron-grip-duct-tape-fr\/","smart_links":{"inbound":0,"outbound":0},"traffic_boost_suggestions_count":0,"meta":{"@context":"https:\/\/schema.org","@type":"WebPage","headline":"Iron Grip Duct Tape","url":"https:\/\/www.itape.com\/fr\/product\/iron-grip-duct-tape-fr\/","mainEntityOfPage":{"@type":"WebPage","@id":"https:\/\/www.itape.com\/fr\/product\/iron-grip-duct-tape-fr\/"},"thumbnailUrl":"https:\/\/www.itape.com\/wp-content\/uploads\/2023\/01\/IPG-Iron-Grip-35yds.jpg?w=150&h=150&crop=1","image":{"@type":"ImageObject","url":"https:\/\/www.itape.com\/wp-content\/uploads\/2023\/01\/IPG-Iron-Grip-35yds.jpg"},"articleSection":"Non classifi\u00e9(e)","author":[{"@type":"Person","name":"IPG"}],"creator":["IPG"],"publisher":{"@type":"Organization","name":"IPG","logo":"https:\/\/www.itape.com\/wp-content\/uploads\/2023\/03\/IPG-logo-2.png"},"keywords":[],"dateCreated":"2023-01-12T14:34:01Z","datePublished":"2023-01-12T14:34:01Z","dateModified":"2023-04-27T17:25:29Z"},"rendered":"<meta name=\"parsely-title\" content=\"Iron Grip Duct Tape\" \/>\n<meta name=\"parsely-link\" content=\"https:\/\/www.itape.com\/fr\/product\/iron-grip-duct-tape-fr\/\" \/>\n<meta name=\"parsely-type\" content=\"index\" \/>\n<meta name=\"parsely-image-url\" content=\"https:\/\/www.itape.com\/wp-content\/uploads\/2023\/01\/IPG-Iron-Grip-35yds.jpg?w=150&amp;h=150&amp;crop=1\" \/>\n<meta name=\"parsely-pub-date\" content=\"2023-01-12T14:34:01Z\" \/>\n<meta name=\"parsely-section\" content=\"Non classifi\u00e9(e)\" \/>\n<meta name=\"parsely-author\" content=\"IPG\" \/>","tracker_url":"https:\/\/cdn.parsely.com\/keys\/itape.com\/p.js"},"jetpack_sharing_enabled":true,"_links":{"self":[{"href":"https:\/\/www.itape.com\/fr\/wp-json\/wp\/v2\/product\/47261","targetHints":{"allow":["GET"]}}],"collection":[{"href":"https:\/\/www.itape.com\/fr\/wp-json\/wp\/v2\/product"}],"about":[{"href":"https:\/\/www.itape.com\/fr\/wp-json\/wp\/v2\/types\/product"}],"replies":[{"embeddable":true,"href":"https:\/\/www.itape.com\/fr\/wp-json\/wp\/v2\/comments?post=47261"}],"wp:featuredmedia":[{"embeddable":true,"href":"https:\/\/www.itape.com\/fr\/wp-json\/wp\/v2\/media\/56760"}],"wp:attachment":[{"href":"https:\/\/www.itape.com\/fr\/wp-json\/wp\/v2\/media?parent=47261"}],"wp:term":[{"taxonomy":"product_brand","embeddable":true,"href":"https:\/\/www.itape.com\/fr\/wp-json\/wp\/v2\/product_brand?post=47261"},{"taxonomy":"product_cat","embeddable":true,"href":"https:\/\/www.itape.com\/fr\/wp-json\/wp\/v2\/product_cat?post=47261"},{"taxonomy":"product_tag","embeddable":true,"href":"https:\/\/www.itape.com\/fr\/wp-json\/wp\/v2\/product_tag?post=47261"},{"taxonomy":"associated_application","embeddable":true,"href":"https:\/\/www.itape.com\/fr\/wp-json\/wp\/v2\/associated_application?post=47261"}],"curies":[{"name":"wp","href":"https:\/\/api.w.org\/{rel}","templated":true}]}}