{"id":47262,"date":"2023-01-12T14:34:01","date_gmt":"2023-01-12T14:34:01","guid":{"rendered":"https:\/\/www.itape.com\/product\/iron-grip-duct-tape-10yd-fr\/"},"modified":"2023-04-27T17:15:09","modified_gmt":"2023-04-27T17:15:09","slug":"iron-grip-duct-tape-10yd-fr","status":"publish","type":"product","link":"https:\/\/www.itape.com\/fr\/product\/iron-grip-duct-tape-10yd-fr\/","title":{"rendered":"Iron Grip Duct Tape 10yd"},"content":{"rendered":"<div class=\"prose\">Fournit une distribution facile \u00e0 partir du rouleau pour le colmatage temporaire des trous d&rsquo;acc\u00e8s aux services publics, le rubanage des conduits et une vari\u00e9t\u00e9 d&rsquo;applications exigeantes \u00e0 haute r\u00e9sistance et adh\u00e9rence.<\/div>\n","protected":false},"excerpt":{"rendered":"<p>Le ruban toil\u00e9 imperm\u00e9able Iron Grip\u2122 17\u00a0mils est un ruban tiss\u00e9 enduit de poly\u00e9thyl\u00e8ne (PE) avec une colle en caoutchouc naturel auto-adh\u00e9sive puissante qui adh\u00e8re \u00e0 un grand nombre de surfaces dans une large plage de temp\u00e9ratures. Fournit une distribution ais\u00e9e \u00e0 partir du rouleau pour le rapi\u00e9\u00e7age temporaire des orifices d&rsquo;acc\u00e8s, le bandage des conduits et un grand nombre d&rsquo;applications exigeantes \u00e0 fortes sollicitations n\u00e9cessitant une r\u00e9sistance et une adh\u00e9rence \u00e9lev\u00e9es.<\/p>\n","protected":false},"featured_media":59664,"comment_status":"closed","ping_status":"closed","template":"","meta":{"_acf_changed":false},"product_brand":[],"product_cat":[8034,7733,7702],"product_tag":[8097,8097],"associated_application":[5999,5995,5996,6003,6040,5992,6004,6005,5994,6001,6007],"class_list":{"0":"post-47262","1":"product","2":"type-product","3":"status-publish","4":"has-post-thumbnail","6":"product_cat-retail-specialty-duct-fr","7":"product_cat-industrial-tapes-retail-duct-tape-fr","8":"product_cat-industrial-tapes-fr","9":"product_tag-duct-tape-fr","11":"associated_application-assainissement-et-restauration-fr","12":"associated_application-batiment-et-construction-fr","13":"associated_application-de-consommation-fr","14":"associated_application-demenagement-et-stockage-fr","15":"associated_application-etancheite-du-conduit-du-cvc-fr","16":"associated_application-industrie-aerospatiale-fr","17":"associated_application-industrie-du-cvc-fr","18":"associated_application-industrie-maritime-et-des-composites-fr","19":"associated_application-marche-des-pieces-automobiles-fr","20":"associated_application-processus-general-de-fabrication-fr","21":"associated_application-secteur-du-transport-fr","23":"first","24":"instock","25":"product-type-simple"},"acf":[],"yoast_head":"<!-- This site is optimized with the Yoast SEO Premium plugin v24.1 (Yoast SEO v27.0) - https:\/\/yoast.com\/product\/yoast-seo-premium-wordpress\/ -->\n<title>Iron Grip Duct Tape 10yd - IPG<\/title>\n<meta name=\"robots\" content=\"index, follow, max-snippet:-1, max-image-preview:large, max-video-preview:-1\" \/>\n<link rel=\"canonical\" href=\"https:\/\/www.itape.com\/fr\/product\/iron-grip-duct-tape-10yd-fr\/\" \/>\n<meta property=\"og:locale\" content=\"fr_FR\" \/>\n<meta property=\"og:type\" content=\"article\" \/>\n<meta property=\"og:title\" content=\"Iron Grip Duct Tape 10yd\" \/>\n<meta property=\"og:description\" content=\"Le ruban toil\u00e9 imperm\u00e9able Iron Grip\u2122 17\u00a0mils est un ruban tiss\u00e9 enduit de poly\u00e9thyl\u00e8ne (PE) avec une colle en caoutchouc naturel auto-adh\u00e9sive puissante qui adh\u00e8re \u00e0 un grand nombre de surfaces dans une large plage de temp\u00e9ratures. Fournit une distribution ais\u00e9e \u00e0 partir du rouleau pour le rapi\u00e9\u00e7age temporaire des orifices d&#039;acc\u00e8s, le bandage des conduits et un grand nombre d&#039;applications exigeantes \u00e0 fortes sollicitations n\u00e9cessitant une r\u00e9sistance et une adh\u00e9rence \u00e9lev\u00e9es.\" \/>\n<meta property=\"og:url\" content=\"https:\/\/www.itape.com\/fr\/product\/iron-grip-duct-tape-10yd-fr\/\" \/>\n<meta property=\"og:site_name\" content=\"IPG\" \/>\n<meta property=\"article:publisher\" content=\"https:\/\/www.facebook.com\/intertape\" \/>\n<meta property=\"article:modified_time\" content=\"2023-04-27T17:15:09+00:00\" \/>\n<meta property=\"og:image\" content=\"https:\/\/www.itape.com\/wp-content\/uploads\/2023\/01\/IronGrip10yd-99584_High.jpg\" \/>\n\t<meta property=\"og:image:width\" content=\"2400\" \/>\n\t<meta property=\"og:image:height\" content=\"2400\" \/>\n\t<meta property=\"og:image:type\" content=\"image\/jpeg\" \/>\n<meta name=\"twitter:card\" content=\"summary_large_image\" \/>\n<meta name=\"twitter:site\" content=\"@IPGtape\" \/>\n<meta name=\"twitter:label1\" content=\"Price\" \/>\n\t<meta name=\"twitter:data1\" content=\"\" \/>\n\t<meta name=\"twitter:label2\" content=\"Availability\" \/>\n\t<meta name=\"twitter:data2\" content=\"In stock\" \/>\n<script type=\"application\/ld+json\" class=\"yoast-schema-graph\">{\"@context\":\"https:\/\/schema.org\",\"@graph\":[{\"@type\":\"WebPage\",\"@id\":\"https:\/\/www.itape.com\/fr\/product\/iron-grip-duct-tape-10yd-fr\/\",\"url\":\"https:\/\/www.itape.com\/fr\/product\/iron-grip-duct-tape-10yd-fr\/\",\"name\":\"Iron Grip Duct Tape 10yd - IPG\",\"isPartOf\":{\"@id\":\"https:\/\/www.itape.com\/#website\"},\"primaryImageOfPage\":{\"@id\":\"https:\/\/www.itape.com\/fr\/product\/iron-grip-duct-tape-10yd-fr\/#primaryimage\"},\"image\":{\"@id\":\"https:\/\/www.itape.com\/fr\/product\/iron-grip-duct-tape-10yd-fr\/#primaryimage\"},\"thumbnailUrl\":\"https:\/\/www.itape.com\/wp-content\/uploads\/2023\/01\/IronGrip10yd-99584_High.jpg\",\"datePublished\":\"2023-01-12T14:34:01+00:00\",\"dateModified\":\"2023-04-27T17:15:09+00:00\",\"breadcrumb\":{\"@id\":\"https:\/\/www.itape.com\/fr\/product\/iron-grip-duct-tape-10yd-fr\/#breadcrumb\"},\"inLanguage\":\"fr-FR\",\"potentialAction\":[{\"@type\":\"ReadAction\",\"target\":[\"https:\/\/www.itape.com\/fr\/product\/iron-grip-duct-tape-10yd-fr\/\"]}]},{\"@type\":\"ImageObject\",\"inLanguage\":\"fr-FR\",\"@id\":\"https:\/\/www.itape.com\/fr\/product\/iron-grip-duct-tape-10yd-fr\/#primaryimage\",\"url\":\"https:\/\/www.itape.com\/wp-content\/uploads\/2023\/01\/IronGrip10yd-99584_High.jpg\",\"contentUrl\":\"https:\/\/www.itape.com\/wp-content\/uploads\/2023\/01\/IronGrip10yd-99584_High.jpg\",\"width\":2400,\"height\":2400,\"caption\":\"AC617_Cloth\/DuctTape\"},{\"@type\":\"BreadcrumbList\",\"@id\":\"https:\/\/www.itape.com\/fr\/product\/iron-grip-duct-tape-10yd-fr\/#breadcrumb\",\"itemListElement\":[{\"@type\":\"ListItem\",\"position\":1,\"name\":\"Home\",\"item\":\"https:\/\/www.itape.com\/fr\/\"},{\"@type\":\"ListItem\",\"position\":2,\"name\":\"Products\",\"item\":\"https:\/\/www.itape.com\/products\/\"},{\"@type\":\"ListItem\",\"position\":3,\"name\":\"Iron Grip Duct Tape 10yd\"}]},{\"@type\":\"WebSite\",\"@id\":\"https:\/\/www.itape.com\/#website\",\"url\":\"https:\/\/www.itape.com\/\",\"name\":\"IPG\",\"description\":\"Global Leader in Packaging and Protective Solutions\",\"publisher\":{\"@id\":\"https:\/\/www.itape.com\/#organization\"},\"potentialAction\":[{\"@type\":\"SearchAction\",\"target\":{\"@type\":\"EntryPoint\",\"urlTemplate\":\"https:\/\/www.itape.com\/?s={search_term_string}\"},\"query-input\":{\"@type\":\"PropertyValueSpecification\",\"valueRequired\":true,\"valueName\":\"search_term_string\"}}],\"inLanguage\":\"fr-FR\"},{\"@type\":\"Organization\",\"@id\":\"https:\/\/www.itape.com\/#organization\",\"name\":\"IPG\",\"url\":\"https:\/\/www.itape.com\/\",\"logo\":{\"@type\":\"ImageObject\",\"inLanguage\":\"fr-FR\",\"@id\":\"https:\/\/www.itape.com\/#\/schema\/logo\/image\/\",\"url\":\"https:\/\/www.itape.com\/wp-content\/uploads\/2024\/06\/IPG-logo-2.png\",\"contentUrl\":\"https:\/\/www.itape.com\/wp-content\/uploads\/2024\/06\/IPG-logo-2.png\",\"width\":60,\"height\":60,\"caption\":\"IPG\"},\"image\":{\"@id\":\"https:\/\/www.itape.com\/#\/schema\/logo\/image\/\"},\"sameAs\":[\"https:\/\/www.facebook.com\/intertape\",\"https:\/\/x.com\/IPGtape\",\"https:\/\/www.linkedin.com\/company\/intertape-polymer-group\",\"https:\/\/www.instagram.com\/ipgtape\",\"https:\/\/www.youtube.com\/user\/IPGtape\"]}]}<\/script>\n<meta property=\"product:price:currency\" content=\"USD\" \/>\n<meta property=\"og:availability\" content=\"instock\" \/>\n<meta property=\"product:availability\" content=\"instock\" \/>\n<meta property=\"product:retailer_item_id\" content=\"a5f2c8f93d0a\" \/>\n<meta property=\"product:condition\" content=\"new\" \/>\n<!-- \/ Yoast SEO Premium plugin. -->","yoast_head_json":{"title":"Iron Grip Duct Tape 10yd - IPG","robots":{"index":"index","follow":"follow","max-snippet":"max-snippet:-1","max-image-preview":"max-image-preview:large","max-video-preview":"max-video-preview:-1"},"canonical":"https:\/\/www.itape.com\/fr\/product\/iron-grip-duct-tape-10yd-fr\/","og_locale":"fr_FR","og_type":"article","og_title":"Iron Grip Duct Tape 10yd","og_description":"Le ruban toil\u00e9 imperm\u00e9able Iron Grip\u2122 17\u00a0mils est un ruban tiss\u00e9 enduit de poly\u00e9thyl\u00e8ne (PE) avec une colle en caoutchouc naturel auto-adh\u00e9sive puissante qui adh\u00e8re \u00e0 un grand nombre de surfaces dans une large plage de temp\u00e9ratures. Fournit une distribution ais\u00e9e \u00e0 partir du rouleau pour le rapi\u00e9\u00e7age temporaire des orifices d'acc\u00e8s, le bandage des conduits et un grand nombre d'applications exigeantes \u00e0 fortes sollicitations n\u00e9cessitant une r\u00e9sistance et une adh\u00e9rence \u00e9lev\u00e9es.","og_url":"https:\/\/www.itape.com\/fr\/product\/iron-grip-duct-tape-10yd-fr\/","og_site_name":"IPG","article_publisher":"https:\/\/www.facebook.com\/intertape","article_modified_time":"2023-04-27T17:15:09+00:00","og_image":[{"width":2400,"height":2400,"url":"https:\/\/www.itape.com\/wp-content\/uploads\/2023\/01\/IronGrip10yd-99584_High.jpg","type":"image\/jpeg"}],"twitter_card":"summary_large_image","twitter_site":"@IPGtape","twitter_misc":{"Price":"","Availability":"In stock"},"schema":{"@context":"https:\/\/schema.org","@graph":[{"@type":"WebPage","@id":"https:\/\/www.itape.com\/fr\/product\/iron-grip-duct-tape-10yd-fr\/","url":"https:\/\/www.itape.com\/fr\/product\/iron-grip-duct-tape-10yd-fr\/","name":"Iron Grip Duct Tape 10yd - IPG","isPartOf":{"@id":"https:\/\/www.itape.com\/#website"},"primaryImageOfPage":{"@id":"https:\/\/www.itape.com\/fr\/product\/iron-grip-duct-tape-10yd-fr\/#primaryimage"},"image":{"@id":"https:\/\/www.itape.com\/fr\/product\/iron-grip-duct-tape-10yd-fr\/#primaryimage"},"thumbnailUrl":"https:\/\/www.itape.com\/wp-content\/uploads\/2023\/01\/IronGrip10yd-99584_High.jpg","datePublished":"2023-01-12T14:34:01+00:00","dateModified":"2023-04-27T17:15:09+00:00","breadcrumb":{"@id":"https:\/\/www.itape.com\/fr\/product\/iron-grip-duct-tape-10yd-fr\/#breadcrumb"},"inLanguage":"fr-FR","potentialAction":[{"@type":"ReadAction","target":["https:\/\/www.itape.com\/fr\/product\/iron-grip-duct-tape-10yd-fr\/"]}]},{"@type":"ImageObject","inLanguage":"fr-FR","@id":"https:\/\/www.itape.com\/fr\/product\/iron-grip-duct-tape-10yd-fr\/#primaryimage","url":"https:\/\/www.itape.com\/wp-content\/uploads\/2023\/01\/IronGrip10yd-99584_High.jpg","contentUrl":"https:\/\/www.itape.com\/wp-content\/uploads\/2023\/01\/IronGrip10yd-99584_High.jpg","width":2400,"height":2400,"caption":"AC617_Cloth\/DuctTape"},{"@type":"BreadcrumbList","@id":"https:\/\/www.itape.com\/fr\/product\/iron-grip-duct-tape-10yd-fr\/#breadcrumb","itemListElement":[{"@type":"ListItem","position":1,"name":"Home","item":"https:\/\/www.itape.com\/fr\/"},{"@type":"ListItem","position":2,"name":"Products","item":"https:\/\/www.itape.com\/products\/"},{"@type":"ListItem","position":3,"name":"Iron Grip Duct Tape 10yd"}]},{"@type":"WebSite","@id":"https:\/\/www.itape.com\/#website","url":"https:\/\/www.itape.com\/","name":"IPG","description":"Global Leader in Packaging and Protective Solutions","publisher":{"@id":"https:\/\/www.itape.com\/#organization"},"potentialAction":[{"@type":"SearchAction","target":{"@type":"EntryPoint","urlTemplate":"https:\/\/www.itape.com\/?s={search_term_string}"},"query-input":{"@type":"PropertyValueSpecification","valueRequired":true,"valueName":"search_term_string"}}],"inLanguage":"fr-FR"},{"@type":"Organization","@id":"https:\/\/www.itape.com\/#organization","name":"IPG","url":"https:\/\/www.itape.com\/","logo":{"@type":"ImageObject","inLanguage":"fr-FR","@id":"https:\/\/www.itape.com\/#\/schema\/logo\/image\/","url":"https:\/\/www.itape.com\/wp-content\/uploads\/2024\/06\/IPG-logo-2.png","contentUrl":"https:\/\/www.itape.com\/wp-content\/uploads\/2024\/06\/IPG-logo-2.png","width":60,"height":60,"caption":"IPG"},"image":{"@id":"https:\/\/www.itape.com\/#\/schema\/logo\/image\/"},"sameAs":["https:\/\/www.facebook.com\/intertape","https:\/\/x.com\/IPGtape","https:\/\/www.linkedin.com\/company\/intertape-polymer-group","https:\/\/www.instagram.com\/ipgtape","https:\/\/www.youtube.com\/user\/IPGtape"]}]},"product_price_currency":"USD","og_availability":"instock","product_availability":"instock","product_retailer_item_id":"a5f2c8f93d0a","product_condition":"new"},"parsely":{"version":"1.1.0","canonical_url":"https:\/\/itape.com\/fr\/product\/iron-grip-duct-tape-10yd-fr\/","smart_links":{"inbound":0,"outbound":0},"traffic_boost_suggestions_count":0,"meta":{"@context":"https:\/\/schema.org","@type":"WebPage","headline":"Iron Grip Duct Tape 10yd","url":"https:\/\/www.itape.com\/fr\/product\/iron-grip-duct-tape-10yd-fr\/","mainEntityOfPage":{"@type":"WebPage","@id":"https:\/\/www.itape.com\/fr\/product\/iron-grip-duct-tape-10yd-fr\/"},"thumbnailUrl":"https:\/\/www.itape.com\/wp-content\/uploads\/2023\/01\/IronGrip10yd-99584_High.jpg?w=150&h=150&crop=1","image":{"@type":"ImageObject","url":"https:\/\/www.itape.com\/wp-content\/uploads\/2023\/01\/IronGrip10yd-99584_High.jpg"},"articleSection":"Non classifi\u00e9(e)","author":[{"@type":"Person","name":"IPG"}],"creator":["IPG"],"publisher":{"@type":"Organization","name":"IPG","logo":"https:\/\/www.itape.com\/wp-content\/uploads\/2023\/03\/IPG-logo-2.png"},"keywords":[],"dateCreated":"2023-01-12T14:34:01Z","datePublished":"2023-01-12T14:34:01Z","dateModified":"2023-04-27T17:15:09Z"},"rendered":"<meta name=\"parsely-title\" content=\"Iron Grip Duct Tape 10yd\" \/>\n<meta name=\"parsely-link\" content=\"https:\/\/www.itape.com\/fr\/product\/iron-grip-duct-tape-10yd-fr\/\" \/>\n<meta name=\"parsely-type\" content=\"index\" \/>\n<meta name=\"parsely-image-url\" content=\"https:\/\/www.itape.com\/wp-content\/uploads\/2023\/01\/IronGrip10yd-99584_High.jpg?w=150&amp;h=150&amp;crop=1\" \/>\n<meta name=\"parsely-pub-date\" content=\"2023-01-12T14:34:01Z\" \/>\n<meta name=\"parsely-section\" content=\"Non classifi\u00e9(e)\" \/>\n<meta name=\"parsely-author\" content=\"IPG\" \/>","tracker_url":"https:\/\/cdn.parsely.com\/keys\/itape.com\/p.js"},"jetpack_sharing_enabled":true,"_links":{"self":[{"href":"https:\/\/www.itape.com\/fr\/wp-json\/wp\/v2\/product\/47262","targetHints":{"allow":["GET"]}}],"collection":[{"href":"https:\/\/www.itape.com\/fr\/wp-json\/wp\/v2\/product"}],"about":[{"href":"https:\/\/www.itape.com\/fr\/wp-json\/wp\/v2\/types\/product"}],"replies":[{"embeddable":true,"href":"https:\/\/www.itape.com\/fr\/wp-json\/wp\/v2\/comments?post=47262"}],"wp:featuredmedia":[{"embeddable":true,"href":"https:\/\/www.itape.com\/fr\/wp-json\/wp\/v2\/media\/59664"}],"wp:attachment":[{"href":"https:\/\/www.itape.com\/fr\/wp-json\/wp\/v2\/media?parent=47262"}],"wp:term":[{"taxonomy":"product_brand","embeddable":true,"href":"https:\/\/www.itape.com\/fr\/wp-json\/wp\/v2\/product_brand?post=47262"},{"taxonomy":"product_cat","embeddable":true,"href":"https:\/\/www.itape.com\/fr\/wp-json\/wp\/v2\/product_cat?post=47262"},{"taxonomy":"product_tag","embeddable":true,"href":"https:\/\/www.itape.com\/fr\/wp-json\/wp\/v2\/product_tag?post=47262"},{"taxonomy":"associated_application","embeddable":true,"href":"https:\/\/www.itape.com\/fr\/wp-json\/wp\/v2\/associated_application?post=47262"}],"curies":[{"name":"wp","href":"https:\/\/api.w.org\/{rel}","templated":true}]}}