{"id":47266,"date":"2023-01-12T14:34:01","date_gmt":"2023-01-12T14:34:01","guid":{"rendered":"https:\/\/www.itape.com\/product\/extreme-weather-ductape-fr\/"},"modified":"2023-04-27T17:30:21","modified_gmt":"2023-04-27T17:30:21","slug":"extreme-weather-ductape-fr","status":"publish","type":"product","link":"https:\/\/www.itape.com\/fr\/product\/extreme-weather-ductape-fr\/","title":{"rendered":"Extreme Weather DUCTape"},"content":{"rendered":"<div class=\"prose\">Extreme Weather DUCTape\u2122<\/p>\n<p>Extreme Weather DUCTape\u2122 est un ruban toil\u00e9 imperm\u00e9able enduit de poly\u00e9thyl\u00e8ne (PE) avec une colle thermodurcissable en caoutchouc auto-adh\u00e9sive forte. Il pr\u00e9sente une bonne r\u00e9sistance aux temp\u00e9ratures \u00e9lev\u00e9es et faibles, une finition r\u00e9sistant \u00e0 l&rsquo;eau\/l&rsquo;eau sal\u00e9e et une bonne r\u00e9sistance \u00e0 l&rsquo;abrasion. Il est possible d&rsquo;\u00e9crire dessus et peut s&rsquo;adapter \u00e0 des formes irr\u00e9guli\u00e8res. Applications\u00a0: \u00e9tanch\u00e9ification de conduits rigides sur du m\u00e9tal ou du plastique, \u00e9tanch\u00e9ification d&rsquo;isolation en polystyr\u00e8ne lisse ou fibreux, \u00e9limination de l&rsquo;amiante\/du plomb\/de la fibre de verre et protection contre les intemp\u00e9ries.<\/p><\/div>\n","protected":false},"excerpt":{"rendered":"<p>Extreme Weather DUCTape\u2122 est un ruban toil\u00e9 imperm\u00e9able enduit de poly\u00e9thyl\u00e8ne (PE) avec une colle thermodurcissable en caoutchouc auto-adh\u00e9sive forte. Il pr\u00e9sente une bonne r\u00e9sistance aux temp\u00e9ratures \u00e9lev\u00e9es et faibles, une finition r\u00e9sistant \u00e0 l&rsquo;eau\/l&rsquo;eau sal\u00e9e et une bonne r\u00e9sistance \u00e0 l&rsquo;abrasion. Il est possible d&rsquo;\u00e9crire dessus et peut s&rsquo;adapter \u00e0 des formes irr\u00e9guli\u00e8res. Applications\u00a0: \u00e9tanch\u00e9ification de conduits rigides sur du m\u00e9tal ou du plastique, \u00e9tanch\u00e9ification d&rsquo;isolation en polystyr\u00e8ne lisse ou fibreux, \u00e9limination de l&rsquo;amiante\/du plomb\/de la fibre de verre et protection contre les intemp\u00e9ries.<\/p>\n","protected":false},"featured_media":56752,"comment_status":"closed","ping_status":"closed","template":"","meta":{"_acf_changed":false},"product_brand":[],"product_cat":[8034,7733,7702],"product_tag":[8097,8097],"associated_application":[5999,5995,5996,6003,6040,5992,6004,6005,5994,6001,6007],"class_list":{"0":"post-47266","1":"product","2":"type-product","3":"status-publish","4":"has-post-thumbnail","6":"product_cat-retail-specialty-duct-fr","7":"product_cat-industrial-tapes-retail-duct-tape-fr","8":"product_cat-industrial-tapes-fr","9":"product_tag-duct-tape-fr","11":"associated_application-assainissement-et-restauration-fr","12":"associated_application-batiment-et-construction-fr","13":"associated_application-de-consommation-fr","14":"associated_application-demenagement-et-stockage-fr","15":"associated_application-etancheite-du-conduit-du-cvc-fr","16":"associated_application-industrie-aerospatiale-fr","17":"associated_application-industrie-du-cvc-fr","18":"associated_application-industrie-maritime-et-des-composites-fr","19":"associated_application-marche-des-pieces-automobiles-fr","20":"associated_application-processus-general-de-fabrication-fr","21":"associated_application-secteur-du-transport-fr","23":"first","24":"instock","25":"product-type-simple"},"acf":[],"yoast_head":"<!-- This site is optimized with the Yoast SEO Premium plugin v24.1 (Yoast SEO v27.0) - https:\/\/yoast.com\/product\/yoast-seo-premium-wordpress\/ -->\n<title>Extreme Weather DUCTape - IPG<\/title>\n<meta name=\"robots\" content=\"index, follow, max-snippet:-1, max-image-preview:large, max-video-preview:-1\" \/>\n<link rel=\"canonical\" href=\"https:\/\/www.itape.com\/fr\/product\/extreme-weather-ductape-fr\/\" \/>\n<meta property=\"og:locale\" content=\"fr_FR\" \/>\n<meta property=\"og:type\" content=\"article\" \/>\n<meta property=\"og:title\" content=\"Extreme Weather DUCTape\" \/>\n<meta property=\"og:description\" content=\"Extreme Weather DUCTape\u2122 est un ruban toil\u00e9 imperm\u00e9able enduit de poly\u00e9thyl\u00e8ne (PE) avec une colle thermodurcissable en caoutchouc auto-adh\u00e9sive forte. Il pr\u00e9sente une bonne r\u00e9sistance aux temp\u00e9ratures \u00e9lev\u00e9es et faibles, une finition r\u00e9sistant \u00e0 l&#039;eau\/l&#039;eau sal\u00e9e et une bonne r\u00e9sistance \u00e0 l&#039;abrasion. Il est possible d&#039;\u00e9crire dessus et peut s&#039;adapter \u00e0 des formes irr\u00e9guli\u00e8res. Applications\u00a0: \u00e9tanch\u00e9ification de conduits rigides sur du m\u00e9tal ou du plastique, \u00e9tanch\u00e9ification d&#039;isolation en polystyr\u00e8ne lisse ou fibreux, \u00e9limination de l&#039;amiante\/du plomb\/de la fibre de verre et protection contre les intemp\u00e9ries.\" \/>\n<meta property=\"og:url\" content=\"https:\/\/www.itape.com\/fr\/product\/extreme-weather-ductape-fr\/\" \/>\n<meta property=\"og:site_name\" content=\"IPG\" \/>\n<meta property=\"article:publisher\" content=\"https:\/\/www.facebook.com\/intertape\" \/>\n<meta property=\"article:modified_time\" content=\"2023-04-27T17:30:21+00:00\" \/>\n<meta property=\"og:image\" content=\"https:\/\/www.itape.com\/wp-content\/uploads\/2023\/01\/IPG_Extreme_Weather_2x35yds.jpg\" \/>\n\t<meta property=\"og:image:width\" content=\"1000\" \/>\n\t<meta property=\"og:image:height\" content=\"1000\" \/>\n\t<meta property=\"og:image:type\" content=\"image\/jpeg\" \/>\n<meta name=\"twitter:card\" content=\"summary_large_image\" \/>\n<meta name=\"twitter:site\" content=\"@IPGtape\" \/>\n<meta name=\"twitter:label1\" content=\"Price\" \/>\n\t<meta name=\"twitter:data1\" content=\"\" \/>\n\t<meta name=\"twitter:label2\" content=\"Availability\" \/>\n\t<meta name=\"twitter:data2\" content=\"In stock\" \/>\n<script type=\"application\/ld+json\" class=\"yoast-schema-graph\">{\"@context\":\"https:\/\/schema.org\",\"@graph\":[{\"@type\":\"WebPage\",\"@id\":\"https:\/\/www.itape.com\/fr\/product\/extreme-weather-ductape-fr\/\",\"url\":\"https:\/\/www.itape.com\/fr\/product\/extreme-weather-ductape-fr\/\",\"name\":\"Extreme Weather DUCTape - IPG\",\"isPartOf\":{\"@id\":\"https:\/\/www.itape.com\/#website\"},\"primaryImageOfPage\":{\"@id\":\"https:\/\/www.itape.com\/fr\/product\/extreme-weather-ductape-fr\/#primaryimage\"},\"image\":{\"@id\":\"https:\/\/www.itape.com\/fr\/product\/extreme-weather-ductape-fr\/#primaryimage\"},\"thumbnailUrl\":\"https:\/\/www.itape.com\/wp-content\/uploads\/2023\/01\/IPG_Extreme_Weather_2x35yds.jpg\",\"datePublished\":\"2023-01-12T14:34:01+00:00\",\"dateModified\":\"2023-04-27T17:30:21+00:00\",\"breadcrumb\":{\"@id\":\"https:\/\/www.itape.com\/fr\/product\/extreme-weather-ductape-fr\/#breadcrumb\"},\"inLanguage\":\"fr-FR\",\"potentialAction\":[{\"@type\":\"ReadAction\",\"target\":[\"https:\/\/www.itape.com\/fr\/product\/extreme-weather-ductape-fr\/\"]}]},{\"@type\":\"ImageObject\",\"inLanguage\":\"fr-FR\",\"@id\":\"https:\/\/www.itape.com\/fr\/product\/extreme-weather-ductape-fr\/#primaryimage\",\"url\":\"https:\/\/www.itape.com\/wp-content\/uploads\/2023\/01\/IPG_Extreme_Weather_2x35yds.jpg\",\"contentUrl\":\"https:\/\/www.itape.com\/wp-content\/uploads\/2023\/01\/IPG_Extreme_Weather_2x35yds.jpg\",\"width\":1000,\"height\":1000,\"caption\":\"IPG Extreme Weather Duct Tape\"},{\"@type\":\"BreadcrumbList\",\"@id\":\"https:\/\/www.itape.com\/fr\/product\/extreme-weather-ductape-fr\/#breadcrumb\",\"itemListElement\":[{\"@type\":\"ListItem\",\"position\":1,\"name\":\"Home\",\"item\":\"https:\/\/www.itape.com\/fr\/\"},{\"@type\":\"ListItem\",\"position\":2,\"name\":\"Products\",\"item\":\"https:\/\/www.itape.com\/products\/\"},{\"@type\":\"ListItem\",\"position\":3,\"name\":\"Extreme Weather DUCTape\"}]},{\"@type\":\"WebSite\",\"@id\":\"https:\/\/www.itape.com\/#website\",\"url\":\"https:\/\/www.itape.com\/\",\"name\":\"IPG\",\"description\":\"Global Leader in Packaging and Protective Solutions\",\"publisher\":{\"@id\":\"https:\/\/www.itape.com\/#organization\"},\"potentialAction\":[{\"@type\":\"SearchAction\",\"target\":{\"@type\":\"EntryPoint\",\"urlTemplate\":\"https:\/\/www.itape.com\/?s={search_term_string}\"},\"query-input\":{\"@type\":\"PropertyValueSpecification\",\"valueRequired\":true,\"valueName\":\"search_term_string\"}}],\"inLanguage\":\"fr-FR\"},{\"@type\":\"Organization\",\"@id\":\"https:\/\/www.itape.com\/#organization\",\"name\":\"IPG\",\"url\":\"https:\/\/www.itape.com\/\",\"logo\":{\"@type\":\"ImageObject\",\"inLanguage\":\"fr-FR\",\"@id\":\"https:\/\/www.itape.com\/#\/schema\/logo\/image\/\",\"url\":\"https:\/\/www.itape.com\/wp-content\/uploads\/2024\/06\/IPG-logo-2.png\",\"contentUrl\":\"https:\/\/www.itape.com\/wp-content\/uploads\/2024\/06\/IPG-logo-2.png\",\"width\":60,\"height\":60,\"caption\":\"IPG\"},\"image\":{\"@id\":\"https:\/\/www.itape.com\/#\/schema\/logo\/image\/\"},\"sameAs\":[\"https:\/\/www.facebook.com\/intertape\",\"https:\/\/x.com\/IPGtape\",\"https:\/\/www.linkedin.com\/company\/intertape-polymer-group\",\"https:\/\/www.instagram.com\/ipgtape\",\"https:\/\/www.youtube.com\/user\/IPGtape\"]}]}<\/script>\n<meta property=\"product:price:currency\" content=\"USD\" \/>\n<meta property=\"og:availability\" content=\"instock\" \/>\n<meta property=\"product:availability\" content=\"instock\" \/>\n<meta property=\"product:retailer_item_id\" content=\"f34bd62b054e\" \/>\n<meta property=\"product:condition\" content=\"new\" \/>\n<!-- \/ Yoast SEO Premium plugin. -->","yoast_head_json":{"title":"Extreme Weather DUCTape - IPG","robots":{"index":"index","follow":"follow","max-snippet":"max-snippet:-1","max-image-preview":"max-image-preview:large","max-video-preview":"max-video-preview:-1"},"canonical":"https:\/\/www.itape.com\/fr\/product\/extreme-weather-ductape-fr\/","og_locale":"fr_FR","og_type":"article","og_title":"Extreme Weather DUCTape","og_description":"Extreme Weather DUCTape\u2122 est un ruban toil\u00e9 imperm\u00e9able enduit de poly\u00e9thyl\u00e8ne (PE) avec une colle thermodurcissable en caoutchouc auto-adh\u00e9sive forte. Il pr\u00e9sente une bonne r\u00e9sistance aux temp\u00e9ratures \u00e9lev\u00e9es et faibles, une finition r\u00e9sistant \u00e0 l'eau\/l'eau sal\u00e9e et une bonne r\u00e9sistance \u00e0 l'abrasion. Il est possible d'\u00e9crire dessus et peut s'adapter \u00e0 des formes irr\u00e9guli\u00e8res. Applications\u00a0: \u00e9tanch\u00e9ification de conduits rigides sur du m\u00e9tal ou du plastique, \u00e9tanch\u00e9ification d'isolation en polystyr\u00e8ne lisse ou fibreux, \u00e9limination de l'amiante\/du plomb\/de la fibre de verre et protection contre les intemp\u00e9ries.","og_url":"https:\/\/www.itape.com\/fr\/product\/extreme-weather-ductape-fr\/","og_site_name":"IPG","article_publisher":"https:\/\/www.facebook.com\/intertape","article_modified_time":"2023-04-27T17:30:21+00:00","og_image":[{"width":1000,"height":1000,"url":"https:\/\/www.itape.com\/wp-content\/uploads\/2023\/01\/IPG_Extreme_Weather_2x35yds.jpg","type":"image\/jpeg"}],"twitter_card":"summary_large_image","twitter_site":"@IPGtape","twitter_misc":{"Price":"","Availability":"In stock"},"schema":{"@context":"https:\/\/schema.org","@graph":[{"@type":"WebPage","@id":"https:\/\/www.itape.com\/fr\/product\/extreme-weather-ductape-fr\/","url":"https:\/\/www.itape.com\/fr\/product\/extreme-weather-ductape-fr\/","name":"Extreme Weather DUCTape - IPG","isPartOf":{"@id":"https:\/\/www.itape.com\/#website"},"primaryImageOfPage":{"@id":"https:\/\/www.itape.com\/fr\/product\/extreme-weather-ductape-fr\/#primaryimage"},"image":{"@id":"https:\/\/www.itape.com\/fr\/product\/extreme-weather-ductape-fr\/#primaryimage"},"thumbnailUrl":"https:\/\/www.itape.com\/wp-content\/uploads\/2023\/01\/IPG_Extreme_Weather_2x35yds.jpg","datePublished":"2023-01-12T14:34:01+00:00","dateModified":"2023-04-27T17:30:21+00:00","breadcrumb":{"@id":"https:\/\/www.itape.com\/fr\/product\/extreme-weather-ductape-fr\/#breadcrumb"},"inLanguage":"fr-FR","potentialAction":[{"@type":"ReadAction","target":["https:\/\/www.itape.com\/fr\/product\/extreme-weather-ductape-fr\/"]}]},{"@type":"ImageObject","inLanguage":"fr-FR","@id":"https:\/\/www.itape.com\/fr\/product\/extreme-weather-ductape-fr\/#primaryimage","url":"https:\/\/www.itape.com\/wp-content\/uploads\/2023\/01\/IPG_Extreme_Weather_2x35yds.jpg","contentUrl":"https:\/\/www.itape.com\/wp-content\/uploads\/2023\/01\/IPG_Extreme_Weather_2x35yds.jpg","width":1000,"height":1000,"caption":"IPG Extreme Weather Duct Tape"},{"@type":"BreadcrumbList","@id":"https:\/\/www.itape.com\/fr\/product\/extreme-weather-ductape-fr\/#breadcrumb","itemListElement":[{"@type":"ListItem","position":1,"name":"Home","item":"https:\/\/www.itape.com\/fr\/"},{"@type":"ListItem","position":2,"name":"Products","item":"https:\/\/www.itape.com\/products\/"},{"@type":"ListItem","position":3,"name":"Extreme Weather DUCTape"}]},{"@type":"WebSite","@id":"https:\/\/www.itape.com\/#website","url":"https:\/\/www.itape.com\/","name":"IPG","description":"Global Leader in Packaging and Protective Solutions","publisher":{"@id":"https:\/\/www.itape.com\/#organization"},"potentialAction":[{"@type":"SearchAction","target":{"@type":"EntryPoint","urlTemplate":"https:\/\/www.itape.com\/?s={search_term_string}"},"query-input":{"@type":"PropertyValueSpecification","valueRequired":true,"valueName":"search_term_string"}}],"inLanguage":"fr-FR"},{"@type":"Organization","@id":"https:\/\/www.itape.com\/#organization","name":"IPG","url":"https:\/\/www.itape.com\/","logo":{"@type":"ImageObject","inLanguage":"fr-FR","@id":"https:\/\/www.itape.com\/#\/schema\/logo\/image\/","url":"https:\/\/www.itape.com\/wp-content\/uploads\/2024\/06\/IPG-logo-2.png","contentUrl":"https:\/\/www.itape.com\/wp-content\/uploads\/2024\/06\/IPG-logo-2.png","width":60,"height":60,"caption":"IPG"},"image":{"@id":"https:\/\/www.itape.com\/#\/schema\/logo\/image\/"},"sameAs":["https:\/\/www.facebook.com\/intertape","https:\/\/x.com\/IPGtape","https:\/\/www.linkedin.com\/company\/intertape-polymer-group","https:\/\/www.instagram.com\/ipgtape","https:\/\/www.youtube.com\/user\/IPGtape"]}]},"product_price_currency":"USD","og_availability":"instock","product_availability":"instock","product_retailer_item_id":"f34bd62b054e","product_condition":"new"},"parsely":{"version":"1.1.0","canonical_url":"https:\/\/itape.com\/fr\/product\/extreme-weather-ductape-fr\/","smart_links":{"inbound":0,"outbound":0},"traffic_boost_suggestions_count":0,"meta":{"@context":"https:\/\/schema.org","@type":"WebPage","headline":"Extreme Weather DUCTape","url":"https:\/\/www.itape.com\/fr\/product\/extreme-weather-ductape-fr\/","mainEntityOfPage":{"@type":"WebPage","@id":"https:\/\/www.itape.com\/fr\/product\/extreme-weather-ductape-fr\/"},"thumbnailUrl":"https:\/\/www.itape.com\/wp-content\/uploads\/2023\/01\/IPG_Extreme_Weather_2x35yds.jpg?w=150&h=150&crop=1","image":{"@type":"ImageObject","url":"https:\/\/www.itape.com\/wp-content\/uploads\/2023\/01\/IPG_Extreme_Weather_2x35yds.jpg"},"articleSection":"Non classifi\u00e9(e)","author":[{"@type":"Person","name":"IPG"}],"creator":["IPG"],"publisher":{"@type":"Organization","name":"IPG","logo":"https:\/\/www.itape.com\/wp-content\/uploads\/2023\/03\/IPG-logo-2.png"},"keywords":[],"dateCreated":"2023-01-12T14:34:01Z","datePublished":"2023-01-12T14:34:01Z","dateModified":"2023-04-27T17:30:21Z"},"rendered":"<meta name=\"parsely-title\" content=\"Extreme Weather DUCTape\" \/>\n<meta name=\"parsely-link\" content=\"https:\/\/www.itape.com\/fr\/product\/extreme-weather-ductape-fr\/\" \/>\n<meta name=\"parsely-type\" content=\"index\" \/>\n<meta name=\"parsely-image-url\" content=\"https:\/\/www.itape.com\/wp-content\/uploads\/2023\/01\/IPG_Extreme_Weather_2x35yds.jpg?w=150&amp;h=150&amp;crop=1\" \/>\n<meta name=\"parsely-pub-date\" content=\"2023-01-12T14:34:01Z\" \/>\n<meta name=\"parsely-section\" content=\"Non classifi\u00e9(e)\" \/>\n<meta name=\"parsely-author\" content=\"IPG\" \/>","tracker_url":"https:\/\/cdn.parsely.com\/keys\/itape.com\/p.js"},"jetpack_sharing_enabled":true,"_links":{"self":[{"href":"https:\/\/www.itape.com\/fr\/wp-json\/wp\/v2\/product\/47266","targetHints":{"allow":["GET"]}}],"collection":[{"href":"https:\/\/www.itape.com\/fr\/wp-json\/wp\/v2\/product"}],"about":[{"href":"https:\/\/www.itape.com\/fr\/wp-json\/wp\/v2\/types\/product"}],"replies":[{"embeddable":true,"href":"https:\/\/www.itape.com\/fr\/wp-json\/wp\/v2\/comments?post=47266"}],"wp:featuredmedia":[{"embeddable":true,"href":"https:\/\/www.itape.com\/fr\/wp-json\/wp\/v2\/media\/56752"}],"wp:attachment":[{"href":"https:\/\/www.itape.com\/fr\/wp-json\/wp\/v2\/media?parent=47266"}],"wp:term":[{"taxonomy":"product_brand","embeddable":true,"href":"https:\/\/www.itape.com\/fr\/wp-json\/wp\/v2\/product_brand?post=47266"},{"taxonomy":"product_cat","embeddable":true,"href":"https:\/\/www.itape.com\/fr\/wp-json\/wp\/v2\/product_cat?post=47266"},{"taxonomy":"product_tag","embeddable":true,"href":"https:\/\/www.itape.com\/fr\/wp-json\/wp\/v2\/product_tag?post=47266"},{"taxonomy":"associated_application","embeddable":true,"href":"https:\/\/www.itape.com\/fr\/wp-json\/wp\/v2\/associated_application?post=47266"}],"curies":[{"name":"wp","href":"https:\/\/api.w.org\/{rel}","templated":true}]}}