{"id":47270,"date":"2023-01-12T14:34:01","date_gmt":"2023-01-12T14:34:01","guid":{"rendered":"https:\/\/www.itape.com\/product\/iron-grip-premium-packing-tape-fr\/"},"modified":"2023-04-27T17:39:04","modified_gmt":"2023-04-27T17:39:04","slug":"iron-grip-premium-packing-tape-fr","status":"publish","type":"product","link":"https:\/\/www.itape.com\/fr\/product\/iron-grip-premium-packing-tape-fr\/","title":{"rendered":"Iron Grip Premium Packing Tape"},"content":{"rendered":"<div class=\"prose\">Ruban adh\u00e9sif d&#8217;emballage de premi\u00e8re qualit\u00e9 Iron Grip\u00ae<\/p>\n<p>Le ruban adh\u00e9sif d&#8217;emballage thermofusible de haute qualit\u00e9 3,0\u00a0mil Iron Grip\u00ae Premium a \u00e9t\u00e9 con\u00e7u sp\u00e9cialement pour une fermeture optimale du carton ondul\u00e9 \u00e0 fort taux de recyclage, y compris les cartons recycl\u00e9s \u00e0 100\u00a0%. La formulation de sa colle scelle \u00e9galement les bo\u00eetes dans une plage large de temp\u00e9ratures et d&rsquo;humidit\u00e9.<\/p><\/div>\n","protected":false},"excerpt":{"rendered":"<p>Le ruban adh\u00e9sif d&#8217;emballage thermofusible de haute qualit\u00e9 3,0\u00a0mil Iron Grip\u00ae Premium a \u00e9t\u00e9 con\u00e7u sp\u00e9cialement pour une fermeture optimale du carton ondul\u00e9 \u00e0 fort taux de recyclage, y compris les cartons recycl\u00e9s \u00e0 100\u00a0%. La formulation de sa colle scelle \u00e9galement les bo\u00eetes dans une plage large de temp\u00e9ratures et d&rsquo;humidit\u00e9.<\/p>\n","protected":false},"featured_media":63033,"comment_status":"closed","ping_status":"closed","template":"","meta":{"_acf_changed":false},"product_brand":[],"product_cat":[8037],"product_tag":[6271],"associated_application":[5997,5996,7687,6048,6050],"class_list":{"0":"post-47270","1":"product","2":"type-product","3":"status-publish","4":"has-post-thumbnail","6":"product_cat-retail-specialty-packaging-fr","7":"product_tag-packaging-fr","8":"associated_application-commerce-en-ligne-fr","9":"associated_application-de-consommation-fr","10":"associated_application-rubans-demballage","11":"associated_application-scellage-des-emballages-fr","12":"associated_application-specialite-fr","14":"first","15":"instock","16":"product-type-simple"},"acf":[],"yoast_head":"<!-- This site is optimized with the Yoast SEO Premium plugin v24.1 (Yoast SEO v27.0) - https:\/\/yoast.com\/product\/yoast-seo-premium-wordpress\/ -->\n<title>Iron Grip Premium Packing Tape - IPG<\/title>\n<meta name=\"robots\" content=\"index, follow, max-snippet:-1, max-image-preview:large, max-video-preview:-1\" \/>\n<link rel=\"canonical\" href=\"https:\/\/www.itape.com\/fr\/product\/iron-grip-premium-packing-tape-fr\/\" \/>\n<meta property=\"og:locale\" content=\"fr_FR\" \/>\n<meta property=\"og:type\" content=\"article\" \/>\n<meta property=\"og:title\" content=\"Iron Grip Premium Packing Tape\" \/>\n<meta property=\"og:description\" content=\"Le ruban adh\u00e9sif d&#039;emballage thermofusible de haute qualit\u00e9 3,0\u00a0mil Iron Grip\u00ae Premium a \u00e9t\u00e9 con\u00e7u sp\u00e9cialement pour une fermeture optimale du carton ondul\u00e9 \u00e0 fort taux de recyclage, y compris les cartons recycl\u00e9s \u00e0 100\u00a0%. La formulation de sa colle scelle \u00e9galement les bo\u00eetes dans une plage large de temp\u00e9ratures et d&#039;humidit\u00e9.\" \/>\n<meta property=\"og:url\" content=\"https:\/\/www.itape.com\/fr\/product\/iron-grip-premium-packing-tape-fr\/\" \/>\n<meta property=\"og:site_name\" content=\"IPG\" \/>\n<meta property=\"article:publisher\" content=\"https:\/\/www.facebook.com\/intertape\" \/>\n<meta property=\"article:modified_time\" content=\"2023-04-27T17:39:04+00:00\" \/>\n<meta property=\"og:image\" content=\"https:\/\/www.itape.com\/wp-content\/uploads\/2023\/01\/IPG_RETAIL_IRON_GRIP_PACKING_TAPE.jpg\" \/>\n\t<meta property=\"og:image:width\" content=\"240\" \/>\n\t<meta property=\"og:image:height\" content=\"240\" \/>\n\t<meta property=\"og:image:type\" content=\"image\/jpeg\" \/>\n<meta name=\"twitter:card\" content=\"summary_large_image\" \/>\n<meta name=\"twitter:site\" content=\"@IPGtape\" \/>\n<meta name=\"twitter:label1\" content=\"Price\" \/>\n\t<meta name=\"twitter:data1\" content=\"\" \/>\n\t<meta name=\"twitter:label2\" content=\"Availability\" \/>\n\t<meta name=\"twitter:data2\" content=\"In stock\" \/>\n<script type=\"application\/ld+json\" class=\"yoast-schema-graph\">{\"@context\":\"https:\/\/schema.org\",\"@graph\":[{\"@type\":\"WebPage\",\"@id\":\"https:\/\/www.itape.com\/fr\/product\/iron-grip-premium-packing-tape-fr\/\",\"url\":\"https:\/\/www.itape.com\/fr\/product\/iron-grip-premium-packing-tape-fr\/\",\"name\":\"Iron Grip Premium Packing Tape - IPG\",\"isPartOf\":{\"@id\":\"https:\/\/www.itape.com\/#website\"},\"primaryImageOfPage\":{\"@id\":\"https:\/\/www.itape.com\/fr\/product\/iron-grip-premium-packing-tape-fr\/#primaryimage\"},\"image\":{\"@id\":\"https:\/\/www.itape.com\/fr\/product\/iron-grip-premium-packing-tape-fr\/#primaryimage\"},\"thumbnailUrl\":\"https:\/\/www.itape.com\/wp-content\/uploads\/2023\/01\/Iron-Grip-Premium-Packing-Tape.jpg\",\"datePublished\":\"2023-01-12T14:34:01+00:00\",\"dateModified\":\"2023-04-27T17:39:04+00:00\",\"breadcrumb\":{\"@id\":\"https:\/\/www.itape.com\/fr\/product\/iron-grip-premium-packing-tape-fr\/#breadcrumb\"},\"inLanguage\":\"fr-FR\",\"potentialAction\":[{\"@type\":\"ReadAction\",\"target\":[\"https:\/\/www.itape.com\/fr\/product\/iron-grip-premium-packing-tape-fr\/\"]}]},{\"@type\":\"ImageObject\",\"inLanguage\":\"fr-FR\",\"@id\":\"https:\/\/www.itape.com\/fr\/product\/iron-grip-premium-packing-tape-fr\/#primaryimage\",\"url\":\"https:\/\/www.itape.com\/wp-content\/uploads\/2023\/01\/Iron-Grip-Premium-Packing-Tape.jpg\",\"contentUrl\":\"https:\/\/www.itape.com\/wp-content\/uploads\/2023\/01\/Iron-Grip-Premium-Packing-Tape.jpg\",\"width\":1077,\"height\":1077,\"caption\":\"Iron Grip Premium Packing Tape\"},{\"@type\":\"BreadcrumbList\",\"@id\":\"https:\/\/www.itape.com\/fr\/product\/iron-grip-premium-packing-tape-fr\/#breadcrumb\",\"itemListElement\":[{\"@type\":\"ListItem\",\"position\":1,\"name\":\"Home\",\"item\":\"https:\/\/www.itape.com\/fr\/\"},{\"@type\":\"ListItem\",\"position\":2,\"name\":\"Products\",\"item\":\"https:\/\/www.itape.com\/products\/\"},{\"@type\":\"ListItem\",\"position\":3,\"name\":\"Iron Grip Premium Packing Tape\"}]},{\"@type\":\"WebSite\",\"@id\":\"https:\/\/www.itape.com\/#website\",\"url\":\"https:\/\/www.itape.com\/\",\"name\":\"IPG\",\"description\":\"Global Leader in Packaging and Protective Solutions\",\"publisher\":{\"@id\":\"https:\/\/www.itape.com\/#organization\"},\"potentialAction\":[{\"@type\":\"SearchAction\",\"target\":{\"@type\":\"EntryPoint\",\"urlTemplate\":\"https:\/\/www.itape.com\/?s={search_term_string}\"},\"query-input\":{\"@type\":\"PropertyValueSpecification\",\"valueRequired\":true,\"valueName\":\"search_term_string\"}}],\"inLanguage\":\"fr-FR\"},{\"@type\":\"Organization\",\"@id\":\"https:\/\/www.itape.com\/#organization\",\"name\":\"IPG\",\"url\":\"https:\/\/www.itape.com\/\",\"logo\":{\"@type\":\"ImageObject\",\"inLanguage\":\"fr-FR\",\"@id\":\"https:\/\/www.itape.com\/#\/schema\/logo\/image\/\",\"url\":\"https:\/\/www.itape.com\/wp-content\/uploads\/2024\/06\/IPG-logo-2.png\",\"contentUrl\":\"https:\/\/www.itape.com\/wp-content\/uploads\/2024\/06\/IPG-logo-2.png\",\"width\":60,\"height\":60,\"caption\":\"IPG\"},\"image\":{\"@id\":\"https:\/\/www.itape.com\/#\/schema\/logo\/image\/\"},\"sameAs\":[\"https:\/\/www.facebook.com\/intertape\",\"https:\/\/x.com\/IPGtape\",\"https:\/\/www.linkedin.com\/company\/intertape-polymer-group\",\"https:\/\/www.instagram.com\/ipgtape\",\"https:\/\/www.youtube.com\/user\/IPGtape\"]}]}<\/script>\n<meta property=\"product:price:currency\" content=\"USD\" \/>\n<meta property=\"og:availability\" content=\"instock\" \/>\n<meta property=\"product:availability\" content=\"instock\" \/>\n<meta property=\"product:retailer_item_id\" content=\"e89b8cedf0f5\" \/>\n<meta property=\"product:condition\" content=\"new\" \/>\n<!-- \/ Yoast SEO Premium plugin. -->","yoast_head_json":{"title":"Iron Grip Premium Packing Tape - IPG","robots":{"index":"index","follow":"follow","max-snippet":"max-snippet:-1","max-image-preview":"max-image-preview:large","max-video-preview":"max-video-preview:-1"},"canonical":"https:\/\/www.itape.com\/fr\/product\/iron-grip-premium-packing-tape-fr\/","og_locale":"fr_FR","og_type":"article","og_title":"Iron Grip Premium Packing Tape","og_description":"Le ruban adh\u00e9sif d'emballage thermofusible de haute qualit\u00e9 3,0\u00a0mil Iron Grip\u00ae Premium a \u00e9t\u00e9 con\u00e7u sp\u00e9cialement pour une fermeture optimale du carton ondul\u00e9 \u00e0 fort taux de recyclage, y compris les cartons recycl\u00e9s \u00e0 100\u00a0%. La formulation de sa colle scelle \u00e9galement les bo\u00eetes dans une plage large de temp\u00e9ratures et d'humidit\u00e9.","og_url":"https:\/\/www.itape.com\/fr\/product\/iron-grip-premium-packing-tape-fr\/","og_site_name":"IPG","article_publisher":"https:\/\/www.facebook.com\/intertape","article_modified_time":"2023-04-27T17:39:04+00:00","og_image":[{"width":240,"height":240,"url":"https:\/\/www.itape.com\/wp-content\/uploads\/2023\/01\/IPG_RETAIL_IRON_GRIP_PACKING_TAPE.jpg","type":"image\/jpeg"}],"twitter_card":"summary_large_image","twitter_site":"@IPGtape","twitter_misc":{"Price":"","Availability":"In stock"},"schema":{"@context":"https:\/\/schema.org","@graph":[{"@type":"WebPage","@id":"https:\/\/www.itape.com\/fr\/product\/iron-grip-premium-packing-tape-fr\/","url":"https:\/\/www.itape.com\/fr\/product\/iron-grip-premium-packing-tape-fr\/","name":"Iron Grip Premium Packing Tape - IPG","isPartOf":{"@id":"https:\/\/www.itape.com\/#website"},"primaryImageOfPage":{"@id":"https:\/\/www.itape.com\/fr\/product\/iron-grip-premium-packing-tape-fr\/#primaryimage"},"image":{"@id":"https:\/\/www.itape.com\/fr\/product\/iron-grip-premium-packing-tape-fr\/#primaryimage"},"thumbnailUrl":"https:\/\/www.itape.com\/wp-content\/uploads\/2023\/01\/Iron-Grip-Premium-Packing-Tape.jpg","datePublished":"2023-01-12T14:34:01+00:00","dateModified":"2023-04-27T17:39:04+00:00","breadcrumb":{"@id":"https:\/\/www.itape.com\/fr\/product\/iron-grip-premium-packing-tape-fr\/#breadcrumb"},"inLanguage":"fr-FR","potentialAction":[{"@type":"ReadAction","target":["https:\/\/www.itape.com\/fr\/product\/iron-grip-premium-packing-tape-fr\/"]}]},{"@type":"ImageObject","inLanguage":"fr-FR","@id":"https:\/\/www.itape.com\/fr\/product\/iron-grip-premium-packing-tape-fr\/#primaryimage","url":"https:\/\/www.itape.com\/wp-content\/uploads\/2023\/01\/Iron-Grip-Premium-Packing-Tape.jpg","contentUrl":"https:\/\/www.itape.com\/wp-content\/uploads\/2023\/01\/Iron-Grip-Premium-Packing-Tape.jpg","width":1077,"height":1077,"caption":"Iron Grip Premium Packing Tape"},{"@type":"BreadcrumbList","@id":"https:\/\/www.itape.com\/fr\/product\/iron-grip-premium-packing-tape-fr\/#breadcrumb","itemListElement":[{"@type":"ListItem","position":1,"name":"Home","item":"https:\/\/www.itape.com\/fr\/"},{"@type":"ListItem","position":2,"name":"Products","item":"https:\/\/www.itape.com\/products\/"},{"@type":"ListItem","position":3,"name":"Iron Grip Premium Packing Tape"}]},{"@type":"WebSite","@id":"https:\/\/www.itape.com\/#website","url":"https:\/\/www.itape.com\/","name":"IPG","description":"Global Leader in Packaging and Protective Solutions","publisher":{"@id":"https:\/\/www.itape.com\/#organization"},"potentialAction":[{"@type":"SearchAction","target":{"@type":"EntryPoint","urlTemplate":"https:\/\/www.itape.com\/?s={search_term_string}"},"query-input":{"@type":"PropertyValueSpecification","valueRequired":true,"valueName":"search_term_string"}}],"inLanguage":"fr-FR"},{"@type":"Organization","@id":"https:\/\/www.itape.com\/#organization","name":"IPG","url":"https:\/\/www.itape.com\/","logo":{"@type":"ImageObject","inLanguage":"fr-FR","@id":"https:\/\/www.itape.com\/#\/schema\/logo\/image\/","url":"https:\/\/www.itape.com\/wp-content\/uploads\/2024\/06\/IPG-logo-2.png","contentUrl":"https:\/\/www.itape.com\/wp-content\/uploads\/2024\/06\/IPG-logo-2.png","width":60,"height":60,"caption":"IPG"},"image":{"@id":"https:\/\/www.itape.com\/#\/schema\/logo\/image\/"},"sameAs":["https:\/\/www.facebook.com\/intertape","https:\/\/x.com\/IPGtape","https:\/\/www.linkedin.com\/company\/intertape-polymer-group","https:\/\/www.instagram.com\/ipgtape","https:\/\/www.youtube.com\/user\/IPGtape"]}]},"product_price_currency":"USD","og_availability":"instock","product_availability":"instock","product_retailer_item_id":"e89b8cedf0f5","product_condition":"new"},"parsely":{"version":"1.1.0","canonical_url":"https:\/\/itape.com\/fr\/product\/iron-grip-premium-packing-tape-fr\/","smart_links":{"inbound":0,"outbound":0},"traffic_boost_suggestions_count":0,"meta":{"@context":"https:\/\/schema.org","@type":"WebPage","headline":"Iron Grip Premium Packing Tape","url":"https:\/\/www.itape.com\/fr\/product\/iron-grip-premium-packing-tape-fr\/","mainEntityOfPage":{"@type":"WebPage","@id":"https:\/\/www.itape.com\/fr\/product\/iron-grip-premium-packing-tape-fr\/"},"thumbnailUrl":"https:\/\/www.itape.com\/wp-content\/uploads\/2023\/01\/Iron-Grip-Premium-Packing-Tape.jpg?w=150&h=150&crop=1","image":{"@type":"ImageObject","url":"https:\/\/www.itape.com\/wp-content\/uploads\/2023\/01\/Iron-Grip-Premium-Packing-Tape.jpg"},"articleSection":"Non classifi\u00e9(e)","author":[{"@type":"Person","name":"IPG"}],"creator":["IPG"],"publisher":{"@type":"Organization","name":"IPG","logo":"https:\/\/www.itape.com\/wp-content\/uploads\/2023\/03\/IPG-logo-2.png"},"keywords":[],"dateCreated":"2023-01-12T14:34:01Z","datePublished":"2023-01-12T14:34:01Z","dateModified":"2023-04-27T17:39:04Z"},"rendered":"<meta name=\"parsely-title\" content=\"Iron Grip Premium Packing Tape\" \/>\n<meta name=\"parsely-link\" content=\"https:\/\/www.itape.com\/fr\/product\/iron-grip-premium-packing-tape-fr\/\" \/>\n<meta name=\"parsely-type\" content=\"index\" \/>\n<meta name=\"parsely-image-url\" content=\"https:\/\/www.itape.com\/wp-content\/uploads\/2023\/01\/Iron-Grip-Premium-Packing-Tape.jpg?w=150&amp;h=150&amp;crop=1\" \/>\n<meta name=\"parsely-pub-date\" content=\"2023-01-12T14:34:01Z\" \/>\n<meta name=\"parsely-section\" content=\"Non classifi\u00e9(e)\" \/>\n<meta name=\"parsely-author\" content=\"IPG\" \/>","tracker_url":"https:\/\/cdn.parsely.com\/keys\/itape.com\/p.js"},"jetpack_sharing_enabled":true,"_links":{"self":[{"href":"https:\/\/www.itape.com\/fr\/wp-json\/wp\/v2\/product\/47270","targetHints":{"allow":["GET"]}}],"collection":[{"href":"https:\/\/www.itape.com\/fr\/wp-json\/wp\/v2\/product"}],"about":[{"href":"https:\/\/www.itape.com\/fr\/wp-json\/wp\/v2\/types\/product"}],"replies":[{"embeddable":true,"href":"https:\/\/www.itape.com\/fr\/wp-json\/wp\/v2\/comments?post=47270"}],"wp:featuredmedia":[{"embeddable":true,"href":"https:\/\/www.itape.com\/fr\/wp-json\/wp\/v2\/media\/63033"}],"wp:attachment":[{"href":"https:\/\/www.itape.com\/fr\/wp-json\/wp\/v2\/media?parent=47270"}],"wp:term":[{"taxonomy":"product_brand","embeddable":true,"href":"https:\/\/www.itape.com\/fr\/wp-json\/wp\/v2\/product_brand?post=47270"},{"taxonomy":"product_cat","embeddable":true,"href":"https:\/\/www.itape.com\/fr\/wp-json\/wp\/v2\/product_cat?post=47270"},{"taxonomy":"product_tag","embeddable":true,"href":"https:\/\/www.itape.com\/fr\/wp-json\/wp\/v2\/product_tag?post=47270"},{"taxonomy":"associated_application","embeddable":true,"href":"https:\/\/www.itape.com\/fr\/wp-json\/wp\/v2\/associated_application?post=47270"}],"curies":[{"name":"wp","href":"https:\/\/api.w.org\/{rel}","templated":true}]}}