{"id":47273,"date":"2023-01-12T14:34:07","date_gmt":"2023-01-12T14:34:07","guid":{"rendered":"https:\/\/www.itape.com\/product\/moving-tape-fr\/"},"modified":"2023-04-27T17:43:13","modified_gmt":"2023-04-27T17:43:13","slug":"moving-tape-fr","status":"publish","type":"product","link":"https:\/\/www.itape.com\/fr\/product\/moving-tape-fr\/","title":{"rendered":"Moving Tape"},"content":{"rendered":"<div class=\"prose\">Ruban de d\u00e9placement<\/p>\n<p>Film BOPP d&rsquo;usage g\u00e9n\u00e9ral 1,6\u00a0mil avec colle thermofusible. Pour les bo\u00eetes l\u00e9g\u00e8res, jusqu&rsquo;\u00e0 11\u00a0kg. Adh\u00e9sion optimale, force de maintien, r\u00e9sistance \u00e0 la traction et d\u00e9roulage facile. Parfait pour le scellement de bo\u00eetes \u00e0 usage g\u00e9n\u00e9ral, la r\u00e9paration d&#8217;emballage et la fixation. Scellements fiables sur un grand nombre de bo\u00eetes en carton ondul\u00e9 et doublure. Temp\u00e9rature d&rsquo;application id\u00e9ale 4,4\u00a0\u00b0C \u00e0 49\u00a0\u00b0C.<\/p><\/div>\n","protected":false},"excerpt":{"rendered":"<p>Film BOPP d&rsquo;usage g\u00e9n\u00e9ral 1,6\u00a0mil avec colle thermofusible. Pour les bo\u00eetes l\u00e9g\u00e8res, jusqu&rsquo;\u00e0 11\u00a0kg. Adh\u00e9sion optimale, force de maintien, r\u00e9sistance \u00e0 la traction et d\u00e9roulage facile. Parfait pour le scellement de bo\u00eetes \u00e0 usage g\u00e9n\u00e9ral, la r\u00e9paration d&#8217;emballage et la fixation. Scellements fiables sur un grand nombre de bo\u00eetes en carton ondul\u00e9 et doublure. Temp\u00e9rature d&rsquo;application id\u00e9ale 4,4\u00a0\u00b0C \u00e0 49\u00a0\u00b0C.<\/p>\n","protected":false},"featured_media":62192,"comment_status":"closed","ping_status":"closed","template":"","meta":{"_acf_changed":false},"product_brand":[],"product_cat":[8037],"product_tag":[6271],"associated_application":[5996,6048,6046],"class_list":{"0":"post-47273","1":"product","2":"type-product","3":"status-publish","4":"has-post-thumbnail","6":"product_cat-retail-specialty-packaging-fr","7":"product_tag-packaging-fr","8":"associated_application-de-consommation-fr","9":"associated_application-scellage-des-emballages-fr","10":"associated_application-service-courrier-expedition-fr","12":"first","13":"instock","14":"product-type-simple"},"acf":[],"yoast_head":"<!-- This site is optimized with the Yoast SEO Premium plugin v24.1 (Yoast SEO v27.0) - https:\/\/yoast.com\/product\/yoast-seo-premium-wordpress\/ -->\n<title>Moving Tape - IPG<\/title>\n<meta name=\"robots\" content=\"index, follow, max-snippet:-1, max-image-preview:large, max-video-preview:-1\" \/>\n<link rel=\"canonical\" href=\"https:\/\/www.itape.com\/fr\/product\/moving-tape-fr\/\" \/>\n<meta property=\"og:locale\" content=\"fr_FR\" \/>\n<meta property=\"og:type\" content=\"article\" \/>\n<meta property=\"og:title\" content=\"Moving Tape\" \/>\n<meta property=\"og:description\" content=\"Film BOPP d&#039;usage g\u00e9n\u00e9ral 1,6\u00a0mil avec colle thermofusible. Pour les bo\u00eetes l\u00e9g\u00e8res, jusqu&#039;\u00e0 11\u00a0kg. Adh\u00e9sion optimale, force de maintien, r\u00e9sistance \u00e0 la traction et d\u00e9roulage facile. Parfait pour le scellement de bo\u00eetes \u00e0 usage g\u00e9n\u00e9ral, la r\u00e9paration d&#039;emballage et la fixation. Scellements fiables sur un grand nombre de bo\u00eetes en carton ondul\u00e9 et doublure. Temp\u00e9rature d&#039;application id\u00e9ale 4,4\u00a0\u00b0C \u00e0 49\u00a0\u00b0C.\" \/>\n<meta property=\"og:url\" content=\"https:\/\/www.itape.com\/fr\/product\/moving-tape-fr\/\" \/>\n<meta property=\"og:site_name\" content=\"IPG\" \/>\n<meta property=\"article:publisher\" content=\"https:\/\/www.facebook.com\/intertape\" \/>\n<meta property=\"article:modified_time\" content=\"2023-04-27T17:43:13+00:00\" \/>\n<meta property=\"og:image\" content=\"https:\/\/www.itape.com\/wp-content\/uploads\/2023\/01\/Moving-Tape-Retail.jpg\" \/>\n\t<meta property=\"og:image:width\" content=\"2400\" \/>\n\t<meta property=\"og:image:height\" content=\"2400\" \/>\n\t<meta property=\"og:image:type\" content=\"image\/jpeg\" \/>\n<meta name=\"twitter:card\" content=\"summary_large_image\" \/>\n<meta name=\"twitter:site\" content=\"@IPGtape\" \/>\n<meta name=\"twitter:label1\" content=\"Price\" \/>\n\t<meta name=\"twitter:data1\" content=\"\" \/>\n\t<meta name=\"twitter:label2\" content=\"Availability\" \/>\n\t<meta name=\"twitter:data2\" content=\"In stock\" \/>\n<script type=\"application\/ld+json\" class=\"yoast-schema-graph\">{\"@context\":\"https:\/\/schema.org\",\"@graph\":[{\"@type\":\"WebPage\",\"@id\":\"https:\/\/www.itape.com\/fr\/product\/moving-tape-fr\/\",\"url\":\"https:\/\/www.itape.com\/fr\/product\/moving-tape-fr\/\",\"name\":\"Moving Tape - IPG\",\"isPartOf\":{\"@id\":\"https:\/\/www.itape.com\/#website\"},\"primaryImageOfPage\":{\"@id\":\"https:\/\/www.itape.com\/fr\/product\/moving-tape-fr\/#primaryimage\"},\"image\":{\"@id\":\"https:\/\/www.itape.com\/fr\/product\/moving-tape-fr\/#primaryimage\"},\"thumbnailUrl\":\"https:\/\/www.itape.com\/wp-content\/uploads\/2023\/01\/Moving-Tape-Retail.jpg\",\"datePublished\":\"2023-01-12T14:34:07+00:00\",\"dateModified\":\"2023-04-27T17:43:13+00:00\",\"breadcrumb\":{\"@id\":\"https:\/\/www.itape.com\/fr\/product\/moving-tape-fr\/#breadcrumb\"},\"inLanguage\":\"fr-FR\",\"potentialAction\":[{\"@type\":\"ReadAction\",\"target\":[\"https:\/\/www.itape.com\/fr\/product\/moving-tape-fr\/\"]}]},{\"@type\":\"ImageObject\",\"inLanguage\":\"fr-FR\",\"@id\":\"https:\/\/www.itape.com\/fr\/product\/moving-tape-fr\/#primaryimage\",\"url\":\"https:\/\/www.itape.com\/wp-content\/uploads\/2023\/01\/Moving-Tape-Retail.jpg\",\"contentUrl\":\"https:\/\/www.itape.com\/wp-content\/uploads\/2023\/01\/Moving-Tape-Retail.jpg\",\"width\":2400,\"height\":2400,\"caption\":\"Moving Tape - Retail\"},{\"@type\":\"BreadcrumbList\",\"@id\":\"https:\/\/www.itape.com\/fr\/product\/moving-tape-fr\/#breadcrumb\",\"itemListElement\":[{\"@type\":\"ListItem\",\"position\":1,\"name\":\"Home\",\"item\":\"https:\/\/www.itape.com\/fr\/\"},{\"@type\":\"ListItem\",\"position\":2,\"name\":\"Products\",\"item\":\"https:\/\/www.itape.com\/products\/\"},{\"@type\":\"ListItem\",\"position\":3,\"name\":\"Moving Tape\"}]},{\"@type\":\"WebSite\",\"@id\":\"https:\/\/www.itape.com\/#website\",\"url\":\"https:\/\/www.itape.com\/\",\"name\":\"IPG\",\"description\":\"Global Leader in Packaging and Protective Solutions\",\"publisher\":{\"@id\":\"https:\/\/www.itape.com\/#organization\"},\"potentialAction\":[{\"@type\":\"SearchAction\",\"target\":{\"@type\":\"EntryPoint\",\"urlTemplate\":\"https:\/\/www.itape.com\/?s={search_term_string}\"},\"query-input\":{\"@type\":\"PropertyValueSpecification\",\"valueRequired\":true,\"valueName\":\"search_term_string\"}}],\"inLanguage\":\"fr-FR\"},{\"@type\":\"Organization\",\"@id\":\"https:\/\/www.itape.com\/#organization\",\"name\":\"IPG\",\"url\":\"https:\/\/www.itape.com\/\",\"logo\":{\"@type\":\"ImageObject\",\"inLanguage\":\"fr-FR\",\"@id\":\"https:\/\/www.itape.com\/#\/schema\/logo\/image\/\",\"url\":\"https:\/\/www.itape.com\/wp-content\/uploads\/2024\/06\/IPG-logo-2.png\",\"contentUrl\":\"https:\/\/www.itape.com\/wp-content\/uploads\/2024\/06\/IPG-logo-2.png\",\"width\":60,\"height\":60,\"caption\":\"IPG\"},\"image\":{\"@id\":\"https:\/\/www.itape.com\/#\/schema\/logo\/image\/\"},\"sameAs\":[\"https:\/\/www.facebook.com\/intertape\",\"https:\/\/x.com\/IPGtape\",\"https:\/\/www.linkedin.com\/company\/intertape-polymer-group\",\"https:\/\/www.instagram.com\/ipgtape\",\"https:\/\/www.youtube.com\/user\/IPGtape\"]}]}<\/script>\n<meta property=\"product:price:currency\" content=\"USD\" \/>\n<meta property=\"og:availability\" content=\"instock\" \/>\n<meta property=\"product:availability\" content=\"instock\" \/>\n<meta property=\"product:retailer_item_id\" content=\"b4b6823e2337\" \/>\n<meta property=\"product:condition\" content=\"new\" \/>\n<!-- \/ Yoast SEO Premium plugin. -->","yoast_head_json":{"title":"Moving Tape - IPG","robots":{"index":"index","follow":"follow","max-snippet":"max-snippet:-1","max-image-preview":"max-image-preview:large","max-video-preview":"max-video-preview:-1"},"canonical":"https:\/\/www.itape.com\/fr\/product\/moving-tape-fr\/","og_locale":"fr_FR","og_type":"article","og_title":"Moving Tape","og_description":"Film BOPP d'usage g\u00e9n\u00e9ral 1,6\u00a0mil avec colle thermofusible. Pour les bo\u00eetes l\u00e9g\u00e8res, jusqu'\u00e0 11\u00a0kg. Adh\u00e9sion optimale, force de maintien, r\u00e9sistance \u00e0 la traction et d\u00e9roulage facile. Parfait pour le scellement de bo\u00eetes \u00e0 usage g\u00e9n\u00e9ral, la r\u00e9paration d'emballage et la fixation. Scellements fiables sur un grand nombre de bo\u00eetes en carton ondul\u00e9 et doublure. Temp\u00e9rature d'application id\u00e9ale 4,4\u00a0\u00b0C \u00e0 49\u00a0\u00b0C.","og_url":"https:\/\/www.itape.com\/fr\/product\/moving-tape-fr\/","og_site_name":"IPG","article_publisher":"https:\/\/www.facebook.com\/intertape","article_modified_time":"2023-04-27T17:43:13+00:00","og_image":[{"width":2400,"height":2400,"url":"https:\/\/www.itape.com\/wp-content\/uploads\/2023\/01\/Moving-Tape-Retail.jpg","type":"image\/jpeg"}],"twitter_card":"summary_large_image","twitter_site":"@IPGtape","twitter_misc":{"Price":"","Availability":"In stock"},"schema":{"@context":"https:\/\/schema.org","@graph":[{"@type":"WebPage","@id":"https:\/\/www.itape.com\/fr\/product\/moving-tape-fr\/","url":"https:\/\/www.itape.com\/fr\/product\/moving-tape-fr\/","name":"Moving Tape - IPG","isPartOf":{"@id":"https:\/\/www.itape.com\/#website"},"primaryImageOfPage":{"@id":"https:\/\/www.itape.com\/fr\/product\/moving-tape-fr\/#primaryimage"},"image":{"@id":"https:\/\/www.itape.com\/fr\/product\/moving-tape-fr\/#primaryimage"},"thumbnailUrl":"https:\/\/www.itape.com\/wp-content\/uploads\/2023\/01\/Moving-Tape-Retail.jpg","datePublished":"2023-01-12T14:34:07+00:00","dateModified":"2023-04-27T17:43:13+00:00","breadcrumb":{"@id":"https:\/\/www.itape.com\/fr\/product\/moving-tape-fr\/#breadcrumb"},"inLanguage":"fr-FR","potentialAction":[{"@type":"ReadAction","target":["https:\/\/www.itape.com\/fr\/product\/moving-tape-fr\/"]}]},{"@type":"ImageObject","inLanguage":"fr-FR","@id":"https:\/\/www.itape.com\/fr\/product\/moving-tape-fr\/#primaryimage","url":"https:\/\/www.itape.com\/wp-content\/uploads\/2023\/01\/Moving-Tape-Retail.jpg","contentUrl":"https:\/\/www.itape.com\/wp-content\/uploads\/2023\/01\/Moving-Tape-Retail.jpg","width":2400,"height":2400,"caption":"Moving Tape - Retail"},{"@type":"BreadcrumbList","@id":"https:\/\/www.itape.com\/fr\/product\/moving-tape-fr\/#breadcrumb","itemListElement":[{"@type":"ListItem","position":1,"name":"Home","item":"https:\/\/www.itape.com\/fr\/"},{"@type":"ListItem","position":2,"name":"Products","item":"https:\/\/www.itape.com\/products\/"},{"@type":"ListItem","position":3,"name":"Moving Tape"}]},{"@type":"WebSite","@id":"https:\/\/www.itape.com\/#website","url":"https:\/\/www.itape.com\/","name":"IPG","description":"Global Leader in Packaging and Protective Solutions","publisher":{"@id":"https:\/\/www.itape.com\/#organization"},"potentialAction":[{"@type":"SearchAction","target":{"@type":"EntryPoint","urlTemplate":"https:\/\/www.itape.com\/?s={search_term_string}"},"query-input":{"@type":"PropertyValueSpecification","valueRequired":true,"valueName":"search_term_string"}}],"inLanguage":"fr-FR"},{"@type":"Organization","@id":"https:\/\/www.itape.com\/#organization","name":"IPG","url":"https:\/\/www.itape.com\/","logo":{"@type":"ImageObject","inLanguage":"fr-FR","@id":"https:\/\/www.itape.com\/#\/schema\/logo\/image\/","url":"https:\/\/www.itape.com\/wp-content\/uploads\/2024\/06\/IPG-logo-2.png","contentUrl":"https:\/\/www.itape.com\/wp-content\/uploads\/2024\/06\/IPG-logo-2.png","width":60,"height":60,"caption":"IPG"},"image":{"@id":"https:\/\/www.itape.com\/#\/schema\/logo\/image\/"},"sameAs":["https:\/\/www.facebook.com\/intertape","https:\/\/x.com\/IPGtape","https:\/\/www.linkedin.com\/company\/intertape-polymer-group","https:\/\/www.instagram.com\/ipgtape","https:\/\/www.youtube.com\/user\/IPGtape"]}]},"product_price_currency":"USD","og_availability":"instock","product_availability":"instock","product_retailer_item_id":"b4b6823e2337","product_condition":"new"},"parsely":{"version":"1.1.0","canonical_url":"https:\/\/itape.com\/fr\/product\/moving-tape-fr\/","smart_links":{"inbound":0,"outbound":0},"traffic_boost_suggestions_count":0,"meta":{"@context":"https:\/\/schema.org","@type":"WebPage","headline":"Moving Tape","url":"https:\/\/www.itape.com\/fr\/product\/moving-tape-fr\/","mainEntityOfPage":{"@type":"WebPage","@id":"https:\/\/www.itape.com\/fr\/product\/moving-tape-fr\/"},"thumbnailUrl":"https:\/\/www.itape.com\/wp-content\/uploads\/2023\/01\/Moving-Tape-Retail.jpg?w=150&h=150&crop=1","image":{"@type":"ImageObject","url":"https:\/\/www.itape.com\/wp-content\/uploads\/2023\/01\/Moving-Tape-Retail.jpg"},"articleSection":"Non classifi\u00e9(e)","author":[{"@type":"Person","name":"IPG"}],"creator":["IPG"],"publisher":{"@type":"Organization","name":"IPG","logo":"https:\/\/www.itape.com\/wp-content\/uploads\/2023\/03\/IPG-logo-2.png"},"keywords":[],"dateCreated":"2023-01-12T14:34:07Z","datePublished":"2023-01-12T14:34:07Z","dateModified":"2023-04-27T17:43:13Z"},"rendered":"<meta name=\"parsely-title\" content=\"Moving Tape\" \/>\n<meta name=\"parsely-link\" content=\"https:\/\/www.itape.com\/fr\/product\/moving-tape-fr\/\" \/>\n<meta name=\"parsely-type\" content=\"index\" \/>\n<meta name=\"parsely-image-url\" content=\"https:\/\/www.itape.com\/wp-content\/uploads\/2023\/01\/Moving-Tape-Retail.jpg?w=150&amp;h=150&amp;crop=1\" \/>\n<meta name=\"parsely-pub-date\" content=\"2023-01-12T14:34:07Z\" \/>\n<meta name=\"parsely-section\" content=\"Non classifi\u00e9(e)\" \/>\n<meta name=\"parsely-author\" content=\"IPG\" \/>","tracker_url":"https:\/\/cdn.parsely.com\/keys\/itape.com\/p.js"},"jetpack_sharing_enabled":true,"_links":{"self":[{"href":"https:\/\/www.itape.com\/fr\/wp-json\/wp\/v2\/product\/47273","targetHints":{"allow":["GET"]}}],"collection":[{"href":"https:\/\/www.itape.com\/fr\/wp-json\/wp\/v2\/product"}],"about":[{"href":"https:\/\/www.itape.com\/fr\/wp-json\/wp\/v2\/types\/product"}],"replies":[{"embeddable":true,"href":"https:\/\/www.itape.com\/fr\/wp-json\/wp\/v2\/comments?post=47273"}],"wp:featuredmedia":[{"embeddable":true,"href":"https:\/\/www.itape.com\/fr\/wp-json\/wp\/v2\/media\/62192"}],"wp:attachment":[{"href":"https:\/\/www.itape.com\/fr\/wp-json\/wp\/v2\/media?parent=47273"}],"wp:term":[{"taxonomy":"product_brand","embeddable":true,"href":"https:\/\/www.itape.com\/fr\/wp-json\/wp\/v2\/product_brand?post=47273"},{"taxonomy":"product_cat","embeddable":true,"href":"https:\/\/www.itape.com\/fr\/wp-json\/wp\/v2\/product_cat?post=47273"},{"taxonomy":"product_tag","embeddable":true,"href":"https:\/\/www.itape.com\/fr\/wp-json\/wp\/v2\/product_tag?post=47273"},{"taxonomy":"associated_application","embeddable":true,"href":"https:\/\/www.itape.com\/fr\/wp-json\/wp\/v2\/associated_application?post=47273"}],"curies":[{"name":"wp","href":"https:\/\/api.w.org\/{rel}","templated":true}]}}