{"id":47274,"date":"2023-01-12T14:34:07","date_gmt":"2023-01-12T14:34:07","guid":{"rendered":"https:\/\/www.itape.com\/product\/storage-tape-fr\/"},"modified":"2023-04-27T17:44:57","modified_gmt":"2023-04-27T17:44:57","slug":"storage-tape-fr","status":"publish","type":"product","link":"https:\/\/www.itape.com\/fr\/product\/storage-tape-fr\/","title":{"rendered":"Storage Tape"},"content":{"rendered":"<div class=\"prose\">Ruban adh\u00e9sif pour entreposage<\/p>\n<p>Film BOPP r\u00e9sistant aux chocs 1,85\u00a0mils avec colle en acrylique. Pour les bo\u00eetes de poids moyen, jusqu&rsquo;\u00e0 16\u00a0kg. Transparence excellente, performance optimale de collage rapide, d\u00e9roulage contr\u00f4l\u00e9. Performance fiable, m\u00eame pour des travaux \u00e0 moins de 5\u00a0\u00b0C et plus de 50\u00a0\u00b0C\u00a0! R\u00e9siste au vieillissement, aux intemp\u00e9ries, aux UV et au jaunissement. Utilis\u00e9 pour les applications de scellement de bo\u00eetes non critiques expos\u00e9es \u00e0 des dangers et contraintes d&rsquo;exp\u00e9dition minimums.<\/p><\/div>\n","protected":false},"excerpt":{"rendered":"<p>Film BOPP r\u00e9sistant aux chocs 1,85\u00a0mils avec colle en acrylique. Pour les bo\u00eetes de poids moyen, jusqu&rsquo;\u00e0 16\u00a0kg. Transparence excellente, performance optimale de collage rapide, d\u00e9roulage contr\u00f4l\u00e9. Performance fiable, m\u00eame pour des travaux \u00e0 moins de 5\u00a0\u00b0C et plus de 50\u00a0\u00b0C\u00a0! R\u00e9siste au vieillissement, aux intemp\u00e9ries, aux UV et au jaunissement. Utilis\u00e9 pour les applications de scellement de bo\u00eetes non critiques expos\u00e9es \u00e0 des dangers et contraintes d&rsquo;exp\u00e9dition minimums.<\/p>\n","protected":false},"featured_media":62147,"comment_status":"closed","ping_status":"closed","template":"","meta":{"_acf_changed":false},"product_brand":[],"product_cat":[8037],"product_tag":[6271],"associated_application":[5996,6048,6046],"class_list":{"0":"post-47274","1":"product","2":"type-product","3":"status-publish","4":"has-post-thumbnail","6":"product_cat-retail-specialty-packaging-fr","7":"product_tag-packaging-fr","8":"associated_application-de-consommation-fr","9":"associated_application-scellage-des-emballages-fr","10":"associated_application-service-courrier-expedition-fr","12":"first","13":"instock","14":"product-type-simple"},"acf":[],"yoast_head":"<!-- This site is optimized with the Yoast SEO Premium plugin v24.1 (Yoast SEO v27.0) - https:\/\/yoast.com\/product\/yoast-seo-premium-wordpress\/ -->\n<title>Storage Tape - IPG<\/title>\n<meta name=\"robots\" content=\"index, follow, max-snippet:-1, max-image-preview:large, max-video-preview:-1\" \/>\n<link rel=\"canonical\" href=\"https:\/\/www.itape.com\/fr\/product\/storage-tape-fr\/\" \/>\n<meta property=\"og:locale\" content=\"fr_FR\" \/>\n<meta property=\"og:type\" content=\"article\" \/>\n<meta property=\"og:title\" content=\"Storage Tape\" \/>\n<meta property=\"og:description\" content=\"Film BOPP r\u00e9sistant aux chocs 1,85\u00a0mils avec colle en acrylique. Pour les bo\u00eetes de poids moyen, jusqu&#039;\u00e0 16\u00a0kg. Transparence excellente, performance optimale de collage rapide, d\u00e9roulage contr\u00f4l\u00e9. Performance fiable, m\u00eame pour des travaux \u00e0 moins de 5\u00a0\u00b0C et plus de 50\u00a0\u00b0C\u00a0! R\u00e9siste au vieillissement, aux intemp\u00e9ries, aux UV et au jaunissement. Utilis\u00e9 pour les applications de scellement de bo\u00eetes non critiques expos\u00e9es \u00e0 des dangers et contraintes d&#039;exp\u00e9dition minimums.\" \/>\n<meta property=\"og:url\" content=\"https:\/\/www.itape.com\/fr\/product\/storage-tape-fr\/\" \/>\n<meta property=\"og:site_name\" content=\"IPG\" \/>\n<meta property=\"article:publisher\" content=\"https:\/\/www.facebook.com\/intertape\" \/>\n<meta property=\"article:modified_time\" content=\"2023-04-27T17:44:57+00:00\" \/>\n<meta property=\"og:image\" content=\"https:\/\/www.itape.com\/wp-content\/uploads\/2023\/01\/Storage-Clear-Tape-Retail.jpg\" \/>\n\t<meta property=\"og:image:width\" content=\"2400\" \/>\n\t<meta property=\"og:image:height\" content=\"2400\" \/>\n\t<meta property=\"og:image:type\" content=\"image\/jpeg\" \/>\n<meta name=\"twitter:card\" content=\"summary_large_image\" \/>\n<meta name=\"twitter:site\" content=\"@IPGtape\" \/>\n<meta name=\"twitter:label1\" content=\"Price\" \/>\n\t<meta name=\"twitter:data1\" content=\"\" \/>\n\t<meta name=\"twitter:label2\" content=\"Availability\" \/>\n\t<meta name=\"twitter:data2\" content=\"In stock\" \/>\n<script type=\"application\/ld+json\" class=\"yoast-schema-graph\">{\"@context\":\"https:\/\/schema.org\",\"@graph\":[{\"@type\":\"WebPage\",\"@id\":\"https:\/\/www.itape.com\/fr\/product\/storage-tape-fr\/\",\"url\":\"https:\/\/www.itape.com\/fr\/product\/storage-tape-fr\/\",\"name\":\"Storage Tape - IPG\",\"isPartOf\":{\"@id\":\"https:\/\/www.itape.com\/#website\"},\"primaryImageOfPage\":{\"@id\":\"https:\/\/www.itape.com\/fr\/product\/storage-tape-fr\/#primaryimage\"},\"image\":{\"@id\":\"https:\/\/www.itape.com\/fr\/product\/storage-tape-fr\/#primaryimage\"},\"thumbnailUrl\":\"https:\/\/www.itape.com\/wp-content\/uploads\/2023\/01\/Storage-Clear-Tape-Retail.jpg\",\"datePublished\":\"2023-01-12T14:34:07+00:00\",\"dateModified\":\"2023-04-27T17:44:57+00:00\",\"breadcrumb\":{\"@id\":\"https:\/\/www.itape.com\/fr\/product\/storage-tape-fr\/#breadcrumb\"},\"inLanguage\":\"fr-FR\",\"potentialAction\":[{\"@type\":\"ReadAction\",\"target\":[\"https:\/\/www.itape.com\/fr\/product\/storage-tape-fr\/\"]}]},{\"@type\":\"ImageObject\",\"inLanguage\":\"fr-FR\",\"@id\":\"https:\/\/www.itape.com\/fr\/product\/storage-tape-fr\/#primaryimage\",\"url\":\"https:\/\/www.itape.com\/wp-content\/uploads\/2023\/01\/Storage-Clear-Tape-Retail.jpg\",\"contentUrl\":\"https:\/\/www.itape.com\/wp-content\/uploads\/2023\/01\/Storage-Clear-Tape-Retail.jpg\",\"width\":2400,\"height\":2400,\"caption\":\"Storage-Clear-Tape-Retail\"},{\"@type\":\"BreadcrumbList\",\"@id\":\"https:\/\/www.itape.com\/fr\/product\/storage-tape-fr\/#breadcrumb\",\"itemListElement\":[{\"@type\":\"ListItem\",\"position\":1,\"name\":\"Home\",\"item\":\"https:\/\/www.itape.com\/fr\/\"},{\"@type\":\"ListItem\",\"position\":2,\"name\":\"Products\",\"item\":\"https:\/\/www.itape.com\/products\/\"},{\"@type\":\"ListItem\",\"position\":3,\"name\":\"Storage Tape\"}]},{\"@type\":\"WebSite\",\"@id\":\"https:\/\/www.itape.com\/#website\",\"url\":\"https:\/\/www.itape.com\/\",\"name\":\"IPG\",\"description\":\"Global Leader in Packaging and Protective Solutions\",\"publisher\":{\"@id\":\"https:\/\/www.itape.com\/#organization\"},\"potentialAction\":[{\"@type\":\"SearchAction\",\"target\":{\"@type\":\"EntryPoint\",\"urlTemplate\":\"https:\/\/www.itape.com\/?s={search_term_string}\"},\"query-input\":{\"@type\":\"PropertyValueSpecification\",\"valueRequired\":true,\"valueName\":\"search_term_string\"}}],\"inLanguage\":\"fr-FR\"},{\"@type\":\"Organization\",\"@id\":\"https:\/\/www.itape.com\/#organization\",\"name\":\"IPG\",\"url\":\"https:\/\/www.itape.com\/\",\"logo\":{\"@type\":\"ImageObject\",\"inLanguage\":\"fr-FR\",\"@id\":\"https:\/\/www.itape.com\/#\/schema\/logo\/image\/\",\"url\":\"https:\/\/www.itape.com\/wp-content\/uploads\/2024\/06\/IPG-logo-2.png\",\"contentUrl\":\"https:\/\/www.itape.com\/wp-content\/uploads\/2024\/06\/IPG-logo-2.png\",\"width\":60,\"height\":60,\"caption\":\"IPG\"},\"image\":{\"@id\":\"https:\/\/www.itape.com\/#\/schema\/logo\/image\/\"},\"sameAs\":[\"https:\/\/www.facebook.com\/intertape\",\"https:\/\/x.com\/IPGtape\",\"https:\/\/www.linkedin.com\/company\/intertape-polymer-group\",\"https:\/\/www.instagram.com\/ipgtape\",\"https:\/\/www.youtube.com\/user\/IPGtape\"]}]}<\/script>\n<meta property=\"product:price:currency\" content=\"USD\" \/>\n<meta property=\"og:availability\" content=\"instock\" \/>\n<meta property=\"product:availability\" content=\"instock\" \/>\n<meta property=\"product:retailer_item_id\" content=\"352245493bcf\" \/>\n<meta property=\"product:condition\" content=\"new\" \/>\n<!-- \/ Yoast SEO Premium plugin. -->","yoast_head_json":{"title":"Storage Tape - IPG","robots":{"index":"index","follow":"follow","max-snippet":"max-snippet:-1","max-image-preview":"max-image-preview:large","max-video-preview":"max-video-preview:-1"},"canonical":"https:\/\/www.itape.com\/fr\/product\/storage-tape-fr\/","og_locale":"fr_FR","og_type":"article","og_title":"Storage Tape","og_description":"Film BOPP r\u00e9sistant aux chocs 1,85\u00a0mils avec colle en acrylique. Pour les bo\u00eetes de poids moyen, jusqu'\u00e0 16\u00a0kg. Transparence excellente, performance optimale de collage rapide, d\u00e9roulage contr\u00f4l\u00e9. Performance fiable, m\u00eame pour des travaux \u00e0 moins de 5\u00a0\u00b0C et plus de 50\u00a0\u00b0C\u00a0! R\u00e9siste au vieillissement, aux intemp\u00e9ries, aux UV et au jaunissement. Utilis\u00e9 pour les applications de scellement de bo\u00eetes non critiques expos\u00e9es \u00e0 des dangers et contraintes d'exp\u00e9dition minimums.","og_url":"https:\/\/www.itape.com\/fr\/product\/storage-tape-fr\/","og_site_name":"IPG","article_publisher":"https:\/\/www.facebook.com\/intertape","article_modified_time":"2023-04-27T17:44:57+00:00","og_image":[{"width":2400,"height":2400,"url":"https:\/\/www.itape.com\/wp-content\/uploads\/2023\/01\/Storage-Clear-Tape-Retail.jpg","type":"image\/jpeg"}],"twitter_card":"summary_large_image","twitter_site":"@IPGtape","twitter_misc":{"Price":"","Availability":"In stock"},"schema":{"@context":"https:\/\/schema.org","@graph":[{"@type":"WebPage","@id":"https:\/\/www.itape.com\/fr\/product\/storage-tape-fr\/","url":"https:\/\/www.itape.com\/fr\/product\/storage-tape-fr\/","name":"Storage Tape - IPG","isPartOf":{"@id":"https:\/\/www.itape.com\/#website"},"primaryImageOfPage":{"@id":"https:\/\/www.itape.com\/fr\/product\/storage-tape-fr\/#primaryimage"},"image":{"@id":"https:\/\/www.itape.com\/fr\/product\/storage-tape-fr\/#primaryimage"},"thumbnailUrl":"https:\/\/www.itape.com\/wp-content\/uploads\/2023\/01\/Storage-Clear-Tape-Retail.jpg","datePublished":"2023-01-12T14:34:07+00:00","dateModified":"2023-04-27T17:44:57+00:00","breadcrumb":{"@id":"https:\/\/www.itape.com\/fr\/product\/storage-tape-fr\/#breadcrumb"},"inLanguage":"fr-FR","potentialAction":[{"@type":"ReadAction","target":["https:\/\/www.itape.com\/fr\/product\/storage-tape-fr\/"]}]},{"@type":"ImageObject","inLanguage":"fr-FR","@id":"https:\/\/www.itape.com\/fr\/product\/storage-tape-fr\/#primaryimage","url":"https:\/\/www.itape.com\/wp-content\/uploads\/2023\/01\/Storage-Clear-Tape-Retail.jpg","contentUrl":"https:\/\/www.itape.com\/wp-content\/uploads\/2023\/01\/Storage-Clear-Tape-Retail.jpg","width":2400,"height":2400,"caption":"Storage-Clear-Tape-Retail"},{"@type":"BreadcrumbList","@id":"https:\/\/www.itape.com\/fr\/product\/storage-tape-fr\/#breadcrumb","itemListElement":[{"@type":"ListItem","position":1,"name":"Home","item":"https:\/\/www.itape.com\/fr\/"},{"@type":"ListItem","position":2,"name":"Products","item":"https:\/\/www.itape.com\/products\/"},{"@type":"ListItem","position":3,"name":"Storage Tape"}]},{"@type":"WebSite","@id":"https:\/\/www.itape.com\/#website","url":"https:\/\/www.itape.com\/","name":"IPG","description":"Global Leader in Packaging and Protective Solutions","publisher":{"@id":"https:\/\/www.itape.com\/#organization"},"potentialAction":[{"@type":"SearchAction","target":{"@type":"EntryPoint","urlTemplate":"https:\/\/www.itape.com\/?s={search_term_string}"},"query-input":{"@type":"PropertyValueSpecification","valueRequired":true,"valueName":"search_term_string"}}],"inLanguage":"fr-FR"},{"@type":"Organization","@id":"https:\/\/www.itape.com\/#organization","name":"IPG","url":"https:\/\/www.itape.com\/","logo":{"@type":"ImageObject","inLanguage":"fr-FR","@id":"https:\/\/www.itape.com\/#\/schema\/logo\/image\/","url":"https:\/\/www.itape.com\/wp-content\/uploads\/2024\/06\/IPG-logo-2.png","contentUrl":"https:\/\/www.itape.com\/wp-content\/uploads\/2024\/06\/IPG-logo-2.png","width":60,"height":60,"caption":"IPG"},"image":{"@id":"https:\/\/www.itape.com\/#\/schema\/logo\/image\/"},"sameAs":["https:\/\/www.facebook.com\/intertape","https:\/\/x.com\/IPGtape","https:\/\/www.linkedin.com\/company\/intertape-polymer-group","https:\/\/www.instagram.com\/ipgtape","https:\/\/www.youtube.com\/user\/IPGtape"]}]},"product_price_currency":"USD","og_availability":"instock","product_availability":"instock","product_retailer_item_id":"352245493bcf","product_condition":"new"},"parsely":{"version":"1.1.0","canonical_url":"https:\/\/itape.com\/fr\/product\/storage-tape-fr\/","smart_links":{"inbound":0,"outbound":0},"traffic_boost_suggestions_count":0,"meta":{"@context":"https:\/\/schema.org","@type":"WebPage","headline":"Storage Tape","url":"https:\/\/www.itape.com\/fr\/product\/storage-tape-fr\/","mainEntityOfPage":{"@type":"WebPage","@id":"https:\/\/www.itape.com\/fr\/product\/storage-tape-fr\/"},"thumbnailUrl":"https:\/\/www.itape.com\/wp-content\/uploads\/2023\/01\/Storage-Clear-Tape-Retail.jpg?w=150&h=150&crop=1","image":{"@type":"ImageObject","url":"https:\/\/www.itape.com\/wp-content\/uploads\/2023\/01\/Storage-Clear-Tape-Retail.jpg"},"articleSection":"Non classifi\u00e9(e)","author":[{"@type":"Person","name":"IPG"}],"creator":["IPG"],"publisher":{"@type":"Organization","name":"IPG","logo":"https:\/\/www.itape.com\/wp-content\/uploads\/2023\/03\/IPG-logo-2.png"},"keywords":[],"dateCreated":"2023-01-12T14:34:07Z","datePublished":"2023-01-12T14:34:07Z","dateModified":"2023-04-27T17:44:57Z"},"rendered":"<meta name=\"parsely-title\" content=\"Storage Tape\" \/>\n<meta name=\"parsely-link\" content=\"https:\/\/www.itape.com\/fr\/product\/storage-tape-fr\/\" \/>\n<meta name=\"parsely-type\" content=\"index\" \/>\n<meta name=\"parsely-image-url\" content=\"https:\/\/www.itape.com\/wp-content\/uploads\/2023\/01\/Storage-Clear-Tape-Retail.jpg?w=150&amp;h=150&amp;crop=1\" \/>\n<meta name=\"parsely-pub-date\" content=\"2023-01-12T14:34:07Z\" \/>\n<meta name=\"parsely-section\" content=\"Non classifi\u00e9(e)\" \/>\n<meta name=\"parsely-author\" content=\"IPG\" \/>","tracker_url":"https:\/\/cdn.parsely.com\/keys\/itape.com\/p.js"},"jetpack_sharing_enabled":true,"_links":{"self":[{"href":"https:\/\/www.itape.com\/fr\/wp-json\/wp\/v2\/product\/47274","targetHints":{"allow":["GET"]}}],"collection":[{"href":"https:\/\/www.itape.com\/fr\/wp-json\/wp\/v2\/product"}],"about":[{"href":"https:\/\/www.itape.com\/fr\/wp-json\/wp\/v2\/types\/product"}],"replies":[{"embeddable":true,"href":"https:\/\/www.itape.com\/fr\/wp-json\/wp\/v2\/comments?post=47274"}],"wp:featuredmedia":[{"embeddable":true,"href":"https:\/\/www.itape.com\/fr\/wp-json\/wp\/v2\/media\/62147"}],"wp:attachment":[{"href":"https:\/\/www.itape.com\/fr\/wp-json\/wp\/v2\/media?parent=47274"}],"wp:term":[{"taxonomy":"product_brand","embeddable":true,"href":"https:\/\/www.itape.com\/fr\/wp-json\/wp\/v2\/product_brand?post=47274"},{"taxonomy":"product_cat","embeddable":true,"href":"https:\/\/www.itape.com\/fr\/wp-json\/wp\/v2\/product_cat?post=47274"},{"taxonomy":"product_tag","embeddable":true,"href":"https:\/\/www.itape.com\/fr\/wp-json\/wp\/v2\/product_tag?post=47274"},{"taxonomy":"associated_application","embeddable":true,"href":"https:\/\/www.itape.com\/fr\/wp-json\/wp\/v2\/associated_application?post=47274"}],"curies":[{"name":"wp","href":"https:\/\/api.w.org\/{rel}","templated":true}]}}