{"id":47294,"date":"2023-01-12T14:34:18","date_gmt":"2023-01-12T14:34:18","guid":{"rendered":"https:\/\/www.itape.com\/product\/spray-adhesive-fr\/"},"modified":"2023-05-16T21:14:02","modified_gmt":"2023-05-16T21:14:02","slug":"ac50sp-spray-adhesive-fr","status":"publish","type":"product","link":"https:\/\/www.itape.com\/fr\/product\/ac50sp-spray-adhesive-fr\/","title":{"rendered":"AC50SP Spray Adhesive"},"content":{"rendered":"<div class=\"prose\">Con\u00e7ue pour aider au collage de plusieurs surfaces qui comprennent le bois, le b\u00e9ton et les feuilles m\u00e9talliques.<\/div>\n","protected":false},"excerpt":{"rendered":"<p>Ne contient pas de chlorure de m\u00e9thyle, pas de CFC. R\u00e9sistance au cisaillement 41\u00a0PSI. Colle \u00e0 r\u00e9partition par pulv\u00e9risation en r\u00e9seau. Conforme aux r\u00e9glementations VOC nationales pour les produits consommateurs et aux limites VOC actuelles pour les colles en a\u00e9rosol en Californie. Poids net 340\u00a0g.<\/p>\n","protected":false},"featured_media":83101,"comment_status":"closed","ping_status":"closed","template":"","meta":{"_acf_changed":false},"product_brand":[],"product_cat":[8043],"product_tag":[6188,8047],"associated_application":[5995,6118,6113,5996,6040,6119,6044,6004,6114,6117,6039,6050],"class_list":{"0":"post-47294","1":"product","2":"type-product","3":"status-publish","4":"has-post-thumbnail","6":"product_cat-retail-specialty-specialty-products-fr","7":"product_tag-specialty-fr","8":"product_tag-specialty-fr-2","9":"associated_application-batiment-et-construction-fr","10":"associated_application-conduit-rigide-fr","11":"associated_application-conduit-souple-fr","12":"associated_application-de-consommation-fr","13":"associated_application-etancheite-du-conduit-du-cvc-fr","14":"associated_application-feuilles-metalliques-fr","15":"associated_application-fournitures-scolaires-arts-fr","16":"associated_application-industrie-du-cvc-fr","17":"associated_application-secteur-de-lisolation-fr","18":"associated_application-secteur-electrique-et-de-la-refrigeration-fr","19":"associated_application-solutions-generales-pour-le-site-de-construction-fr","20":"associated_application-specialite-fr","22":"first","23":"instock","24":"product-type-simple"},"acf":[],"yoast_head":"<!-- This site is optimized with the Yoast SEO Premium plugin v24.1 (Yoast SEO v27.0) - https:\/\/yoast.com\/product\/yoast-seo-premium-wordpress\/ -->\n<title>AC50SP Spray Adhesive - IPG<\/title>\n<meta name=\"robots\" content=\"index, follow, max-snippet:-1, max-image-preview:large, max-video-preview:-1\" \/>\n<link rel=\"canonical\" href=\"https:\/\/www.itape.com\/fr\/product\/spray-adhesive-fr\/\" \/>\n<meta property=\"og:locale\" content=\"fr_FR\" \/>\n<meta property=\"og:type\" content=\"article\" \/>\n<meta property=\"og:title\" content=\"AC50SP Spray Adhesive\" \/>\n<meta property=\"og:description\" content=\"Ne contient pas de chlorure de m\u00e9thyle, pas de CFC. R\u00e9sistance au cisaillement 41\u00a0PSI. Colle \u00e0 r\u00e9partition par pulv\u00e9risation en r\u00e9seau. Conforme aux r\u00e9glementations VOC nationales pour les produits consommateurs et aux limites VOC actuelles pour les colles en a\u00e9rosol en Californie. Poids net 340\u00a0g.\" \/>\n<meta property=\"og:url\" content=\"https:\/\/www.itape.com\/fr\/product\/spray-adhesive-fr\/\" \/>\n<meta property=\"og:site_name\" content=\"IPG\" \/>\n<meta property=\"article:publisher\" content=\"https:\/\/www.facebook.com\/intertape\" \/>\n<meta property=\"article:modified_time\" content=\"2023-05-16T21:14:02+00:00\" \/>\n<meta property=\"og:image\" content=\"https:\/\/www.itape.com\/wp-content\/uploads\/2023\/01\/AC50SP-adhesive-spray_high.jpg\" \/>\n\t<meta property=\"og:image:width\" content=\"2400\" \/>\n\t<meta property=\"og:image:height\" content=\"2400\" \/>\n\t<meta property=\"og:image:type\" content=\"image\/jpeg\" \/>\n<meta name=\"twitter:card\" content=\"summary_large_image\" \/>\n<meta name=\"twitter:site\" content=\"@IPGtape\" \/>\n<meta name=\"twitter:label1\" content=\"Price\" \/>\n\t<meta name=\"twitter:data1\" content=\"\" \/>\n\t<meta name=\"twitter:label2\" content=\"Availability\" \/>\n\t<meta name=\"twitter:data2\" content=\"In stock\" \/>\n<script type=\"application\/ld+json\" class=\"yoast-schema-graph\">{\"@context\":\"https:\/\/schema.org\",\"@graph\":[{\"@type\":\"WebPage\",\"@id\":\"https:\/\/www.itape.com\/fr\/product\/spray-adhesive-fr\/\",\"url\":\"https:\/\/www.itape.com\/fr\/product\/spray-adhesive-fr\/\",\"name\":\"AC50SP Spray Adhesive - IPG\",\"isPartOf\":{\"@id\":\"https:\/\/www.itape.com\/#website\"},\"primaryImageOfPage\":{\"@id\":\"https:\/\/www.itape.com\/fr\/product\/spray-adhesive-fr\/#primaryimage\"},\"image\":{\"@id\":\"https:\/\/www.itape.com\/fr\/product\/spray-adhesive-fr\/#primaryimage\"},\"thumbnailUrl\":\"https:\/\/www.itape.com\/wp-content\/uploads\/2025\/10\/product-image\/tuck-spray-adhesive-no-tm.jpg\",\"datePublished\":\"2023-01-12T14:34:18+00:00\",\"dateModified\":\"2023-05-16T21:14:02+00:00\",\"breadcrumb\":{\"@id\":\"https:\/\/www.itape.com\/fr\/product\/spray-adhesive-fr\/#breadcrumb\"},\"inLanguage\":\"fr-FR\",\"potentialAction\":[{\"@type\":\"ReadAction\",\"target\":[\"https:\/\/www.itape.com\/fr\/product\/spray-adhesive-fr\/\"]}]},{\"@type\":\"ImageObject\",\"inLanguage\":\"fr-FR\",\"@id\":\"https:\/\/www.itape.com\/fr\/product\/spray-adhesive-fr\/#primaryimage\",\"url\":\"https:\/\/www.itape.com\/wp-content\/uploads\/2025\/10\/product-image\/tuck-spray-adhesive-no-tm.jpg\",\"contentUrl\":\"https:\/\/www.itape.com\/wp-content\/uploads\/2025\/10\/product-image\/tuck-spray-adhesive-no-tm.jpg\",\"width\":2400,\"height\":2400,\"caption\":\"Tuck Adhesive Spray\"},{\"@type\":\"BreadcrumbList\",\"@id\":\"https:\/\/www.itape.com\/fr\/product\/spray-adhesive-fr\/#breadcrumb\",\"itemListElement\":[{\"@type\":\"ListItem\",\"position\":1,\"name\":\"Home\",\"item\":\"https:\/\/www.itape.com\/fr\/\"},{\"@type\":\"ListItem\",\"position\":2,\"name\":\"Products\",\"item\":\"https:\/\/www.itape.com\/products\/\"},{\"@type\":\"ListItem\",\"position\":3,\"name\":\"AC50SP Spray Adhesive\"}]},{\"@type\":\"WebSite\",\"@id\":\"https:\/\/www.itape.com\/#website\",\"url\":\"https:\/\/www.itape.com\/\",\"name\":\"IPG\",\"description\":\"Global Leader in Packaging and Protective Solutions\",\"publisher\":{\"@id\":\"https:\/\/www.itape.com\/#organization\"},\"potentialAction\":[{\"@type\":\"SearchAction\",\"target\":{\"@type\":\"EntryPoint\",\"urlTemplate\":\"https:\/\/www.itape.com\/?s={search_term_string}\"},\"query-input\":{\"@type\":\"PropertyValueSpecification\",\"valueRequired\":true,\"valueName\":\"search_term_string\"}}],\"inLanguage\":\"fr-FR\"},{\"@type\":\"Organization\",\"@id\":\"https:\/\/www.itape.com\/#organization\",\"name\":\"IPG\",\"url\":\"https:\/\/www.itape.com\/\",\"logo\":{\"@type\":\"ImageObject\",\"inLanguage\":\"fr-FR\",\"@id\":\"https:\/\/www.itape.com\/#\/schema\/logo\/image\/\",\"url\":\"https:\/\/www.itape.com\/wp-content\/uploads\/2024\/06\/IPG-logo-2.png\",\"contentUrl\":\"https:\/\/www.itape.com\/wp-content\/uploads\/2024\/06\/IPG-logo-2.png\",\"width\":60,\"height\":60,\"caption\":\"IPG\"},\"image\":{\"@id\":\"https:\/\/www.itape.com\/#\/schema\/logo\/image\/\"},\"sameAs\":[\"https:\/\/www.facebook.com\/intertape\",\"https:\/\/x.com\/IPGtape\",\"https:\/\/www.linkedin.com\/company\/intertape-polymer-group\",\"https:\/\/www.instagram.com\/ipgtape\",\"https:\/\/www.youtube.com\/user\/IPGtape\"]}]}<\/script>\n<meta property=\"product:price:currency\" content=\"USD\" \/>\n<meta property=\"og:availability\" content=\"instock\" \/>\n<meta property=\"product:availability\" content=\"instock\" \/>\n<meta property=\"product:retailer_item_id\" content=\"880fac7c0cf1\" \/>\n<meta property=\"product:condition\" content=\"new\" \/>\n<!-- \/ Yoast SEO Premium plugin. -->","yoast_head_json":{"title":"AC50SP Spray Adhesive - IPG","robots":{"index":"index","follow":"follow","max-snippet":"max-snippet:-1","max-image-preview":"max-image-preview:large","max-video-preview":"max-video-preview:-1"},"canonical":"https:\/\/www.itape.com\/fr\/product\/spray-adhesive-fr\/","og_locale":"fr_FR","og_type":"article","og_title":"AC50SP Spray Adhesive","og_description":"Ne contient pas de chlorure de m\u00e9thyle, pas de CFC. R\u00e9sistance au cisaillement 41\u00a0PSI. Colle \u00e0 r\u00e9partition par pulv\u00e9risation en r\u00e9seau. Conforme aux r\u00e9glementations VOC nationales pour les produits consommateurs et aux limites VOC actuelles pour les colles en a\u00e9rosol en Californie. Poids net 340\u00a0g.","og_url":"https:\/\/www.itape.com\/fr\/product\/spray-adhesive-fr\/","og_site_name":"IPG","article_publisher":"https:\/\/www.facebook.com\/intertape","article_modified_time":"2023-05-16T21:14:02+00:00","og_image":[{"width":2400,"height":2400,"url":"https:\/\/www.itape.com\/wp-content\/uploads\/2023\/01\/AC50SP-adhesive-spray_high.jpg","type":"image\/jpeg"}],"twitter_card":"summary_large_image","twitter_site":"@IPGtape","twitter_misc":{"Price":"","Availability":"In stock"},"schema":{"@context":"https:\/\/schema.org","@graph":[{"@type":"WebPage","@id":"https:\/\/www.itape.com\/fr\/product\/spray-adhesive-fr\/","url":"https:\/\/www.itape.com\/fr\/product\/spray-adhesive-fr\/","name":"AC50SP Spray Adhesive - IPG","isPartOf":{"@id":"https:\/\/www.itape.com\/#website"},"primaryImageOfPage":{"@id":"https:\/\/www.itape.com\/fr\/product\/spray-adhesive-fr\/#primaryimage"},"image":{"@id":"https:\/\/www.itape.com\/fr\/product\/spray-adhesive-fr\/#primaryimage"},"thumbnailUrl":"https:\/\/www.itape.com\/wp-content\/uploads\/2025\/10\/product-image\/tuck-spray-adhesive-no-tm.jpg","datePublished":"2023-01-12T14:34:18+00:00","dateModified":"2023-05-16T21:14:02+00:00","breadcrumb":{"@id":"https:\/\/www.itape.com\/fr\/product\/spray-adhesive-fr\/#breadcrumb"},"inLanguage":"fr-FR","potentialAction":[{"@type":"ReadAction","target":["https:\/\/www.itape.com\/fr\/product\/spray-adhesive-fr\/"]}]},{"@type":"ImageObject","inLanguage":"fr-FR","@id":"https:\/\/www.itape.com\/fr\/product\/spray-adhesive-fr\/#primaryimage","url":"https:\/\/www.itape.com\/wp-content\/uploads\/2025\/10\/product-image\/tuck-spray-adhesive-no-tm.jpg","contentUrl":"https:\/\/www.itape.com\/wp-content\/uploads\/2025\/10\/product-image\/tuck-spray-adhesive-no-tm.jpg","width":2400,"height":2400,"caption":"Tuck Adhesive Spray"},{"@type":"BreadcrumbList","@id":"https:\/\/www.itape.com\/fr\/product\/spray-adhesive-fr\/#breadcrumb","itemListElement":[{"@type":"ListItem","position":1,"name":"Home","item":"https:\/\/www.itape.com\/fr\/"},{"@type":"ListItem","position":2,"name":"Products","item":"https:\/\/www.itape.com\/products\/"},{"@type":"ListItem","position":3,"name":"AC50SP Spray Adhesive"}]},{"@type":"WebSite","@id":"https:\/\/www.itape.com\/#website","url":"https:\/\/www.itape.com\/","name":"IPG","description":"Global Leader in Packaging and Protective Solutions","publisher":{"@id":"https:\/\/www.itape.com\/#organization"},"potentialAction":[{"@type":"SearchAction","target":{"@type":"EntryPoint","urlTemplate":"https:\/\/www.itape.com\/?s={search_term_string}"},"query-input":{"@type":"PropertyValueSpecification","valueRequired":true,"valueName":"search_term_string"}}],"inLanguage":"fr-FR"},{"@type":"Organization","@id":"https:\/\/www.itape.com\/#organization","name":"IPG","url":"https:\/\/www.itape.com\/","logo":{"@type":"ImageObject","inLanguage":"fr-FR","@id":"https:\/\/www.itape.com\/#\/schema\/logo\/image\/","url":"https:\/\/www.itape.com\/wp-content\/uploads\/2024\/06\/IPG-logo-2.png","contentUrl":"https:\/\/www.itape.com\/wp-content\/uploads\/2024\/06\/IPG-logo-2.png","width":60,"height":60,"caption":"IPG"},"image":{"@id":"https:\/\/www.itape.com\/#\/schema\/logo\/image\/"},"sameAs":["https:\/\/www.facebook.com\/intertape","https:\/\/x.com\/IPGtape","https:\/\/www.linkedin.com\/company\/intertape-polymer-group","https:\/\/www.instagram.com\/ipgtape","https:\/\/www.youtube.com\/user\/IPGtape"]}]},"product_price_currency":"USD","og_availability":"instock","product_availability":"instock","product_retailer_item_id":"880fac7c0cf1","product_condition":"new"},"parsely":{"version":"1.1.0","canonical_url":"https:\/\/itape.com\/fr\/product\/ac50sp-spray-adhesive-fr\/","smart_links":{"inbound":0,"outbound":0},"traffic_boost_suggestions_count":0,"meta":{"@context":"https:\/\/schema.org","@type":"WebPage","headline":"AC50SP Spray Adhesive","url":"https:\/\/www.itape.com\/fr\/product\/ac50sp-spray-adhesive-fr\/","mainEntityOfPage":{"@type":"WebPage","@id":"https:\/\/www.itape.com\/fr\/product\/ac50sp-spray-adhesive-fr\/"},"thumbnailUrl":"https:\/\/www.itape.com\/wp-content\/uploads\/2025\/10\/product-image\/tuck-spray-adhesive-no-tm.jpg?w=150&h=150&crop=1","image":{"@type":"ImageObject","url":"https:\/\/www.itape.com\/wp-content\/uploads\/2025\/10\/product-image\/tuck-spray-adhesive-no-tm.jpg"},"articleSection":"Non classifi\u00e9(e)","author":[{"@type":"Person","name":"IPG"}],"creator":["IPG"],"publisher":{"@type":"Organization","name":"IPG","logo":"https:\/\/www.itape.com\/wp-content\/uploads\/2023\/03\/IPG-logo-2.png"},"keywords":[],"dateCreated":"2023-01-12T14:34:18Z","datePublished":"2023-01-12T14:34:18Z","dateModified":"2023-05-16T21:14:02Z"},"rendered":"<meta name=\"parsely-title\" content=\"AC50SP Spray Adhesive\" \/>\n<meta name=\"parsely-link\" content=\"https:\/\/www.itape.com\/fr\/product\/ac50sp-spray-adhesive-fr\/\" \/>\n<meta name=\"parsely-type\" content=\"index\" \/>\n<meta name=\"parsely-image-url\" content=\"https:\/\/www.itape.com\/wp-content\/uploads\/2025\/10\/product-image\/tuck-spray-adhesive-no-tm.jpg?w=150&amp;h=150&amp;crop=1\" \/>\n<meta name=\"parsely-pub-date\" content=\"2023-01-12T14:34:18Z\" \/>\n<meta name=\"parsely-section\" content=\"Non classifi\u00e9(e)\" \/>\n<meta name=\"parsely-author\" content=\"IPG\" \/>","tracker_url":"https:\/\/cdn.parsely.com\/keys\/itape.com\/p.js"},"jetpack_sharing_enabled":true,"_links":{"self":[{"href":"https:\/\/www.itape.com\/fr\/wp-json\/wp\/v2\/product\/47294","targetHints":{"allow":["GET"]}}],"collection":[{"href":"https:\/\/www.itape.com\/fr\/wp-json\/wp\/v2\/product"}],"about":[{"href":"https:\/\/www.itape.com\/fr\/wp-json\/wp\/v2\/types\/product"}],"replies":[{"embeddable":true,"href":"https:\/\/www.itape.com\/fr\/wp-json\/wp\/v2\/comments?post=47294"}],"wp:featuredmedia":[{"embeddable":true,"href":"https:\/\/www.itape.com\/fr\/wp-json\/wp\/v2\/media\/83101"}],"wp:attachment":[{"href":"https:\/\/www.itape.com\/fr\/wp-json\/wp\/v2\/media?parent=47294"}],"wp:term":[{"taxonomy":"product_brand","embeddable":true,"href":"https:\/\/www.itape.com\/fr\/wp-json\/wp\/v2\/product_brand?post=47294"},{"taxonomy":"product_cat","embeddable":true,"href":"https:\/\/www.itape.com\/fr\/wp-json\/wp\/v2\/product_cat?post=47294"},{"taxonomy":"product_tag","embeddable":true,"href":"https:\/\/www.itape.com\/fr\/wp-json\/wp\/v2\/product_tag?post=47294"},{"taxonomy":"associated_application","embeddable":true,"href":"https:\/\/www.itape.com\/fr\/wp-json\/wp\/v2\/associated_application?post=47294"}],"curies":[{"name":"wp","href":"https:\/\/api.w.org\/{rel}","templated":true}]}}