{"id":47316,"date":"2023-01-12T14:34:36","date_gmt":"2023-01-12T14:34:36","guid":{"rendered":"https:\/\/www.itape.com\/product\/rb86-2_0-hay-fr\/"},"modified":"2023-01-12T15:18:50","modified_gmt":"2023-01-12T15:18:50","slug":"rb86-2_0-hay-fr","status":"publish","type":"product","link":"https:\/\/www.itape.com\/fr\/product\/rb86-2_0-hay-fr\/","title":{"rendered":"RB86-2_0-HAY"},"content":{"rendered":"<div class=\"prose\">RB8620HAY<\/p>\n<p>Textile de poids moyen incorporant une nouvelle formule de rev\u00eatement con\u00e7u pour am\u00e9liorer la rigidit\u00e9 et la r\u00e9sistance \u00e0 l&rsquo;abrasion. Pour les b\u00e2ches de protection, les b\u00e2ches pour foin, les liners de puits et de mares, les liners de conteneurs d&rsquo;exp\u00e9dition et les b\u00e2ches de piscine.<\/p><\/div>\n","protected":false},"excerpt":{"rendered":"<p>Textile de poids moyen incorporant une nouvelle formule de rev\u00eatement con\u00e7u pour am\u00e9liorer la rigidit\u00e9 et la r\u00e9sistance \u00e0 l&rsquo;abrasion. Pour les b\u00e2ches de protection, les b\u00e2ches pour foin, les liners de puits et de mares, les liners de conteneurs d&rsquo;exp\u00e9dition et les b\u00e2ches de piscine.<\/p>\n","protected":false},"featured_media":45226,"comment_status":"closed","ping_status":"closed","template":"","meta":{"_acf_changed":false},"product_brand":[],"product_cat":[7701,7731],"product_tag":[6278],"associated_application":[],"class_list":{"0":"post-47316","1":"product","2":"type-product","3":"status-publish","4":"has-post-thumbnail","6":"product_cat-engineered-coated-products-fr","7":"product_cat-engineered-coated-products-tissus-speciaux-fr","8":"product_tag-agricultural-covers-fr","10":"first","11":"instock","12":"product-type-simple"},"acf":[],"yoast_head":"<!-- This site is optimized with the Yoast SEO Premium plugin v24.1 (Yoast SEO v27.0) - https:\/\/yoast.com\/product\/yoast-seo-premium-wordpress\/ -->\n<title>RB86-2_0-HAY - IPG<\/title>\n<meta name=\"robots\" content=\"index, follow, max-snippet:-1, max-image-preview:large, max-video-preview:-1\" \/>\n<link rel=\"canonical\" href=\"https:\/\/www.itape.com\/fr\/product\/rb86-2_0-hay-fr\/\" \/>\n<meta property=\"og:locale\" content=\"fr_FR\" \/>\n<meta property=\"og:type\" content=\"article\" \/>\n<meta property=\"og:title\" content=\"RB86-2_0-HAY\" \/>\n<meta property=\"og:description\" content=\"Textile de poids moyen incorporant une nouvelle formule de rev\u00eatement con\u00e7u pour am\u00e9liorer la rigidit\u00e9 et la r\u00e9sistance \u00e0 l&#039;abrasion. Pour les b\u00e2ches de protection, les b\u00e2ches pour foin, les liners de puits et de mares, les liners de conteneurs d&#039;exp\u00e9dition et les b\u00e2ches de piscine.\" \/>\n<meta property=\"og:url\" content=\"https:\/\/www.itape.com\/fr\/product\/rb86-2_0-hay-fr\/\" \/>\n<meta property=\"og:site_name\" content=\"IPG\" \/>\n<meta property=\"article:publisher\" content=\"https:\/\/www.facebook.com\/intertape\" \/>\n<meta property=\"article:modified_time\" content=\"2023-01-12T15:18:50+00:00\" \/>\n<meta property=\"og:image\" content=\"https:\/\/www.itape.com\/wp-content\/uploads\/2023\/01\/IPGSPECIALTYFABRICRB86175HAY.jpg\" \/>\n\t<meta property=\"og:image:width\" content=\"240\" \/>\n\t<meta property=\"og:image:height\" content=\"240\" \/>\n\t<meta property=\"og:image:type\" content=\"image\/jpeg\" \/>\n<meta name=\"twitter:card\" content=\"summary_large_image\" \/>\n<meta name=\"twitter:site\" content=\"@IPGtape\" \/>\n<meta name=\"twitter:label1\" content=\"Price\" \/>\n\t<meta name=\"twitter:data1\" content=\"\" \/>\n\t<meta name=\"twitter:label2\" content=\"Availability\" \/>\n\t<meta name=\"twitter:data2\" content=\"In stock\" \/>\n<script type=\"application\/ld+json\" class=\"yoast-schema-graph\">{\"@context\":\"https:\/\/schema.org\",\"@graph\":[{\"@type\":\"WebPage\",\"@id\":\"https:\/\/www.itape.com\/fr\/product\/rb86-2_0-hay-fr\/\",\"url\":\"https:\/\/www.itape.com\/fr\/product\/rb86-2_0-hay-fr\/\",\"name\":\"RB86-2_0-HAY - IPG\",\"isPartOf\":{\"@id\":\"https:\/\/www.itape.com\/#website\"},\"primaryImageOfPage\":{\"@id\":\"https:\/\/www.itape.com\/fr\/product\/rb86-2_0-hay-fr\/#primaryimage\"},\"image\":{\"@id\":\"https:\/\/www.itape.com\/fr\/product\/rb86-2_0-hay-fr\/#primaryimage\"},\"thumbnailUrl\":\"https:\/\/www.itape.com\/wp-content\/uploads\/2023\/01\/IPGSPECIALTYFABRICRB86175HAY.jpg\",\"datePublished\":\"2023-01-12T14:34:36+00:00\",\"dateModified\":\"2023-01-12T15:18:50+00:00\",\"breadcrumb\":{\"@id\":\"https:\/\/www.itape.com\/fr\/product\/rb86-2_0-hay-fr\/#breadcrumb\"},\"inLanguage\":\"fr-FR\",\"potentialAction\":[{\"@type\":\"ReadAction\",\"target\":[\"https:\/\/www.itape.com\/fr\/product\/rb86-2_0-hay-fr\/\"]}]},{\"@type\":\"ImageObject\",\"inLanguage\":\"fr-FR\",\"@id\":\"https:\/\/www.itape.com\/fr\/product\/rb86-2_0-hay-fr\/#primaryimage\",\"url\":\"https:\/\/www.itape.com\/wp-content\/uploads\/2023\/01\/IPGSPECIALTYFABRICRB86175HAY.jpg\",\"contentUrl\":\"https:\/\/www.itape.com\/wp-content\/uploads\/2023\/01\/IPGSPECIALTYFABRICRB86175HAY.jpg\",\"width\":240,\"height\":240,\"caption\":\"RB86175 HAY Specialty Fabric\"},{\"@type\":\"BreadcrumbList\",\"@id\":\"https:\/\/www.itape.com\/fr\/product\/rb86-2_0-hay-fr\/#breadcrumb\",\"itemListElement\":[{\"@type\":\"ListItem\",\"position\":1,\"name\":\"Home\",\"item\":\"https:\/\/www.itape.com\/fr\/\"},{\"@type\":\"ListItem\",\"position\":2,\"name\":\"Products\",\"item\":\"https:\/\/www.itape.com\/products\/\"},{\"@type\":\"ListItem\",\"position\":3,\"name\":\"RB86-2_0-HAY\"}]},{\"@type\":\"WebSite\",\"@id\":\"https:\/\/www.itape.com\/#website\",\"url\":\"https:\/\/www.itape.com\/\",\"name\":\"IPG\",\"description\":\"Global Leader in Packaging and Protective Solutions\",\"publisher\":{\"@id\":\"https:\/\/www.itape.com\/#organization\"},\"potentialAction\":[{\"@type\":\"SearchAction\",\"target\":{\"@type\":\"EntryPoint\",\"urlTemplate\":\"https:\/\/www.itape.com\/?s={search_term_string}\"},\"query-input\":{\"@type\":\"PropertyValueSpecification\",\"valueRequired\":true,\"valueName\":\"search_term_string\"}}],\"inLanguage\":\"fr-FR\"},{\"@type\":\"Organization\",\"@id\":\"https:\/\/www.itape.com\/#organization\",\"name\":\"IPG\",\"url\":\"https:\/\/www.itape.com\/\",\"logo\":{\"@type\":\"ImageObject\",\"inLanguage\":\"fr-FR\",\"@id\":\"https:\/\/www.itape.com\/#\/schema\/logo\/image\/\",\"url\":\"https:\/\/www.itape.com\/wp-content\/uploads\/2024\/06\/IPG-logo-2.png\",\"contentUrl\":\"https:\/\/www.itape.com\/wp-content\/uploads\/2024\/06\/IPG-logo-2.png\",\"width\":60,\"height\":60,\"caption\":\"IPG\"},\"image\":{\"@id\":\"https:\/\/www.itape.com\/#\/schema\/logo\/image\/\"},\"sameAs\":[\"https:\/\/www.facebook.com\/intertape\",\"https:\/\/x.com\/IPGtape\",\"https:\/\/www.linkedin.com\/company\/intertape-polymer-group\",\"https:\/\/www.instagram.com\/ipgtape\",\"https:\/\/www.youtube.com\/user\/IPGtape\"]}]}<\/script>\n<meta property=\"product:price:currency\" content=\"USD\" \/>\n<meta property=\"og:availability\" content=\"instock\" \/>\n<meta property=\"product:availability\" content=\"instock\" \/>\n<meta property=\"product:retailer_item_id\" content=\"20a054c4b871\" \/>\n<meta property=\"product:condition\" content=\"new\" \/>\n<!-- \/ Yoast SEO Premium plugin. -->","yoast_head_json":{"title":"RB86-2_0-HAY - IPG","robots":{"index":"index","follow":"follow","max-snippet":"max-snippet:-1","max-image-preview":"max-image-preview:large","max-video-preview":"max-video-preview:-1"},"canonical":"https:\/\/www.itape.com\/fr\/product\/rb86-2_0-hay-fr\/","og_locale":"fr_FR","og_type":"article","og_title":"RB86-2_0-HAY","og_description":"Textile de poids moyen incorporant une nouvelle formule de rev\u00eatement con\u00e7u pour am\u00e9liorer la rigidit\u00e9 et la r\u00e9sistance \u00e0 l'abrasion. Pour les b\u00e2ches de protection, les b\u00e2ches pour foin, les liners de puits et de mares, les liners de conteneurs d'exp\u00e9dition et les b\u00e2ches de piscine.","og_url":"https:\/\/www.itape.com\/fr\/product\/rb86-2_0-hay-fr\/","og_site_name":"IPG","article_publisher":"https:\/\/www.facebook.com\/intertape","article_modified_time":"2023-01-12T15:18:50+00:00","og_image":[{"width":240,"height":240,"url":"https:\/\/www.itape.com\/wp-content\/uploads\/2023\/01\/IPGSPECIALTYFABRICRB86175HAY.jpg","type":"image\/jpeg"}],"twitter_card":"summary_large_image","twitter_site":"@IPGtape","twitter_misc":{"Price":"","Availability":"In stock"},"schema":{"@context":"https:\/\/schema.org","@graph":[{"@type":"WebPage","@id":"https:\/\/www.itape.com\/fr\/product\/rb86-2_0-hay-fr\/","url":"https:\/\/www.itape.com\/fr\/product\/rb86-2_0-hay-fr\/","name":"RB86-2_0-HAY - IPG","isPartOf":{"@id":"https:\/\/www.itape.com\/#website"},"primaryImageOfPage":{"@id":"https:\/\/www.itape.com\/fr\/product\/rb86-2_0-hay-fr\/#primaryimage"},"image":{"@id":"https:\/\/www.itape.com\/fr\/product\/rb86-2_0-hay-fr\/#primaryimage"},"thumbnailUrl":"https:\/\/www.itape.com\/wp-content\/uploads\/2023\/01\/IPGSPECIALTYFABRICRB86175HAY.jpg","datePublished":"2023-01-12T14:34:36+00:00","dateModified":"2023-01-12T15:18:50+00:00","breadcrumb":{"@id":"https:\/\/www.itape.com\/fr\/product\/rb86-2_0-hay-fr\/#breadcrumb"},"inLanguage":"fr-FR","potentialAction":[{"@type":"ReadAction","target":["https:\/\/www.itape.com\/fr\/product\/rb86-2_0-hay-fr\/"]}]},{"@type":"ImageObject","inLanguage":"fr-FR","@id":"https:\/\/www.itape.com\/fr\/product\/rb86-2_0-hay-fr\/#primaryimage","url":"https:\/\/www.itape.com\/wp-content\/uploads\/2023\/01\/IPGSPECIALTYFABRICRB86175HAY.jpg","contentUrl":"https:\/\/www.itape.com\/wp-content\/uploads\/2023\/01\/IPGSPECIALTYFABRICRB86175HAY.jpg","width":240,"height":240,"caption":"RB86175 HAY Specialty Fabric"},{"@type":"BreadcrumbList","@id":"https:\/\/www.itape.com\/fr\/product\/rb86-2_0-hay-fr\/#breadcrumb","itemListElement":[{"@type":"ListItem","position":1,"name":"Home","item":"https:\/\/www.itape.com\/fr\/"},{"@type":"ListItem","position":2,"name":"Products","item":"https:\/\/www.itape.com\/products\/"},{"@type":"ListItem","position":3,"name":"RB86-2_0-HAY"}]},{"@type":"WebSite","@id":"https:\/\/www.itape.com\/#website","url":"https:\/\/www.itape.com\/","name":"IPG","description":"Global Leader in Packaging and Protective Solutions","publisher":{"@id":"https:\/\/www.itape.com\/#organization"},"potentialAction":[{"@type":"SearchAction","target":{"@type":"EntryPoint","urlTemplate":"https:\/\/www.itape.com\/?s={search_term_string}"},"query-input":{"@type":"PropertyValueSpecification","valueRequired":true,"valueName":"search_term_string"}}],"inLanguage":"fr-FR"},{"@type":"Organization","@id":"https:\/\/www.itape.com\/#organization","name":"IPG","url":"https:\/\/www.itape.com\/","logo":{"@type":"ImageObject","inLanguage":"fr-FR","@id":"https:\/\/www.itape.com\/#\/schema\/logo\/image\/","url":"https:\/\/www.itape.com\/wp-content\/uploads\/2024\/06\/IPG-logo-2.png","contentUrl":"https:\/\/www.itape.com\/wp-content\/uploads\/2024\/06\/IPG-logo-2.png","width":60,"height":60,"caption":"IPG"},"image":{"@id":"https:\/\/www.itape.com\/#\/schema\/logo\/image\/"},"sameAs":["https:\/\/www.facebook.com\/intertape","https:\/\/x.com\/IPGtape","https:\/\/www.linkedin.com\/company\/intertape-polymer-group","https:\/\/www.instagram.com\/ipgtape","https:\/\/www.youtube.com\/user\/IPGtape"]}]},"product_price_currency":"USD","og_availability":"instock","product_availability":"instock","product_retailer_item_id":"20a054c4b871","product_condition":"new"},"parsely":{"version":"1.1.0","canonical_url":"https:\/\/itape.com\/fr\/product\/rb86-2_0-hay-fr\/","smart_links":{"inbound":0,"outbound":0},"traffic_boost_suggestions_count":0,"meta":{"@context":"https:\/\/schema.org","@type":"WebPage","headline":"RB86-2_0-HAY","url":"https:\/\/www.itape.com\/fr\/product\/rb86-2_0-hay-fr\/","mainEntityOfPage":{"@type":"WebPage","@id":"https:\/\/www.itape.com\/fr\/product\/rb86-2_0-hay-fr\/"},"thumbnailUrl":"https:\/\/www.itape.com\/wp-content\/uploads\/2023\/01\/IPGSPECIALTYFABRICRB86175HAY.jpg?w=150&h=150&crop=1","image":{"@type":"ImageObject","url":"https:\/\/www.itape.com\/wp-content\/uploads\/2023\/01\/IPGSPECIALTYFABRICRB86175HAY.jpg"},"articleSection":"Non classifi\u00e9(e)","author":[{"@type":"Person","name":"IPG"}],"creator":["IPG"],"publisher":{"@type":"Organization","name":"IPG","logo":"https:\/\/www.itape.com\/wp-content\/uploads\/2023\/03\/IPG-logo-2.png"},"keywords":[],"dateCreated":"2023-01-12T14:34:36Z","datePublished":"2023-01-12T14:34:36Z","dateModified":"2023-01-12T15:18:50Z"},"rendered":"<meta name=\"parsely-title\" content=\"RB86-2_0-HAY\" \/>\n<meta name=\"parsely-link\" content=\"https:\/\/www.itape.com\/fr\/product\/rb86-2_0-hay-fr\/\" \/>\n<meta name=\"parsely-type\" content=\"index\" \/>\n<meta name=\"parsely-image-url\" content=\"https:\/\/www.itape.com\/wp-content\/uploads\/2023\/01\/IPGSPECIALTYFABRICRB86175HAY.jpg?w=150&amp;h=150&amp;crop=1\" \/>\n<meta name=\"parsely-pub-date\" content=\"2023-01-12T14:34:36Z\" \/>\n<meta name=\"parsely-section\" content=\"Non classifi\u00e9(e)\" \/>\n<meta name=\"parsely-author\" content=\"IPG\" \/>","tracker_url":"https:\/\/cdn.parsely.com\/keys\/itape.com\/p.js"},"jetpack_sharing_enabled":true,"_links":{"self":[{"href":"https:\/\/www.itape.com\/fr\/wp-json\/wp\/v2\/product\/47316","targetHints":{"allow":["GET"]}}],"collection":[{"href":"https:\/\/www.itape.com\/fr\/wp-json\/wp\/v2\/product"}],"about":[{"href":"https:\/\/www.itape.com\/fr\/wp-json\/wp\/v2\/types\/product"}],"replies":[{"embeddable":true,"href":"https:\/\/www.itape.com\/fr\/wp-json\/wp\/v2\/comments?post=47316"}],"wp:featuredmedia":[{"embeddable":true,"href":"https:\/\/www.itape.com\/fr\/wp-json\/wp\/v2\/media\/45226"}],"wp:attachment":[{"href":"https:\/\/www.itape.com\/fr\/wp-json\/wp\/v2\/media?parent=47316"}],"wp:term":[{"taxonomy":"product_brand","embeddable":true,"href":"https:\/\/www.itape.com\/fr\/wp-json\/wp\/v2\/product_brand?post=47316"},{"taxonomy":"product_cat","embeddable":true,"href":"https:\/\/www.itape.com\/fr\/wp-json\/wp\/v2\/product_cat?post=47316"},{"taxonomy":"product_tag","embeddable":true,"href":"https:\/\/www.itape.com\/fr\/wp-json\/wp\/v2\/product_tag?post=47316"},{"taxonomy":"associated_application","embeddable":true,"href":"https:\/\/www.itape.com\/fr\/wp-json\/wp\/v2\/associated_application?post=47316"}],"curies":[{"name":"wp","href":"https:\/\/api.w.org\/{rel}","templated":true}]}}