{"id":47340,"date":"2023-01-12T14:34:48","date_gmt":"2023-01-12T14:34:48","guid":{"rendered":"https:\/\/www.itape.com\/product\/t226-fr\/"},"modified":"2023-10-19T20:08:47","modified_gmt":"2023-10-19T20:08:47","slug":"t226-fr","status":"publish","type":"product","link":"https:\/\/www.itape.com\/fr\/product\/t226-fr\/","title":{"rendered":"T226"},"content":{"rendered":"","protected":false},"excerpt":{"rendered":"<p>Blastlite accroche forte\u00a0: la r\u00e9ponse d&rsquo;IPG au vinyle. Le caoutchouc sp\u00e9cialement formul\u00e9 est r\u00e9sistant aux chocs et pr\u00e9sente une flexibilit\u00e9 naturelle permettant au T226 de se conformer \u00e9troitement autour des courbes et des surfaces irr\u00e9guli\u00e8res. La colle en acrylique \u00e0 adh\u00e9rence rapide colle rapidement sur les surfaces propres. \u00c9paisseur uniforme, haute qualit\u00e9, conformable, longue dur\u00e9e et simple \u00e0 utiliser. La doublure en papier trait\u00e9e pour le retrait permet une d\u00e9chirure facile \u00e0 la main. Alimentation sans perforation\/par friction. Peut aussi \u00eatre coup\u00e9 au couteau pour une pose pr\u00e9cise. Au contraire du vinyle, le T226 ne contient pas de PVC et peut \u00eatre coup\u00e9 en toute s\u00e9curit\u00e9 avec un proc\u00e9d\u00e9 laser.<\/p>\n","protected":false},"featured_media":52195,"comment_status":"closed","ping_status":"closed","template":"","meta":{"_acf_changed":false},"product_brand":[],"product_cat":[8058,8009,7702],"product_tag":[6284],"associated_application":[5992,6005,6014,6126,6007],"class_list":{"0":"post-47340","1":"product","2":"type-product","3":"status-publish","4":"has-post-thumbnail","6":"product_cat-industrial-tapes-stencil-fr","7":"product_cat-specialty-products-fr","8":"product_cat-industrial-tapes-fr","9":"product_tag-sign-fr","10":"associated_application-industrie-aerospatiale-fr","11":"associated_application-industrie-maritime-et-des-composites-fr","12":"associated_application-media-blast-fr","13":"associated_application-protection-des-surfaces-fr-industrie-maritime-et-des-composites-fr","14":"associated_application-secteur-du-transport-fr","16":"first","17":"instock","18":"product-type-simple"},"acf":[],"yoast_head":"<!-- This site is optimized with the Yoast SEO Premium plugin v24.1 (Yoast SEO v27.0) - https:\/\/yoast.com\/product\/yoast-seo-premium-wordpress\/ -->\n<title>T226 - IPG<\/title>\n<meta name=\"robots\" content=\"index, follow, max-snippet:-1, max-image-preview:large, max-video-preview:-1\" \/>\n<link rel=\"canonical\" href=\"https:\/\/www.itape.com\/fr\/product\/t226-fr\/\" \/>\n<meta property=\"og:locale\" content=\"fr_FR\" \/>\n<meta property=\"og:type\" content=\"article\" \/>\n<meta property=\"og:title\" content=\"T226\" \/>\n<meta property=\"og:description\" content=\"Blastlite accroche forte\u00a0: la r\u00e9ponse d&#039;IPG au vinyle. Le caoutchouc sp\u00e9cialement formul\u00e9 est r\u00e9sistant aux chocs et pr\u00e9sente une flexibilit\u00e9 naturelle permettant au T226 de se conformer \u00e9troitement autour des courbes et des surfaces irr\u00e9guli\u00e8res. La colle en acrylique \u00e0 adh\u00e9rence rapide colle rapidement sur les surfaces propres. \u00c9paisseur uniforme, haute qualit\u00e9, conformable, longue dur\u00e9e et simple \u00e0 utiliser. La doublure en papier trait\u00e9e pour le retrait permet une d\u00e9chirure facile \u00e0 la main. Alimentation sans perforation\/par friction. Peut aussi \u00eatre coup\u00e9 au couteau pour une pose pr\u00e9cise. Au contraire du vinyle, le T226 ne contient pas de PVC et peut \u00eatre coup\u00e9 en toute s\u00e9curit\u00e9 avec un proc\u00e9d\u00e9 laser.\" \/>\n<meta property=\"og:url\" content=\"https:\/\/www.itape.com\/fr\/product\/t226-fr\/\" \/>\n<meta property=\"og:site_name\" content=\"IPG\" \/>\n<meta property=\"article:publisher\" content=\"https:\/\/www.facebook.com\/intertape\" \/>\n<meta property=\"article:modified_time\" content=\"2023-10-19T20:08:47+00:00\" \/>\n<meta property=\"og:image\" content=\"https:\/\/www.itape.com\/wp-content\/uploads\/2023\/01\/T226_high.jpg\" \/>\n\t<meta property=\"og:image:width\" content=\"2400\" \/>\n\t<meta property=\"og:image:height\" content=\"2400\" \/>\n\t<meta property=\"og:image:type\" content=\"image\/jpeg\" \/>\n<meta name=\"twitter:card\" content=\"summary_large_image\" \/>\n<meta name=\"twitter:site\" content=\"@IPGtape\" \/>\n<meta name=\"twitter:label1\" content=\"Price\" \/>\n\t<meta name=\"twitter:data1\" content=\"\" \/>\n\t<meta name=\"twitter:label2\" content=\"Availability\" \/>\n\t<meta name=\"twitter:data2\" content=\"In stock\" \/>\n<script type=\"application\/ld+json\" class=\"yoast-schema-graph\">{\"@context\":\"https:\/\/schema.org\",\"@graph\":[{\"@type\":\"WebPage\",\"@id\":\"https:\/\/www.itape.com\/fr\/product\/t226-fr\/\",\"url\":\"https:\/\/www.itape.com\/fr\/product\/t226-fr\/\",\"name\":\"T226 - IPG\",\"isPartOf\":{\"@id\":\"https:\/\/www.itape.com\/#website\"},\"primaryImageOfPage\":{\"@id\":\"https:\/\/www.itape.com\/fr\/product\/t226-fr\/#primaryimage\"},\"image\":{\"@id\":\"https:\/\/www.itape.com\/fr\/product\/t226-fr\/#primaryimage\"},\"thumbnailUrl\":\"https:\/\/www.itape.com\/wp-content\/uploads\/2023\/01\/T226_high.jpg\",\"datePublished\":\"2023-01-12T14:34:48+00:00\",\"dateModified\":\"2023-10-19T20:08:47+00:00\",\"breadcrumb\":{\"@id\":\"https:\/\/www.itape.com\/fr\/product\/t226-fr\/#breadcrumb\"},\"inLanguage\":\"fr-FR\",\"potentialAction\":[{\"@type\":\"ReadAction\",\"target\":[\"https:\/\/www.itape.com\/fr\/product\/t226-fr\/\"]}]},{\"@type\":\"ImageObject\",\"inLanguage\":\"fr-FR\",\"@id\":\"https:\/\/www.itape.com\/fr\/product\/t226-fr\/#primaryimage\",\"url\":\"https:\/\/www.itape.com\/wp-content\/uploads\/2023\/01\/T226_high.jpg\",\"contentUrl\":\"https:\/\/www.itape.com\/wp-content\/uploads\/2023\/01\/T226_high.jpg\",\"width\":2400,\"height\":2400,\"caption\":\"T226_Stencil\"},{\"@type\":\"BreadcrumbList\",\"@id\":\"https:\/\/www.itape.com\/fr\/product\/t226-fr\/#breadcrumb\",\"itemListElement\":[{\"@type\":\"ListItem\",\"position\":1,\"name\":\"Home\",\"item\":\"https:\/\/www.itape.com\/fr\/\"},{\"@type\":\"ListItem\",\"position\":2,\"name\":\"Products\",\"item\":\"https:\/\/www.itape.com\/products\/\"},{\"@type\":\"ListItem\",\"position\":3,\"name\":\"T226\"}]},{\"@type\":\"WebSite\",\"@id\":\"https:\/\/www.itape.com\/#website\",\"url\":\"https:\/\/www.itape.com\/\",\"name\":\"IPG\",\"description\":\"Global Leader in Packaging and Protective Solutions\",\"publisher\":{\"@id\":\"https:\/\/www.itape.com\/#organization\"},\"potentialAction\":[{\"@type\":\"SearchAction\",\"target\":{\"@type\":\"EntryPoint\",\"urlTemplate\":\"https:\/\/www.itape.com\/?s={search_term_string}\"},\"query-input\":{\"@type\":\"PropertyValueSpecification\",\"valueRequired\":true,\"valueName\":\"search_term_string\"}}],\"inLanguage\":\"fr-FR\"},{\"@type\":\"Organization\",\"@id\":\"https:\/\/www.itape.com\/#organization\",\"name\":\"IPG\",\"url\":\"https:\/\/www.itape.com\/\",\"logo\":{\"@type\":\"ImageObject\",\"inLanguage\":\"fr-FR\",\"@id\":\"https:\/\/www.itape.com\/#\/schema\/logo\/image\/\",\"url\":\"https:\/\/www.itape.com\/wp-content\/uploads\/2024\/06\/IPG-logo-2.png\",\"contentUrl\":\"https:\/\/www.itape.com\/wp-content\/uploads\/2024\/06\/IPG-logo-2.png\",\"width\":60,\"height\":60,\"caption\":\"IPG\"},\"image\":{\"@id\":\"https:\/\/www.itape.com\/#\/schema\/logo\/image\/\"},\"sameAs\":[\"https:\/\/www.facebook.com\/intertape\",\"https:\/\/x.com\/IPGtape\",\"https:\/\/www.linkedin.com\/company\/intertape-polymer-group\",\"https:\/\/www.instagram.com\/ipgtape\",\"https:\/\/www.youtube.com\/user\/IPGtape\"]}]}<\/script>\n<meta property=\"product:price:currency\" content=\"USD\" \/>\n<meta property=\"og:availability\" content=\"instock\" \/>\n<meta property=\"product:availability\" content=\"instock\" \/>\n<meta property=\"product:retailer_item_id\" content=\"4e428f122044\" \/>\n<meta property=\"product:condition\" content=\"new\" \/>\n<!-- \/ Yoast SEO Premium plugin. -->","yoast_head_json":{"title":"T226 - IPG","robots":{"index":"index","follow":"follow","max-snippet":"max-snippet:-1","max-image-preview":"max-image-preview:large","max-video-preview":"max-video-preview:-1"},"canonical":"https:\/\/www.itape.com\/fr\/product\/t226-fr\/","og_locale":"fr_FR","og_type":"article","og_title":"T226","og_description":"Blastlite accroche forte\u00a0: la r\u00e9ponse d'IPG au vinyle. Le caoutchouc sp\u00e9cialement formul\u00e9 est r\u00e9sistant aux chocs et pr\u00e9sente une flexibilit\u00e9 naturelle permettant au T226 de se conformer \u00e9troitement autour des courbes et des surfaces irr\u00e9guli\u00e8res. La colle en acrylique \u00e0 adh\u00e9rence rapide colle rapidement sur les surfaces propres. \u00c9paisseur uniforme, haute qualit\u00e9, conformable, longue dur\u00e9e et simple \u00e0 utiliser. La doublure en papier trait\u00e9e pour le retrait permet une d\u00e9chirure facile \u00e0 la main. Alimentation sans perforation\/par friction. Peut aussi \u00eatre coup\u00e9 au couteau pour une pose pr\u00e9cise. Au contraire du vinyle, le T226 ne contient pas de PVC et peut \u00eatre coup\u00e9 en toute s\u00e9curit\u00e9 avec un proc\u00e9d\u00e9 laser.","og_url":"https:\/\/www.itape.com\/fr\/product\/t226-fr\/","og_site_name":"IPG","article_publisher":"https:\/\/www.facebook.com\/intertape","article_modified_time":"2023-10-19T20:08:47+00:00","og_image":[{"width":2400,"height":2400,"url":"https:\/\/www.itape.com\/wp-content\/uploads\/2023\/01\/T226_high.jpg","type":"image\/jpeg"}],"twitter_card":"summary_large_image","twitter_site":"@IPGtape","twitter_misc":{"Price":"","Availability":"In stock"},"schema":{"@context":"https:\/\/schema.org","@graph":[{"@type":"WebPage","@id":"https:\/\/www.itape.com\/fr\/product\/t226-fr\/","url":"https:\/\/www.itape.com\/fr\/product\/t226-fr\/","name":"T226 - IPG","isPartOf":{"@id":"https:\/\/www.itape.com\/#website"},"primaryImageOfPage":{"@id":"https:\/\/www.itape.com\/fr\/product\/t226-fr\/#primaryimage"},"image":{"@id":"https:\/\/www.itape.com\/fr\/product\/t226-fr\/#primaryimage"},"thumbnailUrl":"https:\/\/www.itape.com\/wp-content\/uploads\/2023\/01\/T226_high.jpg","datePublished":"2023-01-12T14:34:48+00:00","dateModified":"2023-10-19T20:08:47+00:00","breadcrumb":{"@id":"https:\/\/www.itape.com\/fr\/product\/t226-fr\/#breadcrumb"},"inLanguage":"fr-FR","potentialAction":[{"@type":"ReadAction","target":["https:\/\/www.itape.com\/fr\/product\/t226-fr\/"]}]},{"@type":"ImageObject","inLanguage":"fr-FR","@id":"https:\/\/www.itape.com\/fr\/product\/t226-fr\/#primaryimage","url":"https:\/\/www.itape.com\/wp-content\/uploads\/2023\/01\/T226_high.jpg","contentUrl":"https:\/\/www.itape.com\/wp-content\/uploads\/2023\/01\/T226_high.jpg","width":2400,"height":2400,"caption":"T226_Stencil"},{"@type":"BreadcrumbList","@id":"https:\/\/www.itape.com\/fr\/product\/t226-fr\/#breadcrumb","itemListElement":[{"@type":"ListItem","position":1,"name":"Home","item":"https:\/\/www.itape.com\/fr\/"},{"@type":"ListItem","position":2,"name":"Products","item":"https:\/\/www.itape.com\/products\/"},{"@type":"ListItem","position":3,"name":"T226"}]},{"@type":"WebSite","@id":"https:\/\/www.itape.com\/#website","url":"https:\/\/www.itape.com\/","name":"IPG","description":"Global Leader in Packaging and Protective Solutions","publisher":{"@id":"https:\/\/www.itape.com\/#organization"},"potentialAction":[{"@type":"SearchAction","target":{"@type":"EntryPoint","urlTemplate":"https:\/\/www.itape.com\/?s={search_term_string}"},"query-input":{"@type":"PropertyValueSpecification","valueRequired":true,"valueName":"search_term_string"}}],"inLanguage":"fr-FR"},{"@type":"Organization","@id":"https:\/\/www.itape.com\/#organization","name":"IPG","url":"https:\/\/www.itape.com\/","logo":{"@type":"ImageObject","inLanguage":"fr-FR","@id":"https:\/\/www.itape.com\/#\/schema\/logo\/image\/","url":"https:\/\/www.itape.com\/wp-content\/uploads\/2024\/06\/IPG-logo-2.png","contentUrl":"https:\/\/www.itape.com\/wp-content\/uploads\/2024\/06\/IPG-logo-2.png","width":60,"height":60,"caption":"IPG"},"image":{"@id":"https:\/\/www.itape.com\/#\/schema\/logo\/image\/"},"sameAs":["https:\/\/www.facebook.com\/intertape","https:\/\/x.com\/IPGtape","https:\/\/www.linkedin.com\/company\/intertape-polymer-group","https:\/\/www.instagram.com\/ipgtape","https:\/\/www.youtube.com\/user\/IPGtape"]}]},"product_price_currency":"USD","og_availability":"instock","product_availability":"instock","product_retailer_item_id":"4e428f122044","product_condition":"new"},"parsely":{"version":"1.1.0","canonical_url":"https:\/\/itape.com\/fr\/product\/t226-fr\/","smart_links":{"inbound":0,"outbound":0},"traffic_boost_suggestions_count":0,"meta":{"@context":"https:\/\/schema.org","@type":"WebPage","headline":"T226","url":"https:\/\/www.itape.com\/fr\/product\/t226-fr\/","mainEntityOfPage":{"@type":"WebPage","@id":"https:\/\/www.itape.com\/fr\/product\/t226-fr\/"},"thumbnailUrl":"https:\/\/www.itape.com\/wp-content\/uploads\/2023\/01\/T226_high.jpg?w=150&h=150&crop=1","image":{"@type":"ImageObject","url":"https:\/\/www.itape.com\/wp-content\/uploads\/2023\/01\/T226_high.jpg"},"articleSection":"Non classifi\u00e9(e)","author":[{"@type":"Person","name":"IPG"}],"creator":["IPG"],"publisher":{"@type":"Organization","name":"IPG","logo":"https:\/\/www.itape.com\/wp-content\/uploads\/2023\/03\/IPG-logo-2.png"},"keywords":[],"dateCreated":"2023-01-12T14:34:48Z","datePublished":"2023-01-12T14:34:48Z","dateModified":"2023-10-19T20:08:47Z"},"rendered":"<meta name=\"parsely-title\" content=\"T226\" \/>\n<meta name=\"parsely-link\" content=\"https:\/\/www.itape.com\/fr\/product\/t226-fr\/\" \/>\n<meta name=\"parsely-type\" content=\"index\" \/>\n<meta name=\"parsely-image-url\" content=\"https:\/\/www.itape.com\/wp-content\/uploads\/2023\/01\/T226_high.jpg?w=150&amp;h=150&amp;crop=1\" \/>\n<meta name=\"parsely-pub-date\" content=\"2023-01-12T14:34:48Z\" \/>\n<meta name=\"parsely-section\" content=\"Non classifi\u00e9(e)\" \/>\n<meta name=\"parsely-author\" content=\"IPG\" \/>","tracker_url":"https:\/\/cdn.parsely.com\/keys\/itape.com\/p.js"},"jetpack_sharing_enabled":true,"_links":{"self":[{"href":"https:\/\/www.itape.com\/fr\/wp-json\/wp\/v2\/product\/47340","targetHints":{"allow":["GET"]}}],"collection":[{"href":"https:\/\/www.itape.com\/fr\/wp-json\/wp\/v2\/product"}],"about":[{"href":"https:\/\/www.itape.com\/fr\/wp-json\/wp\/v2\/types\/product"}],"replies":[{"embeddable":true,"href":"https:\/\/www.itape.com\/fr\/wp-json\/wp\/v2\/comments?post=47340"}],"wp:featuredmedia":[{"embeddable":true,"href":"https:\/\/www.itape.com\/fr\/wp-json\/wp\/v2\/media\/52195"}],"wp:attachment":[{"href":"https:\/\/www.itape.com\/fr\/wp-json\/wp\/v2\/media?parent=47340"}],"wp:term":[{"taxonomy":"product_brand","embeddable":true,"href":"https:\/\/www.itape.com\/fr\/wp-json\/wp\/v2\/product_brand?post=47340"},{"taxonomy":"product_cat","embeddable":true,"href":"https:\/\/www.itape.com\/fr\/wp-json\/wp\/v2\/product_cat?post=47340"},{"taxonomy":"product_tag","embeddable":true,"href":"https:\/\/www.itape.com\/fr\/wp-json\/wp\/v2\/product_tag?post=47340"},{"taxonomy":"associated_application","embeddable":true,"href":"https:\/\/www.itape.com\/fr\/wp-json\/wp\/v2\/associated_application?post=47340"}],"curies":[{"name":"wp","href":"https:\/\/api.w.org\/{rel}","templated":true}]}}