{"id":47353,"date":"2023-01-12T14:34:59","date_gmt":"2023-01-12T14:34:59","guid":{"rendered":"https:\/\/www.itape.com\/product\/orbit-air-b-fr\/"},"modified":"2023-03-03T20:12:05","modified_gmt":"2023-03-03T20:12:05","slug":"orbit-air-b-fr","status":"publish","type":"product","link":"https:\/\/www.itape.com\/fr\/product\/orbit-air-b-fr\/","title":{"rendered":"ORBIT AIR B"},"content":{"rendered":"","protected":false},"excerpt":{"rendered":"<p>Le film manuel Orbit Air B de la marque SuperFlex\u00ae est un film pr\u00e9-\u00e9tir\u00e9 biaxialement orient\u00e9 solide et dur pr\u00e9sentant une r\u00e9sistance sup\u00e9rieure \u2022 Les bords sont renforc\u00e9s pour \u00e9viter un d\u00e9chirement pendant le d\u00e9roulage \u2022 Accroche \u00e9lev\u00e9e pour une application facile \u2022 Force de tenue optimale pour \u00e9viter le d\u00e9placement de charge pendant le transport \u2022 Moins d&rsquo;efforts pour emballer votre charge solidement \u2022 Les largeurs sont 362\u00a0mm et 425\u00a0mm<\/p>\n","protected":false},"featured_media":80846,"comment_status":"closed","ping_status":"closed","template":"","meta":{"_acf_changed":false},"product_brand":[],"product_cat":[8268,6173,7742,7703,7706],"product_tag":[8262,6288],"associated_application":[5997,6003,6081,6105,6056,6083,6000],"class_list":{"0":"post-47353","1":"product","2":"type-product","3":"status-publish","4":"has-post-thumbnail","6":"product_cat-cradle-to-cradle-products-fr","7":"product_cat-stretch-film-fr","8":"product_cat-packaging-films-film-etirable-fr","9":"product_cat-packaging-films-fr","10":"product_cat-sustainable-packaging-fr","11":"product_tag-cradle-to-cradle-certified-fr","12":"product_tag-hand-wrap-fr","13":"associated_application-commerce-en-ligne-fr","14":"associated_application-demenagement-et-stockage-fr","15":"associated_application-groupage-et-assemblage-fr","16":"associated_application-groupage-et-assemblage-fr-demenagement-et-stockage-fr","17":"associated_application-palettisation-unitisation-fr","18":"associated_application-processus-general-demballage-fr-transformation-alimentaire-fr","19":"associated_application-transformation-alimentaire-fr","21":"first","22":"instock","23":"product-type-simple"},"acf":[],"yoast_head":"<!-- This site is optimized with the Yoast SEO Premium plugin v24.1 (Yoast SEO v27.0) - https:\/\/yoast.com\/product\/yoast-seo-premium-wordpress\/ -->\n<title>ORBIT AIR B - IPG<\/title>\n<meta name=\"robots\" content=\"index, follow, max-snippet:-1, max-image-preview:large, max-video-preview:-1\" \/>\n<link rel=\"canonical\" href=\"https:\/\/www.itape.com\/fr\/product\/orbit-air-b-fr\/\" \/>\n<meta property=\"og:locale\" content=\"fr_FR\" \/>\n<meta property=\"og:type\" content=\"article\" \/>\n<meta property=\"og:title\" content=\"ORBIT AIR B\" \/>\n<meta property=\"og:description\" content=\"Le film manuel Orbit Air B de la marque SuperFlex\u00ae est un film pr\u00e9-\u00e9tir\u00e9 biaxialement orient\u00e9 solide et dur pr\u00e9sentant une r\u00e9sistance sup\u00e9rieure \u2022 Les bords sont renforc\u00e9s pour \u00e9viter un d\u00e9chirement pendant le d\u00e9roulage \u2022 Accroche \u00e9lev\u00e9e pour une application facile \u2022 Force de tenue optimale pour \u00e9viter le d\u00e9placement de charge pendant le transport \u2022 Moins d&#039;efforts pour emballer votre charge solidement \u2022 Les largeurs sont 362\u00a0mm et 425\u00a0mm\" \/>\n<meta property=\"og:url\" content=\"https:\/\/www.itape.com\/fr\/product\/orbit-air-b-fr\/\" \/>\n<meta property=\"og:site_name\" content=\"IPG\" \/>\n<meta property=\"article:publisher\" content=\"https:\/\/www.facebook.com\/intertape\" \/>\n<meta property=\"article:modified_time\" content=\"2023-03-03T20:12:05+00:00\" \/>\n<meta property=\"og:image\" content=\"https:\/\/www.itape.com\/wp-content\/uploads\/2023\/01\/ORBIT_AIR_B_high.jpg\" \/>\n\t<meta property=\"og:image:width\" content=\"2400\" \/>\n\t<meta property=\"og:image:height\" content=\"2400\" \/>\n\t<meta property=\"og:image:type\" content=\"image\/jpeg\" \/>\n<meta name=\"twitter:card\" content=\"summary_large_image\" \/>\n<meta name=\"twitter:site\" content=\"@IPGtape\" \/>\n<meta name=\"twitter:label1\" content=\"Price\" \/>\n\t<meta name=\"twitter:data1\" content=\"\" \/>\n\t<meta name=\"twitter:label2\" content=\"Availability\" \/>\n\t<meta name=\"twitter:data2\" content=\"In stock\" \/>\n<script type=\"application\/ld+json\" class=\"yoast-schema-graph\">{\"@context\":\"https:\/\/schema.org\",\"@graph\":[{\"@type\":\"WebPage\",\"@id\":\"https:\/\/www.itape.com\/fr\/product\/orbit-air-b-fr\/\",\"url\":\"https:\/\/www.itape.com\/fr\/product\/orbit-air-b-fr\/\",\"name\":\"ORBIT AIR B - IPG\",\"isPartOf\":{\"@id\":\"https:\/\/www.itape.com\/#website\"},\"primaryImageOfPage\":{\"@id\":\"https:\/\/www.itape.com\/fr\/product\/orbit-air-b-fr\/#primaryimage\"},\"image\":{\"@id\":\"https:\/\/www.itape.com\/fr\/product\/orbit-air-b-fr\/#primaryimage\"},\"thumbnailUrl\":\"https:\/\/www.itape.com\/wp-content\/uploads\/2023\/10\/orbit-air-b_high.jpg\",\"datePublished\":\"2023-01-12T14:34:59+00:00\",\"dateModified\":\"2023-03-03T20:12:05+00:00\",\"breadcrumb\":{\"@id\":\"https:\/\/www.itape.com\/fr\/product\/orbit-air-b-fr\/#breadcrumb\"},\"inLanguage\":\"fr-FR\",\"potentialAction\":[{\"@type\":\"ReadAction\",\"target\":[\"https:\/\/www.itape.com\/fr\/product\/orbit-air-b-fr\/\"]}]},{\"@type\":\"ImageObject\",\"inLanguage\":\"fr-FR\",\"@id\":\"https:\/\/www.itape.com\/fr\/product\/orbit-air-b-fr\/#primaryimage\",\"url\":\"https:\/\/www.itape.com\/wp-content\/uploads\/2023\/10\/orbit-air-b_high.jpg\",\"contentUrl\":\"https:\/\/www.itape.com\/wp-content\/uploads\/2023\/10\/orbit-air-b_high.jpg\",\"width\":2400,\"height\":2400,\"caption\":\"Orbit Air B Image\"},{\"@type\":\"BreadcrumbList\",\"@id\":\"https:\/\/www.itape.com\/fr\/product\/orbit-air-b-fr\/#breadcrumb\",\"itemListElement\":[{\"@type\":\"ListItem\",\"position\":1,\"name\":\"Home\",\"item\":\"https:\/\/www.itape.com\/fr\/\"},{\"@type\":\"ListItem\",\"position\":2,\"name\":\"Products\",\"item\":\"https:\/\/www.itape.com\/products\/\"},{\"@type\":\"ListItem\",\"position\":3,\"name\":\"ORBIT AIR B\"}]},{\"@type\":\"WebSite\",\"@id\":\"https:\/\/www.itape.com\/#website\",\"url\":\"https:\/\/www.itape.com\/\",\"name\":\"IPG\",\"description\":\"Global Leader in Packaging and Protective Solutions\",\"publisher\":{\"@id\":\"https:\/\/www.itape.com\/#organization\"},\"potentialAction\":[{\"@type\":\"SearchAction\",\"target\":{\"@type\":\"EntryPoint\",\"urlTemplate\":\"https:\/\/www.itape.com\/?s={search_term_string}\"},\"query-input\":{\"@type\":\"PropertyValueSpecification\",\"valueRequired\":true,\"valueName\":\"search_term_string\"}}],\"inLanguage\":\"fr-FR\"},{\"@type\":\"Organization\",\"@id\":\"https:\/\/www.itape.com\/#organization\",\"name\":\"IPG\",\"url\":\"https:\/\/www.itape.com\/\",\"logo\":{\"@type\":\"ImageObject\",\"inLanguage\":\"fr-FR\",\"@id\":\"https:\/\/www.itape.com\/#\/schema\/logo\/image\/\",\"url\":\"https:\/\/www.itape.com\/wp-content\/uploads\/2024\/06\/IPG-logo-2.png\",\"contentUrl\":\"https:\/\/www.itape.com\/wp-content\/uploads\/2024\/06\/IPG-logo-2.png\",\"width\":60,\"height\":60,\"caption\":\"IPG\"},\"image\":{\"@id\":\"https:\/\/www.itape.com\/#\/schema\/logo\/image\/\"},\"sameAs\":[\"https:\/\/www.facebook.com\/intertape\",\"https:\/\/x.com\/IPGtape\",\"https:\/\/www.linkedin.com\/company\/intertape-polymer-group\",\"https:\/\/www.instagram.com\/ipgtape\",\"https:\/\/www.youtube.com\/user\/IPGtape\"]}]}<\/script>\n<meta property=\"product:price:currency\" content=\"USD\" \/>\n<meta property=\"og:availability\" content=\"instock\" \/>\n<meta property=\"product:availability\" content=\"instock\" \/>\n<meta property=\"product:retailer_item_id\" content=\"0c523a8d80de\" \/>\n<meta property=\"product:condition\" content=\"new\" \/>\n<!-- \/ Yoast SEO Premium plugin. -->","yoast_head_json":{"title":"ORBIT AIR B - IPG","robots":{"index":"index","follow":"follow","max-snippet":"max-snippet:-1","max-image-preview":"max-image-preview:large","max-video-preview":"max-video-preview:-1"},"canonical":"https:\/\/www.itape.com\/fr\/product\/orbit-air-b-fr\/","og_locale":"fr_FR","og_type":"article","og_title":"ORBIT AIR B","og_description":"Le film manuel Orbit Air B de la marque SuperFlex\u00ae est un film pr\u00e9-\u00e9tir\u00e9 biaxialement orient\u00e9 solide et dur pr\u00e9sentant une r\u00e9sistance sup\u00e9rieure \u2022 Les bords sont renforc\u00e9s pour \u00e9viter un d\u00e9chirement pendant le d\u00e9roulage \u2022 Accroche \u00e9lev\u00e9e pour une application facile \u2022 Force de tenue optimale pour \u00e9viter le d\u00e9placement de charge pendant le transport \u2022 Moins d'efforts pour emballer votre charge solidement \u2022 Les largeurs sont 362\u00a0mm et 425\u00a0mm","og_url":"https:\/\/www.itape.com\/fr\/product\/orbit-air-b-fr\/","og_site_name":"IPG","article_publisher":"https:\/\/www.facebook.com\/intertape","article_modified_time":"2023-03-03T20:12:05+00:00","og_image":[{"width":2400,"height":2400,"url":"https:\/\/www.itape.com\/wp-content\/uploads\/2023\/01\/ORBIT_AIR_B_high.jpg","type":"image\/jpeg"}],"twitter_card":"summary_large_image","twitter_site":"@IPGtape","twitter_misc":{"Price":"","Availability":"In stock"},"schema":{"@context":"https:\/\/schema.org","@graph":[{"@type":"WebPage","@id":"https:\/\/www.itape.com\/fr\/product\/orbit-air-b-fr\/","url":"https:\/\/www.itape.com\/fr\/product\/orbit-air-b-fr\/","name":"ORBIT AIR B - IPG","isPartOf":{"@id":"https:\/\/www.itape.com\/#website"},"primaryImageOfPage":{"@id":"https:\/\/www.itape.com\/fr\/product\/orbit-air-b-fr\/#primaryimage"},"image":{"@id":"https:\/\/www.itape.com\/fr\/product\/orbit-air-b-fr\/#primaryimage"},"thumbnailUrl":"https:\/\/www.itape.com\/wp-content\/uploads\/2023\/10\/orbit-air-b_high.jpg","datePublished":"2023-01-12T14:34:59+00:00","dateModified":"2023-03-03T20:12:05+00:00","breadcrumb":{"@id":"https:\/\/www.itape.com\/fr\/product\/orbit-air-b-fr\/#breadcrumb"},"inLanguage":"fr-FR","potentialAction":[{"@type":"ReadAction","target":["https:\/\/www.itape.com\/fr\/product\/orbit-air-b-fr\/"]}]},{"@type":"ImageObject","inLanguage":"fr-FR","@id":"https:\/\/www.itape.com\/fr\/product\/orbit-air-b-fr\/#primaryimage","url":"https:\/\/www.itape.com\/wp-content\/uploads\/2023\/10\/orbit-air-b_high.jpg","contentUrl":"https:\/\/www.itape.com\/wp-content\/uploads\/2023\/10\/orbit-air-b_high.jpg","width":2400,"height":2400,"caption":"Orbit Air B Image"},{"@type":"BreadcrumbList","@id":"https:\/\/www.itape.com\/fr\/product\/orbit-air-b-fr\/#breadcrumb","itemListElement":[{"@type":"ListItem","position":1,"name":"Home","item":"https:\/\/www.itape.com\/fr\/"},{"@type":"ListItem","position":2,"name":"Products","item":"https:\/\/www.itape.com\/products\/"},{"@type":"ListItem","position":3,"name":"ORBIT AIR B"}]},{"@type":"WebSite","@id":"https:\/\/www.itape.com\/#website","url":"https:\/\/www.itape.com\/","name":"IPG","description":"Global Leader in Packaging and Protective Solutions","publisher":{"@id":"https:\/\/www.itape.com\/#organization"},"potentialAction":[{"@type":"SearchAction","target":{"@type":"EntryPoint","urlTemplate":"https:\/\/www.itape.com\/?s={search_term_string}"},"query-input":{"@type":"PropertyValueSpecification","valueRequired":true,"valueName":"search_term_string"}}],"inLanguage":"fr-FR"},{"@type":"Organization","@id":"https:\/\/www.itape.com\/#organization","name":"IPG","url":"https:\/\/www.itape.com\/","logo":{"@type":"ImageObject","inLanguage":"fr-FR","@id":"https:\/\/www.itape.com\/#\/schema\/logo\/image\/","url":"https:\/\/www.itape.com\/wp-content\/uploads\/2024\/06\/IPG-logo-2.png","contentUrl":"https:\/\/www.itape.com\/wp-content\/uploads\/2024\/06\/IPG-logo-2.png","width":60,"height":60,"caption":"IPG"},"image":{"@id":"https:\/\/www.itape.com\/#\/schema\/logo\/image\/"},"sameAs":["https:\/\/www.facebook.com\/intertape","https:\/\/x.com\/IPGtape","https:\/\/www.linkedin.com\/company\/intertape-polymer-group","https:\/\/www.instagram.com\/ipgtape","https:\/\/www.youtube.com\/user\/IPGtape"]}]},"product_price_currency":"USD","og_availability":"instock","product_availability":"instock","product_retailer_item_id":"0c523a8d80de","product_condition":"new"},"parsely":{"version":"1.1.0","canonical_url":"https:\/\/itape.com\/fr\/product\/orbit-air-b-fr\/","smart_links":{"inbound":0,"outbound":0},"traffic_boost_suggestions_count":0,"meta":{"@context":"https:\/\/schema.org","@type":"WebPage","headline":"ORBIT AIR B","url":"https:\/\/www.itape.com\/fr\/product\/orbit-air-b-fr\/","mainEntityOfPage":{"@type":"WebPage","@id":"https:\/\/www.itape.com\/fr\/product\/orbit-air-b-fr\/"},"thumbnailUrl":"https:\/\/www.itape.com\/wp-content\/uploads\/2023\/10\/orbit-air-b_high.jpg?w=150&h=150&crop=1","image":{"@type":"ImageObject","url":"https:\/\/www.itape.com\/wp-content\/uploads\/2023\/10\/orbit-air-b_high.jpg"},"articleSection":"Non classifi\u00e9(e)","author":[{"@type":"Person","name":"IPG"}],"creator":["IPG"],"publisher":{"@type":"Organization","name":"IPG","logo":"https:\/\/www.itape.com\/wp-content\/uploads\/2023\/03\/IPG-logo-2.png"},"keywords":[],"dateCreated":"2023-01-12T14:34:59Z","datePublished":"2023-01-12T14:34:59Z","dateModified":"2023-03-03T20:12:05Z"},"rendered":"<meta name=\"parsely-title\" content=\"ORBIT AIR B\" \/>\n<meta name=\"parsely-link\" content=\"https:\/\/www.itape.com\/fr\/product\/orbit-air-b-fr\/\" \/>\n<meta name=\"parsely-type\" content=\"index\" \/>\n<meta name=\"parsely-image-url\" content=\"https:\/\/www.itape.com\/wp-content\/uploads\/2023\/10\/orbit-air-b_high.jpg?w=150&amp;h=150&amp;crop=1\" \/>\n<meta name=\"parsely-pub-date\" content=\"2023-01-12T14:34:59Z\" \/>\n<meta name=\"parsely-section\" content=\"Non classifi\u00e9(e)\" \/>\n<meta name=\"parsely-author\" content=\"IPG\" \/>","tracker_url":"https:\/\/cdn.parsely.com\/keys\/itape.com\/p.js"},"jetpack_sharing_enabled":true,"_links":{"self":[{"href":"https:\/\/www.itape.com\/fr\/wp-json\/wp\/v2\/product\/47353","targetHints":{"allow":["GET"]}}],"collection":[{"href":"https:\/\/www.itape.com\/fr\/wp-json\/wp\/v2\/product"}],"about":[{"href":"https:\/\/www.itape.com\/fr\/wp-json\/wp\/v2\/types\/product"}],"replies":[{"embeddable":true,"href":"https:\/\/www.itape.com\/fr\/wp-json\/wp\/v2\/comments?post=47353"}],"wp:featuredmedia":[{"embeddable":true,"href":"https:\/\/www.itape.com\/fr\/wp-json\/wp\/v2\/media\/80846"}],"wp:attachment":[{"href":"https:\/\/www.itape.com\/fr\/wp-json\/wp\/v2\/media?parent=47353"}],"wp:term":[{"taxonomy":"product_brand","embeddable":true,"href":"https:\/\/www.itape.com\/fr\/wp-json\/wp\/v2\/product_brand?post=47353"},{"taxonomy":"product_cat","embeddable":true,"href":"https:\/\/www.itape.com\/fr\/wp-json\/wp\/v2\/product_cat?post=47353"},{"taxonomy":"product_tag","embeddable":true,"href":"https:\/\/www.itape.com\/fr\/wp-json\/wp\/v2\/product_tag?post=47353"},{"taxonomy":"associated_application","embeddable":true,"href":"https:\/\/www.itape.com\/fr\/wp-json\/wp\/v2\/associated_application?post=47353"}],"curies":[{"name":"wp","href":"https:\/\/api.w.org\/{rel}","templated":true}]}}