{"id":47372,"date":"2023-01-12T14:35:11","date_gmt":"2023-01-12T14:35:11","guid":{"rendered":"https:\/\/www.itape.com\/product\/tpx48np-medium-grade-dispenser-fr\/"},"modified":"2023-05-23T18:06:32","modified_gmt":"2023-05-23T18:06:32","slug":"tpx48np-medium-grade-dispenser-fr","status":"publish","type":"product","link":"https:\/\/www.itape.com\/fr\/product\/tpx48np-medium-grade-dispenser-fr\/","title":{"rendered":"2&Prime; Medium Grade Pistol Grip Hand Tape Dispenser (TPX48NP)"},"content":{"rendered":"<div class=\"prose\">For applying carton sealing, filament, masking, flatback tapes and more<\/div>\n","protected":false},"excerpt":{"rendered":"<p>D\u00e9vidoir portable \u00e0 poign\u00e9e pistolet de calibre moyen 50\u00a0mm XTRAtape\u2122. Poss\u00e8de un mandrin de 37\u00a0mm. Cadre en acier renforc\u00e9 avec plastique r\u00e9sistant aux chocs. Rouleau en plastique. Frein ajustable pour contr\u00f4ler la tension. Racleur en plastique<\/p>\n","protected":false},"featured_media":64078,"comment_status":"closed","ping_status":"closed","template":"","meta":{"_acf_changed":false},"product_brand":[],"product_cat":[7724,6174,7700],"product_tag":[8100],"associated_application":[5993,5997,6003,5992,5994,6007,6000],"class_list":{"0":"post-47372","1":"product","2":"type-product","3":"status-publish","4":"has-post-thumbnail","6":"product_cat-carton-sealing-products-devidoirs-fr","7":"product_cat-tape-dispensers-fr","8":"product_cat-carton-sealing-products-fr","9":"product_tag-pistol-grip-hand-dispensers-fr-2","10":"associated_application-appareil-fr","11":"associated_application-commerce-en-ligne-fr","12":"associated_application-demenagement-et-stockage-fr","13":"associated_application-industrie-aerospatiale-fr","14":"associated_application-marche-des-pieces-automobiles-fr","15":"associated_application-secteur-du-transport-fr","16":"associated_application-transformation-alimentaire-fr","18":"first","19":"instock","20":"product-type-simple"},"acf":[],"yoast_head":"<!-- This site is optimized with the Yoast SEO Premium plugin v24.1 (Yoast SEO v27.0) - https:\/\/yoast.com\/product\/yoast-seo-premium-wordpress\/ -->\n<title>2&quot; Medium Grade Pistol Grip Hand Tape Dispenser (TPX48NP) - IPG<\/title>\n<meta name=\"robots\" content=\"index, follow, max-snippet:-1, max-image-preview:large, max-video-preview:-1\" \/>\n<link rel=\"canonical\" href=\"https:\/\/www.itape.com\/fr\/product\/tpx48np-medium-grade-dispenser-fr\/\" \/>\n<meta property=\"og:locale\" content=\"fr_FR\" \/>\n<meta property=\"og:type\" content=\"article\" \/>\n<meta property=\"og:title\" content=\"2&quot; Medium Grade Pistol Grip Hand Tape Dispenser (TPX48NP)\" \/>\n<meta property=\"og:description\" content=\"D\u00e9vidoir portable \u00e0 poign\u00e9e pistolet de calibre moyen 50\u00a0mm XTRAtape\u2122. Poss\u00e8de un mandrin de 37\u00a0mm. Cadre en acier renforc\u00e9 avec plastique r\u00e9sistant aux chocs. Rouleau en plastique. Frein ajustable pour contr\u00f4ler la tension. Racleur en plastique\" \/>\n<meta property=\"og:url\" content=\"https:\/\/www.itape.com\/fr\/product\/tpx48np-medium-grade-dispenser-fr\/\" \/>\n<meta property=\"og:site_name\" content=\"IPG\" \/>\n<meta property=\"article:publisher\" content=\"https:\/\/www.facebook.com\/intertape\" \/>\n<meta property=\"article:modified_time\" content=\"2023-05-23T18:06:32+00:00\" \/>\n<meta property=\"og:image\" content=\"https:\/\/www.itape.com\/wp-content\/uploads\/2023\/01\/TPX48NP_High.jpg\" \/>\n\t<meta property=\"og:image:width\" content=\"2400\" \/>\n\t<meta property=\"og:image:height\" content=\"2400\" \/>\n\t<meta property=\"og:image:type\" content=\"image\/jpeg\" \/>\n<meta name=\"twitter:card\" content=\"summary_large_image\" \/>\n<meta name=\"twitter:site\" content=\"@IPGtape\" \/>\n<meta name=\"twitter:label1\" content=\"Price\" \/>\n\t<meta name=\"twitter:data1\" content=\"\" \/>\n\t<meta name=\"twitter:label2\" content=\"Availability\" \/>\n\t<meta name=\"twitter:data2\" content=\"In stock\" \/>\n<script type=\"application\/ld+json\" class=\"yoast-schema-graph\">{\"@context\":\"https:\/\/schema.org\",\"@graph\":[{\"@type\":\"WebPage\",\"@id\":\"https:\/\/www.itape.com\/fr\/product\/tpx48np-medium-grade-dispenser-fr\/\",\"url\":\"https:\/\/www.itape.com\/fr\/product\/tpx48np-medium-grade-dispenser-fr\/\",\"name\":\"2\\\" Medium Grade Pistol Grip Hand Tape Dispenser (TPX48NP) - IPG\",\"isPartOf\":{\"@id\":\"https:\/\/www.itape.com\/#website\"},\"primaryImageOfPage\":{\"@id\":\"https:\/\/www.itape.com\/fr\/product\/tpx48np-medium-grade-dispenser-fr\/#primaryimage\"},\"image\":{\"@id\":\"https:\/\/www.itape.com\/fr\/product\/tpx48np-medium-grade-dispenser-fr\/#primaryimage\"},\"thumbnailUrl\":\"https:\/\/www.itape.com\/wp-content\/uploads\/2023\/01\/TPX48NP_High.jpg\",\"datePublished\":\"2023-01-12T14:35:11+00:00\",\"dateModified\":\"2023-05-23T18:06:32+00:00\",\"breadcrumb\":{\"@id\":\"https:\/\/www.itape.com\/fr\/product\/tpx48np-medium-grade-dispenser-fr\/#breadcrumb\"},\"inLanguage\":\"fr-FR\",\"potentialAction\":[{\"@type\":\"ReadAction\",\"target\":[\"https:\/\/www.itape.com\/fr\/product\/tpx48np-medium-grade-dispenser-fr\/\"]}]},{\"@type\":\"ImageObject\",\"inLanguage\":\"fr-FR\",\"@id\":\"https:\/\/www.itape.com\/fr\/product\/tpx48np-medium-grade-dispenser-fr\/#primaryimage\",\"url\":\"https:\/\/www.itape.com\/wp-content\/uploads\/2023\/01\/TPX48NP_High.jpg\",\"contentUrl\":\"https:\/\/www.itape.com\/wp-content\/uploads\/2023\/01\/TPX48NP_High.jpg\",\"width\":2400,\"height\":2400,\"caption\":\"TPX48NP Hand Tape Dispenser\"},{\"@type\":\"BreadcrumbList\",\"@id\":\"https:\/\/www.itape.com\/fr\/product\/tpx48np-medium-grade-dispenser-fr\/#breadcrumb\",\"itemListElement\":[{\"@type\":\"ListItem\",\"position\":1,\"name\":\"Home\",\"item\":\"https:\/\/www.itape.com\/fr\/\"},{\"@type\":\"ListItem\",\"position\":2,\"name\":\"Products\",\"item\":\"https:\/\/www.itape.com\/products\/\"},{\"@type\":\"ListItem\",\"position\":3,\"name\":\"2&#8243; Medium Grade Pistol Grip Hand Tape Dispenser (TPX48NP)\"}]},{\"@type\":\"WebSite\",\"@id\":\"https:\/\/www.itape.com\/#website\",\"url\":\"https:\/\/www.itape.com\/\",\"name\":\"IPG\",\"description\":\"Global Leader in Packaging and Protective Solutions\",\"publisher\":{\"@id\":\"https:\/\/www.itape.com\/#organization\"},\"potentialAction\":[{\"@type\":\"SearchAction\",\"target\":{\"@type\":\"EntryPoint\",\"urlTemplate\":\"https:\/\/www.itape.com\/?s={search_term_string}\"},\"query-input\":{\"@type\":\"PropertyValueSpecification\",\"valueRequired\":true,\"valueName\":\"search_term_string\"}}],\"inLanguage\":\"fr-FR\"},{\"@type\":\"Organization\",\"@id\":\"https:\/\/www.itape.com\/#organization\",\"name\":\"IPG\",\"url\":\"https:\/\/www.itape.com\/\",\"logo\":{\"@type\":\"ImageObject\",\"inLanguage\":\"fr-FR\",\"@id\":\"https:\/\/www.itape.com\/#\/schema\/logo\/image\/\",\"url\":\"https:\/\/www.itape.com\/wp-content\/uploads\/2024\/06\/IPG-logo-2.png\",\"contentUrl\":\"https:\/\/www.itape.com\/wp-content\/uploads\/2024\/06\/IPG-logo-2.png\",\"width\":60,\"height\":60,\"caption\":\"IPG\"},\"image\":{\"@id\":\"https:\/\/www.itape.com\/#\/schema\/logo\/image\/\"},\"sameAs\":[\"https:\/\/www.facebook.com\/intertape\",\"https:\/\/x.com\/IPGtape\",\"https:\/\/www.linkedin.com\/company\/intertape-polymer-group\",\"https:\/\/www.instagram.com\/ipgtape\",\"https:\/\/www.youtube.com\/user\/IPGtape\"]}]}<\/script>\n<meta property=\"product:price:currency\" content=\"USD\" \/>\n<meta property=\"og:availability\" content=\"instock\" \/>\n<meta property=\"product:availability\" content=\"instock\" \/>\n<meta property=\"product:retailer_item_id\" content=\"ee0edb24ab34\" \/>\n<meta property=\"product:condition\" content=\"new\" \/>\n<!-- \/ Yoast SEO Premium plugin. -->","yoast_head_json":{"title":"2\" Medium Grade Pistol Grip Hand Tape Dispenser (TPX48NP) - IPG","robots":{"index":"index","follow":"follow","max-snippet":"max-snippet:-1","max-image-preview":"max-image-preview:large","max-video-preview":"max-video-preview:-1"},"canonical":"https:\/\/www.itape.com\/fr\/product\/tpx48np-medium-grade-dispenser-fr\/","og_locale":"fr_FR","og_type":"article","og_title":"2\" Medium Grade Pistol Grip Hand Tape Dispenser (TPX48NP)","og_description":"D\u00e9vidoir portable \u00e0 poign\u00e9e pistolet de calibre moyen 50\u00a0mm XTRAtape\u2122. Poss\u00e8de un mandrin de 37\u00a0mm. Cadre en acier renforc\u00e9 avec plastique r\u00e9sistant aux chocs. Rouleau en plastique. Frein ajustable pour contr\u00f4ler la tension. Racleur en plastique","og_url":"https:\/\/www.itape.com\/fr\/product\/tpx48np-medium-grade-dispenser-fr\/","og_site_name":"IPG","article_publisher":"https:\/\/www.facebook.com\/intertape","article_modified_time":"2023-05-23T18:06:32+00:00","og_image":[{"width":2400,"height":2400,"url":"https:\/\/www.itape.com\/wp-content\/uploads\/2023\/01\/TPX48NP_High.jpg","type":"image\/jpeg"}],"twitter_card":"summary_large_image","twitter_site":"@IPGtape","twitter_misc":{"Price":"","Availability":"In stock"},"schema":{"@context":"https:\/\/schema.org","@graph":[{"@type":"WebPage","@id":"https:\/\/www.itape.com\/fr\/product\/tpx48np-medium-grade-dispenser-fr\/","url":"https:\/\/www.itape.com\/fr\/product\/tpx48np-medium-grade-dispenser-fr\/","name":"2\" Medium Grade Pistol Grip Hand Tape Dispenser (TPX48NP) - IPG","isPartOf":{"@id":"https:\/\/www.itape.com\/#website"},"primaryImageOfPage":{"@id":"https:\/\/www.itape.com\/fr\/product\/tpx48np-medium-grade-dispenser-fr\/#primaryimage"},"image":{"@id":"https:\/\/www.itape.com\/fr\/product\/tpx48np-medium-grade-dispenser-fr\/#primaryimage"},"thumbnailUrl":"https:\/\/www.itape.com\/wp-content\/uploads\/2023\/01\/TPX48NP_High.jpg","datePublished":"2023-01-12T14:35:11+00:00","dateModified":"2023-05-23T18:06:32+00:00","breadcrumb":{"@id":"https:\/\/www.itape.com\/fr\/product\/tpx48np-medium-grade-dispenser-fr\/#breadcrumb"},"inLanguage":"fr-FR","potentialAction":[{"@type":"ReadAction","target":["https:\/\/www.itape.com\/fr\/product\/tpx48np-medium-grade-dispenser-fr\/"]}]},{"@type":"ImageObject","inLanguage":"fr-FR","@id":"https:\/\/www.itape.com\/fr\/product\/tpx48np-medium-grade-dispenser-fr\/#primaryimage","url":"https:\/\/www.itape.com\/wp-content\/uploads\/2023\/01\/TPX48NP_High.jpg","contentUrl":"https:\/\/www.itape.com\/wp-content\/uploads\/2023\/01\/TPX48NP_High.jpg","width":2400,"height":2400,"caption":"TPX48NP Hand Tape Dispenser"},{"@type":"BreadcrumbList","@id":"https:\/\/www.itape.com\/fr\/product\/tpx48np-medium-grade-dispenser-fr\/#breadcrumb","itemListElement":[{"@type":"ListItem","position":1,"name":"Home","item":"https:\/\/www.itape.com\/fr\/"},{"@type":"ListItem","position":2,"name":"Products","item":"https:\/\/www.itape.com\/products\/"},{"@type":"ListItem","position":3,"name":"2&#8243; Medium Grade Pistol Grip Hand Tape Dispenser (TPX48NP)"}]},{"@type":"WebSite","@id":"https:\/\/www.itape.com\/#website","url":"https:\/\/www.itape.com\/","name":"IPG","description":"Global Leader in Packaging and Protective Solutions","publisher":{"@id":"https:\/\/www.itape.com\/#organization"},"potentialAction":[{"@type":"SearchAction","target":{"@type":"EntryPoint","urlTemplate":"https:\/\/www.itape.com\/?s={search_term_string}"},"query-input":{"@type":"PropertyValueSpecification","valueRequired":true,"valueName":"search_term_string"}}],"inLanguage":"fr-FR"},{"@type":"Organization","@id":"https:\/\/www.itape.com\/#organization","name":"IPG","url":"https:\/\/www.itape.com\/","logo":{"@type":"ImageObject","inLanguage":"fr-FR","@id":"https:\/\/www.itape.com\/#\/schema\/logo\/image\/","url":"https:\/\/www.itape.com\/wp-content\/uploads\/2024\/06\/IPG-logo-2.png","contentUrl":"https:\/\/www.itape.com\/wp-content\/uploads\/2024\/06\/IPG-logo-2.png","width":60,"height":60,"caption":"IPG"},"image":{"@id":"https:\/\/www.itape.com\/#\/schema\/logo\/image\/"},"sameAs":["https:\/\/www.facebook.com\/intertape","https:\/\/x.com\/IPGtape","https:\/\/www.linkedin.com\/company\/intertape-polymer-group","https:\/\/www.instagram.com\/ipgtape","https:\/\/www.youtube.com\/user\/IPGtape"]}]},"product_price_currency":"USD","og_availability":"instock","product_availability":"instock","product_retailer_item_id":"ee0edb24ab34","product_condition":"new"},"parsely":{"version":"1.1.0","canonical_url":"https:\/\/itape.com\/fr\/product\/tpx48np-medium-grade-dispenser-fr\/","smart_links":{"inbound":0,"outbound":0},"traffic_boost_suggestions_count":0,"meta":{"@context":"https:\/\/schema.org","@type":"WebPage","headline":"2&Prime; Medium Grade Pistol Grip Hand Tape Dispenser (TPX48NP)","url":"https:\/\/www.itape.com\/fr\/product\/tpx48np-medium-grade-dispenser-fr\/","mainEntityOfPage":{"@type":"WebPage","@id":"https:\/\/www.itape.com\/fr\/product\/tpx48np-medium-grade-dispenser-fr\/"},"thumbnailUrl":"https:\/\/www.itape.com\/wp-content\/uploads\/2023\/01\/TPX48NP_High.jpg?w=150&h=150&crop=1","image":{"@type":"ImageObject","url":"https:\/\/www.itape.com\/wp-content\/uploads\/2023\/01\/TPX48NP_High.jpg"},"articleSection":"Non classifi\u00e9(e)","author":[{"@type":"Person","name":"IPG"}],"creator":["IPG"],"publisher":{"@type":"Organization","name":"IPG","logo":"https:\/\/www.itape.com\/wp-content\/uploads\/2023\/03\/IPG-logo-2.png"},"keywords":[],"dateCreated":"2023-01-12T14:35:11Z","datePublished":"2023-01-12T14:35:11Z","dateModified":"2023-05-23T18:06:32Z"},"rendered":"<meta name=\"parsely-title\" content=\"2&Prime; Medium Grade Pistol Grip Hand Tape Dispenser (TPX48NP)\" \/>\n<meta name=\"parsely-link\" content=\"https:\/\/www.itape.com\/fr\/product\/tpx48np-medium-grade-dispenser-fr\/\" \/>\n<meta name=\"parsely-type\" content=\"index\" \/>\n<meta name=\"parsely-image-url\" content=\"https:\/\/www.itape.com\/wp-content\/uploads\/2023\/01\/TPX48NP_High.jpg?w=150&amp;h=150&amp;crop=1\" \/>\n<meta name=\"parsely-pub-date\" content=\"2023-01-12T14:35:11Z\" \/>\n<meta name=\"parsely-section\" content=\"Non classifi\u00e9(e)\" \/>\n<meta name=\"parsely-author\" content=\"IPG\" \/>","tracker_url":"https:\/\/cdn.parsely.com\/keys\/itape.com\/p.js"},"jetpack_sharing_enabled":true,"_links":{"self":[{"href":"https:\/\/www.itape.com\/fr\/wp-json\/wp\/v2\/product\/47372","targetHints":{"allow":["GET"]}}],"collection":[{"href":"https:\/\/www.itape.com\/fr\/wp-json\/wp\/v2\/product"}],"about":[{"href":"https:\/\/www.itape.com\/fr\/wp-json\/wp\/v2\/types\/product"}],"replies":[{"embeddable":true,"href":"https:\/\/www.itape.com\/fr\/wp-json\/wp\/v2\/comments?post=47372"}],"wp:featuredmedia":[{"embeddable":true,"href":"https:\/\/www.itape.com\/fr\/wp-json\/wp\/v2\/media\/64078"}],"wp:attachment":[{"href":"https:\/\/www.itape.com\/fr\/wp-json\/wp\/v2\/media?parent=47372"}],"wp:term":[{"taxonomy":"product_brand","embeddable":true,"href":"https:\/\/www.itape.com\/fr\/wp-json\/wp\/v2\/product_brand?post=47372"},{"taxonomy":"product_cat","embeddable":true,"href":"https:\/\/www.itape.com\/fr\/wp-json\/wp\/v2\/product_cat?post=47372"},{"taxonomy":"product_tag","embeddable":true,"href":"https:\/\/www.itape.com\/fr\/wp-json\/wp\/v2\/product_tag?post=47372"},{"taxonomy":"associated_application","embeddable":true,"href":"https:\/\/www.itape.com\/fr\/wp-json\/wp\/v2\/associated_application?post=47372"}],"curies":[{"name":"wp","href":"https:\/\/api.w.org\/{rel}","templated":true}]}}