{"id":47385,"date":"2023-01-12T14:35:16","date_gmt":"2023-01-12T14:35:16","guid":{"rendered":"https:\/\/www.itape.com\/product\/vci-heat-seal-bags-fr\/"},"modified":"2023-05-06T00:19:55","modified_gmt":"2023-05-06T00:19:55","slug":"vci-heat-seal-bags-fr","status":"publish","type":"product","link":"https:\/\/www.itape.com\/fr\/product\/vci-heat-seal-bags-fr\/","title":{"rendered":"VCI Heat Seal Bags"},"content":{"rendered":"<div class=\"prose\">M\u00e9taux prot\u00e9g\u00e9s\u00a0: aciers au carbone, aciers inoxydables, cuivre, laiton, aluminium, argent, acier galvanis\u00e9, soudure, acier au silicone<\/div>\n","protected":false},"excerpt":{"rendered":"<p>Les sacs VCI2000 Heat Seal prot\u00e8gent les pi\u00e8ces m\u00e9talliques contre les effets corrosifs de l\u2019humidit\u00e9, du sel et d\u2019autres contaminants stock\u00e9s ou en transit. Les sacs VCI sont fabriqu\u00e9s selon la derni\u00e8re technologie de polym\u00e8re et impr\u00e9gn\u00e9s, \u00e0 basse temp\u00e9rature, d&rsquo;inhibiteurs de corrosion \u00e0 la vapeur (VCI) afin de prot\u00e9ger de la corrosion les m\u00e9taux ferreux et la plupart des m\u00e9taux non ferreux. Caract\u00e9ristiques\u00a0: ouvertures faciles pour r\u00e9duire les co\u00fbts de main-d&rsquo;\u0153uvre et augmenter la productivit\u00e9\u00a0; niveau sup\u00e9rieur de r\u00e9sistance \u00e0 la perforation pour \u00e9viter les d\u00e9g\u00e2ts pendant le transport\u00a0; excellente r\u00e9sistance \u00e0 la d\u00e9chirure\u00a0; r\u00e9sistance \u00e0 l&rsquo;eau et \u00e0 la salet\u00e9.<\/p>\n","protected":false},"featured_media":61455,"comment_status":"closed","ping_status":"closed","template":"","meta":{"_acf_changed":false},"product_brand":[],"product_cat":[7704,6175,7751],"product_tag":[6297],"associated_application":[5993,6003,5992,6005,5994,6001,6007,6011,5998,8082,7939,6028,6110,6125,6140,7658],"class_list":{"0":"post-47385","1":"product","2":"type-product","3":"status-publish","4":"has-post-thumbnail","6":"product_cat-conditionnement-protecteur-fr","7":"product_cat-vci-anti-corrosion-packaging-fr","8":"product_cat-conditionnement-protecteur-emballage-anti-corrosion-vci-fr","9":"product_tag-vci-bags-fr","10":"associated_application-appareil-fr","11":"associated_application-demenagement-et-stockage-fr","12":"associated_application-industrie-aerospatiale-fr","13":"associated_application-industrie-maritime-et-des-composites-fr","14":"associated_application-marche-des-pieces-automobiles-fr","15":"associated_application-processus-general-de-fabrication-fr","16":"associated_application-secteur-du-transport-fr","17":"associated_application-secteur-electrique-et-electronique-fr-industrie-aerospatiale-fr","18":"associated_application-secteur-electrique-et-electronique-fr","19":"associated_application-sensitive-parts-storage-aerospace-fr","20":"associated_application-stockage-anti-corrosion-electriques","21":"associated_application-secteur-de-lentreposage-daeronefs-fr-marche-des-pieces-automobiles-fr","22":"associated_application-stockage-des-pieces-sensibles-demenagement-et-stockage","23":"associated_application-stockage-des-pieces-sensibles-industrie-maritime-et-des-composites-fr","24":"associated_application-stockage-des-pieces-sensibles-secteur-du-transport-fr","25":"associated_application-stockage-des-pieces-sensibles-appareil","27":"first","28":"instock","29":"product-type-simple"},"acf":[],"yoast_head":"<!-- This site is optimized with the Yoast SEO Premium plugin v24.1 (Yoast SEO v27.0) - https:\/\/yoast.com\/product\/yoast-seo-premium-wordpress\/ -->\n<title>VCI Heat Seal Bags - IPG<\/title>\n<meta name=\"robots\" content=\"index, follow, max-snippet:-1, max-image-preview:large, max-video-preview:-1\" \/>\n<link rel=\"canonical\" href=\"https:\/\/www.itape.com\/fr\/product\/vci-heat-seal-bags-fr\/\" \/>\n<meta property=\"og:locale\" content=\"fr_FR\" \/>\n<meta property=\"og:type\" content=\"article\" \/>\n<meta property=\"og:title\" content=\"VCI Heat Seal Bags\" \/>\n<meta property=\"og:description\" content=\"Les sacs VCI2000 Heat Seal prot\u00e8gent les pi\u00e8ces m\u00e9talliques contre les effets corrosifs de l\u2019humidit\u00e9, du sel et d\u2019autres contaminants stock\u00e9s ou en transit. Les sacs VCI sont fabriqu\u00e9s selon la derni\u00e8re technologie de polym\u00e8re et impr\u00e9gn\u00e9s, \u00e0 basse temp\u00e9rature, d&#039;inhibiteurs de corrosion \u00e0 la vapeur (VCI) afin de prot\u00e9ger de la corrosion les m\u00e9taux ferreux et la plupart des m\u00e9taux non ferreux. Caract\u00e9ristiques\u00a0: ouvertures faciles pour r\u00e9duire les co\u00fbts de main-d&#039;\u0153uvre et augmenter la productivit\u00e9\u00a0; niveau sup\u00e9rieur de r\u00e9sistance \u00e0 la perforation pour \u00e9viter les d\u00e9g\u00e2ts pendant le transport\u00a0; excellente r\u00e9sistance \u00e0 la d\u00e9chirure\u00a0; r\u00e9sistance \u00e0 l&#039;eau et \u00e0 la salet\u00e9.\" \/>\n<meta property=\"og:url\" content=\"https:\/\/www.itape.com\/fr\/product\/vci-heat-seal-bags-fr\/\" \/>\n<meta property=\"og:site_name\" content=\"IPG\" \/>\n<meta property=\"article:publisher\" content=\"https:\/\/www.facebook.com\/intertape\" \/>\n<meta property=\"article:modified_time\" content=\"2023-05-06T00:19:55+00:00\" \/>\n<meta property=\"og:image\" content=\"https:\/\/www.itape.com\/wp-content\/uploads\/2023\/01\/VCI-Heat-Seal-Bags_High.jpg\" \/>\n\t<meta property=\"og:image:width\" content=\"2400\" \/>\n\t<meta property=\"og:image:height\" content=\"2400\" \/>\n\t<meta property=\"og:image:type\" content=\"image\/jpeg\" \/>\n<meta name=\"twitter:card\" content=\"summary_large_image\" \/>\n<meta name=\"twitter:site\" content=\"@IPGtape\" \/>\n<meta name=\"twitter:label1\" content=\"Price\" \/>\n\t<meta name=\"twitter:data1\" content=\"\" \/>\n\t<meta name=\"twitter:label2\" content=\"Availability\" \/>\n\t<meta name=\"twitter:data2\" content=\"In stock\" \/>\n<script type=\"application\/ld+json\" class=\"yoast-schema-graph\">{\"@context\":\"https:\/\/schema.org\",\"@graph\":[{\"@type\":\"WebPage\",\"@id\":\"https:\/\/www.itape.com\/fr\/product\/vci-heat-seal-bags-fr\/\",\"url\":\"https:\/\/www.itape.com\/fr\/product\/vci-heat-seal-bags-fr\/\",\"name\":\"VCI Heat Seal Bags - IPG\",\"isPartOf\":{\"@id\":\"https:\/\/www.itape.com\/#website\"},\"primaryImageOfPage\":{\"@id\":\"https:\/\/www.itape.com\/fr\/product\/vci-heat-seal-bags-fr\/#primaryimage\"},\"image\":{\"@id\":\"https:\/\/www.itape.com\/fr\/product\/vci-heat-seal-bags-fr\/#primaryimage\"},\"thumbnailUrl\":\"https:\/\/www.itape.com\/wp-content\/uploads\/2023\/01\/VCI-Heat-Seal-Bags_High.jpg\",\"datePublished\":\"2023-01-12T14:35:16+00:00\",\"dateModified\":\"2023-05-06T00:19:55+00:00\",\"breadcrumb\":{\"@id\":\"https:\/\/www.itape.com\/fr\/product\/vci-heat-seal-bags-fr\/#breadcrumb\"},\"inLanguage\":\"fr-FR\",\"potentialAction\":[{\"@type\":\"ReadAction\",\"target\":[\"https:\/\/www.itape.com\/fr\/product\/vci-heat-seal-bags-fr\/\"]}]},{\"@type\":\"ImageObject\",\"inLanguage\":\"fr-FR\",\"@id\":\"https:\/\/www.itape.com\/fr\/product\/vci-heat-seal-bags-fr\/#primaryimage\",\"url\":\"https:\/\/www.itape.com\/wp-content\/uploads\/2023\/01\/VCI-Heat-Seal-Bags_High.jpg\",\"contentUrl\":\"https:\/\/www.itape.com\/wp-content\/uploads\/2023\/01\/VCI-Heat-Seal-Bags_High.jpg\",\"width\":2400,\"height\":2400,\"caption\":\"VCI-Heat-Seal-Bags_High\"},{\"@type\":\"BreadcrumbList\",\"@id\":\"https:\/\/www.itape.com\/fr\/product\/vci-heat-seal-bags-fr\/#breadcrumb\",\"itemListElement\":[{\"@type\":\"ListItem\",\"position\":1,\"name\":\"Home\",\"item\":\"https:\/\/www.itape.com\/fr\/\"},{\"@type\":\"ListItem\",\"position\":2,\"name\":\"Products\",\"item\":\"https:\/\/www.itape.com\/products\/\"},{\"@type\":\"ListItem\",\"position\":3,\"name\":\"VCI Heat Seal Bags\"}]},{\"@type\":\"WebSite\",\"@id\":\"https:\/\/www.itape.com\/#website\",\"url\":\"https:\/\/www.itape.com\/\",\"name\":\"IPG\",\"description\":\"Global Leader in Packaging and Protective Solutions\",\"publisher\":{\"@id\":\"https:\/\/www.itape.com\/#organization\"},\"potentialAction\":[{\"@type\":\"SearchAction\",\"target\":{\"@type\":\"EntryPoint\",\"urlTemplate\":\"https:\/\/www.itape.com\/?s={search_term_string}\"},\"query-input\":{\"@type\":\"PropertyValueSpecification\",\"valueRequired\":true,\"valueName\":\"search_term_string\"}}],\"inLanguage\":\"fr-FR\"},{\"@type\":\"Organization\",\"@id\":\"https:\/\/www.itape.com\/#organization\",\"name\":\"IPG\",\"url\":\"https:\/\/www.itape.com\/\",\"logo\":{\"@type\":\"ImageObject\",\"inLanguage\":\"fr-FR\",\"@id\":\"https:\/\/www.itape.com\/#\/schema\/logo\/image\/\",\"url\":\"https:\/\/www.itape.com\/wp-content\/uploads\/2024\/06\/IPG-logo-2.png\",\"contentUrl\":\"https:\/\/www.itape.com\/wp-content\/uploads\/2024\/06\/IPG-logo-2.png\",\"width\":60,\"height\":60,\"caption\":\"IPG\"},\"image\":{\"@id\":\"https:\/\/www.itape.com\/#\/schema\/logo\/image\/\"},\"sameAs\":[\"https:\/\/www.facebook.com\/intertape\",\"https:\/\/x.com\/IPGtape\",\"https:\/\/www.linkedin.com\/company\/intertape-polymer-group\",\"https:\/\/www.instagram.com\/ipgtape\",\"https:\/\/www.youtube.com\/user\/IPGtape\"]}]}<\/script>\n<meta property=\"product:price:currency\" content=\"USD\" \/>\n<meta property=\"og:availability\" content=\"instock\" \/>\n<meta property=\"product:availability\" content=\"instock\" \/>\n<meta property=\"product:retailer_item_id\" content=\"7a0600560590\" \/>\n<meta property=\"product:condition\" content=\"new\" \/>\n<!-- \/ Yoast SEO Premium plugin. -->","yoast_head_json":{"title":"VCI Heat Seal Bags - IPG","robots":{"index":"index","follow":"follow","max-snippet":"max-snippet:-1","max-image-preview":"max-image-preview:large","max-video-preview":"max-video-preview:-1"},"canonical":"https:\/\/www.itape.com\/fr\/product\/vci-heat-seal-bags-fr\/","og_locale":"fr_FR","og_type":"article","og_title":"VCI Heat Seal Bags","og_description":"Les sacs VCI2000 Heat Seal prot\u00e8gent les pi\u00e8ces m\u00e9talliques contre les effets corrosifs de l\u2019humidit\u00e9, du sel et d\u2019autres contaminants stock\u00e9s ou en transit. Les sacs VCI sont fabriqu\u00e9s selon la derni\u00e8re technologie de polym\u00e8re et impr\u00e9gn\u00e9s, \u00e0 basse temp\u00e9rature, d'inhibiteurs de corrosion \u00e0 la vapeur (VCI) afin de prot\u00e9ger de la corrosion les m\u00e9taux ferreux et la plupart des m\u00e9taux non ferreux. Caract\u00e9ristiques\u00a0: ouvertures faciles pour r\u00e9duire les co\u00fbts de main-d'\u0153uvre et augmenter la productivit\u00e9\u00a0; niveau sup\u00e9rieur de r\u00e9sistance \u00e0 la perforation pour \u00e9viter les d\u00e9g\u00e2ts pendant le transport\u00a0; excellente r\u00e9sistance \u00e0 la d\u00e9chirure\u00a0; r\u00e9sistance \u00e0 l'eau et \u00e0 la salet\u00e9.","og_url":"https:\/\/www.itape.com\/fr\/product\/vci-heat-seal-bags-fr\/","og_site_name":"IPG","article_publisher":"https:\/\/www.facebook.com\/intertape","article_modified_time":"2023-05-06T00:19:55+00:00","og_image":[{"width":2400,"height":2400,"url":"https:\/\/www.itape.com\/wp-content\/uploads\/2023\/01\/VCI-Heat-Seal-Bags_High.jpg","type":"image\/jpeg"}],"twitter_card":"summary_large_image","twitter_site":"@IPGtape","twitter_misc":{"Price":"","Availability":"In stock"},"schema":{"@context":"https:\/\/schema.org","@graph":[{"@type":"WebPage","@id":"https:\/\/www.itape.com\/fr\/product\/vci-heat-seal-bags-fr\/","url":"https:\/\/www.itape.com\/fr\/product\/vci-heat-seal-bags-fr\/","name":"VCI Heat Seal Bags - IPG","isPartOf":{"@id":"https:\/\/www.itape.com\/#website"},"primaryImageOfPage":{"@id":"https:\/\/www.itape.com\/fr\/product\/vci-heat-seal-bags-fr\/#primaryimage"},"image":{"@id":"https:\/\/www.itape.com\/fr\/product\/vci-heat-seal-bags-fr\/#primaryimage"},"thumbnailUrl":"https:\/\/www.itape.com\/wp-content\/uploads\/2023\/01\/VCI-Heat-Seal-Bags_High.jpg","datePublished":"2023-01-12T14:35:16+00:00","dateModified":"2023-05-06T00:19:55+00:00","breadcrumb":{"@id":"https:\/\/www.itape.com\/fr\/product\/vci-heat-seal-bags-fr\/#breadcrumb"},"inLanguage":"fr-FR","potentialAction":[{"@type":"ReadAction","target":["https:\/\/www.itape.com\/fr\/product\/vci-heat-seal-bags-fr\/"]}]},{"@type":"ImageObject","inLanguage":"fr-FR","@id":"https:\/\/www.itape.com\/fr\/product\/vci-heat-seal-bags-fr\/#primaryimage","url":"https:\/\/www.itape.com\/wp-content\/uploads\/2023\/01\/VCI-Heat-Seal-Bags_High.jpg","contentUrl":"https:\/\/www.itape.com\/wp-content\/uploads\/2023\/01\/VCI-Heat-Seal-Bags_High.jpg","width":2400,"height":2400,"caption":"VCI-Heat-Seal-Bags_High"},{"@type":"BreadcrumbList","@id":"https:\/\/www.itape.com\/fr\/product\/vci-heat-seal-bags-fr\/#breadcrumb","itemListElement":[{"@type":"ListItem","position":1,"name":"Home","item":"https:\/\/www.itape.com\/fr\/"},{"@type":"ListItem","position":2,"name":"Products","item":"https:\/\/www.itape.com\/products\/"},{"@type":"ListItem","position":3,"name":"VCI Heat Seal Bags"}]},{"@type":"WebSite","@id":"https:\/\/www.itape.com\/#website","url":"https:\/\/www.itape.com\/","name":"IPG","description":"Global Leader in Packaging and Protective Solutions","publisher":{"@id":"https:\/\/www.itape.com\/#organization"},"potentialAction":[{"@type":"SearchAction","target":{"@type":"EntryPoint","urlTemplate":"https:\/\/www.itape.com\/?s={search_term_string}"},"query-input":{"@type":"PropertyValueSpecification","valueRequired":true,"valueName":"search_term_string"}}],"inLanguage":"fr-FR"},{"@type":"Organization","@id":"https:\/\/www.itape.com\/#organization","name":"IPG","url":"https:\/\/www.itape.com\/","logo":{"@type":"ImageObject","inLanguage":"fr-FR","@id":"https:\/\/www.itape.com\/#\/schema\/logo\/image\/","url":"https:\/\/www.itape.com\/wp-content\/uploads\/2024\/06\/IPG-logo-2.png","contentUrl":"https:\/\/www.itape.com\/wp-content\/uploads\/2024\/06\/IPG-logo-2.png","width":60,"height":60,"caption":"IPG"},"image":{"@id":"https:\/\/www.itape.com\/#\/schema\/logo\/image\/"},"sameAs":["https:\/\/www.facebook.com\/intertape","https:\/\/x.com\/IPGtape","https:\/\/www.linkedin.com\/company\/intertape-polymer-group","https:\/\/www.instagram.com\/ipgtape","https:\/\/www.youtube.com\/user\/IPGtape"]}]},"product_price_currency":"USD","og_availability":"instock","product_availability":"instock","product_retailer_item_id":"7a0600560590","product_condition":"new"},"parsely":{"version":"1.1.0","canonical_url":"https:\/\/itape.com\/fr\/product\/vci-heat-seal-bags-fr\/","smart_links":{"inbound":0,"outbound":0},"traffic_boost_suggestions_count":0,"meta":{"@context":"https:\/\/schema.org","@type":"WebPage","headline":"VCI Heat Seal Bags","url":"https:\/\/www.itape.com\/fr\/product\/vci-heat-seal-bags-fr\/","mainEntityOfPage":{"@type":"WebPage","@id":"https:\/\/www.itape.com\/fr\/product\/vci-heat-seal-bags-fr\/"},"thumbnailUrl":"https:\/\/www.itape.com\/wp-content\/uploads\/2023\/01\/VCI-Heat-Seal-Bags_High.jpg?w=150&h=150&crop=1","image":{"@type":"ImageObject","url":"https:\/\/www.itape.com\/wp-content\/uploads\/2023\/01\/VCI-Heat-Seal-Bags_High.jpg"},"articleSection":"Non classifi\u00e9(e)","author":[{"@type":"Person","name":"IPG"}],"creator":["IPG"],"publisher":{"@type":"Organization","name":"IPG","logo":"https:\/\/www.itape.com\/wp-content\/uploads\/2023\/03\/IPG-logo-2.png"},"keywords":[],"dateCreated":"2023-01-12T14:35:16Z","datePublished":"2023-01-12T14:35:16Z","dateModified":"2023-05-06T00:19:55Z"},"rendered":"<meta name=\"parsely-title\" content=\"VCI Heat Seal Bags\" \/>\n<meta name=\"parsely-link\" content=\"https:\/\/www.itape.com\/fr\/product\/vci-heat-seal-bags-fr\/\" \/>\n<meta name=\"parsely-type\" content=\"index\" \/>\n<meta name=\"parsely-image-url\" content=\"https:\/\/www.itape.com\/wp-content\/uploads\/2023\/01\/VCI-Heat-Seal-Bags_High.jpg?w=150&amp;h=150&amp;crop=1\" \/>\n<meta name=\"parsely-pub-date\" content=\"2023-01-12T14:35:16Z\" \/>\n<meta name=\"parsely-section\" content=\"Non classifi\u00e9(e)\" \/>\n<meta name=\"parsely-author\" content=\"IPG\" \/>","tracker_url":"https:\/\/cdn.parsely.com\/keys\/itape.com\/p.js"},"jetpack_sharing_enabled":true,"_links":{"self":[{"href":"https:\/\/www.itape.com\/fr\/wp-json\/wp\/v2\/product\/47385","targetHints":{"allow":["GET"]}}],"collection":[{"href":"https:\/\/www.itape.com\/fr\/wp-json\/wp\/v2\/product"}],"about":[{"href":"https:\/\/www.itape.com\/fr\/wp-json\/wp\/v2\/types\/product"}],"replies":[{"embeddable":true,"href":"https:\/\/www.itape.com\/fr\/wp-json\/wp\/v2\/comments?post=47385"}],"wp:featuredmedia":[{"embeddable":true,"href":"https:\/\/www.itape.com\/fr\/wp-json\/wp\/v2\/media\/61455"}],"wp:attachment":[{"href":"https:\/\/www.itape.com\/fr\/wp-json\/wp\/v2\/media?parent=47385"}],"wp:term":[{"taxonomy":"product_brand","embeddable":true,"href":"https:\/\/www.itape.com\/fr\/wp-json\/wp\/v2\/product_brand?post=47385"},{"taxonomy":"product_cat","embeddable":true,"href":"https:\/\/www.itape.com\/fr\/wp-json\/wp\/v2\/product_cat?post=47385"},{"taxonomy":"product_tag","embeddable":true,"href":"https:\/\/www.itape.com\/fr\/wp-json\/wp\/v2\/product_tag?post=47385"},{"taxonomy":"associated_application","embeddable":true,"href":"https:\/\/www.itape.com\/fr\/wp-json\/wp\/v2\/associated_application?post=47385"}],"curies":[{"name":"wp","href":"https:\/\/api.w.org\/{rel}","templated":true}]}}