{"id":47390,"date":"2023-01-12T14:35:22","date_gmt":"2023-01-12T14:35:22","guid":{"rendered":"https:\/\/www.itape.com\/product\/vci-wire-strip-fr\/"},"modified":"2023-05-06T14:47:02","modified_gmt":"2023-05-06T14:47:02","slug":"vci-wire-strip","status":"publish","type":"product","link":"https:\/\/www.itape.com\/fr\/product\/vci-wire-strip\/","title":{"rendered":"VCI Wire Strip"},"content":{"rendered":"<div class=\"prose\">M\u00e9taux prot\u00e9g\u00e9s : aciers au carbone, aciers inoxydables, cuivre, laiton, aluminium, argent, acier galvanis\u00e9, soudure, acier au silicone<\/div>\n","protected":false},"excerpt":{"rendered":"<p>La bande de fil VCI2000 est con\u00e7ue pour la protection contre la corrosion des tubes, tuyaux ou conduits entrepos\u00e9s ou transport\u00e9s. La bande de fil est plac\u00e9e \u00e0 l&rsquo;int\u00e9rieur d&rsquo;un tube ou d&rsquo;un conduit d&rsquo;un diam\u00e8tre allant jusqu&rsquo;\u00e0 150 mm qui est ensuite bouch\u00e9 ou colmat\u00e9. En quelques heures, les vapeurs du fil m\u00e9tallique saturent l&rsquo;espace d&rsquo;air confin\u00e9 de vapeurs protectrices, qui forment une mince couche mol\u00e9culaire sur les surfaces m\u00e9talliques pour prot\u00e9ger les m\u00e9taux contre la corrosion. Caract\u00e9ristiques : facile et s\u00fbr \u00e0 utiliser ; retrait rapide ; \u00e9limine les d\u00e9graissants ou les produits chimiques de nettoyage. <\/p>\n","protected":false},"featured_media":61475,"comment_status":"closed","ping_status":"closed","template":"","meta":{"_acf_changed":false},"product_brand":[],"product_cat":[6175,7751],"product_tag":[6298],"associated_application":[5993,6003,5992,5994,6001,6007,5998,8082,7939,6028,6110,6125,6140,7658],"class_list":{"0":"post-47390","1":"product","2":"type-product","3":"status-publish","4":"has-post-thumbnail","6":"product_cat-vci-anti-corrosion-packaging-fr","7":"product_cat-conditionnement-protecteur-emballage-anti-corrosion-vci-fr","8":"product_tag-vci-emitters-fr","9":"associated_application-appareil-fr","10":"associated_application-demenagement-et-stockage-fr","11":"associated_application-industrie-aerospatiale-fr","12":"associated_application-marche-des-pieces-automobiles-fr","13":"associated_application-processus-general-de-fabrication-fr","14":"associated_application-secteur-du-transport-fr","15":"associated_application-secteur-electrique-et-electronique-fr","16":"associated_application-sensitive-parts-storage-aerospace-fr","17":"associated_application-stockage-anti-corrosion-electriques","18":"associated_application-secteur-de-lentreposage-daeronefs-fr-marche-des-pieces-automobiles-fr","19":"associated_application-stockage-des-pieces-sensibles-demenagement-et-stockage","20":"associated_application-stockage-des-pieces-sensibles-industrie-maritime-et-des-composites-fr","21":"associated_application-stockage-des-pieces-sensibles-secteur-du-transport-fr","22":"associated_application-stockage-des-pieces-sensibles-appareil","24":"first","25":"instock","26":"product-type-simple"},"acf":[],"yoast_head":"<!-- This site is optimized with the Yoast SEO Premium plugin v24.1 (Yoast SEO v27.0) - https:\/\/yoast.com\/product\/yoast-seo-premium-wordpress\/ -->\n<title>VCI Wire Strip - IPG<\/title>\n<meta name=\"robots\" content=\"index, follow, max-snippet:-1, max-image-preview:large, max-video-preview:-1\" \/>\n<link rel=\"canonical\" href=\"https:\/\/www.itape.com\/fr\/product\/vci-wire-strip\/\" \/>\n<meta property=\"og:locale\" content=\"fr_FR\" \/>\n<meta property=\"og:type\" content=\"article\" \/>\n<meta property=\"og:title\" content=\"VCI Wire Strip\" \/>\n<meta property=\"og:description\" content=\"La bande de fil VCI2000 est con\u00e7ue pour la protection contre la corrosion des tubes, tuyaux ou conduits entrepos\u00e9s ou transport\u00e9s. La bande de fil est plac\u00e9e \u00e0 l&#039;int\u00e9rieur d&#039;un tube ou d&#039;un conduit d&#039;un diam\u00e8tre allant jusqu&#039;\u00e0 150 mm qui est ensuite bouch\u00e9 ou colmat\u00e9. En quelques heures, les vapeurs du fil m\u00e9tallique saturent l&#039;espace d&#039;air confin\u00e9 de vapeurs protectrices, qui forment une mince couche mol\u00e9culaire sur les surfaces m\u00e9talliques pour prot\u00e9ger les m\u00e9taux contre la corrosion. Caract\u00e9ristiques : facile et s\u00fbr \u00e0 utiliser ; retrait rapide ; \u00e9limine les d\u00e9graissants ou les produits chimiques de nettoyage.\" \/>\n<meta property=\"og:url\" content=\"https:\/\/www.itape.com\/fr\/product\/vci-wire-strip\/\" \/>\n<meta property=\"og:site_name\" content=\"IPG\" \/>\n<meta property=\"article:publisher\" content=\"https:\/\/www.facebook.com\/intertape\" \/>\n<meta property=\"article:modified_time\" content=\"2023-05-06T14:47:02+00:00\" \/>\n<meta property=\"og:image\" content=\"https:\/\/www.itape.com\/wp-content\/uploads\/2023\/01\/VCI-WireStrip_High.jpg\" \/>\n\t<meta property=\"og:image:width\" content=\"2400\" \/>\n\t<meta property=\"og:image:height\" content=\"2400\" \/>\n\t<meta property=\"og:image:type\" content=\"image\/jpeg\" \/>\n<meta name=\"twitter:card\" content=\"summary_large_image\" \/>\n<meta name=\"twitter:site\" content=\"@IPGtape\" \/>\n<meta name=\"twitter:label1\" content=\"Price\" \/>\n\t<meta name=\"twitter:data1\" content=\"\" \/>\n\t<meta name=\"twitter:label2\" content=\"Availability\" \/>\n\t<meta name=\"twitter:data2\" content=\"In stock\" \/>\n<script type=\"application\/ld+json\" class=\"yoast-schema-graph\">{\"@context\":\"https:\/\/schema.org\",\"@graph\":[{\"@type\":\"WebPage\",\"@id\":\"https:\/\/www.itape.com\/fr\/product\/vci-wire-strip\/\",\"url\":\"https:\/\/www.itape.com\/fr\/product\/vci-wire-strip\/\",\"name\":\"VCI Wire Strip - IPG\",\"isPartOf\":{\"@id\":\"https:\/\/www.itape.com\/#website\"},\"primaryImageOfPage\":{\"@id\":\"https:\/\/www.itape.com\/fr\/product\/vci-wire-strip\/#primaryimage\"},\"image\":{\"@id\":\"https:\/\/www.itape.com\/fr\/product\/vci-wire-strip\/#primaryimage\"},\"thumbnailUrl\":\"https:\/\/www.itape.com\/wp-content\/uploads\/2023\/01\/VCI-WireStrip_High.jpg\",\"datePublished\":\"2023-01-12T14:35:22+00:00\",\"dateModified\":\"2023-05-06T14:47:02+00:00\",\"breadcrumb\":{\"@id\":\"https:\/\/www.itape.com\/fr\/product\/vci-wire-strip\/#breadcrumb\"},\"inLanguage\":\"fr-FR\",\"potentialAction\":[{\"@type\":\"ReadAction\",\"target\":[\"https:\/\/www.itape.com\/fr\/product\/vci-wire-strip\/\"]}]},{\"@type\":\"ImageObject\",\"inLanguage\":\"fr-FR\",\"@id\":\"https:\/\/www.itape.com\/fr\/product\/vci-wire-strip\/#primaryimage\",\"url\":\"https:\/\/www.itape.com\/wp-content\/uploads\/2023\/01\/VCI-WireStrip_High.jpg\",\"contentUrl\":\"https:\/\/www.itape.com\/wp-content\/uploads\/2023\/01\/VCI-WireStrip_High.jpg\",\"width\":2400,\"height\":2400,\"caption\":\"VCI-WireStrip_High.\"},{\"@type\":\"BreadcrumbList\",\"@id\":\"https:\/\/www.itape.com\/fr\/product\/vci-wire-strip\/#breadcrumb\",\"itemListElement\":[{\"@type\":\"ListItem\",\"position\":1,\"name\":\"Home\",\"item\":\"https:\/\/www.itape.com\/fr\/\"},{\"@type\":\"ListItem\",\"position\":2,\"name\":\"Products\",\"item\":\"https:\/\/www.itape.com\/products\/\"},{\"@type\":\"ListItem\",\"position\":3,\"name\":\"VCI Wire Strip\"}]},{\"@type\":\"WebSite\",\"@id\":\"https:\/\/www.itape.com\/#website\",\"url\":\"https:\/\/www.itape.com\/\",\"name\":\"IPG\",\"description\":\"Global Leader in Packaging and Protective Solutions\",\"publisher\":{\"@id\":\"https:\/\/www.itape.com\/#organization\"},\"potentialAction\":[{\"@type\":\"SearchAction\",\"target\":{\"@type\":\"EntryPoint\",\"urlTemplate\":\"https:\/\/www.itape.com\/?s={search_term_string}\"},\"query-input\":{\"@type\":\"PropertyValueSpecification\",\"valueRequired\":true,\"valueName\":\"search_term_string\"}}],\"inLanguage\":\"fr-FR\"},{\"@type\":\"Organization\",\"@id\":\"https:\/\/www.itape.com\/#organization\",\"name\":\"IPG\",\"url\":\"https:\/\/www.itape.com\/\",\"logo\":{\"@type\":\"ImageObject\",\"inLanguage\":\"fr-FR\",\"@id\":\"https:\/\/www.itape.com\/#\/schema\/logo\/image\/\",\"url\":\"https:\/\/www.itape.com\/wp-content\/uploads\/2024\/06\/IPG-logo-2.png\",\"contentUrl\":\"https:\/\/www.itape.com\/wp-content\/uploads\/2024\/06\/IPG-logo-2.png\",\"width\":60,\"height\":60,\"caption\":\"IPG\"},\"image\":{\"@id\":\"https:\/\/www.itape.com\/#\/schema\/logo\/image\/\"},\"sameAs\":[\"https:\/\/www.facebook.com\/intertape\",\"https:\/\/x.com\/IPGtape\",\"https:\/\/www.linkedin.com\/company\/intertape-polymer-group\",\"https:\/\/www.instagram.com\/ipgtape\",\"https:\/\/www.youtube.com\/user\/IPGtape\"]}]}<\/script>\n<meta property=\"product:price:currency\" content=\"USD\" \/>\n<meta property=\"og:availability\" content=\"instock\" \/>\n<meta property=\"product:availability\" content=\"instock\" \/>\n<meta property=\"product:retailer_item_id\" content=\"4f9539d4dc71\" \/>\n<meta property=\"product:condition\" content=\"new\" \/>\n<!-- \/ Yoast SEO Premium plugin. -->","yoast_head_json":{"title":"VCI Wire Strip - IPG","robots":{"index":"index","follow":"follow","max-snippet":"max-snippet:-1","max-image-preview":"max-image-preview:large","max-video-preview":"max-video-preview:-1"},"canonical":"https:\/\/www.itape.com\/fr\/product\/vci-wire-strip\/","og_locale":"fr_FR","og_type":"article","og_title":"VCI Wire Strip","og_description":"La bande de fil VCI2000 est con\u00e7ue pour la protection contre la corrosion des tubes, tuyaux ou conduits entrepos\u00e9s ou transport\u00e9s. La bande de fil est plac\u00e9e \u00e0 l'int\u00e9rieur d'un tube ou d'un conduit d'un diam\u00e8tre allant jusqu'\u00e0 150 mm qui est ensuite bouch\u00e9 ou colmat\u00e9. En quelques heures, les vapeurs du fil m\u00e9tallique saturent l'espace d'air confin\u00e9 de vapeurs protectrices, qui forment une mince couche mol\u00e9culaire sur les surfaces m\u00e9talliques pour prot\u00e9ger les m\u00e9taux contre la corrosion. Caract\u00e9ristiques : facile et s\u00fbr \u00e0 utiliser ; retrait rapide ; \u00e9limine les d\u00e9graissants ou les produits chimiques de nettoyage.","og_url":"https:\/\/www.itape.com\/fr\/product\/vci-wire-strip\/","og_site_name":"IPG","article_publisher":"https:\/\/www.facebook.com\/intertape","article_modified_time":"2023-05-06T14:47:02+00:00","og_image":[{"width":2400,"height":2400,"url":"https:\/\/www.itape.com\/wp-content\/uploads\/2023\/01\/VCI-WireStrip_High.jpg","type":"image\/jpeg"}],"twitter_card":"summary_large_image","twitter_site":"@IPGtape","twitter_misc":{"Price":"","Availability":"In stock"},"schema":{"@context":"https:\/\/schema.org","@graph":[{"@type":"WebPage","@id":"https:\/\/www.itape.com\/fr\/product\/vci-wire-strip\/","url":"https:\/\/www.itape.com\/fr\/product\/vci-wire-strip\/","name":"VCI Wire Strip - IPG","isPartOf":{"@id":"https:\/\/www.itape.com\/#website"},"primaryImageOfPage":{"@id":"https:\/\/www.itape.com\/fr\/product\/vci-wire-strip\/#primaryimage"},"image":{"@id":"https:\/\/www.itape.com\/fr\/product\/vci-wire-strip\/#primaryimage"},"thumbnailUrl":"https:\/\/www.itape.com\/wp-content\/uploads\/2023\/01\/VCI-WireStrip_High.jpg","datePublished":"2023-01-12T14:35:22+00:00","dateModified":"2023-05-06T14:47:02+00:00","breadcrumb":{"@id":"https:\/\/www.itape.com\/fr\/product\/vci-wire-strip\/#breadcrumb"},"inLanguage":"fr-FR","potentialAction":[{"@type":"ReadAction","target":["https:\/\/www.itape.com\/fr\/product\/vci-wire-strip\/"]}]},{"@type":"ImageObject","inLanguage":"fr-FR","@id":"https:\/\/www.itape.com\/fr\/product\/vci-wire-strip\/#primaryimage","url":"https:\/\/www.itape.com\/wp-content\/uploads\/2023\/01\/VCI-WireStrip_High.jpg","contentUrl":"https:\/\/www.itape.com\/wp-content\/uploads\/2023\/01\/VCI-WireStrip_High.jpg","width":2400,"height":2400,"caption":"VCI-WireStrip_High."},{"@type":"BreadcrumbList","@id":"https:\/\/www.itape.com\/fr\/product\/vci-wire-strip\/#breadcrumb","itemListElement":[{"@type":"ListItem","position":1,"name":"Home","item":"https:\/\/www.itape.com\/fr\/"},{"@type":"ListItem","position":2,"name":"Products","item":"https:\/\/www.itape.com\/products\/"},{"@type":"ListItem","position":3,"name":"VCI Wire Strip"}]},{"@type":"WebSite","@id":"https:\/\/www.itape.com\/#website","url":"https:\/\/www.itape.com\/","name":"IPG","description":"Global Leader in Packaging and Protective Solutions","publisher":{"@id":"https:\/\/www.itape.com\/#organization"},"potentialAction":[{"@type":"SearchAction","target":{"@type":"EntryPoint","urlTemplate":"https:\/\/www.itape.com\/?s={search_term_string}"},"query-input":{"@type":"PropertyValueSpecification","valueRequired":true,"valueName":"search_term_string"}}],"inLanguage":"fr-FR"},{"@type":"Organization","@id":"https:\/\/www.itape.com\/#organization","name":"IPG","url":"https:\/\/www.itape.com\/","logo":{"@type":"ImageObject","inLanguage":"fr-FR","@id":"https:\/\/www.itape.com\/#\/schema\/logo\/image\/","url":"https:\/\/www.itape.com\/wp-content\/uploads\/2024\/06\/IPG-logo-2.png","contentUrl":"https:\/\/www.itape.com\/wp-content\/uploads\/2024\/06\/IPG-logo-2.png","width":60,"height":60,"caption":"IPG"},"image":{"@id":"https:\/\/www.itape.com\/#\/schema\/logo\/image\/"},"sameAs":["https:\/\/www.facebook.com\/intertape","https:\/\/x.com\/IPGtape","https:\/\/www.linkedin.com\/company\/intertape-polymer-group","https:\/\/www.instagram.com\/ipgtape","https:\/\/www.youtube.com\/user\/IPGtape"]}]},"product_price_currency":"USD","og_availability":"instock","product_availability":"instock","product_retailer_item_id":"4f9539d4dc71","product_condition":"new"},"parsely":{"version":"1.1.0","canonical_url":"https:\/\/itape.com\/fr\/product\/vci-wire-strip\/","smart_links":{"inbound":0,"outbound":0},"traffic_boost_suggestions_count":0,"meta":{"@context":"https:\/\/schema.org","@type":"WebPage","headline":"VCI Wire Strip","url":"https:\/\/www.itape.com\/fr\/product\/vci-wire-strip\/","mainEntityOfPage":{"@type":"WebPage","@id":"https:\/\/www.itape.com\/fr\/product\/vci-wire-strip\/"},"thumbnailUrl":"https:\/\/www.itape.com\/wp-content\/uploads\/2023\/01\/VCI-WireStrip_High.jpg?w=150&h=150&crop=1","image":{"@type":"ImageObject","url":"https:\/\/www.itape.com\/wp-content\/uploads\/2023\/01\/VCI-WireStrip_High.jpg"},"articleSection":"Non classifi\u00e9(e)","author":[{"@type":"Person","name":"IPG"}],"creator":["IPG"],"publisher":{"@type":"Organization","name":"IPG","logo":"https:\/\/www.itape.com\/wp-content\/uploads\/2023\/03\/IPG-logo-2.png"},"keywords":[],"dateCreated":"2023-01-12T14:35:22Z","datePublished":"2023-01-12T14:35:22Z","dateModified":"2023-05-06T14:47:02Z"},"rendered":"<meta name=\"parsely-title\" content=\"VCI Wire Strip\" \/>\n<meta name=\"parsely-link\" content=\"https:\/\/www.itape.com\/fr\/product\/vci-wire-strip\/\" \/>\n<meta name=\"parsely-type\" content=\"index\" \/>\n<meta name=\"parsely-image-url\" content=\"https:\/\/www.itape.com\/wp-content\/uploads\/2023\/01\/VCI-WireStrip_High.jpg?w=150&amp;h=150&amp;crop=1\" \/>\n<meta name=\"parsely-pub-date\" content=\"2023-01-12T14:35:22Z\" \/>\n<meta name=\"parsely-section\" content=\"Non classifi\u00e9(e)\" \/>\n<meta name=\"parsely-author\" content=\"IPG\" \/>","tracker_url":"https:\/\/cdn.parsely.com\/keys\/itape.com\/p.js"},"jetpack_sharing_enabled":true,"_links":{"self":[{"href":"https:\/\/www.itape.com\/fr\/wp-json\/wp\/v2\/product\/47390","targetHints":{"allow":["GET"]}}],"collection":[{"href":"https:\/\/www.itape.com\/fr\/wp-json\/wp\/v2\/product"}],"about":[{"href":"https:\/\/www.itape.com\/fr\/wp-json\/wp\/v2\/types\/product"}],"replies":[{"embeddable":true,"href":"https:\/\/www.itape.com\/fr\/wp-json\/wp\/v2\/comments?post=47390"}],"wp:featuredmedia":[{"embeddable":true,"href":"https:\/\/www.itape.com\/fr\/wp-json\/wp\/v2\/media\/61475"}],"wp:attachment":[{"href":"https:\/\/www.itape.com\/fr\/wp-json\/wp\/v2\/media?parent=47390"}],"wp:term":[{"taxonomy":"product_brand","embeddable":true,"href":"https:\/\/www.itape.com\/fr\/wp-json\/wp\/v2\/product_brand?post=47390"},{"taxonomy":"product_cat","embeddable":true,"href":"https:\/\/www.itape.com\/fr\/wp-json\/wp\/v2\/product_cat?post=47390"},{"taxonomy":"product_tag","embeddable":true,"href":"https:\/\/www.itape.com\/fr\/wp-json\/wp\/v2\/product_tag?post=47390"},{"taxonomy":"associated_application","embeddable":true,"href":"https:\/\/www.itape.com\/fr\/wp-json\/wp\/v2\/associated_application?post=47390"}],"curies":[{"name":"wp","href":"https:\/\/api.w.org\/{rel}","templated":true}]}}