{"id":47392,"date":"2023-01-12T14:35:22","date_gmt":"2023-01-12T14:35:22","guid":{"rendered":"https:\/\/www.itape.com\/product\/vci-shrink-film-fr\/"},"modified":"2023-05-06T13:59:52","modified_gmt":"2023-05-06T13:59:52","slug":"vci-shrink-film-fr","status":"publish","type":"product","link":"https:\/\/www.itape.com\/fr\/product\/vci-shrink-film-fr\/","title":{"rendered":"VCI Shrink Film"},"content":{"rendered":"<div class=\"prose\">M\u00e9taux prot\u00e9g\u00e9s : aciers au carbone, aciers inoxydables, cuivre, laiton, aluminium, argent, acier galvanis\u00e9<\/div>\n","protected":false},"excerpt":{"rendered":"<p>Le film r\u00e9tractable VCI2000 est compos\u00e9 de trois couches du polym\u00e8re le plus r\u00e9cent. Il offre un niveau optimal de robustesse, de souplesse et de r\u00e9sistance \u00e0 la perforation n\u00e9cessaires dans les applications de r\u00e9tractabilit\u00e9 agressives. Caract\u00e9ristiques : le film est transparent pour faciliter l&rsquo;identification du produit. Offre une protection continue pendant 24 mois. <\/p>\n","protected":false},"featured_media":52606,"comment_status":"closed","ping_status":"closed","template":"","meta":{"_acf_changed":false},"product_brand":[],"product_cat":[7704,6175,7751,7703,7743],"product_tag":[6299],"associated_application":[5993,6003,5992,6005,5994,6001,6007,6011,5998,7939],"class_list":{"0":"post-47392","1":"product","2":"type-product","3":"status-publish","4":"has-post-thumbnail","6":"product_cat-conditionnement-protecteur-fr","7":"product_cat-vci-anti-corrosion-packaging-fr","8":"product_cat-conditionnement-protecteur-emballage-anti-corrosion-vci-fr","9":"product_cat-packaging-films-fr","10":"product_cat-packaging-films-films-vci-fr","11":"product_tag-vci-films-fr","12":"associated_application-appareil-fr","13":"associated_application-demenagement-et-stockage-fr","14":"associated_application-industrie-aerospatiale-fr","15":"associated_application-industrie-maritime-et-des-composites-fr","16":"associated_application-marche-des-pieces-automobiles-fr","17":"associated_application-processus-general-de-fabrication-fr","18":"associated_application-secteur-du-transport-fr","19":"associated_application-secteur-electrique-et-electronique-fr-industrie-aerospatiale-fr","20":"associated_application-secteur-electrique-et-electronique-fr","21":"associated_application-stockage-anti-corrosion-electriques","23":"first","24":"instock","25":"product-type-simple"},"acf":[],"yoast_head":"<!-- This site is optimized with the Yoast SEO Premium plugin v24.1 (Yoast SEO v27.0) - https:\/\/yoast.com\/product\/yoast-seo-premium-wordpress\/ -->\n<title>VCI Shrink Film - IPG<\/title>\n<meta name=\"robots\" content=\"index, follow, max-snippet:-1, max-image-preview:large, max-video-preview:-1\" \/>\n<link rel=\"canonical\" href=\"https:\/\/www.itape.com\/fr\/product\/vci-shrink-film-fr\/\" \/>\n<meta property=\"og:locale\" content=\"fr_FR\" \/>\n<meta property=\"og:type\" content=\"article\" \/>\n<meta property=\"og:title\" content=\"VCI Shrink Film\" \/>\n<meta property=\"og:description\" content=\"Le film r\u00e9tractable VCI2000 est compos\u00e9 de trois couches du polym\u00e8re le plus r\u00e9cent. Il offre un niveau optimal de robustesse, de souplesse et de r\u00e9sistance \u00e0 la perforation n\u00e9cessaires dans les applications de r\u00e9tractabilit\u00e9 agressives. Caract\u00e9ristiques : le film est transparent pour faciliter l&#039;identification du produit. Offre une protection continue pendant 24 mois.\" \/>\n<meta property=\"og:url\" content=\"https:\/\/www.itape.com\/fr\/product\/vci-shrink-film-fr\/\" \/>\n<meta property=\"og:site_name\" content=\"IPG\" \/>\n<meta property=\"article:publisher\" content=\"https:\/\/www.facebook.com\/intertape\" \/>\n<meta property=\"article:modified_time\" content=\"2023-05-06T13:59:52+00:00\" \/>\n<meta property=\"og:image\" content=\"https:\/\/www.itape.com\/wp-content\/uploads\/2023\/01\/VCI-ShrinkFilm.jpg\" \/>\n\t<meta property=\"og:image:width\" content=\"2400\" \/>\n\t<meta property=\"og:image:height\" content=\"2400\" \/>\n\t<meta property=\"og:image:type\" content=\"image\/jpeg\" \/>\n<meta name=\"twitter:card\" content=\"summary_large_image\" \/>\n<meta name=\"twitter:site\" content=\"@IPGtape\" \/>\n<meta name=\"twitter:label1\" content=\"Price\" \/>\n\t<meta name=\"twitter:data1\" content=\"\" \/>\n\t<meta name=\"twitter:label2\" content=\"Availability\" \/>\n\t<meta name=\"twitter:data2\" content=\"In stock\" \/>\n<script type=\"application\/ld+json\" class=\"yoast-schema-graph\">{\"@context\":\"https:\/\/schema.org\",\"@graph\":[{\"@type\":\"WebPage\",\"@id\":\"https:\/\/www.itape.com\/fr\/product\/vci-shrink-film-fr\/\",\"url\":\"https:\/\/www.itape.com\/fr\/product\/vci-shrink-film-fr\/\",\"name\":\"VCI Shrink Film - IPG\",\"isPartOf\":{\"@id\":\"https:\/\/www.itape.com\/#website\"},\"primaryImageOfPage\":{\"@id\":\"https:\/\/www.itape.com\/fr\/product\/vci-shrink-film-fr\/#primaryimage\"},\"image\":{\"@id\":\"https:\/\/www.itape.com\/fr\/product\/vci-shrink-film-fr\/#primaryimage\"},\"thumbnailUrl\":\"https:\/\/www.itape.com\/wp-content\/uploads\/2023\/01\/VCI-ShrinkFilm.jpg\",\"datePublished\":\"2023-01-12T14:35:22+00:00\",\"dateModified\":\"2023-05-06T13:59:52+00:00\",\"breadcrumb\":{\"@id\":\"https:\/\/www.itape.com\/fr\/product\/vci-shrink-film-fr\/#breadcrumb\"},\"inLanguage\":\"fr-FR\",\"potentialAction\":[{\"@type\":\"ReadAction\",\"target\":[\"https:\/\/www.itape.com\/fr\/product\/vci-shrink-film-fr\/\"]}]},{\"@type\":\"ImageObject\",\"inLanguage\":\"fr-FR\",\"@id\":\"https:\/\/www.itape.com\/fr\/product\/vci-shrink-film-fr\/#primaryimage\",\"url\":\"https:\/\/www.itape.com\/wp-content\/uploads\/2023\/01\/VCI-ShrinkFilm.jpg\",\"contentUrl\":\"https:\/\/www.itape.com\/wp-content\/uploads\/2023\/01\/VCI-ShrinkFilm.jpg\",\"width\":2400,\"height\":2400,\"caption\":\"VCI-ShrinkFilm\"},{\"@type\":\"BreadcrumbList\",\"@id\":\"https:\/\/www.itape.com\/fr\/product\/vci-shrink-film-fr\/#breadcrumb\",\"itemListElement\":[{\"@type\":\"ListItem\",\"position\":1,\"name\":\"Home\",\"item\":\"https:\/\/www.itape.com\/fr\/\"},{\"@type\":\"ListItem\",\"position\":2,\"name\":\"Products\",\"item\":\"https:\/\/www.itape.com\/products\/\"},{\"@type\":\"ListItem\",\"position\":3,\"name\":\"VCI Shrink Film\"}]},{\"@type\":\"WebSite\",\"@id\":\"https:\/\/www.itape.com\/#website\",\"url\":\"https:\/\/www.itape.com\/\",\"name\":\"IPG\",\"description\":\"Global Leader in Packaging and Protective Solutions\",\"publisher\":{\"@id\":\"https:\/\/www.itape.com\/#organization\"},\"potentialAction\":[{\"@type\":\"SearchAction\",\"target\":{\"@type\":\"EntryPoint\",\"urlTemplate\":\"https:\/\/www.itape.com\/?s={search_term_string}\"},\"query-input\":{\"@type\":\"PropertyValueSpecification\",\"valueRequired\":true,\"valueName\":\"search_term_string\"}}],\"inLanguage\":\"fr-FR\"},{\"@type\":\"Organization\",\"@id\":\"https:\/\/www.itape.com\/#organization\",\"name\":\"IPG\",\"url\":\"https:\/\/www.itape.com\/\",\"logo\":{\"@type\":\"ImageObject\",\"inLanguage\":\"fr-FR\",\"@id\":\"https:\/\/www.itape.com\/#\/schema\/logo\/image\/\",\"url\":\"https:\/\/www.itape.com\/wp-content\/uploads\/2024\/06\/IPG-logo-2.png\",\"contentUrl\":\"https:\/\/www.itape.com\/wp-content\/uploads\/2024\/06\/IPG-logo-2.png\",\"width\":60,\"height\":60,\"caption\":\"IPG\"},\"image\":{\"@id\":\"https:\/\/www.itape.com\/#\/schema\/logo\/image\/\"},\"sameAs\":[\"https:\/\/www.facebook.com\/intertape\",\"https:\/\/x.com\/IPGtape\",\"https:\/\/www.linkedin.com\/company\/intertape-polymer-group\",\"https:\/\/www.instagram.com\/ipgtape\",\"https:\/\/www.youtube.com\/user\/IPGtape\"]}]}<\/script>\n<meta property=\"product:price:currency\" content=\"USD\" \/>\n<meta property=\"og:availability\" content=\"instock\" \/>\n<meta property=\"product:availability\" content=\"instock\" \/>\n<meta property=\"product:retailer_item_id\" content=\"5722a128e115\" \/>\n<meta property=\"product:condition\" content=\"new\" \/>\n<!-- \/ Yoast SEO Premium plugin. -->","yoast_head_json":{"title":"VCI Shrink Film - IPG","robots":{"index":"index","follow":"follow","max-snippet":"max-snippet:-1","max-image-preview":"max-image-preview:large","max-video-preview":"max-video-preview:-1"},"canonical":"https:\/\/www.itape.com\/fr\/product\/vci-shrink-film-fr\/","og_locale":"fr_FR","og_type":"article","og_title":"VCI Shrink Film","og_description":"Le film r\u00e9tractable VCI2000 est compos\u00e9 de trois couches du polym\u00e8re le plus r\u00e9cent. Il offre un niveau optimal de robustesse, de souplesse et de r\u00e9sistance \u00e0 la perforation n\u00e9cessaires dans les applications de r\u00e9tractabilit\u00e9 agressives. Caract\u00e9ristiques : le film est transparent pour faciliter l'identification du produit. Offre une protection continue pendant 24 mois.","og_url":"https:\/\/www.itape.com\/fr\/product\/vci-shrink-film-fr\/","og_site_name":"IPG","article_publisher":"https:\/\/www.facebook.com\/intertape","article_modified_time":"2023-05-06T13:59:52+00:00","og_image":[{"width":2400,"height":2400,"url":"https:\/\/www.itape.com\/wp-content\/uploads\/2023\/01\/VCI-ShrinkFilm.jpg","type":"image\/jpeg"}],"twitter_card":"summary_large_image","twitter_site":"@IPGtape","twitter_misc":{"Price":"","Availability":"In stock"},"schema":{"@context":"https:\/\/schema.org","@graph":[{"@type":"WebPage","@id":"https:\/\/www.itape.com\/fr\/product\/vci-shrink-film-fr\/","url":"https:\/\/www.itape.com\/fr\/product\/vci-shrink-film-fr\/","name":"VCI Shrink Film - IPG","isPartOf":{"@id":"https:\/\/www.itape.com\/#website"},"primaryImageOfPage":{"@id":"https:\/\/www.itape.com\/fr\/product\/vci-shrink-film-fr\/#primaryimage"},"image":{"@id":"https:\/\/www.itape.com\/fr\/product\/vci-shrink-film-fr\/#primaryimage"},"thumbnailUrl":"https:\/\/www.itape.com\/wp-content\/uploads\/2023\/01\/VCI-ShrinkFilm.jpg","datePublished":"2023-01-12T14:35:22+00:00","dateModified":"2023-05-06T13:59:52+00:00","breadcrumb":{"@id":"https:\/\/www.itape.com\/fr\/product\/vci-shrink-film-fr\/#breadcrumb"},"inLanguage":"fr-FR","potentialAction":[{"@type":"ReadAction","target":["https:\/\/www.itape.com\/fr\/product\/vci-shrink-film-fr\/"]}]},{"@type":"ImageObject","inLanguage":"fr-FR","@id":"https:\/\/www.itape.com\/fr\/product\/vci-shrink-film-fr\/#primaryimage","url":"https:\/\/www.itape.com\/wp-content\/uploads\/2023\/01\/VCI-ShrinkFilm.jpg","contentUrl":"https:\/\/www.itape.com\/wp-content\/uploads\/2023\/01\/VCI-ShrinkFilm.jpg","width":2400,"height":2400,"caption":"VCI-ShrinkFilm"},{"@type":"BreadcrumbList","@id":"https:\/\/www.itape.com\/fr\/product\/vci-shrink-film-fr\/#breadcrumb","itemListElement":[{"@type":"ListItem","position":1,"name":"Home","item":"https:\/\/www.itape.com\/fr\/"},{"@type":"ListItem","position":2,"name":"Products","item":"https:\/\/www.itape.com\/products\/"},{"@type":"ListItem","position":3,"name":"VCI Shrink Film"}]},{"@type":"WebSite","@id":"https:\/\/www.itape.com\/#website","url":"https:\/\/www.itape.com\/","name":"IPG","description":"Global Leader in Packaging and Protective Solutions","publisher":{"@id":"https:\/\/www.itape.com\/#organization"},"potentialAction":[{"@type":"SearchAction","target":{"@type":"EntryPoint","urlTemplate":"https:\/\/www.itape.com\/?s={search_term_string}"},"query-input":{"@type":"PropertyValueSpecification","valueRequired":true,"valueName":"search_term_string"}}],"inLanguage":"fr-FR"},{"@type":"Organization","@id":"https:\/\/www.itape.com\/#organization","name":"IPG","url":"https:\/\/www.itape.com\/","logo":{"@type":"ImageObject","inLanguage":"fr-FR","@id":"https:\/\/www.itape.com\/#\/schema\/logo\/image\/","url":"https:\/\/www.itape.com\/wp-content\/uploads\/2024\/06\/IPG-logo-2.png","contentUrl":"https:\/\/www.itape.com\/wp-content\/uploads\/2024\/06\/IPG-logo-2.png","width":60,"height":60,"caption":"IPG"},"image":{"@id":"https:\/\/www.itape.com\/#\/schema\/logo\/image\/"},"sameAs":["https:\/\/www.facebook.com\/intertape","https:\/\/x.com\/IPGtape","https:\/\/www.linkedin.com\/company\/intertape-polymer-group","https:\/\/www.instagram.com\/ipgtape","https:\/\/www.youtube.com\/user\/IPGtape"]}]},"product_price_currency":"USD","og_availability":"instock","product_availability":"instock","product_retailer_item_id":"5722a128e115","product_condition":"new"},"parsely":{"version":"1.1.0","canonical_url":"https:\/\/itape.com\/fr\/product\/vci-shrink-film-fr\/","smart_links":{"inbound":0,"outbound":0},"traffic_boost_suggestions_count":0,"meta":{"@context":"https:\/\/schema.org","@type":"WebPage","headline":"VCI Shrink Film","url":"https:\/\/www.itape.com\/fr\/product\/vci-shrink-film-fr\/","mainEntityOfPage":{"@type":"WebPage","@id":"https:\/\/www.itape.com\/fr\/product\/vci-shrink-film-fr\/"},"thumbnailUrl":"https:\/\/www.itape.com\/wp-content\/uploads\/2023\/01\/VCI-ShrinkFilm.jpg?w=150&h=150&crop=1","image":{"@type":"ImageObject","url":"https:\/\/www.itape.com\/wp-content\/uploads\/2023\/01\/VCI-ShrinkFilm.jpg"},"articleSection":"Non classifi\u00e9(e)","author":[{"@type":"Person","name":"IPG"}],"creator":["IPG"],"publisher":{"@type":"Organization","name":"IPG","logo":"https:\/\/www.itape.com\/wp-content\/uploads\/2023\/03\/IPG-logo-2.png"},"keywords":[],"dateCreated":"2023-01-12T14:35:22Z","datePublished":"2023-01-12T14:35:22Z","dateModified":"2023-05-06T13:59:52Z"},"rendered":"<meta name=\"parsely-title\" content=\"VCI Shrink Film\" \/>\n<meta name=\"parsely-link\" content=\"https:\/\/www.itape.com\/fr\/product\/vci-shrink-film-fr\/\" \/>\n<meta name=\"parsely-type\" content=\"index\" \/>\n<meta name=\"parsely-image-url\" content=\"https:\/\/www.itape.com\/wp-content\/uploads\/2023\/01\/VCI-ShrinkFilm.jpg?w=150&amp;h=150&amp;crop=1\" \/>\n<meta name=\"parsely-pub-date\" content=\"2023-01-12T14:35:22Z\" \/>\n<meta name=\"parsely-section\" content=\"Non classifi\u00e9(e)\" \/>\n<meta name=\"parsely-author\" content=\"IPG\" \/>","tracker_url":"https:\/\/cdn.parsely.com\/keys\/itape.com\/p.js"},"jetpack_sharing_enabled":true,"_links":{"self":[{"href":"https:\/\/www.itape.com\/fr\/wp-json\/wp\/v2\/product\/47392","targetHints":{"allow":["GET"]}}],"collection":[{"href":"https:\/\/www.itape.com\/fr\/wp-json\/wp\/v2\/product"}],"about":[{"href":"https:\/\/www.itape.com\/fr\/wp-json\/wp\/v2\/types\/product"}],"replies":[{"embeddable":true,"href":"https:\/\/www.itape.com\/fr\/wp-json\/wp\/v2\/comments?post=47392"}],"wp:featuredmedia":[{"embeddable":true,"href":"https:\/\/www.itape.com\/fr\/wp-json\/wp\/v2\/media\/52606"}],"wp:attachment":[{"href":"https:\/\/www.itape.com\/fr\/wp-json\/wp\/v2\/media?parent=47392"}],"wp:term":[{"taxonomy":"product_brand","embeddable":true,"href":"https:\/\/www.itape.com\/fr\/wp-json\/wp\/v2\/product_brand?post=47392"},{"taxonomy":"product_cat","embeddable":true,"href":"https:\/\/www.itape.com\/fr\/wp-json\/wp\/v2\/product_cat?post=47392"},{"taxonomy":"product_tag","embeddable":true,"href":"https:\/\/www.itape.com\/fr\/wp-json\/wp\/v2\/product_tag?post=47392"},{"taxonomy":"associated_application","embeddable":true,"href":"https:\/\/www.itape.com\/fr\/wp-json\/wp\/v2\/associated_application?post=47392"}],"curies":[{"name":"wp","href":"https:\/\/api.w.org\/{rel}","templated":true}]}}