{"id":47416,"date":"2023-01-12T14:35:34","date_gmt":"2023-01-12T14:35:34","guid":{"rendered":"https:\/\/www.itape.com\/product\/285-fr\/"},"modified":"2023-04-25T17:06:34","modified_gmt":"2023-04-25T17:06:34","slug":"285-fr","status":"publish","type":"product","link":"https:\/\/www.itape.com\/fr\/product\/285-fr\/","title":{"rendered":"285"},"content":{"rendered":"","protected":false},"excerpt":{"rendered":"<p>Ruban adh\u00e9sif d&#8217;emballage en carton kraft naturel renforc\u00e9 de fibre de verre haute r\u00e9sistance \u00e0 la traction fabriqu\u00e9 avec du ruban de papier gomm\u00e9 capable de respecter les exigences contraignantes des sp\u00e9cifications de l&rsquo;\u00ab\u00a0ancienne r\u00e8gle\u00a041 \u00bb. Utilis\u00e9 pour le scellement de cartons \u00e0 deux bandes en haut et en bas. Fonctionne bien sur les cartons recycl\u00e9s et les charges non unitis\u00e9es. Recommand\u00e9 sur les cartons lourds de plus de 40\u00a0kg.<\/p>\n","protected":false},"featured_media":53995,"comment_status":"closed","ping_status":"closed","template":"","meta":{"_acf_changed":false},"product_brand":[],"product_cat":[8268,7700,7706,6176,7725,7758],"product_tag":[8262,6304],"associated_application":[5993,6052,5997,5992,6097,6087,5994,6001,6090,6080,6058,7687,6053,6007,6000,6085],"class_list":{"0":"post-47416","1":"product","2":"type-product","3":"status-publish","4":"has-post-thumbnail","6":"product_cat-cradle-to-cradle-products-fr","7":"product_cat-carton-sealing-products-fr","8":"product_cat-sustainable-packaging-fr","9":"product_cat-water-activated-tape-fr","10":"product_cat-carton-sealing-products-ruban-de-papier-gomme-fr","11":"product_cat-sustainable-packaging-ruban-de-papier-gomme-fr","12":"product_tag-cradle-to-cradle-certified-fr","13":"product_tag-central-reinforced-wat-fr","14":"associated_application-appareil-fr","15":"associated_application-automatisation-de-scellage-des-cartons-fr","16":"associated_application-commerce-en-ligne-fr","17":"associated_application-industrie-aerospatiale-fr","18":"associated_application-inviolabilite-fr-processus-general-de-fabrication-fr","19":"associated_application-inviolabilite-fr-transformation-alimentaire-fr","20":"associated_application-marche-des-pieces-automobiles-fr","21":"associated_application-processus-general-de-fabrication-fr","22":"associated_application-promotion-des-marques-fr-processus-general-de-fabrication-fr","23":"associated_application-promotion-des-marques-fr","24":"associated_application-ruban-imprimable-fr","25":"associated_application-rubans-demballage","26":"associated_application-scellage-des-cartons-devidoirs-de-ruban-gomme-fr","27":"associated_application-secteur-du-transport-fr","28":"associated_application-transformation-alimentaire-fr","29":"associated_application-transport-et-stockage-refrigeres-fr","31":"first","32":"instock","33":"product-type-simple"},"acf":[],"yoast_head":"<!-- This site is optimized with the Yoast SEO Premium plugin v24.1 (Yoast SEO v27.0) - https:\/\/yoast.com\/product\/yoast-seo-premium-wordpress\/ -->\n<title>285 - IPG<\/title>\n<meta name=\"robots\" content=\"index, follow, max-snippet:-1, max-image-preview:large, max-video-preview:-1\" \/>\n<link rel=\"canonical\" href=\"https:\/\/www.itape.com\/product\/285\/\" \/>\n<meta property=\"og:locale\" content=\"fr_FR\" \/>\n<meta property=\"og:type\" content=\"article\" \/>\n<meta property=\"og:title\" content=\"285\" \/>\n<meta property=\"og:description\" content=\"Ruban adh\u00e9sif d&#039;emballage en carton kraft naturel renforc\u00e9 de fibre de verre haute r\u00e9sistance \u00e0 la traction fabriqu\u00e9 avec du ruban de papier gomm\u00e9 capable de respecter les exigences contraignantes des sp\u00e9cifications de l&#039;\u00ab\u00a0ancienne r\u00e8gle\u00a041 \u00bb. Utilis\u00e9 pour le scellement de cartons \u00e0 deux bandes en haut et en bas. Fonctionne bien sur les cartons recycl\u00e9s et les charges non unitis\u00e9es. Recommand\u00e9 sur les cartons lourds de plus de 40\u00a0kg.\" \/>\n<meta property=\"og:url\" content=\"https:\/\/www.itape.com\/product\/285\/\" \/>\n<meta property=\"og:site_name\" content=\"IPG\" \/>\n<meta property=\"article:publisher\" content=\"https:\/\/www.facebook.com\/intertape\" \/>\n<meta property=\"article:modified_time\" content=\"2023-04-25T17:06:34+00:00\" \/>\n<meta property=\"og:image\" content=\"https:\/\/www.itape.com\/wp-content\/uploads\/2023\/10\/285-natural-shadow-3x400-1.jpg\" \/>\n\t<meta property=\"og:image:width\" content=\"2400\" \/>\n\t<meta property=\"og:image:height\" content=\"2400\" \/>\n\t<meta property=\"og:image:type\" content=\"image\/jpeg\" \/>\n<meta name=\"twitter:card\" content=\"summary_large_image\" \/>\n<meta name=\"twitter:site\" content=\"@IPGtape\" \/>\n<meta name=\"twitter:label1\" content=\"Price\" \/>\n\t<meta name=\"twitter:data1\" content=\"\" \/>\n\t<meta name=\"twitter:label2\" content=\"Availability\" \/>\n\t<meta name=\"twitter:data2\" content=\"In stock\" \/>\n<script type=\"application\/ld+json\" class=\"yoast-schema-graph\">{\"@context\":\"https:\/\/schema.org\",\"@graph\":[{\"@type\":\"WebPage\",\"@id\":\"https:\/\/www.itape.com\/product\/285\/\",\"url\":\"https:\/\/www.itape.com\/product\/285\/\",\"name\":\"285 - IPG\",\"isPartOf\":{\"@id\":\"https:\/\/www.itape.com\/#website\"},\"primaryImageOfPage\":{\"@id\":\"https:\/\/www.itape.com\/product\/285\/#primaryimage\"},\"image\":{\"@id\":\"https:\/\/www.itape.com\/product\/285\/#primaryimage\"},\"thumbnailUrl\":\"https:\/\/www.itape.com\/wp-content\/uploads\/2023\/10\/285-natural-shadow-3x400-1.jpg\",\"datePublished\":\"2023-01-12T14:35:34+00:00\",\"dateModified\":\"2023-04-25T17:06:34+00:00\",\"breadcrumb\":{\"@id\":\"https:\/\/www.itape.com\/product\/285\/#breadcrumb\"},\"inLanguage\":\"fr-FR\",\"potentialAction\":[{\"@type\":\"ReadAction\",\"target\":[\"https:\/\/www.itape.com\/product\/285\/\"]}]},{\"@type\":\"ImageObject\",\"inLanguage\":\"fr-FR\",\"@id\":\"https:\/\/www.itape.com\/product\/285\/#primaryimage\",\"url\":\"https:\/\/www.itape.com\/wp-content\/uploads\/2023\/10\/285-natural-shadow-3x400-1.jpg\",\"contentUrl\":\"https:\/\/www.itape.com\/wp-content\/uploads\/2023\/10\/285-natural-shadow-3x400-1.jpg\",\"width\":2400,\"height\":2400,\"caption\":\"285_WAT\"},{\"@type\":\"BreadcrumbList\",\"@id\":\"https:\/\/www.itape.com\/product\/285\/#breadcrumb\",\"itemListElement\":[{\"@type\":\"ListItem\",\"position\":1,\"name\":\"Home\",\"item\":\"https:\/\/www.itape.com\/fr\/\"},{\"@type\":\"ListItem\",\"position\":2,\"name\":\"Products\",\"item\":\"https:\/\/www.itape.com\/products\/\"},{\"@type\":\"ListItem\",\"position\":3,\"name\":\"285\"}]},{\"@type\":\"WebSite\",\"@id\":\"https:\/\/www.itape.com\/#website\",\"url\":\"https:\/\/www.itape.com\/\",\"name\":\"IPG\",\"description\":\"Global Leader in Packaging and Protective Solutions\",\"publisher\":{\"@id\":\"https:\/\/www.itape.com\/#organization\"},\"potentialAction\":[{\"@type\":\"SearchAction\",\"target\":{\"@type\":\"EntryPoint\",\"urlTemplate\":\"https:\/\/www.itape.com\/?s={search_term_string}\"},\"query-input\":{\"@type\":\"PropertyValueSpecification\",\"valueRequired\":true,\"valueName\":\"search_term_string\"}}],\"inLanguage\":\"fr-FR\"},{\"@type\":\"Organization\",\"@id\":\"https:\/\/www.itape.com\/#organization\",\"name\":\"IPG\",\"url\":\"https:\/\/www.itape.com\/\",\"logo\":{\"@type\":\"ImageObject\",\"inLanguage\":\"fr-FR\",\"@id\":\"https:\/\/www.itape.com\/#\/schema\/logo\/image\/\",\"url\":\"https:\/\/www.itape.com\/wp-content\/uploads\/2024\/06\/IPG-logo-2.png\",\"contentUrl\":\"https:\/\/www.itape.com\/wp-content\/uploads\/2024\/06\/IPG-logo-2.png\",\"width\":60,\"height\":60,\"caption\":\"IPG\"},\"image\":{\"@id\":\"https:\/\/www.itape.com\/#\/schema\/logo\/image\/\"},\"sameAs\":[\"https:\/\/www.facebook.com\/intertape\",\"https:\/\/x.com\/IPGtape\",\"https:\/\/www.linkedin.com\/company\/intertape-polymer-group\",\"https:\/\/www.instagram.com\/ipgtape\",\"https:\/\/www.youtube.com\/user\/IPGtape\"]}]}<\/script>\n<meta property=\"product:price:currency\" content=\"USD\" \/>\n<meta property=\"og:availability\" content=\"instock\" \/>\n<meta property=\"product:availability\" content=\"instock\" \/>\n<meta property=\"product:retailer_item_id\" content=\"ddcf6e55e027\" \/>\n<meta property=\"product:condition\" content=\"new\" \/>\n<!-- \/ Yoast SEO Premium plugin. -->","yoast_head_json":{"title":"285 - IPG","robots":{"index":"index","follow":"follow","max-snippet":"max-snippet:-1","max-image-preview":"max-image-preview:large","max-video-preview":"max-video-preview:-1"},"canonical":"https:\/\/www.itape.com\/product\/285\/","og_locale":"fr_FR","og_type":"article","og_title":"285","og_description":"Ruban adh\u00e9sif d'emballage en carton kraft naturel renforc\u00e9 de fibre de verre haute r\u00e9sistance \u00e0 la traction fabriqu\u00e9 avec du ruban de papier gomm\u00e9 capable de respecter les exigences contraignantes des sp\u00e9cifications de l'\u00ab\u00a0ancienne r\u00e8gle\u00a041 \u00bb. Utilis\u00e9 pour le scellement de cartons \u00e0 deux bandes en haut et en bas. Fonctionne bien sur les cartons recycl\u00e9s et les charges non unitis\u00e9es. Recommand\u00e9 sur les cartons lourds de plus de 40\u00a0kg.","og_url":"https:\/\/www.itape.com\/product\/285\/","og_site_name":"IPG","article_publisher":"https:\/\/www.facebook.com\/intertape","article_modified_time":"2023-04-25T17:06:34+00:00","og_image":[{"width":2400,"height":2400,"url":"https:\/\/www.itape.com\/wp-content\/uploads\/2023\/10\/285-natural-shadow-3x400-1.jpg","type":"image\/jpeg"}],"twitter_card":"summary_large_image","twitter_site":"@IPGtape","twitter_misc":{"Price":"","Availability":"In stock"},"schema":{"@context":"https:\/\/schema.org","@graph":[{"@type":"WebPage","@id":"https:\/\/www.itape.com\/product\/285\/","url":"https:\/\/www.itape.com\/product\/285\/","name":"285 - IPG","isPartOf":{"@id":"https:\/\/www.itape.com\/#website"},"primaryImageOfPage":{"@id":"https:\/\/www.itape.com\/product\/285\/#primaryimage"},"image":{"@id":"https:\/\/www.itape.com\/product\/285\/#primaryimage"},"thumbnailUrl":"https:\/\/www.itape.com\/wp-content\/uploads\/2023\/10\/285-natural-shadow-3x400-1.jpg","datePublished":"2023-01-12T14:35:34+00:00","dateModified":"2023-04-25T17:06:34+00:00","breadcrumb":{"@id":"https:\/\/www.itape.com\/product\/285\/#breadcrumb"},"inLanguage":"fr-FR","potentialAction":[{"@type":"ReadAction","target":["https:\/\/www.itape.com\/product\/285\/"]}]},{"@type":"ImageObject","inLanguage":"fr-FR","@id":"https:\/\/www.itape.com\/product\/285\/#primaryimage","url":"https:\/\/www.itape.com\/wp-content\/uploads\/2023\/10\/285-natural-shadow-3x400-1.jpg","contentUrl":"https:\/\/www.itape.com\/wp-content\/uploads\/2023\/10\/285-natural-shadow-3x400-1.jpg","width":2400,"height":2400,"caption":"285_WAT"},{"@type":"BreadcrumbList","@id":"https:\/\/www.itape.com\/product\/285\/#breadcrumb","itemListElement":[{"@type":"ListItem","position":1,"name":"Home","item":"https:\/\/www.itape.com\/fr\/"},{"@type":"ListItem","position":2,"name":"Products","item":"https:\/\/www.itape.com\/products\/"},{"@type":"ListItem","position":3,"name":"285"}]},{"@type":"WebSite","@id":"https:\/\/www.itape.com\/#website","url":"https:\/\/www.itape.com\/","name":"IPG","description":"Global Leader in Packaging and Protective Solutions","publisher":{"@id":"https:\/\/www.itape.com\/#organization"},"potentialAction":[{"@type":"SearchAction","target":{"@type":"EntryPoint","urlTemplate":"https:\/\/www.itape.com\/?s={search_term_string}"},"query-input":{"@type":"PropertyValueSpecification","valueRequired":true,"valueName":"search_term_string"}}],"inLanguage":"fr-FR"},{"@type":"Organization","@id":"https:\/\/www.itape.com\/#organization","name":"IPG","url":"https:\/\/www.itape.com\/","logo":{"@type":"ImageObject","inLanguage":"fr-FR","@id":"https:\/\/www.itape.com\/#\/schema\/logo\/image\/","url":"https:\/\/www.itape.com\/wp-content\/uploads\/2024\/06\/IPG-logo-2.png","contentUrl":"https:\/\/www.itape.com\/wp-content\/uploads\/2024\/06\/IPG-logo-2.png","width":60,"height":60,"caption":"IPG"},"image":{"@id":"https:\/\/www.itape.com\/#\/schema\/logo\/image\/"},"sameAs":["https:\/\/www.facebook.com\/intertape","https:\/\/x.com\/IPGtape","https:\/\/www.linkedin.com\/company\/intertape-polymer-group","https:\/\/www.instagram.com\/ipgtape","https:\/\/www.youtube.com\/user\/IPGtape"]}]},"product_price_currency":"USD","og_availability":"instock","product_availability":"instock","product_retailer_item_id":"ddcf6e55e027","product_condition":"new"},"parsely":{"version":"1.1.0","canonical_url":"https:\/\/itape.com\/fr\/product\/285-fr\/","smart_links":{"inbound":0,"outbound":0},"traffic_boost_suggestions_count":0,"meta":{"@context":"https:\/\/schema.org","@type":"WebPage","headline":"285","url":"https:\/\/www.itape.com\/fr\/product\/285-fr\/","mainEntityOfPage":{"@type":"WebPage","@id":"https:\/\/www.itape.com\/fr\/product\/285-fr\/"},"thumbnailUrl":"https:\/\/www.itape.com\/wp-content\/uploads\/2023\/10\/285-natural-shadow-3x400-1.jpg?w=150&h=150&crop=1","image":{"@type":"ImageObject","url":"https:\/\/www.itape.com\/wp-content\/uploads\/2023\/10\/285-natural-shadow-3x400-1.jpg"},"articleSection":"Non classifi\u00e9(e)","author":[{"@type":"Person","name":"IPG"}],"creator":["IPG"],"publisher":{"@type":"Organization","name":"IPG","logo":"https:\/\/www.itape.com\/wp-content\/uploads\/2023\/03\/IPG-logo-2.png"},"keywords":[],"dateCreated":"2023-01-12T14:35:34Z","datePublished":"2023-01-12T14:35:34Z","dateModified":"2023-04-25T17:06:34Z"},"rendered":"<meta name=\"parsely-title\" content=\"285\" \/>\n<meta name=\"parsely-link\" content=\"https:\/\/www.itape.com\/fr\/product\/285-fr\/\" \/>\n<meta name=\"parsely-type\" content=\"index\" \/>\n<meta name=\"parsely-image-url\" content=\"https:\/\/www.itape.com\/wp-content\/uploads\/2023\/10\/285-natural-shadow-3x400-1.jpg?w=150&amp;h=150&amp;crop=1\" \/>\n<meta name=\"parsely-pub-date\" content=\"2023-01-12T14:35:34Z\" \/>\n<meta name=\"parsely-section\" content=\"Non classifi\u00e9(e)\" \/>\n<meta name=\"parsely-author\" content=\"IPG\" \/>","tracker_url":"https:\/\/cdn.parsely.com\/keys\/itape.com\/p.js"},"jetpack_sharing_enabled":true,"_links":{"self":[{"href":"https:\/\/www.itape.com\/fr\/wp-json\/wp\/v2\/product\/47416","targetHints":{"allow":["GET"]}}],"collection":[{"href":"https:\/\/www.itape.com\/fr\/wp-json\/wp\/v2\/product"}],"about":[{"href":"https:\/\/www.itape.com\/fr\/wp-json\/wp\/v2\/types\/product"}],"replies":[{"embeddable":true,"href":"https:\/\/www.itape.com\/fr\/wp-json\/wp\/v2\/comments?post=47416"}],"wp:featuredmedia":[{"embeddable":true,"href":"https:\/\/www.itape.com\/fr\/wp-json\/wp\/v2\/media\/53995"}],"wp:attachment":[{"href":"https:\/\/www.itape.com\/fr\/wp-json\/wp\/v2\/media?parent=47416"}],"wp:term":[{"taxonomy":"product_brand","embeddable":true,"href":"https:\/\/www.itape.com\/fr\/wp-json\/wp\/v2\/product_brand?post=47416"},{"taxonomy":"product_cat","embeddable":true,"href":"https:\/\/www.itape.com\/fr\/wp-json\/wp\/v2\/product_cat?post=47416"},{"taxonomy":"product_tag","embeddable":true,"href":"https:\/\/www.itape.com\/fr\/wp-json\/wp\/v2\/product_tag?post=47416"},{"taxonomy":"associated_application","embeddable":true,"href":"https:\/\/www.itape.com\/fr\/wp-json\/wp\/v2\/associated_application?post=47416"}],"curies":[{"name":"wp","href":"https:\/\/api.w.org\/{rel}","templated":true}]}}