{"id":47423,"date":"2023-01-12T14:35:40","date_gmt":"2023-01-12T14:35:40","guid":{"rendered":"https:\/\/www.itape.com\/product\/281-fr\/"},"modified":"2023-09-05T19:58:06","modified_gmt":"2023-09-05T19:58:06","slug":"281","status":"publish","type":"product","link":"https:\/\/www.itape.com\/fr\/product\/281\/","title":{"rendered":"281"},"content":{"rendered":"<div class=\"prose\">Used for sealing the \u201cmanufacturers joint\u201d on cartons in a box-making factory. Works well on recycled cartons. Recommend using on small, average, and some medium size boxes.<\/div>\n","protected":false},"excerpt":{"rendered":"<p>Ruban pour bo\u00eetes en papier kraft renforc\u00e9 en fibre de verre \u00e0 usage g\u00e9n\u00e9ral, fabriqu\u00e9 avec de la colle activ\u00e9e \u00e0 l&rsquo;eau. Utilis\u00e9 pour le scellement du \u00ab\u00a0raccord du fabricant\u00a0\u00bb sur les cartons dans une usine de fabrication de bo\u00eetes. Fonctionne bien sur les cartons recycl\u00e9s. Utilisation recommand\u00e9e sur les bo\u00eetes de tailles suivantes\u00a0: petite, moyenne. Disponible en naturel, blanc neige et blanc.<\/p>\n","protected":false},"featured_media":53977,"comment_status":"closed","ping_status":"closed","template":"","meta":{"_acf_changed":false},"product_brand":[],"product_cat":[8268,7700,7706,6176,7725,7758],"product_tag":[6304,8262,6304],"associated_application":[5993,6052,5997,5992,6097,6087,5994,6001,6090,6080,6058,7687,6007,6000,6085],"class_list":{"0":"post-47423","1":"product","2":"type-product","3":"status-publish","4":"has-post-thumbnail","6":"product_cat-cradle-to-cradle-products-fr","7":"product_cat-carton-sealing-products-fr","8":"product_cat-sustainable-packaging-fr","9":"product_cat-water-activated-tape-fr","10":"product_cat-carton-sealing-products-ruban-de-papier-gomme-fr","11":"product_cat-sustainable-packaging-ruban-de-papier-gomme-fr","12":"product_tag-central-reinforced-wat-fr","13":"product_tag-cradle-to-cradle-certified-fr","15":"associated_application-appareil-fr","16":"associated_application-automatisation-de-scellage-des-cartons-fr","17":"associated_application-commerce-en-ligne-fr","18":"associated_application-industrie-aerospatiale-fr","19":"associated_application-inviolabilite-fr-processus-general-de-fabrication-fr","20":"associated_application-inviolabilite-fr-transformation-alimentaire-fr","21":"associated_application-marche-des-pieces-automobiles-fr","22":"associated_application-processus-general-de-fabrication-fr","23":"associated_application-promotion-des-marques-fr-processus-general-de-fabrication-fr","24":"associated_application-promotion-des-marques-fr","25":"associated_application-ruban-imprimable-fr","26":"associated_application-rubans-demballage","27":"associated_application-secteur-du-transport-fr","28":"associated_application-transformation-alimentaire-fr","29":"associated_application-transport-et-stockage-refrigeres-fr","31":"first","32":"instock","33":"product-type-simple"},"acf":[],"yoast_head":"<!-- This site is optimized with the Yoast SEO Premium plugin v24.1 (Yoast SEO v27.0) - https:\/\/yoast.com\/product\/yoast-seo-premium-wordpress\/ -->\n<title>281 - IPG<\/title>\n<meta name=\"robots\" content=\"index, follow, max-snippet:-1, max-image-preview:large, max-video-preview:-1\" \/>\n<link rel=\"canonical\" href=\"https:\/\/www.itape.com\/product\/281\/\" \/>\n<meta property=\"og:locale\" content=\"fr_FR\" \/>\n<meta property=\"og:type\" content=\"article\" \/>\n<meta property=\"og:title\" content=\"281\" \/>\n<meta property=\"og:description\" content=\"Ruban pour bo\u00eetes en papier kraft renforc\u00e9 en fibre de verre \u00e0 usage g\u00e9n\u00e9ral, fabriqu\u00e9 avec de la colle activ\u00e9e \u00e0 l&#039;eau. Utilis\u00e9 pour le scellement du \u00ab\u00a0raccord du fabricant\u00a0\u00bb sur les cartons dans une usine de fabrication de bo\u00eetes. Fonctionne bien sur les cartons recycl\u00e9s. Utilisation recommand\u00e9e sur les bo\u00eetes de tailles suivantes\u00a0: petite, moyenne. Disponible en naturel, blanc neige et blanc.\" \/>\n<meta property=\"og:url\" content=\"https:\/\/www.itape.com\/product\/281\/\" \/>\n<meta property=\"og:site_name\" content=\"IPG\" \/>\n<meta property=\"article:publisher\" content=\"https:\/\/www.facebook.com\/intertape\" \/>\n<meta property=\"article:modified_time\" content=\"2023-09-05T19:58:06+00:00\" \/>\n<meta property=\"og:image\" content=\"https:\/\/www.itape.com\/wp-content\/uploads\/2023\/10\/281-natural-shadow-2.5x3400.jpg\" \/>\n\t<meta property=\"og:image:width\" content=\"2400\" \/>\n\t<meta property=\"og:image:height\" content=\"2400\" \/>\n\t<meta property=\"og:image:type\" content=\"image\/jpeg\" \/>\n<meta name=\"twitter:card\" content=\"summary_large_image\" \/>\n<meta name=\"twitter:site\" content=\"@IPGtape\" \/>\n<meta name=\"twitter:label1\" content=\"Price\" \/>\n\t<meta name=\"twitter:data1\" content=\"\" \/>\n\t<meta name=\"twitter:label2\" content=\"Availability\" \/>\n\t<meta name=\"twitter:data2\" content=\"In stock\" \/>\n<script type=\"application\/ld+json\" class=\"yoast-schema-graph\">{\"@context\":\"https:\/\/schema.org\",\"@graph\":[{\"@type\":\"WebPage\",\"@id\":\"https:\/\/www.itape.com\/product\/281\/\",\"url\":\"https:\/\/www.itape.com\/product\/281\/\",\"name\":\"281 - IPG\",\"isPartOf\":{\"@id\":\"https:\/\/www.itape.com\/#website\"},\"primaryImageOfPage\":{\"@id\":\"https:\/\/www.itape.com\/product\/281\/#primaryimage\"},\"image\":{\"@id\":\"https:\/\/www.itape.com\/product\/281\/#primaryimage\"},\"thumbnailUrl\":\"https:\/\/www.itape.com\/wp-content\/uploads\/2023\/10\/281-natural-shadow-2.5x3400.jpg\",\"datePublished\":\"2023-01-12T14:35:40+00:00\",\"dateModified\":\"2023-09-05T19:58:06+00:00\",\"breadcrumb\":{\"@id\":\"https:\/\/www.itape.com\/product\/281\/#breadcrumb\"},\"inLanguage\":\"fr-FR\",\"potentialAction\":[{\"@type\":\"ReadAction\",\"target\":[\"https:\/\/www.itape.com\/product\/281\/\"]}]},{\"@type\":\"ImageObject\",\"inLanguage\":\"fr-FR\",\"@id\":\"https:\/\/www.itape.com\/product\/281\/#primaryimage\",\"url\":\"https:\/\/www.itape.com\/wp-content\/uploads\/2023\/10\/281-natural-shadow-2.5x3400.jpg\",\"contentUrl\":\"https:\/\/www.itape.com\/wp-content\/uploads\/2023\/10\/281-natural-shadow-2.5x3400.jpg\",\"width\":2400,\"height\":2400,\"caption\":\"281_WAT\"},{\"@type\":\"BreadcrumbList\",\"@id\":\"https:\/\/www.itape.com\/product\/281\/#breadcrumb\",\"itemListElement\":[{\"@type\":\"ListItem\",\"position\":1,\"name\":\"Home\",\"item\":\"https:\/\/www.itape.com\/fr\/\"},{\"@type\":\"ListItem\",\"position\":2,\"name\":\"Products\",\"item\":\"https:\/\/www.itape.com\/products\/\"},{\"@type\":\"ListItem\",\"position\":3,\"name\":\"281\"}]},{\"@type\":\"WebSite\",\"@id\":\"https:\/\/www.itape.com\/#website\",\"url\":\"https:\/\/www.itape.com\/\",\"name\":\"IPG\",\"description\":\"Global Leader in Packaging and Protective Solutions\",\"publisher\":{\"@id\":\"https:\/\/www.itape.com\/#organization\"},\"potentialAction\":[{\"@type\":\"SearchAction\",\"target\":{\"@type\":\"EntryPoint\",\"urlTemplate\":\"https:\/\/www.itape.com\/?s={search_term_string}\"},\"query-input\":{\"@type\":\"PropertyValueSpecification\",\"valueRequired\":true,\"valueName\":\"search_term_string\"}}],\"inLanguage\":\"fr-FR\"},{\"@type\":\"Organization\",\"@id\":\"https:\/\/www.itape.com\/#organization\",\"name\":\"IPG\",\"url\":\"https:\/\/www.itape.com\/\",\"logo\":{\"@type\":\"ImageObject\",\"inLanguage\":\"fr-FR\",\"@id\":\"https:\/\/www.itape.com\/#\/schema\/logo\/image\/\",\"url\":\"https:\/\/www.itape.com\/wp-content\/uploads\/2024\/06\/IPG-logo-2.png\",\"contentUrl\":\"https:\/\/www.itape.com\/wp-content\/uploads\/2024\/06\/IPG-logo-2.png\",\"width\":60,\"height\":60,\"caption\":\"IPG\"},\"image\":{\"@id\":\"https:\/\/www.itape.com\/#\/schema\/logo\/image\/\"},\"sameAs\":[\"https:\/\/www.facebook.com\/intertape\",\"https:\/\/x.com\/IPGtape\",\"https:\/\/www.linkedin.com\/company\/intertape-polymer-group\",\"https:\/\/www.instagram.com\/ipgtape\",\"https:\/\/www.youtube.com\/user\/IPGtape\"]}]}<\/script>\n<meta property=\"product:price:currency\" content=\"USD\" \/>\n<meta property=\"og:availability\" content=\"instock\" \/>\n<meta property=\"product:availability\" content=\"instock\" \/>\n<meta property=\"product:retailer_item_id\" content=\"7cd86f2244e7\" \/>\n<meta property=\"product:condition\" content=\"new\" \/>\n<!-- \/ Yoast SEO Premium plugin. -->","yoast_head_json":{"title":"281 - IPG","robots":{"index":"index","follow":"follow","max-snippet":"max-snippet:-1","max-image-preview":"max-image-preview:large","max-video-preview":"max-video-preview:-1"},"canonical":"https:\/\/www.itape.com\/product\/281\/","og_locale":"fr_FR","og_type":"article","og_title":"281","og_description":"Ruban pour bo\u00eetes en papier kraft renforc\u00e9 en fibre de verre \u00e0 usage g\u00e9n\u00e9ral, fabriqu\u00e9 avec de la colle activ\u00e9e \u00e0 l'eau. Utilis\u00e9 pour le scellement du \u00ab\u00a0raccord du fabricant\u00a0\u00bb sur les cartons dans une usine de fabrication de bo\u00eetes. Fonctionne bien sur les cartons recycl\u00e9s. Utilisation recommand\u00e9e sur les bo\u00eetes de tailles suivantes\u00a0: petite, moyenne. Disponible en naturel, blanc neige et blanc.","og_url":"https:\/\/www.itape.com\/product\/281\/","og_site_name":"IPG","article_publisher":"https:\/\/www.facebook.com\/intertape","article_modified_time":"2023-09-05T19:58:06+00:00","og_image":[{"width":2400,"height":2400,"url":"https:\/\/www.itape.com\/wp-content\/uploads\/2023\/10\/281-natural-shadow-2.5x3400.jpg","type":"image\/jpeg"}],"twitter_card":"summary_large_image","twitter_site":"@IPGtape","twitter_misc":{"Price":"","Availability":"In stock"},"schema":{"@context":"https:\/\/schema.org","@graph":[{"@type":"WebPage","@id":"https:\/\/www.itape.com\/product\/281\/","url":"https:\/\/www.itape.com\/product\/281\/","name":"281 - IPG","isPartOf":{"@id":"https:\/\/www.itape.com\/#website"},"primaryImageOfPage":{"@id":"https:\/\/www.itape.com\/product\/281\/#primaryimage"},"image":{"@id":"https:\/\/www.itape.com\/product\/281\/#primaryimage"},"thumbnailUrl":"https:\/\/www.itape.com\/wp-content\/uploads\/2023\/10\/281-natural-shadow-2.5x3400.jpg","datePublished":"2023-01-12T14:35:40+00:00","dateModified":"2023-09-05T19:58:06+00:00","breadcrumb":{"@id":"https:\/\/www.itape.com\/product\/281\/#breadcrumb"},"inLanguage":"fr-FR","potentialAction":[{"@type":"ReadAction","target":["https:\/\/www.itape.com\/product\/281\/"]}]},{"@type":"ImageObject","inLanguage":"fr-FR","@id":"https:\/\/www.itape.com\/product\/281\/#primaryimage","url":"https:\/\/www.itape.com\/wp-content\/uploads\/2023\/10\/281-natural-shadow-2.5x3400.jpg","contentUrl":"https:\/\/www.itape.com\/wp-content\/uploads\/2023\/10\/281-natural-shadow-2.5x3400.jpg","width":2400,"height":2400,"caption":"281_WAT"},{"@type":"BreadcrumbList","@id":"https:\/\/www.itape.com\/product\/281\/#breadcrumb","itemListElement":[{"@type":"ListItem","position":1,"name":"Home","item":"https:\/\/www.itape.com\/fr\/"},{"@type":"ListItem","position":2,"name":"Products","item":"https:\/\/www.itape.com\/products\/"},{"@type":"ListItem","position":3,"name":"281"}]},{"@type":"WebSite","@id":"https:\/\/www.itape.com\/#website","url":"https:\/\/www.itape.com\/","name":"IPG","description":"Global Leader in Packaging and Protective Solutions","publisher":{"@id":"https:\/\/www.itape.com\/#organization"},"potentialAction":[{"@type":"SearchAction","target":{"@type":"EntryPoint","urlTemplate":"https:\/\/www.itape.com\/?s={search_term_string}"},"query-input":{"@type":"PropertyValueSpecification","valueRequired":true,"valueName":"search_term_string"}}],"inLanguage":"fr-FR"},{"@type":"Organization","@id":"https:\/\/www.itape.com\/#organization","name":"IPG","url":"https:\/\/www.itape.com\/","logo":{"@type":"ImageObject","inLanguage":"fr-FR","@id":"https:\/\/www.itape.com\/#\/schema\/logo\/image\/","url":"https:\/\/www.itape.com\/wp-content\/uploads\/2024\/06\/IPG-logo-2.png","contentUrl":"https:\/\/www.itape.com\/wp-content\/uploads\/2024\/06\/IPG-logo-2.png","width":60,"height":60,"caption":"IPG"},"image":{"@id":"https:\/\/www.itape.com\/#\/schema\/logo\/image\/"},"sameAs":["https:\/\/www.facebook.com\/intertape","https:\/\/x.com\/IPGtape","https:\/\/www.linkedin.com\/company\/intertape-polymer-group","https:\/\/www.instagram.com\/ipgtape","https:\/\/www.youtube.com\/user\/IPGtape"]}]},"product_price_currency":"USD","og_availability":"instock","product_availability":"instock","product_retailer_item_id":"7cd86f2244e7","product_condition":"new"},"parsely":{"version":"1.1.0","canonical_url":"https:\/\/itape.com\/fr\/product\/281\/","smart_links":{"inbound":0,"outbound":0},"traffic_boost_suggestions_count":0,"meta":{"@context":"https:\/\/schema.org","@type":"WebPage","headline":"281","url":"https:\/\/www.itape.com\/fr\/product\/281\/","mainEntityOfPage":{"@type":"WebPage","@id":"https:\/\/www.itape.com\/fr\/product\/281\/"},"thumbnailUrl":"https:\/\/www.itape.com\/wp-content\/uploads\/2023\/10\/281-natural-shadow-2.5x3400.jpg?w=150&h=150&crop=1","image":{"@type":"ImageObject","url":"https:\/\/www.itape.com\/wp-content\/uploads\/2023\/10\/281-natural-shadow-2.5x3400.jpg"},"articleSection":"Non classifi\u00e9(e)","author":[{"@type":"Person","name":"IPG"}],"creator":["IPG"],"publisher":{"@type":"Organization","name":"IPG","logo":"https:\/\/www.itape.com\/wp-content\/uploads\/2023\/03\/IPG-logo-2.png"},"keywords":[],"dateCreated":"2023-01-12T14:35:40Z","datePublished":"2023-01-12T14:35:40Z","dateModified":"2023-09-05T19:58:06Z"},"rendered":"<meta name=\"parsely-title\" content=\"281\" \/>\n<meta name=\"parsely-link\" content=\"https:\/\/www.itape.com\/fr\/product\/281\/\" \/>\n<meta name=\"parsely-type\" content=\"index\" \/>\n<meta name=\"parsely-image-url\" content=\"https:\/\/www.itape.com\/wp-content\/uploads\/2023\/10\/281-natural-shadow-2.5x3400.jpg?w=150&amp;h=150&amp;crop=1\" \/>\n<meta name=\"parsely-pub-date\" content=\"2023-01-12T14:35:40Z\" \/>\n<meta name=\"parsely-section\" content=\"Non classifi\u00e9(e)\" \/>\n<meta name=\"parsely-author\" content=\"IPG\" \/>","tracker_url":"https:\/\/cdn.parsely.com\/keys\/itape.com\/p.js"},"jetpack_sharing_enabled":true,"_links":{"self":[{"href":"https:\/\/www.itape.com\/fr\/wp-json\/wp\/v2\/product\/47423","targetHints":{"allow":["GET"]}}],"collection":[{"href":"https:\/\/www.itape.com\/fr\/wp-json\/wp\/v2\/product"}],"about":[{"href":"https:\/\/www.itape.com\/fr\/wp-json\/wp\/v2\/types\/product"}],"replies":[{"embeddable":true,"href":"https:\/\/www.itape.com\/fr\/wp-json\/wp\/v2\/comments?post=47423"}],"wp:featuredmedia":[{"embeddable":true,"href":"https:\/\/www.itape.com\/fr\/wp-json\/wp\/v2\/media\/53977"}],"wp:attachment":[{"href":"https:\/\/www.itape.com\/fr\/wp-json\/wp\/v2\/media?parent=47423"}],"wp:term":[{"taxonomy":"product_brand","embeddable":true,"href":"https:\/\/www.itape.com\/fr\/wp-json\/wp\/v2\/product_brand?post=47423"},{"taxonomy":"product_cat","embeddable":true,"href":"https:\/\/www.itape.com\/fr\/wp-json\/wp\/v2\/product_cat?post=47423"},{"taxonomy":"product_tag","embeddable":true,"href":"https:\/\/www.itape.com\/fr\/wp-json\/wp\/v2\/product_tag?post=47423"},{"taxonomy":"associated_application","embeddable":true,"href":"https:\/\/www.itape.com\/fr\/wp-json\/wp\/v2\/associated_application?post=47423"}],"curies":[{"name":"wp","href":"https:\/\/api.w.org\/{rel}","templated":true}]}}