{"id":47426,"date":"2023-01-12T14:35:40","date_gmt":"2023-01-12T14:35:40","guid":{"rendered":"https:\/\/www.itape.com\/product\/bp333-plus-wat-dispenser-fr-3\/"},"modified":"2023-10-30T15:44:51","modified_gmt":"2023-10-30T15:44:51","slug":"bp333-plus-wat-dispenser","status":"publish","type":"product","link":"https:\/\/www.itape.com\/fr\/product\/bp333-plus-wat-dispenser\/","title":{"rendered":"BP333 Plus WAT Dispenser"},"content":{"rendered":"<div class=\"prose\">Ideal for facilities that are sealing between 1 and 75 cartons per day\/per 8hr shift. Can work in packing stations without access to electricity and moving the tape dispenser(s) between various locations.<\/div>\n","protected":false},"excerpt":{"rendered":"<p>Le Better Pack 333 Plus est un d\u00e9vidoir de ruban gomm\u00e9 manuel qui est robuste, fiable et simple d&rsquo;utilisation. Ce d\u00e9vidoir est id\u00e9al pour les emballages de faible volume \u00e0 volume moyen et peut recevoir du ruban de papier gomm\u00e9 renforc\u00e9 ou non. Il est disponible en tant qu&rsquo;unit\u00e9 non \u00e9lectrique ainsi qu&rsquo;avec un chauffage par le haut en option (\u00e9lectricit\u00e9 requise) lorsqu&rsquo;une adh\u00e9rence sup\u00e9rieure de la colle est requise.<\/p>\n","protected":false},"featured_media":52075,"comment_status":"closed","ping_status":"closed","template":"","meta":{"_acf_changed":false},"product_brand":[],"product_cat":[7698,7666,7713,7726,7759,6148,7700,7706],"product_tag":[6184],"associated_application":[5993,5997,5992,5994,6001,6053,6007,6000],"class_list":{"0":"post-47426","1":"product","2":"type-product","3":"status-publish","4":"has-post-thumbnail","6":"product_cat-automated-equipment-fr-2","7":"product_cat-automated-packaging-fr","8":"product_cat-automated-equipment-water-activated-tape-dispensers-fr","9":"product_cat-carton-sealing-products-devidoirs-de-ruban-gomme-fr","10":"product_cat-sustainable-packaging-devidoirs-de-ruban-gomme-fr","11":"product_cat-carton-sealing-machines-fr","12":"product_cat-carton-sealing-products-fr","13":"product_cat-sustainable-packaging-fr","14":"product_tag-wat-dispensers-fr","15":"associated_application-appareil-fr","16":"associated_application-commerce-en-ligne-fr","17":"associated_application-industrie-aerospatiale-fr","18":"associated_application-marche-des-pieces-automobiles-fr","19":"associated_application-processus-general-de-fabrication-fr","20":"associated_application-scellage-des-cartons-devidoirs-de-ruban-gomme-fr","21":"associated_application-secteur-du-transport-fr","22":"associated_application-transformation-alimentaire-fr","24":"first","25":"instock","26":"product-type-simple"},"acf":[],"yoast_head":"<!-- This site is optimized with the Yoast SEO Premium plugin v24.1 (Yoast SEO v27.0) - https:\/\/yoast.com\/product\/yoast-seo-premium-wordpress\/ -->\n<title>BP333 Plus WAT Dispenser - IPG<\/title>\n<meta name=\"robots\" content=\"index, follow, max-snippet:-1, max-image-preview:large, max-video-preview:-1\" \/>\n<link rel=\"canonical\" href=\"https:\/\/www.itape.com\/fr\/product\/bp333-plus-wat-dispenser\/\" \/>\n<meta property=\"og:locale\" content=\"fr_FR\" \/>\n<meta property=\"og:type\" content=\"article\" \/>\n<meta property=\"og:title\" content=\"BP333 Plus WAT Dispenser\" \/>\n<meta property=\"og:description\" content=\"Le Better Pack 333 Plus est un d\u00e9vidoir de ruban gomm\u00e9 manuel qui est robuste, fiable et simple d&#039;utilisation. Ce d\u00e9vidoir est id\u00e9al pour les emballages de faible volume \u00e0 volume moyen et peut recevoir du ruban de papier gomm\u00e9 renforc\u00e9 ou non. Il est disponible en tant qu&#039;unit\u00e9 non \u00e9lectrique ainsi qu&#039;avec un chauffage par le haut en option (\u00e9lectricit\u00e9 requise) lorsqu&#039;une adh\u00e9rence sup\u00e9rieure de la colle est requise.\" \/>\n<meta property=\"og:url\" content=\"https:\/\/www.itape.com\/fr\/product\/bp333-plus-wat-dispenser\/\" \/>\n<meta property=\"og:site_name\" content=\"IPG\" \/>\n<meta property=\"article:publisher\" content=\"https:\/\/www.facebook.com\/intertape\" \/>\n<meta property=\"article:modified_time\" content=\"2023-10-30T15:44:51+00:00\" \/>\n<meta property=\"og:image\" content=\"https:\/\/www.itape.com\/wp-content\/uploads\/2023\/01\/BP333_high.jpg\" \/>\n\t<meta property=\"og:image:width\" content=\"2400\" \/>\n\t<meta property=\"og:image:height\" content=\"2400\" \/>\n\t<meta property=\"og:image:type\" content=\"image\/jpeg\" \/>\n<meta name=\"twitter:card\" content=\"summary_large_image\" \/>\n<meta name=\"twitter:site\" content=\"@IPGtape\" \/>\n<meta name=\"twitter:label1\" content=\"Price\" \/>\n\t<meta name=\"twitter:data1\" content=\"\" \/>\n\t<meta name=\"twitter:label2\" content=\"Availability\" \/>\n\t<meta name=\"twitter:data2\" content=\"In stock\" \/>\n<script type=\"application\/ld+json\" class=\"yoast-schema-graph\">{\"@context\":\"https:\/\/schema.org\",\"@graph\":[{\"@type\":\"WebPage\",\"@id\":\"https:\/\/www.itape.com\/fr\/product\/bp333-plus-wat-dispenser\/\",\"url\":\"https:\/\/www.itape.com\/fr\/product\/bp333-plus-wat-dispenser\/\",\"name\":\"BP333 Plus WAT Dispenser - IPG\",\"isPartOf\":{\"@id\":\"https:\/\/www.itape.com\/#website\"},\"primaryImageOfPage\":{\"@id\":\"https:\/\/www.itape.com\/fr\/product\/bp333-plus-wat-dispenser\/#primaryimage\"},\"image\":{\"@id\":\"https:\/\/www.itape.com\/fr\/product\/bp333-plus-wat-dispenser\/#primaryimage\"},\"thumbnailUrl\":\"https:\/\/www.itape.com\/wp-content\/uploads\/2023\/01\/BP333_high.jpg\",\"datePublished\":\"2023-01-12T14:35:40+00:00\",\"dateModified\":\"2023-10-30T15:44:51+00:00\",\"breadcrumb\":{\"@id\":\"https:\/\/www.itape.com\/fr\/product\/bp333-plus-wat-dispenser\/#breadcrumb\"},\"inLanguage\":\"fr-FR\",\"potentialAction\":[{\"@type\":\"ReadAction\",\"target\":[\"https:\/\/www.itape.com\/fr\/product\/bp333-plus-wat-dispenser\/\"]}]},{\"@type\":\"ImageObject\",\"inLanguage\":\"fr-FR\",\"@id\":\"https:\/\/www.itape.com\/fr\/product\/bp333-plus-wat-dispenser\/#primaryimage\",\"url\":\"https:\/\/www.itape.com\/wp-content\/uploads\/2023\/01\/BP333_high.jpg\",\"contentUrl\":\"https:\/\/www.itape.com\/wp-content\/uploads\/2023\/01\/BP333_high.jpg\",\"width\":2400,\"height\":2400,\"caption\":\"BP333_Machine\"},{\"@type\":\"BreadcrumbList\",\"@id\":\"https:\/\/www.itape.com\/fr\/product\/bp333-plus-wat-dispenser\/#breadcrumb\",\"itemListElement\":[{\"@type\":\"ListItem\",\"position\":1,\"name\":\"Home\",\"item\":\"https:\/\/www.itape.com\/fr\/\"},{\"@type\":\"ListItem\",\"position\":2,\"name\":\"Products\",\"item\":\"https:\/\/www.itape.com\/products\/\"},{\"@type\":\"ListItem\",\"position\":3,\"name\":\"BP333 Plus WAT Dispenser\"}]},{\"@type\":\"WebSite\",\"@id\":\"https:\/\/www.itape.com\/#website\",\"url\":\"https:\/\/www.itape.com\/\",\"name\":\"IPG\",\"description\":\"Global Leader in Packaging and Protective Solutions\",\"publisher\":{\"@id\":\"https:\/\/www.itape.com\/#organization\"},\"potentialAction\":[{\"@type\":\"SearchAction\",\"target\":{\"@type\":\"EntryPoint\",\"urlTemplate\":\"https:\/\/www.itape.com\/?s={search_term_string}\"},\"query-input\":{\"@type\":\"PropertyValueSpecification\",\"valueRequired\":true,\"valueName\":\"search_term_string\"}}],\"inLanguage\":\"fr-FR\"},{\"@type\":\"Organization\",\"@id\":\"https:\/\/www.itape.com\/#organization\",\"name\":\"IPG\",\"url\":\"https:\/\/www.itape.com\/\",\"logo\":{\"@type\":\"ImageObject\",\"inLanguage\":\"fr-FR\",\"@id\":\"https:\/\/www.itape.com\/#\/schema\/logo\/image\/\",\"url\":\"https:\/\/www.itape.com\/wp-content\/uploads\/2024\/06\/IPG-logo-2.png\",\"contentUrl\":\"https:\/\/www.itape.com\/wp-content\/uploads\/2024\/06\/IPG-logo-2.png\",\"width\":60,\"height\":60,\"caption\":\"IPG\"},\"image\":{\"@id\":\"https:\/\/www.itape.com\/#\/schema\/logo\/image\/\"},\"sameAs\":[\"https:\/\/www.facebook.com\/intertape\",\"https:\/\/x.com\/IPGtape\",\"https:\/\/www.linkedin.com\/company\/intertape-polymer-group\",\"https:\/\/www.instagram.com\/ipgtape\",\"https:\/\/www.youtube.com\/user\/IPGtape\"]}]}<\/script>\n<meta property=\"product:price:currency\" content=\"USD\" \/>\n<meta property=\"og:availability\" content=\"instock\" \/>\n<meta property=\"product:availability\" content=\"instock\" \/>\n<meta property=\"product:retailer_item_id\" content=\"a93145e170f7\" \/>\n<meta property=\"product:condition\" content=\"new\" \/>\n<!-- \/ Yoast SEO Premium plugin. -->","yoast_head_json":{"title":"BP333 Plus WAT Dispenser - IPG","robots":{"index":"index","follow":"follow","max-snippet":"max-snippet:-1","max-image-preview":"max-image-preview:large","max-video-preview":"max-video-preview:-1"},"canonical":"https:\/\/www.itape.com\/fr\/product\/bp333-plus-wat-dispenser\/","og_locale":"fr_FR","og_type":"article","og_title":"BP333 Plus WAT Dispenser","og_description":"Le Better Pack 333 Plus est un d\u00e9vidoir de ruban gomm\u00e9 manuel qui est robuste, fiable et simple d'utilisation. Ce d\u00e9vidoir est id\u00e9al pour les emballages de faible volume \u00e0 volume moyen et peut recevoir du ruban de papier gomm\u00e9 renforc\u00e9 ou non. Il est disponible en tant qu'unit\u00e9 non \u00e9lectrique ainsi qu'avec un chauffage par le haut en option (\u00e9lectricit\u00e9 requise) lorsqu'une adh\u00e9rence sup\u00e9rieure de la colle est requise.","og_url":"https:\/\/www.itape.com\/fr\/product\/bp333-plus-wat-dispenser\/","og_site_name":"IPG","article_publisher":"https:\/\/www.facebook.com\/intertape","article_modified_time":"2023-10-30T15:44:51+00:00","og_image":[{"width":2400,"height":2400,"url":"https:\/\/www.itape.com\/wp-content\/uploads\/2023\/01\/BP333_high.jpg","type":"image\/jpeg"}],"twitter_card":"summary_large_image","twitter_site":"@IPGtape","twitter_misc":{"Price":"","Availability":"In stock"},"schema":{"@context":"https:\/\/schema.org","@graph":[{"@type":"WebPage","@id":"https:\/\/www.itape.com\/fr\/product\/bp333-plus-wat-dispenser\/","url":"https:\/\/www.itape.com\/fr\/product\/bp333-plus-wat-dispenser\/","name":"BP333 Plus WAT Dispenser - IPG","isPartOf":{"@id":"https:\/\/www.itape.com\/#website"},"primaryImageOfPage":{"@id":"https:\/\/www.itape.com\/fr\/product\/bp333-plus-wat-dispenser\/#primaryimage"},"image":{"@id":"https:\/\/www.itape.com\/fr\/product\/bp333-plus-wat-dispenser\/#primaryimage"},"thumbnailUrl":"https:\/\/www.itape.com\/wp-content\/uploads\/2023\/01\/BP333_high.jpg","datePublished":"2023-01-12T14:35:40+00:00","dateModified":"2023-10-30T15:44:51+00:00","breadcrumb":{"@id":"https:\/\/www.itape.com\/fr\/product\/bp333-plus-wat-dispenser\/#breadcrumb"},"inLanguage":"fr-FR","potentialAction":[{"@type":"ReadAction","target":["https:\/\/www.itape.com\/fr\/product\/bp333-plus-wat-dispenser\/"]}]},{"@type":"ImageObject","inLanguage":"fr-FR","@id":"https:\/\/www.itape.com\/fr\/product\/bp333-plus-wat-dispenser\/#primaryimage","url":"https:\/\/www.itape.com\/wp-content\/uploads\/2023\/01\/BP333_high.jpg","contentUrl":"https:\/\/www.itape.com\/wp-content\/uploads\/2023\/01\/BP333_high.jpg","width":2400,"height":2400,"caption":"BP333_Machine"},{"@type":"BreadcrumbList","@id":"https:\/\/www.itape.com\/fr\/product\/bp333-plus-wat-dispenser\/#breadcrumb","itemListElement":[{"@type":"ListItem","position":1,"name":"Home","item":"https:\/\/www.itape.com\/fr\/"},{"@type":"ListItem","position":2,"name":"Products","item":"https:\/\/www.itape.com\/products\/"},{"@type":"ListItem","position":3,"name":"BP333 Plus WAT Dispenser"}]},{"@type":"WebSite","@id":"https:\/\/www.itape.com\/#website","url":"https:\/\/www.itape.com\/","name":"IPG","description":"Global Leader in Packaging and Protective Solutions","publisher":{"@id":"https:\/\/www.itape.com\/#organization"},"potentialAction":[{"@type":"SearchAction","target":{"@type":"EntryPoint","urlTemplate":"https:\/\/www.itape.com\/?s={search_term_string}"},"query-input":{"@type":"PropertyValueSpecification","valueRequired":true,"valueName":"search_term_string"}}],"inLanguage":"fr-FR"},{"@type":"Organization","@id":"https:\/\/www.itape.com\/#organization","name":"IPG","url":"https:\/\/www.itape.com\/","logo":{"@type":"ImageObject","inLanguage":"fr-FR","@id":"https:\/\/www.itape.com\/#\/schema\/logo\/image\/","url":"https:\/\/www.itape.com\/wp-content\/uploads\/2024\/06\/IPG-logo-2.png","contentUrl":"https:\/\/www.itape.com\/wp-content\/uploads\/2024\/06\/IPG-logo-2.png","width":60,"height":60,"caption":"IPG"},"image":{"@id":"https:\/\/www.itape.com\/#\/schema\/logo\/image\/"},"sameAs":["https:\/\/www.facebook.com\/intertape","https:\/\/x.com\/IPGtape","https:\/\/www.linkedin.com\/company\/intertape-polymer-group","https:\/\/www.instagram.com\/ipgtape","https:\/\/www.youtube.com\/user\/IPGtape"]}]},"product_price_currency":"USD","og_availability":"instock","product_availability":"instock","product_retailer_item_id":"a93145e170f7","product_condition":"new"},"parsely":{"version":"1.1.0","canonical_url":"https:\/\/itape.com\/fr\/product\/bp333-plus-wat-dispenser\/","smart_links":{"inbound":0,"outbound":0},"traffic_boost_suggestions_count":0,"meta":{"@context":"https:\/\/schema.org","@type":"WebPage","headline":"BP333 Plus WAT Dispenser","url":"https:\/\/www.itape.com\/fr\/product\/bp333-plus-wat-dispenser\/","mainEntityOfPage":{"@type":"WebPage","@id":"https:\/\/www.itape.com\/fr\/product\/bp333-plus-wat-dispenser\/"},"thumbnailUrl":"https:\/\/www.itape.com\/wp-content\/uploads\/2023\/01\/BP333_high.jpg?w=150&h=150&crop=1","image":{"@type":"ImageObject","url":"https:\/\/www.itape.com\/wp-content\/uploads\/2023\/01\/BP333_high.jpg"},"articleSection":"Non classifi\u00e9(e)","author":[{"@type":"Person","name":"IPG"}],"creator":["IPG"],"publisher":{"@type":"Organization","name":"IPG","logo":"https:\/\/www.itape.com\/wp-content\/uploads\/2023\/03\/IPG-logo-2.png"},"keywords":[],"dateCreated":"2023-01-12T14:35:40Z","datePublished":"2023-01-12T14:35:40Z","dateModified":"2023-10-30T15:44:51Z"},"rendered":"<meta name=\"parsely-title\" content=\"BP333 Plus WAT Dispenser\" \/>\n<meta name=\"parsely-link\" content=\"https:\/\/www.itape.com\/fr\/product\/bp333-plus-wat-dispenser\/\" \/>\n<meta name=\"parsely-type\" content=\"index\" \/>\n<meta name=\"parsely-image-url\" content=\"https:\/\/www.itape.com\/wp-content\/uploads\/2023\/01\/BP333_high.jpg?w=150&amp;h=150&amp;crop=1\" \/>\n<meta name=\"parsely-pub-date\" content=\"2023-01-12T14:35:40Z\" \/>\n<meta name=\"parsely-section\" content=\"Non classifi\u00e9(e)\" \/>\n<meta name=\"parsely-author\" content=\"IPG\" \/>","tracker_url":"https:\/\/cdn.parsely.com\/keys\/itape.com\/p.js"},"jetpack_sharing_enabled":true,"_links":{"self":[{"href":"https:\/\/www.itape.com\/fr\/wp-json\/wp\/v2\/product\/47426","targetHints":{"allow":["GET"]}}],"collection":[{"href":"https:\/\/www.itape.com\/fr\/wp-json\/wp\/v2\/product"}],"about":[{"href":"https:\/\/www.itape.com\/fr\/wp-json\/wp\/v2\/types\/product"}],"replies":[{"embeddable":true,"href":"https:\/\/www.itape.com\/fr\/wp-json\/wp\/v2\/comments?post=47426"}],"wp:featuredmedia":[{"embeddable":true,"href":"https:\/\/www.itape.com\/fr\/wp-json\/wp\/v2\/media\/52075"}],"wp:attachment":[{"href":"https:\/\/www.itape.com\/fr\/wp-json\/wp\/v2\/media?parent=47426"}],"wp:term":[{"taxonomy":"product_brand","embeddable":true,"href":"https:\/\/www.itape.com\/fr\/wp-json\/wp\/v2\/product_brand?post=47426"},{"taxonomy":"product_cat","embeddable":true,"href":"https:\/\/www.itape.com\/fr\/wp-json\/wp\/v2\/product_cat?post=47426"},{"taxonomy":"product_tag","embeddable":true,"href":"https:\/\/www.itape.com\/fr\/wp-json\/wp\/v2\/product_tag?post=47426"},{"taxonomy":"associated_application","embeddable":true,"href":"https:\/\/www.itape.com\/fr\/wp-json\/wp\/v2\/associated_application?post=47426"}],"curies":[{"name":"wp","href":"https:\/\/api.w.org\/{rel}","templated":true}]}}