{"id":47427,"date":"2023-01-12T14:35:40","date_gmt":"2023-01-12T14:35:40","guid":{"rendered":"https:\/\/www.itape.com\/product\/bp500-wat-dispenser-fr-3\/"},"modified":"2023-10-30T17:01:56","modified_gmt":"2023-10-30T17:01:56","slug":"bp500-wat-dispenser-fr-3","status":"publish","type":"product","link":"https:\/\/www.itape.com\/fr\/product\/bp500-wat-dispenser-fr-3\/","title":{"rendered":"BP500 WAT Dispenser"},"content":{"rendered":"<div class=\"prose\">Les d\u00e9vidoirs Better Pack 500 et 500M excellent dans les environnements d&#8217;emballage de volume moyen \u00e0 \u00e9lev\u00e9, surtout pour le scellement de cartons multi-formats. <\/div>\n","protected":false},"excerpt":{"rendered":"<p>Le 500 est \u00e9labor\u00e9 pour le 115\u00a0V et le 500M pour le 220\u00a0V. Quatorze boutons tactiles pr\u00e9r\u00e9gl\u00e9s \u00e0 codage de couleur permettent une flexibilit\u00e9 d&rsquo;utilisation exceptionnelle en appuyant sur un seul bouton. Comme les d\u00e9vidoirs sont \u00e9labor\u00e9s pour durer, ces bourreaux de travail \u00e9lectroniques r\u00e9sistent \u00e0 une manipulation rude et \u00e0 des r\u00e9glages de travail contraignants.<\/p>\n","protected":false},"featured_media":67027,"comment_status":"closed","ping_status":"closed","template":"","meta":{"_acf_changed":false},"product_brand":[],"product_cat":[7698,7666,7713,7726,7759,6148,7707,7700,7706],"product_tag":[6184],"associated_application":[5993,5997,5992,5994,6001,6053,6007,6000],"class_list":{"0":"post-47427","1":"product","2":"type-product","3":"status-publish","4":"has-post-thumbnail","6":"product_cat-automated-equipment-fr-2","7":"product_cat-automated-packaging-fr","8":"product_cat-automated-equipment-water-activated-tape-dispensers-fr","9":"product_cat-carton-sealing-products-devidoirs-de-ruban-gomme-fr","10":"product_cat-sustainable-packaging-devidoirs-de-ruban-gomme-fr","11":"product_cat-carton-sealing-machines-fr","12":"product_cat-automated-equipment-formeuse-de-cartons-fr","13":"product_cat-carton-sealing-products-fr","14":"product_cat-sustainable-packaging-fr","15":"product_tag-wat-dispensers-fr","16":"associated_application-appareil-fr","17":"associated_application-commerce-en-ligne-fr","18":"associated_application-industrie-aerospatiale-fr","19":"associated_application-marche-des-pieces-automobiles-fr","20":"associated_application-processus-general-de-fabrication-fr","21":"associated_application-scellage-des-cartons-devidoirs-de-ruban-gomme-fr","22":"associated_application-secteur-du-transport-fr","23":"associated_application-transformation-alimentaire-fr","25":"first","26":"instock","27":"product-type-simple"},"acf":[],"yoast_head":"<!-- This site is optimized with the Yoast SEO Premium plugin v24.1 (Yoast SEO v27.0) - https:\/\/yoast.com\/product\/yoast-seo-premium-wordpress\/ -->\n<title>BP500 WAT Dispenser - IPG<\/title>\n<meta name=\"robots\" content=\"index, follow, max-snippet:-1, max-image-preview:large, max-video-preview:-1\" \/>\n<link rel=\"canonical\" href=\"https:\/\/www.itape.com\/fr\/product\/bp500-wat-dispenser-fr-3\/\" \/>\n<meta property=\"og:locale\" content=\"fr_FR\" \/>\n<meta property=\"og:type\" content=\"article\" \/>\n<meta property=\"og:title\" content=\"BP500 WAT Dispenser\" \/>\n<meta property=\"og:description\" content=\"Le 500 est \u00e9labor\u00e9 pour le 115\u00a0V et le 500M pour le 220\u00a0V. Quatorze boutons tactiles pr\u00e9r\u00e9gl\u00e9s \u00e0 codage de couleur permettent une flexibilit\u00e9 d&#039;utilisation exceptionnelle en appuyant sur un seul bouton. Comme les d\u00e9vidoirs sont \u00e9labor\u00e9s pour durer, ces bourreaux de travail \u00e9lectroniques r\u00e9sistent \u00e0 une manipulation rude et \u00e0 des r\u00e9glages de travail contraignants.\" \/>\n<meta property=\"og:url\" content=\"https:\/\/www.itape.com\/fr\/product\/bp500-wat-dispenser-fr-3\/\" \/>\n<meta property=\"og:site_name\" content=\"IPG\" \/>\n<meta property=\"article:publisher\" content=\"https:\/\/www.facebook.com\/intertape\" \/>\n<meta property=\"article:modified_time\" content=\"2023-10-30T17:01:56+00:00\" \/>\n<meta property=\"og:image\" content=\"https:\/\/www.itape.com\/wp-content\/uploads\/2023\/10\/BP500_HighRes.jpg\" \/>\n\t<meta property=\"og:image:width\" content=\"2400\" \/>\n\t<meta property=\"og:image:height\" content=\"2400\" \/>\n\t<meta property=\"og:image:type\" content=\"image\/jpeg\" \/>\n<meta name=\"twitter:card\" content=\"summary_large_image\" \/>\n<meta name=\"twitter:site\" content=\"@IPGtape\" \/>\n<meta name=\"twitter:label1\" content=\"Price\" \/>\n\t<meta name=\"twitter:data1\" content=\"\" \/>\n\t<meta name=\"twitter:label2\" content=\"Availability\" \/>\n\t<meta name=\"twitter:data2\" content=\"In stock\" \/>\n<script type=\"application\/ld+json\" class=\"yoast-schema-graph\">{\"@context\":\"https:\/\/schema.org\",\"@graph\":[{\"@type\":\"WebPage\",\"@id\":\"https:\/\/www.itape.com\/fr\/product\/bp500-wat-dispenser-fr-3\/\",\"url\":\"https:\/\/www.itape.com\/fr\/product\/bp500-wat-dispenser-fr-3\/\",\"name\":\"BP500 WAT Dispenser - IPG\",\"isPartOf\":{\"@id\":\"https:\/\/www.itape.com\/#website\"},\"primaryImageOfPage\":{\"@id\":\"https:\/\/www.itape.com\/fr\/product\/bp500-wat-dispenser-fr-3\/#primaryimage\"},\"image\":{\"@id\":\"https:\/\/www.itape.com\/fr\/product\/bp500-wat-dispenser-fr-3\/#primaryimage\"},\"thumbnailUrl\":\"https:\/\/www.itape.com\/wp-content\/uploads\/2023\/10\/BP500_HighRes.jpg\",\"datePublished\":\"2023-01-12T14:35:40+00:00\",\"dateModified\":\"2023-10-30T17:01:56+00:00\",\"breadcrumb\":{\"@id\":\"https:\/\/www.itape.com\/fr\/product\/bp500-wat-dispenser-fr-3\/#breadcrumb\"},\"inLanguage\":\"fr-FR\",\"potentialAction\":[{\"@type\":\"ReadAction\",\"target\":[\"https:\/\/www.itape.com\/fr\/product\/bp500-wat-dispenser-fr-3\/\"]}]},{\"@type\":\"ImageObject\",\"inLanguage\":\"fr-FR\",\"@id\":\"https:\/\/www.itape.com\/fr\/product\/bp500-wat-dispenser-fr-3\/#primaryimage\",\"url\":\"https:\/\/www.itape.com\/wp-content\/uploads\/2023\/10\/BP500_HighRes.jpg\",\"contentUrl\":\"https:\/\/www.itape.com\/wp-content\/uploads\/2023\/10\/BP500_HighRes.jpg\",\"width\":2400,\"height\":2400,\"caption\":\"BP500 Machine\"},{\"@type\":\"BreadcrumbList\",\"@id\":\"https:\/\/www.itape.com\/fr\/product\/bp500-wat-dispenser-fr-3\/#breadcrumb\",\"itemListElement\":[{\"@type\":\"ListItem\",\"position\":1,\"name\":\"Home\",\"item\":\"https:\/\/www.itape.com\/fr\/\"},{\"@type\":\"ListItem\",\"position\":2,\"name\":\"Products\",\"item\":\"https:\/\/www.itape.com\/products\/\"},{\"@type\":\"ListItem\",\"position\":3,\"name\":\"BP500 WAT Dispenser\"}]},{\"@type\":\"WebSite\",\"@id\":\"https:\/\/www.itape.com\/#website\",\"url\":\"https:\/\/www.itape.com\/\",\"name\":\"IPG\",\"description\":\"Global Leader in Packaging and Protective Solutions\",\"publisher\":{\"@id\":\"https:\/\/www.itape.com\/#organization\"},\"potentialAction\":[{\"@type\":\"SearchAction\",\"target\":{\"@type\":\"EntryPoint\",\"urlTemplate\":\"https:\/\/www.itape.com\/?s={search_term_string}\"},\"query-input\":{\"@type\":\"PropertyValueSpecification\",\"valueRequired\":true,\"valueName\":\"search_term_string\"}}],\"inLanguage\":\"fr-FR\"},{\"@type\":\"Organization\",\"@id\":\"https:\/\/www.itape.com\/#organization\",\"name\":\"IPG\",\"url\":\"https:\/\/www.itape.com\/\",\"logo\":{\"@type\":\"ImageObject\",\"inLanguage\":\"fr-FR\",\"@id\":\"https:\/\/www.itape.com\/#\/schema\/logo\/image\/\",\"url\":\"https:\/\/www.itape.com\/wp-content\/uploads\/2024\/06\/IPG-logo-2.png\",\"contentUrl\":\"https:\/\/www.itape.com\/wp-content\/uploads\/2024\/06\/IPG-logo-2.png\",\"width\":60,\"height\":60,\"caption\":\"IPG\"},\"image\":{\"@id\":\"https:\/\/www.itape.com\/#\/schema\/logo\/image\/\"},\"sameAs\":[\"https:\/\/www.facebook.com\/intertape\",\"https:\/\/x.com\/IPGtape\",\"https:\/\/www.linkedin.com\/company\/intertape-polymer-group\",\"https:\/\/www.instagram.com\/ipgtape\",\"https:\/\/www.youtube.com\/user\/IPGtape\"]}]}<\/script>\n<meta property=\"product:price:currency\" content=\"USD\" \/>\n<meta property=\"og:availability\" content=\"instock\" \/>\n<meta property=\"product:availability\" content=\"instock\" \/>\n<meta property=\"product:retailer_item_id\" content=\"a117627e67db\" \/>\n<meta property=\"product:condition\" content=\"new\" \/>\n<!-- \/ Yoast SEO Premium plugin. -->","yoast_head_json":{"title":"BP500 WAT Dispenser - IPG","robots":{"index":"index","follow":"follow","max-snippet":"max-snippet:-1","max-image-preview":"max-image-preview:large","max-video-preview":"max-video-preview:-1"},"canonical":"https:\/\/www.itape.com\/fr\/product\/bp500-wat-dispenser-fr-3\/","og_locale":"fr_FR","og_type":"article","og_title":"BP500 WAT Dispenser","og_description":"Le 500 est \u00e9labor\u00e9 pour le 115\u00a0V et le 500M pour le 220\u00a0V. Quatorze boutons tactiles pr\u00e9r\u00e9gl\u00e9s \u00e0 codage de couleur permettent une flexibilit\u00e9 d'utilisation exceptionnelle en appuyant sur un seul bouton. Comme les d\u00e9vidoirs sont \u00e9labor\u00e9s pour durer, ces bourreaux de travail \u00e9lectroniques r\u00e9sistent \u00e0 une manipulation rude et \u00e0 des r\u00e9glages de travail contraignants.","og_url":"https:\/\/www.itape.com\/fr\/product\/bp500-wat-dispenser-fr-3\/","og_site_name":"IPG","article_publisher":"https:\/\/www.facebook.com\/intertape","article_modified_time":"2023-10-30T17:01:56+00:00","og_image":[{"width":2400,"height":2400,"url":"https:\/\/www.itape.com\/wp-content\/uploads\/2023\/10\/BP500_HighRes.jpg","type":"image\/jpeg"}],"twitter_card":"summary_large_image","twitter_site":"@IPGtape","twitter_misc":{"Price":"","Availability":"In stock"},"schema":{"@context":"https:\/\/schema.org","@graph":[{"@type":"WebPage","@id":"https:\/\/www.itape.com\/fr\/product\/bp500-wat-dispenser-fr-3\/","url":"https:\/\/www.itape.com\/fr\/product\/bp500-wat-dispenser-fr-3\/","name":"BP500 WAT Dispenser - IPG","isPartOf":{"@id":"https:\/\/www.itape.com\/#website"},"primaryImageOfPage":{"@id":"https:\/\/www.itape.com\/fr\/product\/bp500-wat-dispenser-fr-3\/#primaryimage"},"image":{"@id":"https:\/\/www.itape.com\/fr\/product\/bp500-wat-dispenser-fr-3\/#primaryimage"},"thumbnailUrl":"https:\/\/www.itape.com\/wp-content\/uploads\/2023\/10\/BP500_HighRes.jpg","datePublished":"2023-01-12T14:35:40+00:00","dateModified":"2023-10-30T17:01:56+00:00","breadcrumb":{"@id":"https:\/\/www.itape.com\/fr\/product\/bp500-wat-dispenser-fr-3\/#breadcrumb"},"inLanguage":"fr-FR","potentialAction":[{"@type":"ReadAction","target":["https:\/\/www.itape.com\/fr\/product\/bp500-wat-dispenser-fr-3\/"]}]},{"@type":"ImageObject","inLanguage":"fr-FR","@id":"https:\/\/www.itape.com\/fr\/product\/bp500-wat-dispenser-fr-3\/#primaryimage","url":"https:\/\/www.itape.com\/wp-content\/uploads\/2023\/10\/BP500_HighRes.jpg","contentUrl":"https:\/\/www.itape.com\/wp-content\/uploads\/2023\/10\/BP500_HighRes.jpg","width":2400,"height":2400,"caption":"BP500 Machine"},{"@type":"BreadcrumbList","@id":"https:\/\/www.itape.com\/fr\/product\/bp500-wat-dispenser-fr-3\/#breadcrumb","itemListElement":[{"@type":"ListItem","position":1,"name":"Home","item":"https:\/\/www.itape.com\/fr\/"},{"@type":"ListItem","position":2,"name":"Products","item":"https:\/\/www.itape.com\/products\/"},{"@type":"ListItem","position":3,"name":"BP500 WAT Dispenser"}]},{"@type":"WebSite","@id":"https:\/\/www.itape.com\/#website","url":"https:\/\/www.itape.com\/","name":"IPG","description":"Global Leader in Packaging and Protective Solutions","publisher":{"@id":"https:\/\/www.itape.com\/#organization"},"potentialAction":[{"@type":"SearchAction","target":{"@type":"EntryPoint","urlTemplate":"https:\/\/www.itape.com\/?s={search_term_string}"},"query-input":{"@type":"PropertyValueSpecification","valueRequired":true,"valueName":"search_term_string"}}],"inLanguage":"fr-FR"},{"@type":"Organization","@id":"https:\/\/www.itape.com\/#organization","name":"IPG","url":"https:\/\/www.itape.com\/","logo":{"@type":"ImageObject","inLanguage":"fr-FR","@id":"https:\/\/www.itape.com\/#\/schema\/logo\/image\/","url":"https:\/\/www.itape.com\/wp-content\/uploads\/2024\/06\/IPG-logo-2.png","contentUrl":"https:\/\/www.itape.com\/wp-content\/uploads\/2024\/06\/IPG-logo-2.png","width":60,"height":60,"caption":"IPG"},"image":{"@id":"https:\/\/www.itape.com\/#\/schema\/logo\/image\/"},"sameAs":["https:\/\/www.facebook.com\/intertape","https:\/\/x.com\/IPGtape","https:\/\/www.linkedin.com\/company\/intertape-polymer-group","https:\/\/www.instagram.com\/ipgtape","https:\/\/www.youtube.com\/user\/IPGtape"]}]},"product_price_currency":"USD","og_availability":"instock","product_availability":"instock","product_retailer_item_id":"a117627e67db","product_condition":"new"},"parsely":{"version":"1.1.0","canonical_url":"https:\/\/itape.com\/fr\/product\/bp500-wat-dispenser-fr-3\/","smart_links":{"inbound":0,"outbound":0},"traffic_boost_suggestions_count":0,"meta":{"@context":"https:\/\/schema.org","@type":"WebPage","headline":"BP500 WAT Dispenser","url":"https:\/\/www.itape.com\/fr\/product\/bp500-wat-dispenser-fr-3\/","mainEntityOfPage":{"@type":"WebPage","@id":"https:\/\/www.itape.com\/fr\/product\/bp500-wat-dispenser-fr-3\/"},"thumbnailUrl":"https:\/\/www.itape.com\/wp-content\/uploads\/2023\/10\/BP500_HighRes.jpg?w=150&h=150&crop=1","image":{"@type":"ImageObject","url":"https:\/\/www.itape.com\/wp-content\/uploads\/2023\/10\/BP500_HighRes.jpg"},"articleSection":"Non classifi\u00e9(e)","author":[{"@type":"Person","name":"IPG"}],"creator":["IPG"],"publisher":{"@type":"Organization","name":"IPG","logo":"https:\/\/www.itape.com\/wp-content\/uploads\/2023\/03\/IPG-logo-2.png"},"keywords":[],"dateCreated":"2023-01-12T14:35:40Z","datePublished":"2023-01-12T14:35:40Z","dateModified":"2023-10-30T17:01:56Z"},"rendered":"<meta name=\"parsely-title\" content=\"BP500 WAT Dispenser\" \/>\n<meta name=\"parsely-link\" content=\"https:\/\/www.itape.com\/fr\/product\/bp500-wat-dispenser-fr-3\/\" \/>\n<meta name=\"parsely-type\" content=\"index\" \/>\n<meta name=\"parsely-image-url\" content=\"https:\/\/www.itape.com\/wp-content\/uploads\/2023\/10\/BP500_HighRes.jpg?w=150&amp;h=150&amp;crop=1\" \/>\n<meta name=\"parsely-pub-date\" content=\"2023-01-12T14:35:40Z\" \/>\n<meta name=\"parsely-section\" content=\"Non classifi\u00e9(e)\" \/>\n<meta name=\"parsely-author\" content=\"IPG\" \/>","tracker_url":"https:\/\/cdn.parsely.com\/keys\/itape.com\/p.js"},"jetpack_sharing_enabled":true,"_links":{"self":[{"href":"https:\/\/www.itape.com\/fr\/wp-json\/wp\/v2\/product\/47427","targetHints":{"allow":["GET"]}}],"collection":[{"href":"https:\/\/www.itape.com\/fr\/wp-json\/wp\/v2\/product"}],"about":[{"href":"https:\/\/www.itape.com\/fr\/wp-json\/wp\/v2\/types\/product"}],"replies":[{"embeddable":true,"href":"https:\/\/www.itape.com\/fr\/wp-json\/wp\/v2\/comments?post=47427"}],"wp:featuredmedia":[{"embeddable":true,"href":"https:\/\/www.itape.com\/fr\/wp-json\/wp\/v2\/media\/67027"}],"wp:attachment":[{"href":"https:\/\/www.itape.com\/fr\/wp-json\/wp\/v2\/media?parent=47427"}],"wp:term":[{"taxonomy":"product_brand","embeddable":true,"href":"https:\/\/www.itape.com\/fr\/wp-json\/wp\/v2\/product_brand?post=47427"},{"taxonomy":"product_cat","embeddable":true,"href":"https:\/\/www.itape.com\/fr\/wp-json\/wp\/v2\/product_cat?post=47427"},{"taxonomy":"product_tag","embeddable":true,"href":"https:\/\/www.itape.com\/fr\/wp-json\/wp\/v2\/product_tag?post=47427"},{"taxonomy":"associated_application","embeddable":true,"href":"https:\/\/www.itape.com\/fr\/wp-json\/wp\/v2\/associated_application?post=47427"}],"curies":[{"name":"wp","href":"https:\/\/api.w.org\/{rel}","templated":true}]}}