{"id":47429,"date":"2023-01-12T14:35:46","date_gmt":"2023-01-12T14:35:46","guid":{"rendered":"https:\/\/www.itape.com\/product\/bp755es-wat-dispenser-fr-3\/"},"modified":"2023-10-30T17:18:46","modified_gmt":"2023-10-30T17:18:46","slug":"bp755es-wat-dispenser-fr-3","status":"publish","type":"product","link":"https:\/\/www.itape.com\/fr\/product\/bp755es-wat-dispenser-fr-3\/","title":{"rendered":"BP755eS WAT Dispenser"},"content":{"rendered":"<div class=\"prose\">Les d\u00e9vidoirs Better Pack 755eS et 755eM excellent dans les environnements exigeants \u00e0 cadences soutenues, surtout pour le scellement de cartons multi-formats. <\/div>\n","protected":false},"excerpt":{"rendered":"<p>Le 755eS est con\u00e7u pour le 115\u00a0V et le 755eM pour le 220\u00a0V. Vingt boutons pr\u00e9r\u00e9gl\u00e9s permettent une flexibilit\u00e9 d&rsquo;utilisation exceptionnelle en appuyant sur un seul bouton, traitant rapidement diff\u00e9rentes formats de bo\u00eete. Comme les d\u00e9vidoirs peuvent recevoir un ruban pouvant atteindre une largeur de 10,2\u00a0cm, ils conviennent parfaitement aux applications n\u00e9cessitant un renforcement suppl\u00e9mentaire, telles que l&rsquo;exp\u00e9dition d&rsquo;articles de grande taille ou lourds.<\/p>\n","protected":false},"featured_media":51962,"comment_status":"closed","ping_status":"closed","template":"","meta":{"_acf_changed":false},"product_brand":[],"product_cat":[7698,7666,7713,7726,7759,6148,7700,7706],"product_tag":[6184],"associated_application":[5993,5997,5992,5994,6022,6030,6012,6145,6083,6001,6053,6007,6000],"class_list":{"0":"post-47429","1":"product","2":"type-product","3":"status-publish","4":"has-post-thumbnail","6":"product_cat-automated-equipment-fr-2","7":"product_cat-automated-packaging-fr","8":"product_cat-automated-equipment-water-activated-tape-dispensers-fr","9":"product_cat-carton-sealing-products-devidoirs-de-ruban-gomme-fr","10":"product_cat-sustainable-packaging-devidoirs-de-ruban-gomme-fr","11":"product_cat-carton-sealing-machines-fr","12":"product_cat-carton-sealing-products-fr","13":"product_cat-sustainable-packaging-fr","14":"product_tag-wat-dispensers-fr","15":"associated_application-appareil-fr","16":"associated_application-commerce-en-ligne-fr","17":"associated_application-industrie-aerospatiale-fr","18":"associated_application-marche-des-pieces-automobiles-fr","19":"associated_application-processus-general-demballage-fr-appareil-fr","20":"associated_application-processus-general-demballage-marche-des-pieces-automobiles-fr","21":"associated_application-processus-general-demballage-aeropatiale","22":"associated_application-processus-general-demballage-fr-secteur-du-transport-fr","23":"associated_application-processus-general-demballage-fr-transformation-alimentaire-fr","24":"associated_application-processus-general-de-fabrication-fr","25":"associated_application-scellage-des-cartons-devidoirs-de-ruban-gomme-fr","26":"associated_application-secteur-du-transport-fr","27":"associated_application-transformation-alimentaire-fr","29":"first","30":"instock","31":"product-type-simple"},"acf":[],"yoast_head":"<!-- This site is optimized with the Yoast SEO Premium plugin v24.1 (Yoast SEO v27.0) - https:\/\/yoast.com\/product\/yoast-seo-premium-wordpress\/ -->\n<title>BP755eS WAT Dispenser - IPG<\/title>\n<meta name=\"robots\" content=\"index, follow, max-snippet:-1, max-image-preview:large, max-video-preview:-1\" \/>\n<link rel=\"canonical\" href=\"https:\/\/www.itape.com\/fr\/product\/bp755es-wat-dispenser-fr-3\/\" \/>\n<meta property=\"og:locale\" content=\"fr_FR\" \/>\n<meta property=\"og:type\" content=\"article\" \/>\n<meta property=\"og:title\" content=\"BP755eS WAT Dispenser\" \/>\n<meta property=\"og:description\" content=\"Le 755eS est con\u00e7u pour le 115\u00a0V et le 755eM pour le 220\u00a0V. Vingt boutons pr\u00e9r\u00e9gl\u00e9s permettent une flexibilit\u00e9 d&#039;utilisation exceptionnelle en appuyant sur un seul bouton, traitant rapidement diff\u00e9rentes formats de bo\u00eete. Comme les d\u00e9vidoirs peuvent recevoir un ruban pouvant atteindre une largeur de 10,2\u00a0cm, ils conviennent parfaitement aux applications n\u00e9cessitant un renforcement suppl\u00e9mentaire, telles que l&#039;exp\u00e9dition d&#039;articles de grande taille ou lourds.\" \/>\n<meta property=\"og:url\" content=\"https:\/\/www.itape.com\/fr\/product\/bp755es-wat-dispenser-fr-3\/\" \/>\n<meta property=\"og:site_name\" content=\"IPG\" \/>\n<meta property=\"article:publisher\" content=\"https:\/\/www.facebook.com\/intertape\" \/>\n<meta property=\"article:modified_time\" content=\"2023-10-30T17:18:46+00:00\" \/>\n<meta property=\"og:image\" content=\"https:\/\/www.itape.com\/wp-content\/uploads\/2023\/01\/BP755E_high.jpg\" \/>\n\t<meta property=\"og:image:width\" content=\"2400\" \/>\n\t<meta property=\"og:image:height\" content=\"2400\" \/>\n\t<meta property=\"og:image:type\" content=\"image\/jpeg\" \/>\n<meta name=\"twitter:card\" content=\"summary_large_image\" \/>\n<meta name=\"twitter:site\" content=\"@IPGtape\" \/>\n<meta name=\"twitter:label1\" content=\"Price\" \/>\n\t<meta name=\"twitter:data1\" content=\"\" \/>\n\t<meta name=\"twitter:label2\" content=\"Availability\" \/>\n\t<meta name=\"twitter:data2\" content=\"In stock\" \/>\n<script type=\"application\/ld+json\" class=\"yoast-schema-graph\">{\"@context\":\"https:\/\/schema.org\",\"@graph\":[{\"@type\":\"WebPage\",\"@id\":\"https:\/\/www.itape.com\/fr\/product\/bp755es-wat-dispenser-fr-3\/\",\"url\":\"https:\/\/www.itape.com\/fr\/product\/bp755es-wat-dispenser-fr-3\/\",\"name\":\"BP755eS WAT Dispenser - IPG\",\"isPartOf\":{\"@id\":\"https:\/\/www.itape.com\/#website\"},\"primaryImageOfPage\":{\"@id\":\"https:\/\/www.itape.com\/fr\/product\/bp755es-wat-dispenser-fr-3\/#primaryimage\"},\"image\":{\"@id\":\"https:\/\/www.itape.com\/fr\/product\/bp755es-wat-dispenser-fr-3\/#primaryimage\"},\"thumbnailUrl\":\"https:\/\/www.itape.com\/wp-content\/uploads\/2023\/01\/BP755E_high.jpg\",\"datePublished\":\"2023-01-12T14:35:46+00:00\",\"dateModified\":\"2023-10-30T17:18:46+00:00\",\"breadcrumb\":{\"@id\":\"https:\/\/www.itape.com\/fr\/product\/bp755es-wat-dispenser-fr-3\/#breadcrumb\"},\"inLanguage\":\"fr-FR\",\"potentialAction\":[{\"@type\":\"ReadAction\",\"target\":[\"https:\/\/www.itape.com\/fr\/product\/bp755es-wat-dispenser-fr-3\/\"]}]},{\"@type\":\"ImageObject\",\"inLanguage\":\"fr-FR\",\"@id\":\"https:\/\/www.itape.com\/fr\/product\/bp755es-wat-dispenser-fr-3\/#primaryimage\",\"url\":\"https:\/\/www.itape.com\/wp-content\/uploads\/2023\/01\/BP755E_high.jpg\",\"contentUrl\":\"https:\/\/www.itape.com\/wp-content\/uploads\/2023\/01\/BP755E_high.jpg\",\"width\":2400,\"height\":2400,\"caption\":\"BP755E_Machine\"},{\"@type\":\"BreadcrumbList\",\"@id\":\"https:\/\/www.itape.com\/fr\/product\/bp755es-wat-dispenser-fr-3\/#breadcrumb\",\"itemListElement\":[{\"@type\":\"ListItem\",\"position\":1,\"name\":\"Home\",\"item\":\"https:\/\/www.itape.com\/fr\/\"},{\"@type\":\"ListItem\",\"position\":2,\"name\":\"Products\",\"item\":\"https:\/\/www.itape.com\/products\/\"},{\"@type\":\"ListItem\",\"position\":3,\"name\":\"BP755eS WAT Dispenser\"}]},{\"@type\":\"WebSite\",\"@id\":\"https:\/\/www.itape.com\/#website\",\"url\":\"https:\/\/www.itape.com\/\",\"name\":\"IPG\",\"description\":\"Global Leader in Packaging and Protective Solutions\",\"publisher\":{\"@id\":\"https:\/\/www.itape.com\/#organization\"},\"potentialAction\":[{\"@type\":\"SearchAction\",\"target\":{\"@type\":\"EntryPoint\",\"urlTemplate\":\"https:\/\/www.itape.com\/?s={search_term_string}\"},\"query-input\":{\"@type\":\"PropertyValueSpecification\",\"valueRequired\":true,\"valueName\":\"search_term_string\"}}],\"inLanguage\":\"fr-FR\"},{\"@type\":\"Organization\",\"@id\":\"https:\/\/www.itape.com\/#organization\",\"name\":\"IPG\",\"url\":\"https:\/\/www.itape.com\/\",\"logo\":{\"@type\":\"ImageObject\",\"inLanguage\":\"fr-FR\",\"@id\":\"https:\/\/www.itape.com\/#\/schema\/logo\/image\/\",\"url\":\"https:\/\/www.itape.com\/wp-content\/uploads\/2024\/06\/IPG-logo-2.png\",\"contentUrl\":\"https:\/\/www.itape.com\/wp-content\/uploads\/2024\/06\/IPG-logo-2.png\",\"width\":60,\"height\":60,\"caption\":\"IPG\"},\"image\":{\"@id\":\"https:\/\/www.itape.com\/#\/schema\/logo\/image\/\"},\"sameAs\":[\"https:\/\/www.facebook.com\/intertape\",\"https:\/\/x.com\/IPGtape\",\"https:\/\/www.linkedin.com\/company\/intertape-polymer-group\",\"https:\/\/www.instagram.com\/ipgtape\",\"https:\/\/www.youtube.com\/user\/IPGtape\"]}]}<\/script>\n<meta property=\"product:price:currency\" content=\"USD\" \/>\n<meta property=\"og:availability\" content=\"instock\" \/>\n<meta property=\"product:availability\" content=\"instock\" \/>\n<meta property=\"product:retailer_item_id\" content=\"1f7f4c8ae217\" \/>\n<meta property=\"product:condition\" content=\"new\" \/>\n<!-- \/ Yoast SEO Premium plugin. -->","yoast_head_json":{"title":"BP755eS WAT Dispenser - IPG","robots":{"index":"index","follow":"follow","max-snippet":"max-snippet:-1","max-image-preview":"max-image-preview:large","max-video-preview":"max-video-preview:-1"},"canonical":"https:\/\/www.itape.com\/fr\/product\/bp755es-wat-dispenser-fr-3\/","og_locale":"fr_FR","og_type":"article","og_title":"BP755eS WAT Dispenser","og_description":"Le 755eS est con\u00e7u pour le 115\u00a0V et le 755eM pour le 220\u00a0V. Vingt boutons pr\u00e9r\u00e9gl\u00e9s permettent une flexibilit\u00e9 d'utilisation exceptionnelle en appuyant sur un seul bouton, traitant rapidement diff\u00e9rentes formats de bo\u00eete. Comme les d\u00e9vidoirs peuvent recevoir un ruban pouvant atteindre une largeur de 10,2\u00a0cm, ils conviennent parfaitement aux applications n\u00e9cessitant un renforcement suppl\u00e9mentaire, telles que l'exp\u00e9dition d'articles de grande taille ou lourds.","og_url":"https:\/\/www.itape.com\/fr\/product\/bp755es-wat-dispenser-fr-3\/","og_site_name":"IPG","article_publisher":"https:\/\/www.facebook.com\/intertape","article_modified_time":"2023-10-30T17:18:46+00:00","og_image":[{"width":2400,"height":2400,"url":"https:\/\/www.itape.com\/wp-content\/uploads\/2023\/01\/BP755E_high.jpg","type":"image\/jpeg"}],"twitter_card":"summary_large_image","twitter_site":"@IPGtape","twitter_misc":{"Price":"","Availability":"In stock"},"schema":{"@context":"https:\/\/schema.org","@graph":[{"@type":"WebPage","@id":"https:\/\/www.itape.com\/fr\/product\/bp755es-wat-dispenser-fr-3\/","url":"https:\/\/www.itape.com\/fr\/product\/bp755es-wat-dispenser-fr-3\/","name":"BP755eS WAT Dispenser - IPG","isPartOf":{"@id":"https:\/\/www.itape.com\/#website"},"primaryImageOfPage":{"@id":"https:\/\/www.itape.com\/fr\/product\/bp755es-wat-dispenser-fr-3\/#primaryimage"},"image":{"@id":"https:\/\/www.itape.com\/fr\/product\/bp755es-wat-dispenser-fr-3\/#primaryimage"},"thumbnailUrl":"https:\/\/www.itape.com\/wp-content\/uploads\/2023\/01\/BP755E_high.jpg","datePublished":"2023-01-12T14:35:46+00:00","dateModified":"2023-10-30T17:18:46+00:00","breadcrumb":{"@id":"https:\/\/www.itape.com\/fr\/product\/bp755es-wat-dispenser-fr-3\/#breadcrumb"},"inLanguage":"fr-FR","potentialAction":[{"@type":"ReadAction","target":["https:\/\/www.itape.com\/fr\/product\/bp755es-wat-dispenser-fr-3\/"]}]},{"@type":"ImageObject","inLanguage":"fr-FR","@id":"https:\/\/www.itape.com\/fr\/product\/bp755es-wat-dispenser-fr-3\/#primaryimage","url":"https:\/\/www.itape.com\/wp-content\/uploads\/2023\/01\/BP755E_high.jpg","contentUrl":"https:\/\/www.itape.com\/wp-content\/uploads\/2023\/01\/BP755E_high.jpg","width":2400,"height":2400,"caption":"BP755E_Machine"},{"@type":"BreadcrumbList","@id":"https:\/\/www.itape.com\/fr\/product\/bp755es-wat-dispenser-fr-3\/#breadcrumb","itemListElement":[{"@type":"ListItem","position":1,"name":"Home","item":"https:\/\/www.itape.com\/fr\/"},{"@type":"ListItem","position":2,"name":"Products","item":"https:\/\/www.itape.com\/products\/"},{"@type":"ListItem","position":3,"name":"BP755eS WAT Dispenser"}]},{"@type":"WebSite","@id":"https:\/\/www.itape.com\/#website","url":"https:\/\/www.itape.com\/","name":"IPG","description":"Global Leader in Packaging and Protective Solutions","publisher":{"@id":"https:\/\/www.itape.com\/#organization"},"potentialAction":[{"@type":"SearchAction","target":{"@type":"EntryPoint","urlTemplate":"https:\/\/www.itape.com\/?s={search_term_string}"},"query-input":{"@type":"PropertyValueSpecification","valueRequired":true,"valueName":"search_term_string"}}],"inLanguage":"fr-FR"},{"@type":"Organization","@id":"https:\/\/www.itape.com\/#organization","name":"IPG","url":"https:\/\/www.itape.com\/","logo":{"@type":"ImageObject","inLanguage":"fr-FR","@id":"https:\/\/www.itape.com\/#\/schema\/logo\/image\/","url":"https:\/\/www.itape.com\/wp-content\/uploads\/2024\/06\/IPG-logo-2.png","contentUrl":"https:\/\/www.itape.com\/wp-content\/uploads\/2024\/06\/IPG-logo-2.png","width":60,"height":60,"caption":"IPG"},"image":{"@id":"https:\/\/www.itape.com\/#\/schema\/logo\/image\/"},"sameAs":["https:\/\/www.facebook.com\/intertape","https:\/\/x.com\/IPGtape","https:\/\/www.linkedin.com\/company\/intertape-polymer-group","https:\/\/www.instagram.com\/ipgtape","https:\/\/www.youtube.com\/user\/IPGtape"]}]},"product_price_currency":"USD","og_availability":"instock","product_availability":"instock","product_retailer_item_id":"1f7f4c8ae217","product_condition":"new"},"parsely":{"version":"1.1.0","canonical_url":"https:\/\/itape.com\/fr\/product\/bp755es-wat-dispenser-fr-3\/","smart_links":{"inbound":0,"outbound":0},"traffic_boost_suggestions_count":0,"meta":{"@context":"https:\/\/schema.org","@type":"WebPage","headline":"BP755eS WAT Dispenser","url":"https:\/\/www.itape.com\/fr\/product\/bp755es-wat-dispenser-fr-3\/","mainEntityOfPage":{"@type":"WebPage","@id":"https:\/\/www.itape.com\/fr\/product\/bp755es-wat-dispenser-fr-3\/"},"thumbnailUrl":"https:\/\/www.itape.com\/wp-content\/uploads\/2023\/01\/BP755E_high.jpg?w=150&h=150&crop=1","image":{"@type":"ImageObject","url":"https:\/\/www.itape.com\/wp-content\/uploads\/2023\/01\/BP755E_high.jpg"},"articleSection":"Non classifi\u00e9(e)","author":[{"@type":"Person","name":"IPG"}],"creator":["IPG"],"publisher":{"@type":"Organization","name":"IPG","logo":"https:\/\/www.itape.com\/wp-content\/uploads\/2023\/03\/IPG-logo-2.png"},"keywords":[],"dateCreated":"2023-01-12T14:35:46Z","datePublished":"2023-01-12T14:35:46Z","dateModified":"2023-10-30T17:18:46Z"},"rendered":"<meta name=\"parsely-title\" content=\"BP755eS WAT Dispenser\" \/>\n<meta name=\"parsely-link\" content=\"https:\/\/www.itape.com\/fr\/product\/bp755es-wat-dispenser-fr-3\/\" \/>\n<meta name=\"parsely-type\" content=\"index\" \/>\n<meta name=\"parsely-image-url\" content=\"https:\/\/www.itape.com\/wp-content\/uploads\/2023\/01\/BP755E_high.jpg?w=150&amp;h=150&amp;crop=1\" \/>\n<meta name=\"parsely-pub-date\" content=\"2023-01-12T14:35:46Z\" \/>\n<meta name=\"parsely-section\" content=\"Non classifi\u00e9(e)\" \/>\n<meta name=\"parsely-author\" content=\"IPG\" \/>","tracker_url":"https:\/\/cdn.parsely.com\/keys\/itape.com\/p.js"},"jetpack_sharing_enabled":true,"_links":{"self":[{"href":"https:\/\/www.itape.com\/fr\/wp-json\/wp\/v2\/product\/47429","targetHints":{"allow":["GET"]}}],"collection":[{"href":"https:\/\/www.itape.com\/fr\/wp-json\/wp\/v2\/product"}],"about":[{"href":"https:\/\/www.itape.com\/fr\/wp-json\/wp\/v2\/types\/product"}],"replies":[{"embeddable":true,"href":"https:\/\/www.itape.com\/fr\/wp-json\/wp\/v2\/comments?post=47429"}],"wp:featuredmedia":[{"embeddable":true,"href":"https:\/\/www.itape.com\/fr\/wp-json\/wp\/v2\/media\/51962"}],"wp:attachment":[{"href":"https:\/\/www.itape.com\/fr\/wp-json\/wp\/v2\/media?parent=47429"}],"wp:term":[{"taxonomy":"product_brand","embeddable":true,"href":"https:\/\/www.itape.com\/fr\/wp-json\/wp\/v2\/product_brand?post=47429"},{"taxonomy":"product_cat","embeddable":true,"href":"https:\/\/www.itape.com\/fr\/wp-json\/wp\/v2\/product_cat?post=47429"},{"taxonomy":"product_tag","embeddable":true,"href":"https:\/\/www.itape.com\/fr\/wp-json\/wp\/v2\/product_tag?post=47429"},{"taxonomy":"associated_application","embeddable":true,"href":"https:\/\/www.itape.com\/fr\/wp-json\/wp\/v2\/associated_application?post=47429"}],"curies":[{"name":"wp","href":"https:\/\/api.w.org\/{rel}","templated":true}]}}