{"id":57469,"date":"2023-01-12T14:34:24","date_gmt":"2023-01-12T14:34:24","guid":{"rendered":"https:\/\/www.itape.com\/product\/palisade-synthetic-underlayment\/"},"modified":"2023-07-25T14:38:01","modified_gmt":"2023-07-25T14:38:01","slug":"palisade-synthetic-underlayment","status":"publish","type":"product","link":"https:\/\/www.itape.com\/fr\/product\/palisade-synthetic-underlayment\/","title":{"rendered":"Palisade Synthetic Underlayment"},"content":{"rendered":"","protected":false},"excerpt":{"rendered":"<p>PALISADE est une membrane synth\u00e9tique \u00e0 quatre couches de qualit\u00e9 sup\u00e9rieure pour les toits \u00e0 forte pente. Elle est con\u00e7ue pour fournir la surface de marche tout-temps \u00e0 haute traction la plus avanc\u00e9e du march\u00e9 gr\u00e2ce \u00e0 STRONGHOLD Skid Resistant Technology\u00ae, un rev\u00eatement de surface brevet\u00e9 au motif unique \u00e0 points en polym\u00e8re avec une couche inf\u00e9rieure \u00e0 adh\u00e9rence am\u00e9lior\u00e9e.<\/p>\n","protected":false},"featured_media":53187,"comment_status":"closed","ping_status":"closed","template":"","meta":{"_acf_changed":false},"product_brand":[],"product_cat":[7701,7720,7699],"product_tag":[7926],"associated_application":[5995,6034],"class_list":{"0":"post-57469","1":"product","2":"type-product","3":"status-publish","4":"has-post-thumbnail","6":"product_cat-engineered-coated-products-fr","7":"product_cat-building-and-construction-products-membrane-sous-toiture-fr","8":"product_cat-building-and-construction-products-fr","9":"product_tag-new-stylegroup-fr","10":"associated_application-batiment-et-construction-fr","11":"associated_application-gestion-de-lair-et-de-la-vapeur-dhumidite-fr","13":"first","14":"instock","15":"product-type-simple"},"acf":[],"yoast_head":"<!-- This site is optimized with the Yoast SEO Premium plugin v24.1 (Yoast SEO v27.0) - https:\/\/yoast.com\/product\/yoast-seo-premium-wordpress\/ -->\n<title>Palisade Synthetic Underlayment - IPG<\/title>\n<meta name=\"description\" content=\"Protect your roofing with Palisade Synthetic Underlayment by Itape. Inquire today and experience a high-performance and durable solution for safeguarding your property from moisture and harsh weather conditions.\" \/>\n<meta name=\"robots\" content=\"index, follow, max-snippet:-1, max-image-preview:large, max-video-preview:-1\" \/>\n<link rel=\"canonical\" href=\"https:\/\/www.itape.com\/product\/palisade-synthetic-underlayment\/\" \/>\n<meta property=\"og:locale\" content=\"fr_FR\" \/>\n<meta property=\"og:type\" content=\"article\" \/>\n<meta property=\"og:title\" content=\"Palisade Synthetic Underlayment\" \/>\n<meta property=\"og:description\" content=\"Protect your roofing with Palisade Synthetic Underlayment by Itape. Inquire today and experience a high-performance and durable solution for safeguarding your property from moisture and harsh weather conditions.\" \/>\n<meta property=\"og:url\" content=\"https:\/\/www.itape.com\/product\/palisade-synthetic-underlayment\/\" \/>\n<meta property=\"og:site_name\" content=\"IPG\" \/>\n<meta property=\"article:publisher\" content=\"https:\/\/www.facebook.com\/intertape\" \/>\n<meta property=\"article:modified_time\" content=\"2023-07-25T14:38:01+00:00\" \/>\n<meta name=\"twitter:card\" content=\"summary_large_image\" \/>\n<meta name=\"twitter:image\" content=\"https:\/\/www.itape.com\/wp-content\/uploads\/2023\/10\/palisade-blue_high.jpg\" \/>\n<meta name=\"twitter:site\" content=\"@IPGtape\" \/>\n<meta name=\"twitter:label1\" content=\"Price\" \/>\n\t<meta name=\"twitter:data1\" content=\"\" \/>\n\t<meta name=\"twitter:label2\" content=\"Availability\" \/>\n\t<meta name=\"twitter:data2\" content=\"In stock\" \/>\n<script type=\"application\/ld+json\" class=\"yoast-schema-graph\">{\"@context\":\"https:\/\/schema.org\",\"@graph\":[{\"@type\":\"WebPage\",\"@id\":\"https:\/\/www.itape.com\/product\/palisade-synthetic-underlayment\/\",\"url\":\"https:\/\/www.itape.com\/product\/palisade-synthetic-underlayment\/\",\"name\":\"Palisade Synthetic Underlayment - IPG\",\"isPartOf\":{\"@id\":\"https:\/\/www.itape.com\/#website\"},\"primaryImageOfPage\":{\"@id\":\"https:\/\/www.itape.com\/product\/palisade-synthetic-underlayment\/#primaryimage\"},\"image\":{\"@id\":\"https:\/\/www.itape.com\/product\/palisade-synthetic-underlayment\/#primaryimage\"},\"thumbnailUrl\":\"https:\/\/www.itape.com\/wp-content\/uploads\/2023\/10\/palisade-blue_high.jpg\",\"datePublished\":\"2023-01-12T14:34:24+00:00\",\"dateModified\":\"2023-07-25T14:38:01+00:00\",\"description\":\"Protect your roofing with Palisade Synthetic Underlayment by Itape. Inquire today and experience a high-performance and durable solution for safeguarding your property from moisture and harsh weather conditions.\",\"breadcrumb\":{\"@id\":\"https:\/\/www.itape.com\/product\/palisade-synthetic-underlayment\/#breadcrumb\"},\"inLanguage\":\"fr-FR\",\"potentialAction\":[{\"@type\":\"ReadAction\",\"target\":[\"https:\/\/www.itape.com\/product\/palisade-synthetic-underlayment\/\"]}]},{\"@type\":\"ImageObject\",\"inLanguage\":\"fr-FR\",\"@id\":\"https:\/\/www.itape.com\/product\/palisade-synthetic-underlayment\/#primaryimage\",\"url\":\"https:\/\/www.itape.com\/wp-content\/uploads\/2023\/10\/palisade-blue_high.jpg\",\"contentUrl\":\"https:\/\/www.itape.com\/wp-content\/uploads\/2023\/10\/palisade-blue_high.jpg\",\"width\":2400,\"height\":2400,\"caption\":\"PALISADE_UNDERLAYMENT\"},{\"@type\":\"BreadcrumbList\",\"@id\":\"https:\/\/www.itape.com\/product\/palisade-synthetic-underlayment\/#breadcrumb\",\"itemListElement\":[{\"@type\":\"ListItem\",\"position\":1,\"name\":\"Home\",\"item\":\"https:\/\/www.itape.com\/fr\/\"},{\"@type\":\"ListItem\",\"position\":2,\"name\":\"Products\",\"item\":\"https:\/\/www.itape.com\/products\/\"},{\"@type\":\"ListItem\",\"position\":3,\"name\":\"Palisade Synthetic Underlayment\"}]},{\"@type\":\"WebSite\",\"@id\":\"https:\/\/www.itape.com\/#website\",\"url\":\"https:\/\/www.itape.com\/\",\"name\":\"IPG\",\"description\":\"Global Leader in Packaging and Protective Solutions\",\"publisher\":{\"@id\":\"https:\/\/www.itape.com\/#organization\"},\"potentialAction\":[{\"@type\":\"SearchAction\",\"target\":{\"@type\":\"EntryPoint\",\"urlTemplate\":\"https:\/\/www.itape.com\/?s={search_term_string}\"},\"query-input\":{\"@type\":\"PropertyValueSpecification\",\"valueRequired\":true,\"valueName\":\"search_term_string\"}}],\"inLanguage\":\"fr-FR\"},{\"@type\":\"Organization\",\"@id\":\"https:\/\/www.itape.com\/#organization\",\"name\":\"IPG\",\"url\":\"https:\/\/www.itape.com\/\",\"logo\":{\"@type\":\"ImageObject\",\"inLanguage\":\"fr-FR\",\"@id\":\"https:\/\/www.itape.com\/#\/schema\/logo\/image\/\",\"url\":\"https:\/\/www.itape.com\/wp-content\/uploads\/2024\/06\/IPG-logo-2.png\",\"contentUrl\":\"https:\/\/www.itape.com\/wp-content\/uploads\/2024\/06\/IPG-logo-2.png\",\"width\":60,\"height\":60,\"caption\":\"IPG\"},\"image\":{\"@id\":\"https:\/\/www.itape.com\/#\/schema\/logo\/image\/\"},\"sameAs\":[\"https:\/\/www.facebook.com\/intertape\",\"https:\/\/x.com\/IPGtape\",\"https:\/\/www.linkedin.com\/company\/intertape-polymer-group\",\"https:\/\/www.instagram.com\/ipgtape\",\"https:\/\/www.youtube.com\/user\/IPGtape\"]}]}<\/script>\n<meta property=\"product:price:currency\" content=\"USD\" \/>\n<meta property=\"og:availability\" content=\"instock\" \/>\n<meta property=\"product:availability\" content=\"instock\" \/>\n<meta property=\"product:retailer_item_id\" content=\"f7b1d44bcf9d\" \/>\n<meta property=\"product:condition\" content=\"new\" \/>\n<!-- \/ Yoast SEO Premium plugin. -->","yoast_head_json":{"title":"Palisade Synthetic Underlayment - IPG","description":"Protect your roofing with Palisade Synthetic Underlayment by Itape. Inquire today and experience a high-performance and durable solution for safeguarding your property from moisture and harsh weather conditions.","robots":{"index":"index","follow":"follow","max-snippet":"max-snippet:-1","max-image-preview":"max-image-preview:large","max-video-preview":"max-video-preview:-1"},"canonical":"https:\/\/www.itape.com\/product\/palisade-synthetic-underlayment\/","og_locale":"fr_FR","og_type":"article","og_title":"Palisade Synthetic Underlayment","og_description":"Protect your roofing with Palisade Synthetic Underlayment by Itape. Inquire today and experience a high-performance and durable solution for safeguarding your property from moisture and harsh weather conditions.","og_url":"https:\/\/www.itape.com\/product\/palisade-synthetic-underlayment\/","og_site_name":"IPG","article_publisher":"https:\/\/www.facebook.com\/intertape","article_modified_time":"2023-07-25T14:38:01+00:00","twitter_card":"summary_large_image","twitter_image":"https:\/\/www.itape.com\/wp-content\/uploads\/2023\/10\/palisade-blue_high.jpg","twitter_site":"@IPGtape","twitter_misc":{"Price":"","Availability":"In stock"},"schema":{"@context":"https:\/\/schema.org","@graph":[{"@type":"WebPage","@id":"https:\/\/www.itape.com\/product\/palisade-synthetic-underlayment\/","url":"https:\/\/www.itape.com\/product\/palisade-synthetic-underlayment\/","name":"Palisade Synthetic Underlayment - IPG","isPartOf":{"@id":"https:\/\/www.itape.com\/#website"},"primaryImageOfPage":{"@id":"https:\/\/www.itape.com\/product\/palisade-synthetic-underlayment\/#primaryimage"},"image":{"@id":"https:\/\/www.itape.com\/product\/palisade-synthetic-underlayment\/#primaryimage"},"thumbnailUrl":"https:\/\/www.itape.com\/wp-content\/uploads\/2023\/10\/palisade-blue_high.jpg","datePublished":"2023-01-12T14:34:24+00:00","dateModified":"2023-07-25T14:38:01+00:00","description":"Protect your roofing with Palisade Synthetic Underlayment by Itape. Inquire today and experience a high-performance and durable solution for safeguarding your property from moisture and harsh weather conditions.","breadcrumb":{"@id":"https:\/\/www.itape.com\/product\/palisade-synthetic-underlayment\/#breadcrumb"},"inLanguage":"fr-FR","potentialAction":[{"@type":"ReadAction","target":["https:\/\/www.itape.com\/product\/palisade-synthetic-underlayment\/"]}]},{"@type":"ImageObject","inLanguage":"fr-FR","@id":"https:\/\/www.itape.com\/product\/palisade-synthetic-underlayment\/#primaryimage","url":"https:\/\/www.itape.com\/wp-content\/uploads\/2023\/10\/palisade-blue_high.jpg","contentUrl":"https:\/\/www.itape.com\/wp-content\/uploads\/2023\/10\/palisade-blue_high.jpg","width":2400,"height":2400,"caption":"PALISADE_UNDERLAYMENT"},{"@type":"BreadcrumbList","@id":"https:\/\/www.itape.com\/product\/palisade-synthetic-underlayment\/#breadcrumb","itemListElement":[{"@type":"ListItem","position":1,"name":"Home","item":"https:\/\/www.itape.com\/fr\/"},{"@type":"ListItem","position":2,"name":"Products","item":"https:\/\/www.itape.com\/products\/"},{"@type":"ListItem","position":3,"name":"Palisade Synthetic Underlayment"}]},{"@type":"WebSite","@id":"https:\/\/www.itape.com\/#website","url":"https:\/\/www.itape.com\/","name":"IPG","description":"Global Leader in Packaging and Protective Solutions","publisher":{"@id":"https:\/\/www.itape.com\/#organization"},"potentialAction":[{"@type":"SearchAction","target":{"@type":"EntryPoint","urlTemplate":"https:\/\/www.itape.com\/?s={search_term_string}"},"query-input":{"@type":"PropertyValueSpecification","valueRequired":true,"valueName":"search_term_string"}}],"inLanguage":"fr-FR"},{"@type":"Organization","@id":"https:\/\/www.itape.com\/#organization","name":"IPG","url":"https:\/\/www.itape.com\/","logo":{"@type":"ImageObject","inLanguage":"fr-FR","@id":"https:\/\/www.itape.com\/#\/schema\/logo\/image\/","url":"https:\/\/www.itape.com\/wp-content\/uploads\/2024\/06\/IPG-logo-2.png","contentUrl":"https:\/\/www.itape.com\/wp-content\/uploads\/2024\/06\/IPG-logo-2.png","width":60,"height":60,"caption":"IPG"},"image":{"@id":"https:\/\/www.itape.com\/#\/schema\/logo\/image\/"},"sameAs":["https:\/\/www.facebook.com\/intertape","https:\/\/x.com\/IPGtape","https:\/\/www.linkedin.com\/company\/intertape-polymer-group","https:\/\/www.instagram.com\/ipgtape","https:\/\/www.youtube.com\/user\/IPGtape"]}]},"product_price_currency":"USD","og_availability":"instock","product_availability":"instock","product_retailer_item_id":"f7b1d44bcf9d","product_condition":"new"},"parsely":{"version":"1.1.0","canonical_url":"https:\/\/itape.com\/fr\/product\/palisade-synthetic-underlayment\/","smart_links":{"inbound":0,"outbound":0},"traffic_boost_suggestions_count":0,"meta":{"@context":"https:\/\/schema.org","@type":"WebPage","headline":"Palisade Synthetic Underlayment","url":"https:\/\/www.itape.com\/fr\/product\/palisade-synthetic-underlayment\/","mainEntityOfPage":{"@type":"WebPage","@id":"https:\/\/www.itape.com\/fr\/product\/palisade-synthetic-underlayment\/"},"thumbnailUrl":"https:\/\/www.itape.com\/wp-content\/uploads\/2023\/10\/palisade-blue_high.jpg?w=150&h=150&crop=1","image":{"@type":"ImageObject","url":"https:\/\/www.itape.com\/wp-content\/uploads\/2023\/10\/palisade-blue_high.jpg"},"articleSection":"Non classifi\u00e9(e)","author":[{"@type":"Person","name":"IPG"}],"creator":["IPG"],"publisher":{"@type":"Organization","name":"IPG","logo":"https:\/\/www.itape.com\/wp-content\/uploads\/2023\/03\/IPG-logo-2.png"},"keywords":[],"dateCreated":"2023-01-12T14:34:24Z","datePublished":"2023-01-12T14:34:24Z","dateModified":"2023-07-25T14:38:01Z"},"rendered":"<meta name=\"parsely-title\" content=\"Palisade Synthetic Underlayment\" \/>\n<meta name=\"parsely-link\" content=\"https:\/\/www.itape.com\/fr\/product\/palisade-synthetic-underlayment\/\" \/>\n<meta name=\"parsely-type\" content=\"index\" \/>\n<meta name=\"parsely-image-url\" content=\"https:\/\/www.itape.com\/wp-content\/uploads\/2023\/10\/palisade-blue_high.jpg?w=150&amp;h=150&amp;crop=1\" \/>\n<meta name=\"parsely-pub-date\" content=\"2023-01-12T14:34:24Z\" \/>\n<meta name=\"parsely-section\" content=\"Non classifi\u00e9(e)\" \/>\n<meta name=\"parsely-author\" content=\"IPG\" \/>","tracker_url":"https:\/\/cdn.parsely.com\/keys\/itape.com\/p.js"},"jetpack_sharing_enabled":true,"_links":{"self":[{"href":"https:\/\/www.itape.com\/fr\/wp-json\/wp\/v2\/product\/57469","targetHints":{"allow":["GET"]}}],"collection":[{"href":"https:\/\/www.itape.com\/fr\/wp-json\/wp\/v2\/product"}],"about":[{"href":"https:\/\/www.itape.com\/fr\/wp-json\/wp\/v2\/types\/product"}],"replies":[{"embeddable":true,"href":"https:\/\/www.itape.com\/fr\/wp-json\/wp\/v2\/comments?post=57469"}],"wp:featuredmedia":[{"embeddable":true,"href":"https:\/\/www.itape.com\/fr\/wp-json\/wp\/v2\/media\/53187"}],"wp:attachment":[{"href":"https:\/\/www.itape.com\/fr\/wp-json\/wp\/v2\/media?parent=57469"}],"wp:term":[{"taxonomy":"product_brand","embeddable":true,"href":"https:\/\/www.itape.com\/fr\/wp-json\/wp\/v2\/product_brand?post=57469"},{"taxonomy":"product_cat","embeddable":true,"href":"https:\/\/www.itape.com\/fr\/wp-json\/wp\/v2\/product_cat?post=57469"},{"taxonomy":"product_tag","embeddable":true,"href":"https:\/\/www.itape.com\/fr\/wp-json\/wp\/v2\/product_tag?post=57469"},{"taxonomy":"associated_application","embeddable":true,"href":"https:\/\/www.itape.com\/fr\/wp-json\/wp\/v2\/associated_application?post=57469"}],"curies":[{"name":"wp","href":"https:\/\/api.w.org\/{rel}","templated":true}]}}