{"id":61076,"date":"2023-01-12T14:30:06","date_gmt":"2023-01-12T14:30:06","guid":{"rendered":"https:\/\/www.itape.com\/product\/rsa-2625-tb\/"},"modified":"2023-10-30T18:02:28","modified_gmt":"2023-10-30T18:02:28","slug":"rsa-2625-tb","status":"publish","type":"product","link":"https:\/\/www.itape.com\/fr\/product\/rsa-2625-tb\/","title":{"rendered":"RSA 2625-TB"},"content":{"rendered":"<div class=\"prose\">Heavy duty construction, oversized gearmotors, and low maintenance are the hallmarks of the Interpack\u2122 machinery line.<\/div>\n","protected":false},"excerpt":{"rendered":"<p>Les fermeuses de la s\u00e9rie RSA sont des machines robustes, aliment\u00e9es par l&rsquo;op\u00e9rateur, qui s&rsquo;adaptent automatiquement \u00e0 la taille de chaque carton trait\u00e9. Dans le monde d&rsquo;aujourd&rsquo;hui en constante \u00e9volution, une hausse de d\u00e9bit est la cl\u00e9 d&rsquo;un fonctionnement r\u00e9ussi. Cette nouvelle fermeuse a \u00e9t\u00e9 con\u00e7ue pour offrir des vitesses de traitement sup\u00e9rieures gr\u00e2ce \u00e0 un syst\u00e8me pneumatique am\u00e9lior\u00e9, qui permet une mont\u00e9e plus rapide du pont et une descente plus douce sur le haut du carton. Ce style d&rsquo;entra\u00eenement haut de gamme saisit le carton entre quatre courroies mobiles situ\u00e9es au-dessus et en dessous du carton. Une stabilit\u00e9 maximale est obtenue en appliquant une pression sur les zones les plus r\u00e9sistantes du carton. Les courroies d&rsquo;entra\u00eenement sup\u00e9rieures et inf\u00e9rieures prennent en charge une tr\u00e8s grande palette de formats de cartons. Toutefois, les cartons de largeurs r\u00e9duites conviennent mieux aux courroies d&rsquo;entra\u00eenement lat\u00e9rales.<\/p>\n","protected":false},"featured_media":52265,"comment_status":"closed","ping_status":"closed","template":"","meta":{"_acf_changed":false},"product_brand":[],"product_cat":[7698,7666,6148,7654],"product_tag":[8076],"associated_application":[5997,6001,6000],"class_list":{"0":"post-61076","1":"product","2":"type-product","3":"status-publish","4":"has-post-thumbnail","6":"product_cat-automated-equipment-fr-2","7":"product_cat-automated-packaging-fr","8":"product_cat-carton-sealing-machines-fr","9":"product_cat-automated-equipment-case-sealers-random-semi-automatic-fr","10":"product_tag-random-semi-automatic-fr-2","11":"associated_application-commerce-en-ligne-fr","12":"associated_application-processus-general-de-fabrication-fr","13":"associated_application-transformation-alimentaire-fr","15":"first","16":"instock","17":"product-type-simple"},"acf":[],"yoast_head":"<!-- This site is optimized with the Yoast SEO Premium plugin v24.1 (Yoast SEO v27.0) - https:\/\/yoast.com\/product\/yoast-seo-premium-wordpress\/ -->\n<title>RSA 2625-TB - IPG<\/title>\n<meta name=\"robots\" content=\"index, follow, max-snippet:-1, max-image-preview:large, max-video-preview:-1\" \/>\n<link rel=\"canonical\" href=\"https:\/\/www.itape.com\/fr\/product\/rsa-2625-tb\/\" \/>\n<meta property=\"og:locale\" content=\"fr_FR\" \/>\n<meta property=\"og:type\" content=\"article\" \/>\n<meta property=\"og:title\" content=\"RSA 2625-TB\" \/>\n<meta property=\"og:description\" content=\"Les fermeuses de la s\u00e9rie RSA sont des machines robustes, aliment\u00e9es par l&#039;op\u00e9rateur, qui s&#039;adaptent automatiquement \u00e0 la taille de chaque carton trait\u00e9. Dans le monde d&#039;aujourd&#039;hui en constante \u00e9volution, une hausse de d\u00e9bit est la cl\u00e9 d&#039;un fonctionnement r\u00e9ussi. Cette nouvelle fermeuse a \u00e9t\u00e9 con\u00e7ue pour offrir des vitesses de traitement sup\u00e9rieures gr\u00e2ce \u00e0 un syst\u00e8me pneumatique am\u00e9lior\u00e9, qui permet une mont\u00e9e plus rapide du pont et une descente plus douce sur le haut du carton. Ce style d&#039;entra\u00eenement haut de gamme saisit le carton entre quatre courroies mobiles situ\u00e9es au-dessus et en dessous du carton. Une stabilit\u00e9 maximale est obtenue en appliquant une pression sur les zones les plus r\u00e9sistantes du carton. Les courroies d&#039;entra\u00eenement sup\u00e9rieures et inf\u00e9rieures prennent en charge une tr\u00e8s grande palette de formats de cartons. Toutefois, les cartons de largeurs r\u00e9duites conviennent mieux aux courroies d&#039;entra\u00eenement lat\u00e9rales.\" \/>\n<meta property=\"og:url\" content=\"https:\/\/www.itape.com\/fr\/product\/rsa-2625-tb\/\" \/>\n<meta property=\"og:site_name\" content=\"IPG\" \/>\n<meta property=\"article:publisher\" content=\"https:\/\/www.facebook.com\/intertape\" \/>\n<meta property=\"article:modified_time\" content=\"2023-10-30T18:02:28+00:00\" \/>\n<meta property=\"og:image\" content=\"https:\/\/www.itape.com\/wp-content\/uploads\/2023\/01\/RSA-2625-TB_high.jpg\" \/>\n\t<meta property=\"og:image:width\" content=\"2400\" \/>\n\t<meta property=\"og:image:height\" content=\"2400\" \/>\n\t<meta property=\"og:image:type\" content=\"image\/jpeg\" \/>\n<meta name=\"twitter:card\" content=\"summary_large_image\" \/>\n<meta name=\"twitter:site\" content=\"@IPGtape\" \/>\n<meta name=\"twitter:label1\" content=\"Price\" \/>\n\t<meta name=\"twitter:data1\" content=\"\" \/>\n\t<meta name=\"twitter:label2\" content=\"Availability\" \/>\n\t<meta name=\"twitter:data2\" content=\"In stock\" \/>\n<script type=\"application\/ld+json\" class=\"yoast-schema-graph\">{\"@context\":\"https:\/\/schema.org\",\"@graph\":[{\"@type\":\"WebPage\",\"@id\":\"https:\/\/www.itape.com\/fr\/product\/rsa-2625-tb\/\",\"url\":\"https:\/\/www.itape.com\/fr\/product\/rsa-2625-tb\/\",\"name\":\"RSA 2625-TB - IPG\",\"isPartOf\":{\"@id\":\"https:\/\/www.itape.com\/#website\"},\"primaryImageOfPage\":{\"@id\":\"https:\/\/www.itape.com\/fr\/product\/rsa-2625-tb\/#primaryimage\"},\"image\":{\"@id\":\"https:\/\/www.itape.com\/fr\/product\/rsa-2625-tb\/#primaryimage\"},\"thumbnailUrl\":\"https:\/\/www.itape.com\/wp-content\/uploads\/2023\/01\/RSA-2625-TB_high.jpg\",\"datePublished\":\"2023-01-12T14:30:06+00:00\",\"dateModified\":\"2023-10-30T18:02:28+00:00\",\"breadcrumb\":{\"@id\":\"https:\/\/www.itape.com\/fr\/product\/rsa-2625-tb\/#breadcrumb\"},\"inLanguage\":\"fr-FR\",\"potentialAction\":[{\"@type\":\"ReadAction\",\"target\":[\"https:\/\/www.itape.com\/fr\/product\/rsa-2625-tb\/\"]}]},{\"@type\":\"ImageObject\",\"inLanguage\":\"fr-FR\",\"@id\":\"https:\/\/www.itape.com\/fr\/product\/rsa-2625-tb\/#primaryimage\",\"url\":\"https:\/\/www.itape.com\/wp-content\/uploads\/2023\/01\/RSA-2625-TB_high.jpg\",\"contentUrl\":\"https:\/\/www.itape.com\/wp-content\/uploads\/2023\/01\/RSA-2625-TB_high.jpg\",\"width\":2400,\"height\":2400,\"caption\":\"RSA2625-TB_Machine\"},{\"@type\":\"BreadcrumbList\",\"@id\":\"https:\/\/www.itape.com\/fr\/product\/rsa-2625-tb\/#breadcrumb\",\"itemListElement\":[{\"@type\":\"ListItem\",\"position\":1,\"name\":\"Home\",\"item\":\"https:\/\/www.itape.com\/fr\/\"},{\"@type\":\"ListItem\",\"position\":2,\"name\":\"Products\",\"item\":\"https:\/\/www.itape.com\/products\/\"},{\"@type\":\"ListItem\",\"position\":3,\"name\":\"RSA 2625-TB\"}]},{\"@type\":\"WebSite\",\"@id\":\"https:\/\/www.itape.com\/#website\",\"url\":\"https:\/\/www.itape.com\/\",\"name\":\"IPG\",\"description\":\"Global Leader in Packaging and Protective Solutions\",\"publisher\":{\"@id\":\"https:\/\/www.itape.com\/#organization\"},\"potentialAction\":[{\"@type\":\"SearchAction\",\"target\":{\"@type\":\"EntryPoint\",\"urlTemplate\":\"https:\/\/www.itape.com\/?s={search_term_string}\"},\"query-input\":{\"@type\":\"PropertyValueSpecification\",\"valueRequired\":true,\"valueName\":\"search_term_string\"}}],\"inLanguage\":\"fr-FR\"},{\"@type\":\"Organization\",\"@id\":\"https:\/\/www.itape.com\/#organization\",\"name\":\"IPG\",\"url\":\"https:\/\/www.itape.com\/\",\"logo\":{\"@type\":\"ImageObject\",\"inLanguage\":\"fr-FR\",\"@id\":\"https:\/\/www.itape.com\/#\/schema\/logo\/image\/\",\"url\":\"https:\/\/www.itape.com\/wp-content\/uploads\/2024\/06\/IPG-logo-2.png\",\"contentUrl\":\"https:\/\/www.itape.com\/wp-content\/uploads\/2024\/06\/IPG-logo-2.png\",\"width\":60,\"height\":60,\"caption\":\"IPG\"},\"image\":{\"@id\":\"https:\/\/www.itape.com\/#\/schema\/logo\/image\/\"},\"sameAs\":[\"https:\/\/www.facebook.com\/intertape\",\"https:\/\/x.com\/IPGtape\",\"https:\/\/www.linkedin.com\/company\/intertape-polymer-group\",\"https:\/\/www.instagram.com\/ipgtape\",\"https:\/\/www.youtube.com\/user\/IPGtape\"]}]}<\/script>\n<meta property=\"product:price:currency\" content=\"USD\" \/>\n<meta property=\"og:availability\" content=\"instock\" \/>\n<meta property=\"product:availability\" content=\"instock\" \/>\n<meta property=\"product:retailer_item_id\" content=\"ed3355929554\" \/>\n<meta property=\"product:condition\" content=\"new\" \/>\n<!-- \/ Yoast SEO Premium plugin. -->","yoast_head_json":{"title":"RSA 2625-TB - IPG","robots":{"index":"index","follow":"follow","max-snippet":"max-snippet:-1","max-image-preview":"max-image-preview:large","max-video-preview":"max-video-preview:-1"},"canonical":"https:\/\/www.itape.com\/fr\/product\/rsa-2625-tb\/","og_locale":"fr_FR","og_type":"article","og_title":"RSA 2625-TB","og_description":"Les fermeuses de la s\u00e9rie RSA sont des machines robustes, aliment\u00e9es par l'op\u00e9rateur, qui s'adaptent automatiquement \u00e0 la taille de chaque carton trait\u00e9. Dans le monde d'aujourd'hui en constante \u00e9volution, une hausse de d\u00e9bit est la cl\u00e9 d'un fonctionnement r\u00e9ussi. Cette nouvelle fermeuse a \u00e9t\u00e9 con\u00e7ue pour offrir des vitesses de traitement sup\u00e9rieures gr\u00e2ce \u00e0 un syst\u00e8me pneumatique am\u00e9lior\u00e9, qui permet une mont\u00e9e plus rapide du pont et une descente plus douce sur le haut du carton. Ce style d'entra\u00eenement haut de gamme saisit le carton entre quatre courroies mobiles situ\u00e9es au-dessus et en dessous du carton. Une stabilit\u00e9 maximale est obtenue en appliquant une pression sur les zones les plus r\u00e9sistantes du carton. Les courroies d'entra\u00eenement sup\u00e9rieures et inf\u00e9rieures prennent en charge une tr\u00e8s grande palette de formats de cartons. Toutefois, les cartons de largeurs r\u00e9duites conviennent mieux aux courroies d'entra\u00eenement lat\u00e9rales.","og_url":"https:\/\/www.itape.com\/fr\/product\/rsa-2625-tb\/","og_site_name":"IPG","article_publisher":"https:\/\/www.facebook.com\/intertape","article_modified_time":"2023-10-30T18:02:28+00:00","og_image":[{"width":2400,"height":2400,"url":"https:\/\/www.itape.com\/wp-content\/uploads\/2023\/01\/RSA-2625-TB_high.jpg","type":"image\/jpeg"}],"twitter_card":"summary_large_image","twitter_site":"@IPGtape","twitter_misc":{"Price":"","Availability":"In stock"},"schema":{"@context":"https:\/\/schema.org","@graph":[{"@type":"WebPage","@id":"https:\/\/www.itape.com\/fr\/product\/rsa-2625-tb\/","url":"https:\/\/www.itape.com\/fr\/product\/rsa-2625-tb\/","name":"RSA 2625-TB - IPG","isPartOf":{"@id":"https:\/\/www.itape.com\/#website"},"primaryImageOfPage":{"@id":"https:\/\/www.itape.com\/fr\/product\/rsa-2625-tb\/#primaryimage"},"image":{"@id":"https:\/\/www.itape.com\/fr\/product\/rsa-2625-tb\/#primaryimage"},"thumbnailUrl":"https:\/\/www.itape.com\/wp-content\/uploads\/2023\/01\/RSA-2625-TB_high.jpg","datePublished":"2023-01-12T14:30:06+00:00","dateModified":"2023-10-30T18:02:28+00:00","breadcrumb":{"@id":"https:\/\/www.itape.com\/fr\/product\/rsa-2625-tb\/#breadcrumb"},"inLanguage":"fr-FR","potentialAction":[{"@type":"ReadAction","target":["https:\/\/www.itape.com\/fr\/product\/rsa-2625-tb\/"]}]},{"@type":"ImageObject","inLanguage":"fr-FR","@id":"https:\/\/www.itape.com\/fr\/product\/rsa-2625-tb\/#primaryimage","url":"https:\/\/www.itape.com\/wp-content\/uploads\/2023\/01\/RSA-2625-TB_high.jpg","contentUrl":"https:\/\/www.itape.com\/wp-content\/uploads\/2023\/01\/RSA-2625-TB_high.jpg","width":2400,"height":2400,"caption":"RSA2625-TB_Machine"},{"@type":"BreadcrumbList","@id":"https:\/\/www.itape.com\/fr\/product\/rsa-2625-tb\/#breadcrumb","itemListElement":[{"@type":"ListItem","position":1,"name":"Home","item":"https:\/\/www.itape.com\/fr\/"},{"@type":"ListItem","position":2,"name":"Products","item":"https:\/\/www.itape.com\/products\/"},{"@type":"ListItem","position":3,"name":"RSA 2625-TB"}]},{"@type":"WebSite","@id":"https:\/\/www.itape.com\/#website","url":"https:\/\/www.itape.com\/","name":"IPG","description":"Global Leader in Packaging and Protective Solutions","publisher":{"@id":"https:\/\/www.itape.com\/#organization"},"potentialAction":[{"@type":"SearchAction","target":{"@type":"EntryPoint","urlTemplate":"https:\/\/www.itape.com\/?s={search_term_string}"},"query-input":{"@type":"PropertyValueSpecification","valueRequired":true,"valueName":"search_term_string"}}],"inLanguage":"fr-FR"},{"@type":"Organization","@id":"https:\/\/www.itape.com\/#organization","name":"IPG","url":"https:\/\/www.itape.com\/","logo":{"@type":"ImageObject","inLanguage":"fr-FR","@id":"https:\/\/www.itape.com\/#\/schema\/logo\/image\/","url":"https:\/\/www.itape.com\/wp-content\/uploads\/2024\/06\/IPG-logo-2.png","contentUrl":"https:\/\/www.itape.com\/wp-content\/uploads\/2024\/06\/IPG-logo-2.png","width":60,"height":60,"caption":"IPG"},"image":{"@id":"https:\/\/www.itape.com\/#\/schema\/logo\/image\/"},"sameAs":["https:\/\/www.facebook.com\/intertape","https:\/\/x.com\/IPGtape","https:\/\/www.linkedin.com\/company\/intertape-polymer-group","https:\/\/www.instagram.com\/ipgtape","https:\/\/www.youtube.com\/user\/IPGtape"]}]},"product_price_currency":"USD","og_availability":"instock","product_availability":"instock","product_retailer_item_id":"ed3355929554","product_condition":"new"},"parsely":{"version":"1.1.0","canonical_url":"https:\/\/itape.com\/fr\/product\/rsa-2625-tb\/","smart_links":{"inbound":0,"outbound":0},"traffic_boost_suggestions_count":0,"meta":{"@context":"https:\/\/schema.org","@type":"WebPage","headline":"RSA 2625-TB","url":"https:\/\/www.itape.com\/fr\/product\/rsa-2625-tb\/","mainEntityOfPage":{"@type":"WebPage","@id":"https:\/\/www.itape.com\/fr\/product\/rsa-2625-tb\/"},"thumbnailUrl":"https:\/\/www.itape.com\/wp-content\/uploads\/2023\/01\/RSA-2625-TB_high.jpg?w=150&h=150&crop=1","image":{"@type":"ImageObject","url":"https:\/\/www.itape.com\/wp-content\/uploads\/2023\/01\/RSA-2625-TB_high.jpg"},"articleSection":"Non classifi\u00e9(e)","author":[{"@type":"Person","name":"IPG"}],"creator":["IPG"],"publisher":{"@type":"Organization","name":"IPG","logo":"https:\/\/www.itape.com\/wp-content\/uploads\/2023\/03\/IPG-logo-2.png"},"keywords":[],"dateCreated":"2023-01-12T14:30:06Z","datePublished":"2023-01-12T14:30:06Z","dateModified":"2023-10-30T18:02:28Z"},"rendered":"<meta name=\"parsely-title\" content=\"RSA 2625-TB\" \/>\n<meta name=\"parsely-link\" content=\"https:\/\/www.itape.com\/fr\/product\/rsa-2625-tb\/\" \/>\n<meta name=\"parsely-type\" content=\"index\" \/>\n<meta name=\"parsely-image-url\" content=\"https:\/\/www.itape.com\/wp-content\/uploads\/2023\/01\/RSA-2625-TB_high.jpg?w=150&amp;h=150&amp;crop=1\" \/>\n<meta name=\"parsely-pub-date\" content=\"2023-01-12T14:30:06Z\" \/>\n<meta name=\"parsely-section\" content=\"Non classifi\u00e9(e)\" \/>\n<meta name=\"parsely-author\" content=\"IPG\" \/>","tracker_url":"https:\/\/cdn.parsely.com\/keys\/itape.com\/p.js"},"jetpack_sharing_enabled":true,"_links":{"self":[{"href":"https:\/\/www.itape.com\/fr\/wp-json\/wp\/v2\/product\/61076","targetHints":{"allow":["GET"]}}],"collection":[{"href":"https:\/\/www.itape.com\/fr\/wp-json\/wp\/v2\/product"}],"about":[{"href":"https:\/\/www.itape.com\/fr\/wp-json\/wp\/v2\/types\/product"}],"replies":[{"embeddable":true,"href":"https:\/\/www.itape.com\/fr\/wp-json\/wp\/v2\/comments?post=61076"}],"wp:featuredmedia":[{"embeddable":true,"href":"https:\/\/www.itape.com\/fr\/wp-json\/wp\/v2\/media\/52265"}],"wp:attachment":[{"href":"https:\/\/www.itape.com\/fr\/wp-json\/wp\/v2\/media?parent=61076"}],"wp:term":[{"taxonomy":"product_brand","embeddable":true,"href":"https:\/\/www.itape.com\/fr\/wp-json\/wp\/v2\/product_brand?post=61076"},{"taxonomy":"product_cat","embeddable":true,"href":"https:\/\/www.itape.com\/fr\/wp-json\/wp\/v2\/product_cat?post=61076"},{"taxonomy":"product_tag","embeddable":true,"href":"https:\/\/www.itape.com\/fr\/wp-json\/wp\/v2\/product_tag?post=61076"},{"taxonomy":"associated_application","embeddable":true,"href":"https:\/\/www.itape.com\/fr\/wp-json\/wp\/v2\/associated_application?post=61076"}],"curies":[{"name":"wp","href":"https:\/\/api.w.org\/{rel}","templated":true}]}}