{"id":61840,"date":"2023-01-12T14:30:24","date_gmt":"2023-01-12T14:30:24","guid":{"rendered":"https:\/\/www.itape.com\/product\/curby-mini-taper\/"},"modified":"2023-10-30T17:23:59","modified_gmt":"2023-10-30T17:23:59","slug":"curby-mini-taper","status":"publish","type":"product","link":"https:\/\/www.itape.com\/fr\/product\/curby-mini-taper\/","title":{"rendered":"Curby Mini-Taper"},"content":{"rendered":"<div class=\"prose\">Le Curby Mini-Taper permet aux entreprises de toutes tailles de profiter des avantages du scellement des cartons au ruban de papier gomm\u00e9 : s\u00e9curit\u00e9, solidit\u00e9 et emballage professionnel.<\/div>\n","protected":false},"excerpt":{"rendered":"<p>D\u00e9vidoir de ruban de papier gomm\u00e9 \u00e9l\u00e9gant et l\u00e9ger avec une faible empreinte. Pesant seulement 2,7 kg, il est parfait pour les petits bureaux ou les bureaux \u00e0 domicile, les points de vente au d\u00e9tail et les environnements d&rsquo;exp\u00e9dition \u00e0 faible volume avec un espace de travail limit\u00e9. Ce d\u00e9vidoir est \u00e9conomique, facile \u00e0 utiliser et le ruban est simple \u00e0 charger. Associ\u00e9 \u00e0 un ruban de papier gomm\u00e9 recyclable, le Mini-Taper fait partie de la gamme de solutions d&#8217;emballage \u00ab Curby \u00bb d&rsquo;IPG.<\/p>\n","protected":false},"featured_media":51201,"comment_status":"closed","ping_status":"closed","template":"","meta":{"_acf_changed":false},"product_brand":[],"product_cat":[7698,7666,6152,7759,7726,7713,8110,6148,7700,7706],"product_tag":[8092,6184],"associated_application":[5997,5996,6048,6053,6048,6046],"class_list":{"0":"post-61840","1":"product","2":"type-product","3":"status-publish","4":"has-post-thumbnail","6":"product_cat-automated-equipment-fr-2","7":"product_cat-automated-packaging-fr","8":"product_cat-curby-curbside-recyclable-fr","9":"product_cat-sustainable-packaging-devidoirs-de-ruban-gomme-fr","10":"product_cat-carton-sealing-products-devidoirs-de-ruban-gomme-fr","11":"product_cat-automated-equipment-water-activated-tape-dispensers-fr","12":"product_cat-consumer-sustainable-packaging-fr","13":"product_cat-carton-sealing-machines-fr","14":"product_cat-carton-sealing-products-fr","15":"product_cat-sustainable-packaging-fr","16":"product_tag-curby-product-fr","17":"product_tag-wat-dispensers-fr","18":"associated_application-commerce-en-ligne-fr","19":"associated_application-de-consommation-fr","20":"associated_application-scellage-des-emballages-fr","21":"associated_application-scellage-des-cartons-devidoirs-de-ruban-gomme-fr","23":"associated_application-service-courrier-expedition-fr","25":"first","26":"instock","27":"product-type-simple"},"acf":[],"yoast_head":"<!-- This site is optimized with the Yoast SEO Premium plugin v24.1 (Yoast SEO v27.0) - https:\/\/yoast.com\/product\/yoast-seo-premium-wordpress\/ -->\n<title>Curby Mini-Taper - IPG<\/title>\n<meta name=\"robots\" content=\"index, follow, max-snippet:-1, max-image-preview:large, max-video-preview:-1\" \/>\n<link rel=\"canonical\" href=\"https:\/\/www.itape.com\/fr\/product\/curby-mini-taper\/\" \/>\n<meta property=\"og:locale\" content=\"fr_FR\" \/>\n<meta property=\"og:type\" content=\"article\" \/>\n<meta property=\"og:title\" content=\"Curby Mini-Taper\" \/>\n<meta property=\"og:description\" content=\"D\u00e9vidoir de ruban de papier gomm\u00e9 \u00e9l\u00e9gant et l\u00e9ger avec une faible empreinte. Pesant seulement 2,7 kg, il est parfait pour les petits bureaux ou les bureaux \u00e0 domicile, les points de vente au d\u00e9tail et les environnements d&#039;exp\u00e9dition \u00e0 faible volume avec un espace de travail limit\u00e9. Ce d\u00e9vidoir est \u00e9conomique, facile \u00e0 utiliser et le ruban est simple \u00e0 charger. Associ\u00e9 \u00e0 un ruban de papier gomm\u00e9 recyclable, le Mini-Taper fait partie de la gamme de solutions d&#039;emballage \u00ab Curby \u00bb d&#039;IPG.\" \/>\n<meta property=\"og:url\" content=\"https:\/\/www.itape.com\/fr\/product\/curby-mini-taper\/\" \/>\n<meta property=\"og:site_name\" content=\"IPG\" \/>\n<meta property=\"article:publisher\" content=\"https:\/\/www.facebook.com\/intertape\" \/>\n<meta property=\"article:modified_time\" content=\"2023-10-30T17:23:59+00:00\" \/>\n<meta property=\"og:image\" content=\"https:\/\/www.itape.com\/wp-content\/uploads\/2023\/01\/CurbyMiniTaper_high.jpg\" \/>\n\t<meta property=\"og:image:width\" content=\"2400\" \/>\n\t<meta property=\"og:image:height\" content=\"2400\" \/>\n\t<meta property=\"og:image:type\" content=\"image\/jpeg\" \/>\n<meta name=\"twitter:card\" content=\"summary_large_image\" \/>\n<meta name=\"twitter:site\" content=\"@IPGtape\" \/>\n<meta name=\"twitter:label1\" content=\"Price\" \/>\n\t<meta name=\"twitter:data1\" content=\"\" \/>\n\t<meta name=\"twitter:label2\" content=\"Availability\" \/>\n\t<meta name=\"twitter:data2\" content=\"In stock\" \/>\n<script type=\"application\/ld+json\" class=\"yoast-schema-graph\">{\"@context\":\"https:\/\/schema.org\",\"@graph\":[{\"@type\":\"WebPage\",\"@id\":\"https:\/\/www.itape.com\/fr\/product\/curby-mini-taper\/\",\"url\":\"https:\/\/www.itape.com\/fr\/product\/curby-mini-taper\/\",\"name\":\"Curby Mini-Taper - IPG\",\"isPartOf\":{\"@id\":\"https:\/\/www.itape.com\/#website\"},\"primaryImageOfPage\":{\"@id\":\"https:\/\/www.itape.com\/fr\/product\/curby-mini-taper\/#primaryimage\"},\"image\":{\"@id\":\"https:\/\/www.itape.com\/fr\/product\/curby-mini-taper\/#primaryimage\"},\"thumbnailUrl\":\"https:\/\/www.itape.com\/wp-content\/uploads\/2023\/01\/CurbyMiniTaper_high.jpg\",\"datePublished\":\"2023-01-12T14:30:24+00:00\",\"dateModified\":\"2023-10-30T17:23:59+00:00\",\"breadcrumb\":{\"@id\":\"https:\/\/www.itape.com\/fr\/product\/curby-mini-taper\/#breadcrumb\"},\"inLanguage\":\"fr-FR\",\"potentialAction\":[{\"@type\":\"ReadAction\",\"target\":[\"https:\/\/www.itape.com\/fr\/product\/curby-mini-taper\/\"]}]},{\"@type\":\"ImageObject\",\"inLanguage\":\"fr-FR\",\"@id\":\"https:\/\/www.itape.com\/fr\/product\/curby-mini-taper\/#primaryimage\",\"url\":\"https:\/\/www.itape.com\/wp-content\/uploads\/2023\/01\/CurbyMiniTaper_high.jpg\",\"contentUrl\":\"https:\/\/www.itape.com\/wp-content\/uploads\/2023\/01\/CurbyMiniTaper_high.jpg\",\"width\":2400,\"height\":2400,\"caption\":\"BP222_Machine\"},{\"@type\":\"BreadcrumbList\",\"@id\":\"https:\/\/www.itape.com\/fr\/product\/curby-mini-taper\/#breadcrumb\",\"itemListElement\":[{\"@type\":\"ListItem\",\"position\":1,\"name\":\"Home\",\"item\":\"https:\/\/www.itape.com\/fr\/\"},{\"@type\":\"ListItem\",\"position\":2,\"name\":\"Products\",\"item\":\"https:\/\/www.itape.com\/products\/\"},{\"@type\":\"ListItem\",\"position\":3,\"name\":\"Curby Mini-Taper\"}]},{\"@type\":\"WebSite\",\"@id\":\"https:\/\/www.itape.com\/#website\",\"url\":\"https:\/\/www.itape.com\/\",\"name\":\"IPG\",\"description\":\"Global Leader in Packaging and Protective Solutions\",\"publisher\":{\"@id\":\"https:\/\/www.itape.com\/#organization\"},\"potentialAction\":[{\"@type\":\"SearchAction\",\"target\":{\"@type\":\"EntryPoint\",\"urlTemplate\":\"https:\/\/www.itape.com\/?s={search_term_string}\"},\"query-input\":{\"@type\":\"PropertyValueSpecification\",\"valueRequired\":true,\"valueName\":\"search_term_string\"}}],\"inLanguage\":\"fr-FR\"},{\"@type\":\"Organization\",\"@id\":\"https:\/\/www.itape.com\/#organization\",\"name\":\"IPG\",\"url\":\"https:\/\/www.itape.com\/\",\"logo\":{\"@type\":\"ImageObject\",\"inLanguage\":\"fr-FR\",\"@id\":\"https:\/\/www.itape.com\/#\/schema\/logo\/image\/\",\"url\":\"https:\/\/www.itape.com\/wp-content\/uploads\/2024\/06\/IPG-logo-2.png\",\"contentUrl\":\"https:\/\/www.itape.com\/wp-content\/uploads\/2024\/06\/IPG-logo-2.png\",\"width\":60,\"height\":60,\"caption\":\"IPG\"},\"image\":{\"@id\":\"https:\/\/www.itape.com\/#\/schema\/logo\/image\/\"},\"sameAs\":[\"https:\/\/www.facebook.com\/intertape\",\"https:\/\/x.com\/IPGtape\",\"https:\/\/www.linkedin.com\/company\/intertape-polymer-group\",\"https:\/\/www.instagram.com\/ipgtape\",\"https:\/\/www.youtube.com\/user\/IPGtape\"]}]}<\/script>\n<meta property=\"product:price:currency\" content=\"USD\" \/>\n<meta property=\"og:availability\" content=\"instock\" \/>\n<meta property=\"product:availability\" content=\"instock\" \/>\n<meta property=\"product:retailer_item_id\" content=\"adf956e06808\" \/>\n<meta property=\"product:condition\" content=\"new\" \/>\n<!-- \/ Yoast SEO Premium plugin. -->","yoast_head_json":{"title":"Curby Mini-Taper - IPG","robots":{"index":"index","follow":"follow","max-snippet":"max-snippet:-1","max-image-preview":"max-image-preview:large","max-video-preview":"max-video-preview:-1"},"canonical":"https:\/\/www.itape.com\/fr\/product\/curby-mini-taper\/","og_locale":"fr_FR","og_type":"article","og_title":"Curby Mini-Taper","og_description":"D\u00e9vidoir de ruban de papier gomm\u00e9 \u00e9l\u00e9gant et l\u00e9ger avec une faible empreinte. Pesant seulement 2,7 kg, il est parfait pour les petits bureaux ou les bureaux \u00e0 domicile, les points de vente au d\u00e9tail et les environnements d'exp\u00e9dition \u00e0 faible volume avec un espace de travail limit\u00e9. Ce d\u00e9vidoir est \u00e9conomique, facile \u00e0 utiliser et le ruban est simple \u00e0 charger. Associ\u00e9 \u00e0 un ruban de papier gomm\u00e9 recyclable, le Mini-Taper fait partie de la gamme de solutions d'emballage \u00ab Curby \u00bb d'IPG.","og_url":"https:\/\/www.itape.com\/fr\/product\/curby-mini-taper\/","og_site_name":"IPG","article_publisher":"https:\/\/www.facebook.com\/intertape","article_modified_time":"2023-10-30T17:23:59+00:00","og_image":[{"width":2400,"height":2400,"url":"https:\/\/www.itape.com\/wp-content\/uploads\/2023\/01\/CurbyMiniTaper_high.jpg","type":"image\/jpeg"}],"twitter_card":"summary_large_image","twitter_site":"@IPGtape","twitter_misc":{"Price":"","Availability":"In stock"},"schema":{"@context":"https:\/\/schema.org","@graph":[{"@type":"WebPage","@id":"https:\/\/www.itape.com\/fr\/product\/curby-mini-taper\/","url":"https:\/\/www.itape.com\/fr\/product\/curby-mini-taper\/","name":"Curby Mini-Taper - IPG","isPartOf":{"@id":"https:\/\/www.itape.com\/#website"},"primaryImageOfPage":{"@id":"https:\/\/www.itape.com\/fr\/product\/curby-mini-taper\/#primaryimage"},"image":{"@id":"https:\/\/www.itape.com\/fr\/product\/curby-mini-taper\/#primaryimage"},"thumbnailUrl":"https:\/\/www.itape.com\/wp-content\/uploads\/2023\/01\/CurbyMiniTaper_high.jpg","datePublished":"2023-01-12T14:30:24+00:00","dateModified":"2023-10-30T17:23:59+00:00","breadcrumb":{"@id":"https:\/\/www.itape.com\/fr\/product\/curby-mini-taper\/#breadcrumb"},"inLanguage":"fr-FR","potentialAction":[{"@type":"ReadAction","target":["https:\/\/www.itape.com\/fr\/product\/curby-mini-taper\/"]}]},{"@type":"ImageObject","inLanguage":"fr-FR","@id":"https:\/\/www.itape.com\/fr\/product\/curby-mini-taper\/#primaryimage","url":"https:\/\/www.itape.com\/wp-content\/uploads\/2023\/01\/CurbyMiniTaper_high.jpg","contentUrl":"https:\/\/www.itape.com\/wp-content\/uploads\/2023\/01\/CurbyMiniTaper_high.jpg","width":2400,"height":2400,"caption":"BP222_Machine"},{"@type":"BreadcrumbList","@id":"https:\/\/www.itape.com\/fr\/product\/curby-mini-taper\/#breadcrumb","itemListElement":[{"@type":"ListItem","position":1,"name":"Home","item":"https:\/\/www.itape.com\/fr\/"},{"@type":"ListItem","position":2,"name":"Products","item":"https:\/\/www.itape.com\/products\/"},{"@type":"ListItem","position":3,"name":"Curby Mini-Taper"}]},{"@type":"WebSite","@id":"https:\/\/www.itape.com\/#website","url":"https:\/\/www.itape.com\/","name":"IPG","description":"Global Leader in Packaging and Protective Solutions","publisher":{"@id":"https:\/\/www.itape.com\/#organization"},"potentialAction":[{"@type":"SearchAction","target":{"@type":"EntryPoint","urlTemplate":"https:\/\/www.itape.com\/?s={search_term_string}"},"query-input":{"@type":"PropertyValueSpecification","valueRequired":true,"valueName":"search_term_string"}}],"inLanguage":"fr-FR"},{"@type":"Organization","@id":"https:\/\/www.itape.com\/#organization","name":"IPG","url":"https:\/\/www.itape.com\/","logo":{"@type":"ImageObject","inLanguage":"fr-FR","@id":"https:\/\/www.itape.com\/#\/schema\/logo\/image\/","url":"https:\/\/www.itape.com\/wp-content\/uploads\/2024\/06\/IPG-logo-2.png","contentUrl":"https:\/\/www.itape.com\/wp-content\/uploads\/2024\/06\/IPG-logo-2.png","width":60,"height":60,"caption":"IPG"},"image":{"@id":"https:\/\/www.itape.com\/#\/schema\/logo\/image\/"},"sameAs":["https:\/\/www.facebook.com\/intertape","https:\/\/x.com\/IPGtape","https:\/\/www.linkedin.com\/company\/intertape-polymer-group","https:\/\/www.instagram.com\/ipgtape","https:\/\/www.youtube.com\/user\/IPGtape"]}]},"product_price_currency":"USD","og_availability":"instock","product_availability":"instock","product_retailer_item_id":"adf956e06808","product_condition":"new"},"parsely":{"version":"1.1.0","canonical_url":"https:\/\/itape.com\/fr\/product\/curby-mini-taper\/","smart_links":{"inbound":0,"outbound":0},"traffic_boost_suggestions_count":0,"meta":{"@context":"https:\/\/schema.org","@type":"WebPage","headline":"Curby Mini-Taper","url":"https:\/\/www.itape.com\/fr\/product\/curby-mini-taper\/","mainEntityOfPage":{"@type":"WebPage","@id":"https:\/\/www.itape.com\/fr\/product\/curby-mini-taper\/"},"thumbnailUrl":"https:\/\/www.itape.com\/wp-content\/uploads\/2023\/01\/CurbyMiniTaper_high.jpg?w=150&h=150&crop=1","image":{"@type":"ImageObject","url":"https:\/\/www.itape.com\/wp-content\/uploads\/2023\/01\/CurbyMiniTaper_high.jpg"},"articleSection":"Non classifi\u00e9(e)","author":[{"@type":"Person","name":"IPG"}],"creator":["IPG"],"publisher":{"@type":"Organization","name":"IPG","logo":"https:\/\/www.itape.com\/wp-content\/uploads\/2023\/03\/IPG-logo-2.png"},"keywords":[],"dateCreated":"2023-01-12T14:30:24Z","datePublished":"2023-01-12T14:30:24Z","dateModified":"2023-10-30T17:23:59Z"},"rendered":"<meta name=\"parsely-title\" content=\"Curby Mini-Taper\" \/>\n<meta name=\"parsely-link\" content=\"https:\/\/www.itape.com\/fr\/product\/curby-mini-taper\/\" \/>\n<meta name=\"parsely-type\" content=\"index\" \/>\n<meta name=\"parsely-image-url\" content=\"https:\/\/www.itape.com\/wp-content\/uploads\/2023\/01\/CurbyMiniTaper_high.jpg?w=150&amp;h=150&amp;crop=1\" \/>\n<meta name=\"parsely-pub-date\" content=\"2023-01-12T14:30:24Z\" \/>\n<meta name=\"parsely-section\" content=\"Non classifi\u00e9(e)\" \/>\n<meta name=\"parsely-author\" content=\"IPG\" \/>","tracker_url":"https:\/\/cdn.parsely.com\/keys\/itape.com\/p.js"},"jetpack_sharing_enabled":true,"_links":{"self":[{"href":"https:\/\/www.itape.com\/fr\/wp-json\/wp\/v2\/product\/61840","targetHints":{"allow":["GET"]}}],"collection":[{"href":"https:\/\/www.itape.com\/fr\/wp-json\/wp\/v2\/product"}],"about":[{"href":"https:\/\/www.itape.com\/fr\/wp-json\/wp\/v2\/types\/product"}],"replies":[{"embeddable":true,"href":"https:\/\/www.itape.com\/fr\/wp-json\/wp\/v2\/comments?post=61840"}],"wp:featuredmedia":[{"embeddable":true,"href":"https:\/\/www.itape.com\/fr\/wp-json\/wp\/v2\/media\/51201"}],"wp:attachment":[{"href":"https:\/\/www.itape.com\/fr\/wp-json\/wp\/v2\/media?parent=61840"}],"wp:term":[{"taxonomy":"product_brand","embeddable":true,"href":"https:\/\/www.itape.com\/fr\/wp-json\/wp\/v2\/product_brand?post=61840"},{"taxonomy":"product_cat","embeddable":true,"href":"https:\/\/www.itape.com\/fr\/wp-json\/wp\/v2\/product_cat?post=61840"},{"taxonomy":"product_tag","embeddable":true,"href":"https:\/\/www.itape.com\/fr\/wp-json\/wp\/v2\/product_tag?post=61840"},{"taxonomy":"associated_application","embeddable":true,"href":"https:\/\/www.itape.com\/fr\/wp-json\/wp\/v2\/associated_application?post=61840"}],"curies":[{"name":"wp","href":"https:\/\/api.w.org\/{rel}","templated":true}]}}